{"id":1782,"date":"2023-01-26T11:20:53","date_gmt":"2023-01-26T10:20:53","guid":{"rendered":"https:\/\/mortelleadele.com\/?page_id=1782"},"modified":"2023-07-05T20:37:06","modified_gmt":"2023-07-05T18:37:06","slug":"mes-coloriages","status":"publish","type":"page","link":"https:\/\/mortelleadele.com\/index.php\/mes-coloriages\/","title":{"rendered":"Mes coloriages"},"content":{"rendered":"\n<p>Tu retrouves ici tous les coloriages \u00e0 t\u00e9l\u00e9charger et imprimer.<\/p>\n\n\n\n<div class=\"wp-block-columns is-layout-flex wp-container-core-columns-is-layout-9d6595d7 wp-block-columns-is-layout-flex\">\n<div class=\"wp-block-column is-layout-flow wp-block-column-is-layout-flow\">\n<div class=\"wp-block-columns is-layout-flex wp-container-core-columns-is-layout-9d6595d7 wp-block-columns-is-layout-flex\">\n<div class=\"wp-block-column is-layout-flow wp-block-column-is-layout-flow\"><div class=\"wp-block-image\">\n<figure class=\"aligncenter size-large\"><img fetchpriority=\"high\" decoding=\"async\" width=\"724\" height=\"1024\" src=\"https:\/\/mortelleadele.com\/wp-content\/uploads\/2023\/01\/Coloriage-Mortelle-Ade\u0300le-02-724x1024.jpg\" alt=\"\" class=\"wp-image-1783\" srcset=\"https:\/\/mortelleadele.com\/wp-content\/uploads\/2023\/01\/Coloriage-Mortelle-Ade\u0300le-02-724x1024.jpg 724w, https:\/\/mortelleadele.com\/wp-content\/uploads\/2023\/01\/Coloriage-Mortelle-Ade\u0300le-02-212x300.jpg 212w, https:\/\/mortelleadele.com\/wp-content\/uploads\/2023\/01\/Coloriage-Mortelle-Ade\u0300le-02-768x1086.jpg 768w, https:\/\/mortelleadele.com\/wp-content\/uploads\/2023\/01\/Coloriage-Mortelle-Ade\u0300le-02-1086x1536.jpg 1086w, https:\/\/mortelleadele.com\/wp-content\/uploads\/2023\/01\/Coloriage-Mortelle-Ade\u0300le-02.jpg 1240w\" sizes=\"(max-width: 724px) 100vw, 724px\" \/><\/figure>\n<\/div>\n\n\n<div class=\"wp-block-file aligncenter\"><a href=\"https:\/\/mortelleadele.com\/wp-content\/uploads\/2023\/01\/Coloriage-Mortelle-Ade\u0300le-02.jpg\" class=\"wp-block-file__button wp-element-button\" download>T\u00e9l\u00e9charger<\/a><\/div>\n<\/div>\n<\/div>\n<\/div>\n\n\n\n<div class=\"wp-block-column is-layout-flow wp-block-column-is-layout-flow\">\n<div class=\"wp-block-columns is-layout-flex wp-container-core-columns-is-layout-9d6595d7 wp-block-columns-is-layout-flex\">\n<div class=\"wp-block-column is-layout-flow wp-block-column-is-layout-flow\"><div class=\"wp-block-image\">\n<figure class=\"aligncenter size-large\"><img decoding=\"async\" width=\"724\" height=\"1024\" src=\"https:\/\/mortelleadele.com\/wp-content\/uploads\/2023\/01\/Coloriage-Mortelle-Ade\u0300le-01-724x1024.jpg\" alt=\"\" class=\"wp-image-1785\" srcset=\"https:\/\/mortelleadele.com\/wp-content\/uploads\/2023\/01\/Coloriage-Mortelle-Ade\u0300le-01-724x1024.jpg 724w, https:\/\/mortelleadele.com\/wp-content\/uploads\/2023\/01\/Coloriage-Mortelle-Ade\u0300le-01-212x300.jpg 212w, https:\/\/mortelleadele.com\/wp-content\/uploads\/2023\/01\/Coloriage-Mortelle-Ade\u0300le-01-768x1086.jpg 768w, https:\/\/mortelleadele.com\/wp-content\/uploads\/2023\/01\/Coloriage-Mortelle-Ade\u0300le-01-1086x1536.jpg 1086w, https:\/\/mortelleadele.com\/wp-content\/uploads\/2023\/01\/Coloriage-Mortelle-Ade\u0300le-01.jpg 1240w\" sizes=\"(max-width: 724px) 100vw, 724px\" \/><\/figure>\n<\/div>\n\n\n<div class=\"wp-block-file aligncenter\"><a href=\"https:\/\/mortelleadele.com\/wp-content\/uploads\/2023\/01\/Coloriage-Mortelle-Ade\u0300le-01.jpg\" class=\"wp-block-file__button wp-element-button\" download>T\u00e9l\u00e9charger<\/a><\/div>\n<\/div>\n<\/div>\n<\/div>\n\n\n\n<div class=\"wp-block-column is-layout-flow wp-block-column-is-layout-flow\">\n<div class=\"wp-block-columns is-layout-flex wp-container-core-columns-is-layout-9d6595d7 wp-block-columns-is-layout-flex\">\n<div class=\"wp-block-column is-layout-flow wp-block-column-is-layout-flow\"><div class=\"wp-block-image\">\n<figure class=\"aligncenter size-large\"><img decoding=\"async\" width=\"724\" height=\"1024\" src=\"https:\/\/mortelleadele.com\/wp-content\/uploads\/2023\/03\/Coloriage-Mortelle-Ade\u0300le-07-724x1024.jpg\" alt=\"\" class=\"wp-image-2128\" srcset=\"https:\/\/mortelleadele.com\/wp-content\/uploads\/2023\/03\/Coloriage-Mortelle-Ade\u0300le-07-724x1024.jpg 724w, https:\/\/mortelleadele.com\/wp-content\/uploads\/2023\/03\/Coloriage-Mortelle-Ade\u0300le-07-212x300.jpg 212w, https:\/\/mortelleadele.com\/wp-content\/uploads\/2023\/03\/Coloriage-Mortelle-Ade\u0300le-07-768x1086.jpg 768w, https:\/\/mortelleadele.com\/wp-content\/uploads\/2023\/03\/Coloriage-Mortelle-Ade\u0300le-07-1086x1536.jpg 1086w, https:\/\/mortelleadele.com\/wp-content\/uploads\/2023\/03\/Coloriage-Mortelle-Ade\u0300le-07.jpg 1240w\" sizes=\"(max-width: 724px) 100vw, 724px\" \/><\/figure>\n<\/div>\n\n\n<div class=\"wp-block-file aligncenter\"><a href=\"https:\/\/mortelleadele.com\/wp-content\/uploads\/2023\/03\/Coloriage-Mortelle-Ade\u0300le-07.jpg\" class=\"wp-block-file__button wp-element-button\" download>T\u00e9l\u00e9charger<\/a><\/div>\n<\/div>\n<\/div>\n<\/div>\n<\/div>\n\n\n\n<div class=\"wp-block-columns is-layout-flex wp-container-core-columns-is-layout-9d6595d7 wp-block-columns-is-layout-flex\">\n<div class=\"wp-block-column is-layout-flow wp-block-column-is-layout-flow\">\n<div class=\"wp-block-columns is-layout-flex wp-container-core-columns-is-layout-9d6595d7 wp-block-columns-is-layout-flex\">\n<div class=\"wp-block-column is-layout-flow wp-block-column-is-layout-flow\"><div class=\"wp-block-image\">\n<figure class=\"aligncenter size-large\"><img loading=\"lazy\" decoding=\"async\" width=\"724\" height=\"1024\" src=\"https:\/\/mortelleadele.com\/wp-content\/uploads\/2023\/01\/Coloriage-Mortelle-Ade\u0300le-03-724x1024.jpg\" alt=\"\" class=\"wp-image-1784\" srcset=\"https:\/\/mortelleadele.com\/wp-content\/uploads\/2023\/01\/Coloriage-Mortelle-Ade\u0300le-03-724x1024.jpg 724w, https:\/\/mortelleadele.com\/wp-content\/uploads\/2023\/01\/Coloriage-Mortelle-Ade\u0300le-03-212x300.jpg 212w, https:\/\/mortelleadele.com\/wp-content\/uploads\/2023\/01\/Coloriage-Mortelle-Ade\u0300le-03-768x1086.jpg 768w, https:\/\/mortelleadele.com\/wp-content\/uploads\/2023\/01\/Coloriage-Mortelle-Ade\u0300le-03-1086x1536.jpg 1086w, https:\/\/mortelleadele.com\/wp-content\/uploads\/2023\/01\/Coloriage-Mortelle-Ade\u0300le-03.jpg 1240w\" sizes=\"(max-width: 724px) 100vw, 724px\" \/><\/figure>\n<\/div>\n\n\n<div class=\"wp-block-file aligncenter\"><a href=\"https:\/\/mortelleadele.com\/wp-content\/uploads\/2023\/01\/Coloriage-Mortelle-Ade\u0300le-03.jpg\" class=\"wp-block-file__button wp-element-button\" download>T\u00e9l\u00e9charger<\/a><\/div>\n<\/div>\n<\/div>\n<\/div>\n\n\n\n<div class=\"wp-block-column is-vertically-aligned-bottom is-layout-flow wp-block-column-is-layout-flow\">\n<div class=\"wp-block-columns are-vertically-aligned-bottom is-layout-flex wp-container-core-columns-is-layout-9d6595d7 wp-block-columns-is-layout-flex\">\n<div class=\"wp-block-column is-vertically-aligned-bottom is-layout-flow wp-block-column-is-layout-flow\"><div class=\"wp-block-image\">\n<figure class=\"aligncenter size-large\"><img loading=\"lazy\" decoding=\"async\" width=\"724\" height=\"1024\" src=\"https:\/\/mortelleadele.com\/wp-content\/uploads\/2023\/01\/Coloriage-Mortelle-Ade\u0300le-06-724x1024.jpg\" alt=\"\" class=\"wp-image-1801\" srcset=\"https:\/\/mortelleadele.com\/wp-content\/uploads\/2023\/01\/Coloriage-Mortelle-Ade\u0300le-06-724x1024.jpg 724w, https:\/\/mortelleadele.com\/wp-content\/uploads\/2023\/01\/Coloriage-Mortelle-Ade\u0300le-06-212x300.jpg 212w, https:\/\/mortelleadele.com\/wp-content\/uploads\/2023\/01\/Coloriage-Mortelle-Ade\u0300le-06-768x1086.jpg 768w, https:\/\/mortelleadele.com\/wp-content\/uploads\/2023\/01\/Coloriage-Mortelle-Ade\u0300le-06-1086x1536.jpg 1086w, https:\/\/mortelleadele.com\/wp-content\/uploads\/2023\/01\/Coloriage-Mortelle-Ade\u0300le-06.jpg 1240w\" sizes=\"(max-width: 724px) 100vw, 724px\" \/><\/figure>\n<\/div>\n\n\n<div class=\"wp-block-file aligncenter\"><a href=\"https:\/\/mortelleadele.com\/wp-content\/uploads\/2023\/01\/Coloriage-Mortelle-Ade\u0300le-06.jpg\" class=\"wp-block-file__button wp-element-button\" download>T\u00e9l\u00e9charger<\/a><\/div>\n<\/div>\n<\/div>\n<\/div>\n\n\n\n<div class=\"wp-block-column is-layout-flow wp-block-column-is-layout-flow\">\n<div class=\"wp-block-columns is-layout-flex wp-container-core-columns-is-layout-9d6595d7 wp-block-columns-is-layout-flex\">\n<div class=\"wp-block-column is-layout-flow wp-block-column-is-layout-flow\"><div class=\"wp-block-image\">\n<figure class=\"aligncenter size-large\"><img loading=\"lazy\" decoding=\"async\" width=\"724\" height=\"1024\" src=\"https:\/\/mortelleadele.com\/wp-content\/uploads\/2023\/03\/Coloriage-Mortelle-Ade\u0300le-05-724x1024.jpg\" alt=\"\" class=\"wp-image-2131\" srcset=\"https:\/\/mortelleadele.com\/wp-content\/uploads\/2023\/03\/Coloriage-Mortelle-Ade\u0300le-05-724x1024.jpg 724w, https:\/\/mortelleadele.com\/wp-content\/uploads\/2023\/03\/Coloriage-Mortelle-Ade\u0300le-05-212x300.jpg 212w, https:\/\/mortelleadele.com\/wp-content\/uploads\/2023\/03\/Coloriage-Mortelle-Ade\u0300le-05-768x1086.jpg 768w, https:\/\/mortelleadele.com\/wp-content\/uploads\/2023\/03\/Coloriage-Mortelle-Ade\u0300le-05-1086x1536.jpg 1086w, https:\/\/mortelleadele.com\/wp-content\/uploads\/2023\/03\/Coloriage-Mortelle-Ade\u0300le-05.jpg 1240w\" sizes=\"(max-width: 724px) 100vw, 724px\" \/><\/figure>\n<\/div>\n\n\n<div class=\"wp-block-file aligncenter\"><a href=\"https:\/\/mortelleadele.com\/wp-content\/uploads\/2023\/03\/Coloriage-Mortelle-Ade\u0300le-05.jpg\" class=\"wp-block-file__button wp-element-button\" download=\"\">T\u00e9l\u00e9charger<\/a><\/div>\n<\/div>\n<\/div>\n<\/div>\n<\/div>\n\n\n\n<div class=\"wp-block-columns is-layout-flex wp-container-core-columns-is-layout-9d6595d7 wp-block-columns-is-layout-flex\">\n<div class=\"wp-block-column is-layout-flow wp-block-column-is-layout-flow\"><div class=\"wp-block-image\">\n<figure class=\"aligncenter size-large\"><img loading=\"lazy\" decoding=\"async\" width=\"1024\" height=\"724\" src=\"https:\/\/mortelleadele.com\/wp-content\/uploads\/2023\/01\/Coloriage-Mortelle-Ade\u0300le-04-1024x724.jpg\" alt=\"\" class=\"wp-image-1786\" srcset=\"https:\/\/mortelleadele.com\/wp-content\/uploads\/2023\/01\/Coloriage-Mortelle-Ade\u0300le-04-1024x724.jpg 1024w, https:\/\/mortelleadele.com\/wp-content\/uploads\/2023\/01\/Coloriage-Mortelle-Ade\u0300le-04-300x212.jpg 300w, https:\/\/mortelleadele.com\/wp-content\/uploads\/2023\/01\/Coloriage-Mortelle-Ade\u0300le-04-768x543.jpg 768w, https:\/\/mortelleadele.com\/wp-content\/uploads\/2023\/01\/Coloriage-Mortelle-Ade\u0300le-04-1536x1086.jpg 1536w, https:\/\/mortelleadele.com\/wp-content\/uploads\/2023\/01\/Coloriage-Mortelle-Ade\u0300le-04.jpg 1754w\" sizes=\"(max-width: 706px) 89vw, (max-width: 767px) 82vw, 740px\" \/><\/figure>\n<\/div>\n\n\n<div class=\"wp-block-file aligncenter\"><a href=\"https:\/\/mortelleadele.com\/wp-content\/uploads\/2023\/01\/Coloriage-Mortelle-Ade\u0300le-04.jpg\" class=\"wp-block-file__button wp-element-button\" download>T\u00e9l\u00e9charger<\/a><\/div>\n<\/div>\n<\/div>\n\n\n\n<div class=\"wp-block-columns are-vertically-aligned-top is-layout-flex wp-container-core-columns-is-layout-9d6595d7 wp-block-columns-is-layout-flex\">\n<div class=\"wp-block-column is-vertically-aligned-top is-layout-flow wp-block-column-is-layout-flow\">\n<figure class=\"wp-block-image size-large is-resized\"><img loading=\"lazy\" decoding=\"async\" src=\"https:\/\/mortelleadele.com\/wp-content\/uploads\/2023\/07\/Coloriage-Mortelle-Ade\u0300le-08-683x1024.jpg\" alt=\"\" class=\"wp-image-2824\" width=\"342\" height=\"512\" srcset=\"https:\/\/mortelleadele.com\/wp-content\/uploads\/2023\/07\/Coloriage-Mortelle-Ade\u0300le-08-683x1024.jpg 683w, https:\/\/mortelleadele.com\/wp-content\/uploads\/2023\/07\/Coloriage-Mortelle-Ade\u0300le-08-200x300.jpg 200w, https:\/\/mortelleadele.com\/wp-content\/uploads\/2023\/07\/Coloriage-Mortelle-Ade\u0300le-08-768x1152.jpg 768w, https:\/\/mortelleadele.com\/wp-content\/uploads\/2023\/07\/Coloriage-Mortelle-Ade\u0300le-08-1024x1536.jpg 1024w, https:\/\/mortelleadele.com\/wp-content\/uploads\/2023\/07\/Coloriage-Mortelle-Ade\u0300le-08.jpg 1188w\" sizes=\"(max-width: 342px) 100vw, 342px\" \/><\/figure>\n\n\n\n<div class=\"wp-block-file aligncenter\"><a href=\"https:\/\/mortelleadele.com\/wp-content\/uploads\/2023\/07\/Coloriage-Mortelle-Ade\u0300le-08.jpg\" class=\"wp-block-file__button wp-element-button\" download>T\u00e9l\u00e9charger<\/a><\/div>\n<\/div>\n\n\n\n<div class=\"wp-block-column is-vertically-aligned-top is-layout-flow wp-block-column-is-layout-flow\">\n<figure class=\"wp-block-image size-large is-resized\"><img loading=\"lazy\" decoding=\"async\" src=\"https:\/\/mortelleadele.com\/wp-content\/uploads\/2023\/07\/Coloriage-Mortelle-Ade\u0300le-09-724x1024.jpg\" alt=\"\" class=\"wp-image-2826\" width=\"362\" height=\"512\" srcset=\"https:\/\/mortelleadele.com\/wp-content\/uploads\/2023\/07\/Coloriage-Mortelle-Ade\u0300le-09-724x1024.jpg 724w, https:\/\/mortelleadele.com\/wp-content\/uploads\/2023\/07\/Coloriage-Mortelle-Ade\u0300le-09-212x300.jpg 212w, https:\/\/mortelleadele.com\/wp-content\/uploads\/2023\/07\/Coloriage-Mortelle-Ade\u0300le-09-768x1086.jpg 768w, https:\/\/mortelleadele.com\/wp-content\/uploads\/2023\/07\/Coloriage-Mortelle-Ade\u0300le-09-1086x1536.jpg 1086w, https:\/\/mortelleadele.com\/wp-content\/uploads\/2023\/07\/Coloriage-Mortelle-Ade\u0300le-09.jpg 1240w\" sizes=\"(max-width: 362px) 100vw, 362px\" \/><\/figure>\n\n\n\n<div class=\"wp-block-file aligncenter\"><a href=\"https:\/\/mortelleadele.com\/wp-content\/uploads\/2023\/07\/Coloriage-Mortelle-Ade\u0300le-09.jpg\" class=\"wp-block-file__button wp-element-button\" download>T\u00e9l\u00e9charger<\/a><\/div>\n<\/div>\n<\/div>\n","protected":false},"excerpt":{"rendered":"<p>Tu retrouves ici tous les coloriages \u00e0 t\u00e9l\u00e9charger et imprimer. T\u00e9l\u00e9charger<\/p>\n","protected":false},"author":1,"featured_media":0,"parent":0,"menu_order":0,"comment_status":"closed","ping_status":"closed","template":"","meta":{"footnotes":""},"class_list":["post-1782","page","type-page","status-publish","hentry"],"yoast_head":"<!-- This site is optimized with the Yoast SEO plugin v27.3 - https:\/\/yoast.com\/product\/yoast-seo-wordpress\/ -->\n<title>Mes coloriages &#8211; Mortelle Ad\u00e8le<\/title>\n<meta name=\"robots\" content=\"index, follow, max-snippet:-1, max-image-preview:large, max-video-preview:-1\" \/>\n<link rel=\"canonical\" href=\"https:\/\/mortelleadele.com\/index.php\/mes-coloriages\/\" \/>\n<meta property=\"og:locale\" content=\"fr_FR\" \/>\n<meta property=\"og:type\" content=\"article\" \/>\n<meta property=\"og:title\" content=\"Mes coloriages &#8211; Mortelle Ad\u00e8le\" \/>\n<meta property=\"og:description\" content=\"Tu retrouves ici tous les coloriages \u00e0 t\u00e9l\u00e9charger et imprimer. T\u00e9l\u00e9charger\" \/>\n<meta property=\"og:url\" content=\"https:\/\/mortelleadele.com\/index.php\/mes-coloriages\/\" \/>\n<meta property=\"og:site_name\" content=\"Mortelle Ad\u00e8le\" \/>\n<meta property=\"article:publisher\" content=\"https:\/\/www.facebook.com\/mortelleadele\" \/>\n<meta property=\"article:modified_time\" content=\"2023-07-05T18:37:06+00:00\" \/>\n<meta name=\"twitter:card\" content=\"summary_large_image\" \/>\n<meta name=\"twitter:label1\" content=\"Dur\u00e9e de lecture estim\u00e9e\" \/>\n\t<meta name=\"twitter:data1\" content=\"2 minutes\" \/>\n<script type=\"application\/ld+json\" class=\"yoast-schema-graph\">{\"@context\":\"https:\\\/\\\/schema.org\",\"@graph\":[{\"@type\":\"WebPage\",\"@id\":\"https:\\\/\\\/mortelleadele.com\\\/index.php\\\/mes-coloriages\\\/\",\"url\":\"https:\\\/\\\/mortelleadele.com\\\/index.php\\\/mes-coloriages\\\/\",\"name\":\"Mes coloriages &#8211; Mortelle Ad\u00e8le\",\"isPartOf\":{\"@id\":\"https:\\\/\\\/mortelleadele.com\\\/#website\"},\"datePublished\":\"2023-01-26T10:20:53+00:00\",\"dateModified\":\"2023-07-05T18:37:06+00:00\",\"breadcrumb\":{\"@id\":\"https:\\\/\\\/mortelleadele.com\\\/index.php\\\/mes-coloriages\\\/#breadcrumb\"},\"inLanguage\":\"fr-FR\",\"potentialAction\":[{\"@type\":\"ReadAction\",\"target\":[\"https:\\\/\\\/mortelleadele.com\\\/index.php\\\/mes-coloriages\\\/\"]}]},{\"@type\":\"BreadcrumbList\",\"@id\":\"https:\\\/\\\/mortelleadele.com\\\/index.php\\\/mes-coloriages\\\/#breadcrumb\",\"itemListElement\":[{\"@type\":\"ListItem\",\"position\":1,\"name\":\"Accueil\",\"item\":\"https:\\\/\\\/mortelleadele.com\\\/\"},{\"@type\":\"ListItem\",\"position\":2,\"name\":\"Mes coloriages\"}]},{\"@type\":\"WebSite\",\"@id\":\"https:\\\/\\\/mortelleadele.com\\\/#website\",\"url\":\"https:\\\/\\\/mortelleadele.com\\\/\",\"name\":\"Mortelle Ad\u00e8le\",\"description\":\"H\u00e9ro\u00efne de Bande dessin\u00e9e\",\"publisher\":{\"@id\":\"https:\\\/\\\/mortelleadele.com\\\/#organization\"},\"potentialAction\":[{\"@type\":\"SearchAction\",\"target\":{\"@type\":\"EntryPoint\",\"urlTemplate\":\"https:\\\/\\\/mortelleadele.com\\\/?s={search_term_string}\"},\"query-input\":{\"@type\":\"PropertyValueSpecification\",\"valueRequired\":true,\"valueName\":\"search_term_string\"}}],\"inLanguage\":\"fr-FR\"},{\"@type\":\"Organization\",\"@id\":\"https:\\\/\\\/mortelleadele.com\\\/#organization\",\"name\":\"Mortelle Ad\u00e8le\",\"url\":\"https:\\\/\\\/mortelleadele.com\\\/\",\"logo\":{\"@type\":\"ImageObject\",\"inLanguage\":\"fr-FR\",\"@id\":\"https:\\\/\\\/mortelleadele.com\\\/#\\\/schema\\\/logo\\\/image\\\/\",\"url\":\"https:\\\/\\\/mortelleadele.com\\\/wp-content\\\/uploads\\\/2023\\\/01\\\/Logo-Mortelle-Adele.jpeg\",\"contentUrl\":\"https:\\\/\\\/mortelleadele.com\\\/wp-content\\\/uploads\\\/2023\\\/01\\\/Logo-Mortelle-Adele.jpeg\",\"width\":1176,\"height\":761,\"caption\":\"Mortelle Ad\u00e8le\"},\"image\":{\"@id\":\"https:\\\/\\\/mortelleadele.com\\\/#\\\/schema\\\/logo\\\/image\\\/\"},\"sameAs\":[\"https:\\\/\\\/www.facebook.com\\\/mortelleadele\",\"https:\\\/\\\/www.instagram.com\\\/mortelleadelebd\"]}]}<\/script>\n<!-- \/ Yoast SEO plugin. -->","yoast_head_json":{"title":"Mes coloriages &#8211; Mortelle Ad\u00e8le","robots":{"index":"index","follow":"follow","max-snippet":"max-snippet:-1","max-image-preview":"max-image-preview:large","max-video-preview":"max-video-preview:-1"},"canonical":"https:\/\/mortelleadele.com\/index.php\/mes-coloriages\/","og_locale":"fr_FR","og_type":"article","og_title":"Mes coloriages &#8211; Mortelle Ad\u00e8le","og_description":"Tu retrouves ici tous les coloriages \u00e0 t\u00e9l\u00e9charger et imprimer. T\u00e9l\u00e9charger","og_url":"https:\/\/mortelleadele.com\/index.php\/mes-coloriages\/","og_site_name":"Mortelle Ad\u00e8le","article_publisher":"https:\/\/www.facebook.com\/mortelleadele","article_modified_time":"2023-07-05T18:37:06+00:00","twitter_card":"summary_large_image","twitter_misc":{"Dur\u00e9e de lecture estim\u00e9e":"2 minutes"},"schema":{"@context":"https:\/\/schema.org","@graph":[{"@type":"WebPage","@id":"https:\/\/mortelleadele.com\/index.php\/mes-coloriages\/","url":"https:\/\/mortelleadele.com\/index.php\/mes-coloriages\/","name":"Mes coloriages &#8211; Mortelle Ad\u00e8le","isPartOf":{"@id":"https:\/\/mortelleadele.com\/#website"},"datePublished":"2023-01-26T10:20:53+00:00","dateModified":"2023-07-05T18:37:06+00:00","breadcrumb":{"@id":"https:\/\/mortelleadele.com\/index.php\/mes-coloriages\/#breadcrumb"},"inLanguage":"fr-FR","potentialAction":[{"@type":"ReadAction","target":["https:\/\/mortelleadele.com\/index.php\/mes-coloriages\/"]}]},{"@type":"BreadcrumbList","@id":"https:\/\/mortelleadele.com\/index.php\/mes-coloriages\/#breadcrumb","itemListElement":[{"@type":"ListItem","position":1,"name":"Accueil","item":"https:\/\/mortelleadele.com\/"},{"@type":"ListItem","position":2,"name":"Mes coloriages"}]},{"@type":"WebSite","@id":"https:\/\/mortelleadele.com\/#website","url":"https:\/\/mortelleadele.com\/","name":"Mortelle Ad\u00e8le","description":"H\u00e9ro\u00efne de Bande dessin\u00e9e","publisher":{"@id":"https:\/\/mortelleadele.com\/#organization"},"potentialAction":[{"@type":"SearchAction","target":{"@type":"EntryPoint","urlTemplate":"https:\/\/mortelleadele.com\/?s={search_term_string}"},"query-input":{"@type":"PropertyValueSpecification","valueRequired":true,"valueName":"search_term_string"}}],"inLanguage":"fr-FR"},{"@type":"Organization","@id":"https:\/\/mortelleadele.com\/#organization","name":"Mortelle Ad\u00e8le","url":"https:\/\/mortelleadele.com\/","logo":{"@type":"ImageObject","inLanguage":"fr-FR","@id":"https:\/\/mortelleadele.com\/#\/schema\/logo\/image\/","url":"https:\/\/mortelleadele.com\/wp-content\/uploads\/2023\/01\/Logo-Mortelle-Adele.jpeg","contentUrl":"https:\/\/mortelleadele.com\/wp-content\/uploads\/2023\/01\/Logo-Mortelle-Adele.jpeg","width":1176,"height":761,"caption":"Mortelle Ad\u00e8le"},"image":{"@id":"https:\/\/mortelleadele.com\/#\/schema\/logo\/image\/"},"sameAs":["https:\/\/www.facebook.com\/mortelleadele","https:\/\/www.instagram.com\/mortelleadelebd"]}]}},"_links":{"self":[{"href":"https:\/\/mortelleadele.com\/index.php\/wp-json\/wp\/v2\/pages\/1782","targetHints":{"allow":["GET"]}}],"collection":[{"href":"https:\/\/mortelleadele.com\/index.php\/wp-json\/wp\/v2\/pages"}],"about":[{"href":"https:\/\/mortelleadele.com\/index.php\/wp-json\/wp\/v2\/types\/page"}],"author":[{"embeddable":true,"href":"https:\/\/mortelleadele.com\/index.php\/wp-json\/wp\/v2\/users\/1"}],"replies":[{"embeddable":true,"href":"https:\/\/mortelleadele.com\/index.php\/wp-json\/wp\/v2\/comments?post=1782"}],"version-history":[{"count":1,"href":"https:\/\/mortelleadele.com\/index.php\/wp-json\/wp\/v2\/pages\/1782\/revisions"}],"predecessor-version":[{"id":2846,"href":"https:\/\/mortelleadele.com\/index.php\/wp-json\/wp\/v2\/pages\/1782\/revisions\/2846"}],"wp:attachment":[{"href":"https:\/\/mortelleadele.com\/index.php\/wp-json\/wp\/v2\/media?parent=1782"}],"curies":[{"name":"wp","href":"https:\/\/api.w.org\/{rel}","templated":true}]}}