{"id":205,"date":"2022-09-28T18:28:26","date_gmt":"2022-09-28T16:28:26","guid":{"rendered":"https:\/\/ma.mrtanandco.fr\/?page_id=205"},"modified":"2024-03-07T16:37:29","modified_gmt":"2024-03-07T15:37:29","slug":"mentions-legales","status":"publish","type":"page","link":"https:\/\/mortelleadele.com\/index.php\/mentions-legales\/","title":{"rendered":"Mentions l\u00e9gales"},"content":{"rendered":"\n<p>\u00c9diteur : Mr Tan &amp; Co S.A.S.<br>Si\u00e8ge social : 17 rue Dupin \u2013 75006 Paris<br>Capital social : 1 000 euros RCS de Paris : <strong>91823664700015<\/strong><br><strong>Pr\u00e9sident  : Antoine Dole\/Mr Tan<\/strong><br><strong>Directeur de publication : Christophe Leclercq<\/strong><\/p>\n\n\n\n<p>Coordonn\u00e9es de l\u2019h\u00e9bergeur du site :<br><strong>Alwaysdata<\/strong><br>91 rue du Faubourg Saint Honor\u00e9 <br>75008 Paris.<br><a href=\"https:\/\/www.alwaysdata.com\/fr\/mentions-legales\/\">Mentions l\u00e9gales de l&rsquo;h\u00e9bergeur<\/a><\/p>\n\n\n\n<h2 class=\"wp-block-heading\"><strong>Cr\u00e9dits :<\/strong><\/h2>\n\n\n\n<p>\u24d2 <em>Mr Tan et Diane Le Feyer d\u2019apr\u00e8s l\u2019\u0153uvre cr\u00e9\u00e9e par Mr Tan et Miss Prickly<\/em><br>\u24d2<em> 2022-2024 Mr Tan &amp; Co<\/em><br>\u24d2 <em>2012-2022 Bayard Editions<\/em><\/p>\n\n\n\n<h2 class=\"wp-block-heading\"><strong>Visuels et illustrations :<\/strong><\/h2>\n\n\n\n<p>Les <strong>visuels<\/strong> et <strong>illustrations<\/strong> de l&rsquo;univers <strong>Mortelle Ad\u00e8le <\/strong>sont pas non libres de droits et soumis \u00e0 autorisation. Toute utilisation sans autorisation entrainera des poursuites judiciaires devant les tribunaux comp\u00e9tents. <\/p>\n\n\n\n<h2 class=\"wp-block-heading\"><strong>Cr\u00e9dits Photo des auteurs :<\/strong><\/h2>\n\n\n\n<p>Antoine Dole\/Mr Tan et Diane Le Feyer : <em>\u24d2 S\u00e9bastien Vincent<\/em><br>ChrisPop : <em>\u24d2 Antoine Dole<\/em><br>Miss Prickly : <em>\u24d2 Baptiste&nbsp;Payen<\/em><\/p>\n\n\n\n<p><strong>AVERTISSEMENT<\/strong><\/p>\n\n\n\n<p>Les informations contenues sur le site <strong>mortelleadele.com<\/strong> ont un caract\u00e8re indicatif et non contractuel. Mr Tan &amp; Co se r\u00e9serve le droit de modifier \u00e0 tout moment son contenu.<\/p>\n\n\n\n<h2 class=\"wp-block-heading\">Propri\u00e9t\u00e9 intellectuelle<\/h2>\n\n\n\n<p>Mr Tan &amp; Co est le titulaire exclusif des droits intellectuels du Site ainsi que des cr\u00e9ations qu\u2019elles soient visuelles ou sonores figurant sur ce Site, dont notamment des textes, commentaires, illustrations, codes sources, images et photographies, ainsi que ses bases de donn\u00e9es dont elle est l\u2019unique producteur. Mr Tan &amp; Co a \u00e9galement int\u00e9gr\u00e9 sur son site des \u00e9l\u00e9ments visuels d\u00e9tenus par des tiers pour lesquels une licence d\u2019exploitation a \u00e9t\u00e9 conclue.<\/p>\n\n\n\n<p>Toutes ces cr\u00e9ations intellectuelles sont prot\u00e9g\u00e9es au titre du droit d\u2019auteur, du droit des marques, du droit sui generis des bases de donn\u00e9es et du droit \u00e0 l\u2019image, et ce pour le monde entier.<\/p>\n\n\n\n<p>\u00ab&nbsp;MORTELLE ADELE&nbsp;\u00bb est une marque d\u00e9pos\u00e9e aupr\u00e8s de l\u2019INPI sous le num\u00e9ro 4058132.<\/p>\n\n\n\n<p>Ces cr\u00e9ations sont la propri\u00e9t\u00e9 pleine et enti\u00e8re de Mr Tan &amp; Co.<\/p>\n\n\n\n<p>Toutefois, celle-ci accorde aux Internautes une licence leur permettant d\u2019afficher les contenus du Site, mais uniquement et strictement \u00e0 leur usage personnel dans le cadre de la visualisation du Site et des services qui y sont propos\u00e9s.<\/p>\n\n\n\n<p>Cette licence exclut toutefois le droit des Internautes de modifier, copier, traduire, diffuser, publier, transmettre, distribuer, produire, afficher et reproduire tout contenu apparaissant sur le Site et par l\u2019interm\u00e9diaire de celui-ci ainsi que d\u2019en c\u00e9der les droits.<\/p>\n\n\n\n<p>\u00c0 ce titre et conform\u00e9ment aux dispositions du Code de la Propri\u00e9t\u00e9 Intellectuelle, seule l\u2019utilisation pour un usage priv\u00e9 sous r\u00e9serve de dispositions diff\u00e9rentes voire plus restrictives de ce code, est autoris\u00e9e.<\/p>\n\n\n\n<p>Pour rappel, le fait d\u2019apposer un lien hypertexte \u00e0 destination du Site, en utilisant la technique dite du framing ou du deep linking, est strictement interdit.<\/p>\n\n\n\n<p>Toute autre utilisation est constitutive de contrefa\u00e7on et sanctionn\u00e9e au titre de la Propri\u00e9t\u00e9 Intellectuelle sauf autorisation pr\u00e9alable de Mr Tan &amp; Co.<\/p>\n\n\n\n<p>Toute forme de copie totale ou partielle, d\u2019aspiration et de reproduction de la base de donn\u00e9es produite et exploit\u00e9e par Mr Tan &amp; Co sur le Site est formellement interdite sans son accord \u00e9crit et pr\u00e9alable.<\/p>\n\n\n\n<p>Toute reproduction de photographies, textes, logos et signes distinctifs figurant sur le Site constitue une contrefa\u00e7on passible de sanctions p\u00e9nales. Le contrevenant s\u2019expose \u00e0 des sanctions civiles et p\u00e9nales et notamment aux peines pr\u00e9vues aux articles L. 335.2, L. 343.4 et L.713-2 du code de la Propri\u00e9t\u00e9 Intellectuelle.<\/p>\n\n\n\n<p>L\u2019Utilisateur s\u2019engage, d\u2019une mani\u00e8re g\u00e9n\u00e9rale, \u00e0 respecter l\u2019ensemble de la r\u00e9glementation en vigueur en France.<\/p>\n\n\n\n<h2 class=\"wp-block-heading\">Informatique et libert\u00e9s \u2014 Donn\u00e9es personnelles<\/h2>\n\n\n\n<p>La collecte et le traitement des donn\u00e9es personnelles de l\u2019Internaute par Mr Tan &amp; Co ont fait l\u2019objet d\u2019une d\u00e9claration aupr\u00e8s de la&nbsp;<a href=\"https:\/\/www.cnil.fr\/\">CNIL<\/a>.<\/p>\n\n\n\n<p>La finalit\u00e9 du traitement des donn\u00e9es personnelles fournies volontairement par l\u2019Internaute sur le Site au travers du module \u00ab&nbsp;Contact&nbsp;\u00bb, est de permettre \u00e0 l\u2019Internaute d\u2019\u00eatre contact\u00e9 rapidement par Mr Tan &amp; Co.<\/p>\n\n\n\n<p>L\u2019Internaute est inform\u00e9 que les donn\u00e9es de connexion ou relatives \u00e0 la navigation de l\u2019Internaute depuis le Site sont collect\u00e9es (informations de navigation) de mani\u00e8re automatique par un logiciel de statistiques et de mesure d\u2019audience. Ces informations ne sont collect\u00e9es qu\u2019\u00e0 des fins d\u2019analyse statistique et d\u2019optimisation interne du Site.<\/p>\n\n\n\n<p>L\u2019Internaute est \u00e9galement inform\u00e9 qu\u2019en application des articles 39 et 40 de la loi dite \u00ab&nbsp;Informatique et Libert\u00e9s&nbsp;\u00bb du 6 janvier 1978, modifi\u00e9e par la loi 2004-801 du 6 ao\u00fbt 2004, l\u2019Internaute dispose d\u2019un droit d\u2019acc\u00e8s, de rectification, de modification et de suppression concernant ses donn\u00e9es personnelles.<\/p>\n\n\n\n<h2 class=\"wp-block-heading\">Affiliation<\/h2>\n\n\n\n<p>Certaines pages contiennent des liens d&rsquo;affiliation. Lorsque vous cliquez sur les liens des sites marchands et effectuez un achat, ce site peut percevoir une commission, sans surco\u00fbt pour vous. Les programmes d&rsquo;affiliation incluent, sans s&rsquo;y limiter, Awin et Amazon.<\/p>\n\n\n\n<h2 class=\"wp-block-heading\">Cookies<\/h2>\n\n\n\n<p><strong><em>R\u00f4le des cookies<\/em><\/strong><\/p>\n\n\n\n<p>Sous r\u00e9serve de vos choix, la navigation sur le Site peut impliquer l\u2019implantation d\u2019un \u00ab cookie \u00bb dans votre ordinateur.<\/p>\n\n\n\n<p>Un \u00ab cookie \u00bb est un fichier qui enregistre des informations relatives \u00e0 la navigation de l\u2019ordinateur sur le Site (les pages consult\u00e9es, la date et l\u2019heure de la consultation, etc.) que le Site pourra utiliser lors des visites ult\u00e9rieures.<\/p>\n\n\n\n<p>Les Cookies que nous \u00e9mettons nous permettent :<\/p>\n\n\n\n<ul class=\"wp-block-list\">\n<li>d\u2019\u00e9tablir des statistiques et volumes de fr\u00e9quentation et d\u2019utilisation des diverses \u00e9l\u00e9ments composant notre Site<\/li>\n\n\n\n<li>d\u2019adapter la pr\u00e9sentation de notre Site aux pr\u00e9f\u00e9rences d\u2019affichage de votre ordinateur<\/li>\n\n\n\n<li>de m\u00e9moriser des informations relatives \u00e0 un formulaire que vous avez rempli sur notre Site<\/li>\n\n\n\n<li>de vous permettre d\u2019acc\u00e9der \u00e0 des espaces r\u00e9serv\u00e9s et personnels de notre Site ou tels que votre Profil, gr\u00e2ce \u00e0 des identifiants ou des donn\u00e9es que vous nous avez \u00e9ventuellement confi\u00e9s<\/li>\n\n\n\n<li>de mettre en \u0153uvre des mesures de s\u00e9curit\u00e9, c\u2019est par exemple le cas lorsqu\u2019il vous est demand\u00e9 de vous connecter \u00e0 nouveau \u00e0 un contenu ou \u00e0 un service apr\u00e8s un certain laps de temps.<\/li>\n<\/ul>\n\n\n\n<p><strong>Param\u00e9trage des cookies<br><\/strong><br>Vous pouvez bloquer l\u2019installation de cookies sur votre ordinateur ou autre dispositif en modifiant le param\u00e9trage de votre navigateur, conform\u00e9ment aux instructions re\u00e7ues de la part de votre fournisseur de navigateur Internet ou de tout autre dispositif.<\/p>\n\n\n\n<ul class=\"wp-block-list\">\n<li>Pour Internet Explorer\u2122 :&nbsp;<a href=\"http:\/\/windows.microsoft.com\/fr-FR\/windows-vista\/Block-or-allow-cookies\">http:\/\/windows.microsoft.com\/fr-FR\/windows-vista\/\u2026<\/a><\/li>\n\n\n\n<li>Pour Safari\u2122 :<a href=\"http:\/\/docs.info.apple.com\/article.html?path=Safari\/3.0\/fr\/9277.html\">http:\/\/docs.info.apple.com\/article.html?path=Safari\/3.0\/fr\/9277.html<\/a><\/li>\n\n\n\n<li>Pour Chrome\u2122 :<a href=\"https:\/\/support.google.com\/chrome\/bin\/answer.py?hl=fr&amp;hlrm=en&amp;answer=95647\">http:\/\/support.google.com\/chrome\/bin\/answer.py?hl=fr&amp;hlrm=en&amp;answer=95647<\/a><\/li>\n\n\n\n<li>Pour Firefox\u2122 :<a href=\"https:\/\/support.mozilla.org\/fr\/kb\/Activer%20et%20d%C3%A9sactiver%20les%20cookies\">http:\/\/support.mozilla.org\/fr\/kb\/Activer%20et%20d%C3%A9sactiver%20les%20cookies<\/a><\/li>\n\n\n\n<li>Pour Opera\u2122 :<a href=\"http:\/\/help.opera.com\/Windows\/10.20\/fr\/cookies.html\">http:\/\/help.opera.com\/Windows\/10.20\/fr\/cookies.html<\/a><\/li>\n<\/ul>\n\n\n<p id=\"matomo_opted_out_intro\" style=\"display:none;\">Opt-out complete; your visits to this website will not be recorded by the Web Analytics tool. Note that if you clear your cookies, delete the opt-out cookie, or if you change computers or Web browsers, you will need to perform the opt-out procedure again.<\/p><p id=\"matomo_opted_in_intro\" >You may choose to prevent this website from aggregating and analyzing the actions you take here. Doing so will protect your privacy, but will also prevent the owner from learning from your actions and creating a better experience for you and other users.<\/p><form>\n        <input type=\"checkbox\" id=\"matomo_optout_checkbox\" checked=\"checked\"\/>\n        <label for=\"matomo_optout_checkbox\"><strong>\n        <span id=\"matomo_opted_in_label\" >You are not opted out. Uncheck this box to opt-out.<\/span>\n\t\t<span id=\"matomo_opted_out_label\" style=\"display:none;\">You are currently opted out. Check this box to opt-in.<\/span>\n        <\/strong><\/label><\/form><noscript><p><strong style=\"color: #ff0000;\">This opt out feature requires JavaScript.<\/strong><\/p><\/noscript><p id=\"matomo_outout_err_cookies\" style=\"display: none;\"><strong>The tracking opt-out feature requires cookies to be enabled.<\/strong><\/p>\n\n\n\n<p>En ne bloquant pas l\u2019installation des cookies via les moyens propos\u00e9s ci-dessus, vous acceptez l\u2019utilisation de ces donn\u00e9es par Mr Tan &amp; Co.<\/p>\n\n\n\n<p><strong>Application de la loi fran\u00e7aise<\/strong><\/p>\n\n\n\n<p>Le r\u00e9seau Internet \u00e9tant par nature un r\u00e9seau mondial, mais le site internet MortelleAd\u00e8le.com \u00e9tant destin\u00e9 \u00e0 un public fran\u00e7ais, les r\u00e8gles applicables \u00e0 tous les contenus et toutes les transmissions de donn\u00e9es sur et autour des Sites sont d\u00e9termin\u00e9es par la loi fran\u00e7aise. En cas de litige, les tribunaux fran\u00e7ais seront seuls comp\u00e9tents.<\/p>\n","protected":false},"excerpt":{"rendered":"<p>\u00c9diteur : Mr Tan &amp; Co S.A.S.Si\u00e8ge social : 17 rue Dupin \u2013 75006 ParisCapital social : 1 000 euros RCS de Paris : 91823664700015Pr\u00e9sident : Antoine Dole\/Mr TanDirecteur de publication : Christophe Leclercq Coordonn\u00e9es de l\u2019h\u00e9bergeur du site :Alwaysdata91 rue du Faubourg Saint Honor\u00e9 75008 Paris.Mentions l\u00e9gales de l&rsquo;h\u00e9bergeur Cr\u00e9dits : \u24d2 Mr Tan &hellip; <\/p>\n<p class=\"link-more\"><a href=\"https:\/\/mortelleadele.com\/index.php\/mentions-legales\/\" class=\"more-link\">Continuer la lecture<span class=\"screen-reader-text\"> de &laquo;&nbsp;Mentions l\u00e9gales&nbsp;&raquo;<\/span><\/a><\/p>\n","protected":false},"author":1,"featured_media":0,"parent":0,"menu_order":4,"comment_status":"closed","ping_status":"closed","template":"","meta":{"footnotes":""},"class_list":["post-205","page","type-page","status-publish","hentry"],"yoast_head":"<!-- This site is optimized with the Yoast SEO plugin v27.4 - https:\/\/yoast.com\/product\/yoast-seo-wordpress\/ -->\n<title>Mentions l\u00e9gales &#8211; Mortelle Ad\u00e8le<\/title>\n<meta name=\"robots\" content=\"index, follow, max-snippet:-1, max-image-preview:large, max-video-preview:-1\" \/>\n<link rel=\"canonical\" href=\"https:\/\/mortelleadele.com\/index.php\/mentions-legales\/\" \/>\n<meta property=\"og:locale\" content=\"fr_FR\" \/>\n<meta property=\"og:type\" content=\"article\" \/>\n<meta property=\"og:title\" content=\"Mentions l\u00e9gales &#8211; Mortelle Ad\u00e8le\" \/>\n<meta property=\"og:description\" content=\"\u00c9diteur : Mr Tan &amp; Co S.A.S.Si\u00e8ge social : 17 rue Dupin \u2013 75006 ParisCapital social : 1 000 euros RCS de Paris : 91823664700015Pr\u00e9sident : Antoine Dole\/Mr TanDirecteur de publication : Christophe Leclercq Coordonn\u00e9es de l\u2019h\u00e9bergeur du site :Alwaysdata91 rue du Faubourg Saint Honor\u00e9 75008 Paris.Mentions l\u00e9gales de l&rsquo;h\u00e9bergeur Cr\u00e9dits : \u24d2 Mr Tan &hellip; Continuer la lecture de &laquo;&nbsp;Mentions l\u00e9gales&nbsp;&raquo;\" \/>\n<meta property=\"og:url\" content=\"https:\/\/mortelleadele.com\/index.php\/mentions-legales\/\" \/>\n<meta property=\"og:site_name\" content=\"Mortelle Ad\u00e8le\" \/>\n<meta property=\"article:publisher\" content=\"https:\/\/www.facebook.com\/mortelleadele\" \/>\n<meta property=\"article:modified_time\" content=\"2024-03-07T15:37:29+00:00\" \/>\n<meta name=\"twitter:card\" content=\"summary_large_image\" \/>\n<meta name=\"twitter:label1\" content=\"Dur\u00e9e de lecture estim\u00e9e\" \/>\n\t<meta name=\"twitter:data1\" content=\"6 minutes\" \/>\n<script type=\"application\/ld+json\" class=\"yoast-schema-graph\">{\"@context\":\"https:\\\/\\\/schema.org\",\"@graph\":[{\"@type\":\"WebPage\",\"@id\":\"https:\\\/\\\/mortelleadele.com\\\/index.php\\\/mentions-legales\\\/\",\"url\":\"https:\\\/\\\/mortelleadele.com\\\/index.php\\\/mentions-legales\\\/\",\"name\":\"Mentions l\u00e9gales &#8211; Mortelle Ad\u00e8le\",\"isPartOf\":{\"@id\":\"https:\\\/\\\/mortelleadele.com\\\/#website\"},\"datePublished\":\"2022-09-28T16:28:26+00:00\",\"dateModified\":\"2024-03-07T15:37:29+00:00\",\"breadcrumb\":{\"@id\":\"https:\\\/\\\/mortelleadele.com\\\/index.php\\\/mentions-legales\\\/#breadcrumb\"},\"inLanguage\":\"fr-FR\",\"potentialAction\":[{\"@type\":\"ReadAction\",\"target\":[\"https:\\\/\\\/mortelleadele.com\\\/index.php\\\/mentions-legales\\\/\"]}]},{\"@type\":\"BreadcrumbList\",\"@id\":\"https:\\\/\\\/mortelleadele.com\\\/index.php\\\/mentions-legales\\\/#breadcrumb\",\"itemListElement\":[{\"@type\":\"ListItem\",\"position\":1,\"name\":\"Accueil\",\"item\":\"https:\\\/\\\/mortelleadele.com\\\/\"},{\"@type\":\"ListItem\",\"position\":2,\"name\":\"Mentions l\u00e9gales\"}]},{\"@type\":\"WebSite\",\"@id\":\"https:\\\/\\\/mortelleadele.com\\\/#website\",\"url\":\"https:\\\/\\\/mortelleadele.com\\\/\",\"name\":\"Mortelle Ad\u00e8le\",\"description\":\"H\u00e9ro\u00efne de Bande dessin\u00e9e\",\"publisher\":{\"@id\":\"https:\\\/\\\/mortelleadele.com\\\/#organization\"},\"potentialAction\":[{\"@type\":\"SearchAction\",\"target\":{\"@type\":\"EntryPoint\",\"urlTemplate\":\"https:\\\/\\\/mortelleadele.com\\\/?s={search_term_string}\"},\"query-input\":{\"@type\":\"PropertyValueSpecification\",\"valueRequired\":true,\"valueName\":\"search_term_string\"}}],\"inLanguage\":\"fr-FR\"},{\"@type\":\"Organization\",\"@id\":\"https:\\\/\\\/mortelleadele.com\\\/#organization\",\"name\":\"Mortelle Ad\u00e8le\",\"url\":\"https:\\\/\\\/mortelleadele.com\\\/\",\"logo\":{\"@type\":\"ImageObject\",\"inLanguage\":\"fr-FR\",\"@id\":\"https:\\\/\\\/mortelleadele.com\\\/#\\\/schema\\\/logo\\\/image\\\/\",\"url\":\"https:\\\/\\\/mortelleadele.com\\\/wp-content\\\/uploads\\\/2023\\\/01\\\/Logo-Mortelle-Adele.jpeg\",\"contentUrl\":\"https:\\\/\\\/mortelleadele.com\\\/wp-content\\\/uploads\\\/2023\\\/01\\\/Logo-Mortelle-Adele.jpeg\",\"width\":1176,\"height\":761,\"caption\":\"Mortelle Ad\u00e8le\"},\"image\":{\"@id\":\"https:\\\/\\\/mortelleadele.com\\\/#\\\/schema\\\/logo\\\/image\\\/\"},\"sameAs\":[\"https:\\\/\\\/www.facebook.com\\\/mortelleadele\",\"https:\\\/\\\/www.instagram.com\\\/mortelleadelebd\"]}]}<\/script>\n<!-- \/ Yoast SEO plugin. -->","yoast_head_json":{"title":"Mentions l\u00e9gales &#8211; Mortelle Ad\u00e8le","robots":{"index":"index","follow":"follow","max-snippet":"max-snippet:-1","max-image-preview":"max-image-preview:large","max-video-preview":"max-video-preview:-1"},"canonical":"https:\/\/mortelleadele.com\/index.php\/mentions-legales\/","og_locale":"fr_FR","og_type":"article","og_title":"Mentions l\u00e9gales &#8211; Mortelle Ad\u00e8le","og_description":"\u00c9diteur : Mr Tan &amp; Co S.A.S.Si\u00e8ge social : 17 rue Dupin \u2013 75006 ParisCapital social : 1 000 euros RCS de Paris : 91823664700015Pr\u00e9sident : Antoine Dole\/Mr TanDirecteur de publication : Christophe Leclercq Coordonn\u00e9es de l\u2019h\u00e9bergeur du site :Alwaysdata91 rue du Faubourg Saint Honor\u00e9 75008 Paris.Mentions l\u00e9gales de l&rsquo;h\u00e9bergeur Cr\u00e9dits : \u24d2 Mr Tan &hellip; Continuer la lecture de &laquo;&nbsp;Mentions l\u00e9gales&nbsp;&raquo;","og_url":"https:\/\/mortelleadele.com\/index.php\/mentions-legales\/","og_site_name":"Mortelle Ad\u00e8le","article_publisher":"https:\/\/www.facebook.com\/mortelleadele","article_modified_time":"2024-03-07T15:37:29+00:00","twitter_card":"summary_large_image","twitter_misc":{"Dur\u00e9e de lecture estim\u00e9e":"6 minutes"},"schema":{"@context":"https:\/\/schema.org","@graph":[{"@type":"WebPage","@id":"https:\/\/mortelleadele.com\/index.php\/mentions-legales\/","url":"https:\/\/mortelleadele.com\/index.php\/mentions-legales\/","name":"Mentions l\u00e9gales &#8211; Mortelle Ad\u00e8le","isPartOf":{"@id":"https:\/\/mortelleadele.com\/#website"},"datePublished":"2022-09-28T16:28:26+00:00","dateModified":"2024-03-07T15:37:29+00:00","breadcrumb":{"@id":"https:\/\/mortelleadele.com\/index.php\/mentions-legales\/#breadcrumb"},"inLanguage":"fr-FR","potentialAction":[{"@type":"ReadAction","target":["https:\/\/mortelleadele.com\/index.php\/mentions-legales\/"]}]},{"@type":"BreadcrumbList","@id":"https:\/\/mortelleadele.com\/index.php\/mentions-legales\/#breadcrumb","itemListElement":[{"@type":"ListItem","position":1,"name":"Accueil","item":"https:\/\/mortelleadele.com\/"},{"@type":"ListItem","position":2,"name":"Mentions l\u00e9gales"}]},{"@type":"WebSite","@id":"https:\/\/mortelleadele.com\/#website","url":"https:\/\/mortelleadele.com\/","name":"Mortelle Ad\u00e8le","description":"H\u00e9ro\u00efne de Bande dessin\u00e9e","publisher":{"@id":"https:\/\/mortelleadele.com\/#organization"},"potentialAction":[{"@type":"SearchAction","target":{"@type":"EntryPoint","urlTemplate":"https:\/\/mortelleadele.com\/?s={search_term_string}"},"query-input":{"@type":"PropertyValueSpecification","valueRequired":true,"valueName":"search_term_string"}}],"inLanguage":"fr-FR"},{"@type":"Organization","@id":"https:\/\/mortelleadele.com\/#organization","name":"Mortelle Ad\u00e8le","url":"https:\/\/mortelleadele.com\/","logo":{"@type":"ImageObject","inLanguage":"fr-FR","@id":"https:\/\/mortelleadele.com\/#\/schema\/logo\/image\/","url":"https:\/\/mortelleadele.com\/wp-content\/uploads\/2023\/01\/Logo-Mortelle-Adele.jpeg","contentUrl":"https:\/\/mortelleadele.com\/wp-content\/uploads\/2023\/01\/Logo-Mortelle-Adele.jpeg","width":1176,"height":761,"caption":"Mortelle Ad\u00e8le"},"image":{"@id":"https:\/\/mortelleadele.com\/#\/schema\/logo\/image\/"},"sameAs":["https:\/\/www.facebook.com\/mortelleadele","https:\/\/www.instagram.com\/mortelleadelebd"]}]}},"_links":{"self":[{"href":"https:\/\/mortelleadele.com\/index.php\/wp-json\/wp\/v2\/pages\/205","targetHints":{"allow":["GET"]}}],"collection":[{"href":"https:\/\/mortelleadele.com\/index.php\/wp-json\/wp\/v2\/pages"}],"about":[{"href":"https:\/\/mortelleadele.com\/index.php\/wp-json\/wp\/v2\/types\/page"}],"author":[{"embeddable":true,"href":"https:\/\/mortelleadele.com\/index.php\/wp-json\/wp\/v2\/users\/1"}],"replies":[{"embeddable":true,"href":"https:\/\/mortelleadele.com\/index.php\/wp-json\/wp\/v2\/comments?post=205"}],"version-history":[{"count":6,"href":"https:\/\/mortelleadele.com\/index.php\/wp-json\/wp\/v2\/pages\/205\/revisions"}],"predecessor-version":[{"id":3775,"href":"https:\/\/mortelleadele.com\/index.php\/wp-json\/wp\/v2\/pages\/205\/revisions\/3775"}],"wp:attachment":[{"href":"https:\/\/mortelleadele.com\/index.php\/wp-json\/wp\/v2\/media?parent=205"}],"curies":[{"name":"wp","href":"https:\/\/api.w.org\/{rel}","templated":true}]}}