{"id":2274,"date":"2023-03-24T11:03:34","date_gmt":"2023-03-24T10:03:34","guid":{"rendered":"https:\/\/mortelleadele.com\/?page_id=2274"},"modified":"2023-03-24T11:30:08","modified_gmt":"2023-03-24T10:30:08","slug":"stickers-1","status":"publish","type":"page","link":"https:\/\/mortelleadele.com\/index.php\/stickers-1\/","title":{"rendered":"Les Stickers de Mortelle Ade\u0300le"},"content":{"rendered":"\n<div class=\"wp-block-media-text alignfull is-stacked-on-mobile is-vertically-aligned-center\"><figure class=\"wp-block-media-text__media\"><img fetchpriority=\"high\" decoding=\"async\" width=\"497\" height=\"800\" src=\"https:\/\/mortelleadele.com\/wp-content\/uploads\/2023\/03\/Couverture_Les-Stickers-de-Mortelle-Adele.jpg\" alt=\"Les Stickers de Mortelle Ad\u00e8le\" class=\"wp-image-2280 size-full\" srcset=\"https:\/\/mortelleadele.com\/wp-content\/uploads\/2023\/03\/Couverture_Les-Stickers-de-Mortelle-Adele.jpg 497w, https:\/\/mortelleadele.com\/wp-content\/uploads\/2023\/03\/Couverture_Les-Stickers-de-Mortelle-Adele-186x300.jpg 186w\" sizes=\"(max-width: 497px) 100vw, 497px\" \/><\/figure><div class=\"wp-block-media-text__content\">\n<h3 class=\"has-text-align-left has-text-color wp-block-heading\" style=\"color:#000000\"><br><br>R\u00e9sum\u00e9 :<\/h3>\n\n\n\n<p>780 stickers \u00e0 coller partout pour que l&rsquo;univers de Mortelle Ad\u00e8le ne te quitte jamais.<\/p>\n\n\n\n<p>Retrouve tous les personnages de la s\u00e9rie : Ad\u00e8le, Ajax, Geoffroy, Ludovic, Owen, Jade, Magnus&#8230;<\/p>\n<\/div><\/div>\n\n\n\n<figure class=\"wp-block-table\"><table><tbody><tr><td>PARUTION<\/td><td><strong>11 SEPTEMBRE 2014<\/strong><\/td><\/tr><tr><td>EAN<\/td><td><strong><strong><strong>9782848019987<\/strong><\/strong><\/strong><\/td><\/tr><tr><td>PAGINATION<\/td><td><strong>70 Pages<\/strong><\/td><\/tr><tr><td>PRIX<\/td><td><strong>9,95 \u20ac<\/strong><\/td><\/tr><\/tbody><\/table><\/figure>\n\n\n\n<p class=\"has-background has-small-font-size\" style=\"background-color:#abb7c217\"><em>\u00a9 Mr Tan \/ Miss Prickly<\/em><\/p>\n\n\n\n<div class=\"wp-block-columns is-layout-flex wp-container-core-columns-is-layout-9d6595d7 wp-block-columns-is-layout-flex\">\n<div class=\"wp-block-column is-layout-flow wp-block-column-is-layout-flow\">\n<div class=\"wp-block-group has-background is-content-justification-space-between is-nowrap is-layout-flex wp-container-core-group-is-layout-0dfbf163 wp-block-group-is-layout-flex\" style=\"background-color:#d7d4d4\">\n<figure class=\"wp-block-image size-full is-resized\"><a href=\"https:\/\/www.leslibraires.fr\/livre\/9782848019987\/?affiliate=mortelleadele\" target=\"_blank\" rel=\"noreferrer noopener\"><img decoding=\"async\" src=\"https:\/\/ma.mrtanandco.fr\/wp-content\/uploads\/2022\/11\/les-libraires.png\" alt=\"\" class=\"wp-image-320\" width=\"126\" height=\"15\"\/><\/a><\/figure>\n\n\n\n<figure class=\"wp-block-image size-full is-resized\"><a href=\"https:\/\/tidd.ly\/3JJqaTp\" target=\"_blank\" rel=\"noreferrer noopener\"><img decoding=\"async\" src=\"https:\/\/ma.mrtanandco.fr\/wp-content\/uploads\/2022\/11\/Fnac-1.png\" alt=\"\" class=\"wp-image-332\" width=\"100\" height=\"100\" srcset=\"https:\/\/mortelleadele.com\/wp-content\/uploads\/2022\/11\/Fnac-1.png 1000w, https:\/\/mortelleadele.com\/wp-content\/uploads\/2022\/11\/Fnac-1-300x300.png 300w, https:\/\/mortelleadele.com\/wp-content\/uploads\/2022\/11\/Fnac-1-150x150.png 150w, https:\/\/mortelleadele.com\/wp-content\/uploads\/2022\/11\/Fnac-1-768x768.png 768w, https:\/\/mortelleadele.com\/wp-content\/uploads\/2022\/11\/Fnac-1-100x100.png 100w\" sizes=\"(max-width: 100px) 100vw, 100px\" \/><\/a><\/figure>\n\n\n\n<figure class=\"wp-block-image size-full is-resized\"><a href=\"https:\/\/amzn.to\/40g8VjO\" target=\"_blank\" rel=\"noreferrer noopener\"><img loading=\"lazy\" decoding=\"async\" src=\"https:\/\/ma.mrtanandco.fr\/wp-content\/uploads\/2022\/11\/amazon.png\" alt=\"\" class=\"wp-image-322\" width=\"128\" height=\"39\" srcset=\"https:\/\/mortelleadele.com\/wp-content\/uploads\/2022\/11\/amazon.png 512w, https:\/\/mortelleadele.com\/wp-content\/uploads\/2022\/11\/amazon-300x91.png 300w\" sizes=\"(max-width: 128px) 100vw, 128px\" \/><\/a><\/figure>\n\n\n\n<figure class=\"wp-block-image size-full is-resized\"><a href=\"https:\/\/www.decitre.fr\/livres\/les-stickers-de-mortelle-adele-9782848019987.html\" target=\"_blank\" rel=\"noreferrer noopener\"><img loading=\"lazy\" decoding=\"async\" src=\"https:\/\/ma.mrtanandco.fr\/wp-content\/uploads\/2022\/11\/decitre.png\" alt=\"\" class=\"wp-image-319\" width=\"100\" height=\"100\" srcset=\"https:\/\/mortelleadele.com\/wp-content\/uploads\/2022\/11\/decitre.png 225w, https:\/\/mortelleadele.com\/wp-content\/uploads\/2022\/11\/decitre-150x150.png 150w, https:\/\/mortelleadele.com\/wp-content\/uploads\/2022\/11\/decitre-100x100.png 100w\" sizes=\"(max-width: 100px) 100vw, 100px\" \/><\/a><\/figure>\n<\/div>\n<\/div>\n<\/div>\n\n\n\n<div class=\"wp-block-buttons is-horizontal is-content-justification-center is-layout-flex wp-container-core-buttons-is-layout-a4d366b9 wp-block-buttons-is-layout-flex\">\n<div class=\"wp-block-button is-style-fill\"><a class=\"wp-block-button__link wp-element-button\" href=\"https:\/\/ma.mrtanandco.fr\/index.php\/mes-objets\/#Papeterie\">Retour<\/a><\/div>\n<\/div>\n","protected":false},"excerpt":{"rendered":"<p>R\u00e9sum\u00e9 : 780 stickers \u00e0 coller partout pour que l&rsquo;univers de Mortelle Ad\u00e8le ne te quitte jamais. Retrouve tous les personnages de la s\u00e9rie : Ad\u00e8le, Ajax, Geoffroy, Ludovic, Owen, Jade, Magnus&#8230; PARUTION 11 SEPTEMBRE 2014 EAN 9782848019987 PAGINATION 70 Pages PRIX 9,95 \u20ac \u00a9 Mr Tan \/ Miss Prickly<\/p>\n","protected":false},"author":1,"featured_media":0,"parent":0,"menu_order":0,"comment_status":"closed","ping_status":"closed","template":"","meta":{"footnotes":""},"class_list":["post-2274","page","type-page","status-publish","hentry"],"yoast_head":"<!-- This site is optimized with the Yoast SEO plugin v27.4 - https:\/\/yoast.com\/product\/yoast-seo-wordpress\/ -->\n<title>Les Stickers de Mortelle Ade\u0300le &#8211; Mortelle Ad\u00e8le<\/title>\n<meta name=\"description\" content=\"780 stickers \u00e0 coller partout pour que l&#039;univers de Mortelle Ad\u00e8le ne te quitte jamais.\" \/>\n<meta name=\"robots\" content=\"index, follow, max-snippet:-1, max-image-preview:large, max-video-preview:-1\" \/>\n<link rel=\"canonical\" href=\"https:\/\/mortelleadele.com\/index.php\/stickers-1\/\" \/>\n<meta property=\"og:locale\" content=\"fr_FR\" \/>\n<meta property=\"og:type\" content=\"article\" \/>\n<meta property=\"og:title\" content=\"Les Stickers de Mortelle Ade\u0300le &#8211; Mortelle Ad\u00e8le\" \/>\n<meta property=\"og:description\" content=\"780 stickers \u00e0 coller partout pour que l&#039;univers de Mortelle Ad\u00e8le ne te quitte jamais.\" \/>\n<meta property=\"og:url\" content=\"https:\/\/mortelleadele.com\/index.php\/stickers-1\/\" \/>\n<meta property=\"og:site_name\" content=\"Mortelle Ad\u00e8le\" \/>\n<meta property=\"article:publisher\" content=\"https:\/\/www.facebook.com\/mortelleadele\" \/>\n<meta property=\"article:modified_time\" content=\"2023-03-24T10:30:08+00:00\" \/>\n<meta property=\"og:image\" content=\"https:\/\/mortelleadele.com\/wp-content\/uploads\/2023\/03\/Couverture_Les-Stickers-de-Mortelle-Adele.jpg\" \/>\n<meta name=\"twitter:card\" content=\"summary_large_image\" \/>\n<meta name=\"twitter:label1\" content=\"Dur\u00e9e de lecture estim\u00e9e\" \/>\n\t<meta name=\"twitter:data1\" content=\"2 minutes\" \/>\n<script type=\"application\/ld+json\" class=\"yoast-schema-graph\">{\"@context\":\"https:\\\/\\\/schema.org\",\"@graph\":[{\"@type\":\"WebPage\",\"@id\":\"https:\\\/\\\/mortelleadele.com\\\/index.php\\\/stickers-1\\\/\",\"url\":\"https:\\\/\\\/mortelleadele.com\\\/index.php\\\/stickers-1\\\/\",\"name\":\"Les Stickers de Mortelle Ade\u0300le &#8211; Mortelle Ad\u00e8le\",\"isPartOf\":{\"@id\":\"https:\\\/\\\/mortelleadele.com\\\/#website\"},\"primaryImageOfPage\":{\"@id\":\"https:\\\/\\\/mortelleadele.com\\\/index.php\\\/stickers-1\\\/#primaryimage\"},\"image\":{\"@id\":\"https:\\\/\\\/mortelleadele.com\\\/index.php\\\/stickers-1\\\/#primaryimage\"},\"thumbnailUrl\":\"https:\\\/\\\/mortelleadele.com\\\/wp-content\\\/uploads\\\/2023\\\/03\\\/Couverture_Les-Stickers-de-Mortelle-Adele.jpg\",\"datePublished\":\"2023-03-24T10:03:34+00:00\",\"dateModified\":\"2023-03-24T10:30:08+00:00\",\"description\":\"780 stickers \u00e0 coller partout pour que l'univers de Mortelle Ad\u00e8le ne te quitte jamais.\",\"breadcrumb\":{\"@id\":\"https:\\\/\\\/mortelleadele.com\\\/index.php\\\/stickers-1\\\/#breadcrumb\"},\"inLanguage\":\"fr-FR\",\"potentialAction\":[{\"@type\":\"ReadAction\",\"target\":[\"https:\\\/\\\/mortelleadele.com\\\/index.php\\\/stickers-1\\\/\"]}]},{\"@type\":\"ImageObject\",\"inLanguage\":\"fr-FR\",\"@id\":\"https:\\\/\\\/mortelleadele.com\\\/index.php\\\/stickers-1\\\/#primaryimage\",\"url\":\"https:\\\/\\\/mortelleadele.com\\\/wp-content\\\/uploads\\\/2023\\\/03\\\/Couverture_Les-Stickers-de-Mortelle-Adele.jpg\",\"contentUrl\":\"https:\\\/\\\/mortelleadele.com\\\/wp-content\\\/uploads\\\/2023\\\/03\\\/Couverture_Les-Stickers-de-Mortelle-Adele.jpg\",\"width\":497,\"height\":800,\"caption\":\"Les Stickers de Mortelle Ad\u00e8le\"},{\"@type\":\"BreadcrumbList\",\"@id\":\"https:\\\/\\\/mortelleadele.com\\\/index.php\\\/stickers-1\\\/#breadcrumb\",\"itemListElement\":[{\"@type\":\"ListItem\",\"position\":1,\"name\":\"Accueil\",\"item\":\"https:\\\/\\\/mortelleadele.com\\\/\"},{\"@type\":\"ListItem\",\"position\":2,\"name\":\"Les Stickers de Mortelle Ade\u0300le\"}]},{\"@type\":\"WebSite\",\"@id\":\"https:\\\/\\\/mortelleadele.com\\\/#website\",\"url\":\"https:\\\/\\\/mortelleadele.com\\\/\",\"name\":\"Mortelle Ad\u00e8le\",\"description\":\"H\u00e9ro\u00efne de Bande dessin\u00e9e\",\"publisher\":{\"@id\":\"https:\\\/\\\/mortelleadele.com\\\/#organization\"},\"potentialAction\":[{\"@type\":\"SearchAction\",\"target\":{\"@type\":\"EntryPoint\",\"urlTemplate\":\"https:\\\/\\\/mortelleadele.com\\\/?s={search_term_string}\"},\"query-input\":{\"@type\":\"PropertyValueSpecification\",\"valueRequired\":true,\"valueName\":\"search_term_string\"}}],\"inLanguage\":\"fr-FR\"},{\"@type\":\"Organization\",\"@id\":\"https:\\\/\\\/mortelleadele.com\\\/#organization\",\"name\":\"Mortelle Ad\u00e8le\",\"url\":\"https:\\\/\\\/mortelleadele.com\\\/\",\"logo\":{\"@type\":\"ImageObject\",\"inLanguage\":\"fr-FR\",\"@id\":\"https:\\\/\\\/mortelleadele.com\\\/#\\\/schema\\\/logo\\\/image\\\/\",\"url\":\"https:\\\/\\\/mortelleadele.com\\\/wp-content\\\/uploads\\\/2023\\\/01\\\/Logo-Mortelle-Adele.jpeg\",\"contentUrl\":\"https:\\\/\\\/mortelleadele.com\\\/wp-content\\\/uploads\\\/2023\\\/01\\\/Logo-Mortelle-Adele.jpeg\",\"width\":1176,\"height\":761,\"caption\":\"Mortelle Ad\u00e8le\"},\"image\":{\"@id\":\"https:\\\/\\\/mortelleadele.com\\\/#\\\/schema\\\/logo\\\/image\\\/\"},\"sameAs\":[\"https:\\\/\\\/www.facebook.com\\\/mortelleadele\",\"https:\\\/\\\/www.instagram.com\\\/mortelleadelebd\"]}]}<\/script>\n<!-- \/ Yoast SEO plugin. -->","yoast_head_json":{"title":"Les Stickers de Mortelle Ade\u0300le &#8211; Mortelle Ad\u00e8le","description":"780 stickers \u00e0 coller partout pour que l'univers de Mortelle Ad\u00e8le ne te quitte jamais.","robots":{"index":"index","follow":"follow","max-snippet":"max-snippet:-1","max-image-preview":"max-image-preview:large","max-video-preview":"max-video-preview:-1"},"canonical":"https:\/\/mortelleadele.com\/index.php\/stickers-1\/","og_locale":"fr_FR","og_type":"article","og_title":"Les Stickers de Mortelle Ade\u0300le &#8211; Mortelle Ad\u00e8le","og_description":"780 stickers \u00e0 coller partout pour que l'univers de Mortelle Ad\u00e8le ne te quitte jamais.","og_url":"https:\/\/mortelleadele.com\/index.php\/stickers-1\/","og_site_name":"Mortelle Ad\u00e8le","article_publisher":"https:\/\/www.facebook.com\/mortelleadele","article_modified_time":"2023-03-24T10:30:08+00:00","og_image":[{"url":"https:\/\/mortelleadele.com\/wp-content\/uploads\/2023\/03\/Couverture_Les-Stickers-de-Mortelle-Adele.jpg","type":"","width":"","height":""}],"twitter_card":"summary_large_image","twitter_misc":{"Dur\u00e9e de lecture estim\u00e9e":"2 minutes"},"schema":{"@context":"https:\/\/schema.org","@graph":[{"@type":"WebPage","@id":"https:\/\/mortelleadele.com\/index.php\/stickers-1\/","url":"https:\/\/mortelleadele.com\/index.php\/stickers-1\/","name":"Les Stickers de Mortelle Ade\u0300le &#8211; Mortelle Ad\u00e8le","isPartOf":{"@id":"https:\/\/mortelleadele.com\/#website"},"primaryImageOfPage":{"@id":"https:\/\/mortelleadele.com\/index.php\/stickers-1\/#primaryimage"},"image":{"@id":"https:\/\/mortelleadele.com\/index.php\/stickers-1\/#primaryimage"},"thumbnailUrl":"https:\/\/mortelleadele.com\/wp-content\/uploads\/2023\/03\/Couverture_Les-Stickers-de-Mortelle-Adele.jpg","datePublished":"2023-03-24T10:03:34+00:00","dateModified":"2023-03-24T10:30:08+00:00","description":"780 stickers \u00e0 coller partout pour que l'univers de Mortelle Ad\u00e8le ne te quitte jamais.","breadcrumb":{"@id":"https:\/\/mortelleadele.com\/index.php\/stickers-1\/#breadcrumb"},"inLanguage":"fr-FR","potentialAction":[{"@type":"ReadAction","target":["https:\/\/mortelleadele.com\/index.php\/stickers-1\/"]}]},{"@type":"ImageObject","inLanguage":"fr-FR","@id":"https:\/\/mortelleadele.com\/index.php\/stickers-1\/#primaryimage","url":"https:\/\/mortelleadele.com\/wp-content\/uploads\/2023\/03\/Couverture_Les-Stickers-de-Mortelle-Adele.jpg","contentUrl":"https:\/\/mortelleadele.com\/wp-content\/uploads\/2023\/03\/Couverture_Les-Stickers-de-Mortelle-Adele.jpg","width":497,"height":800,"caption":"Les Stickers de Mortelle Ad\u00e8le"},{"@type":"BreadcrumbList","@id":"https:\/\/mortelleadele.com\/index.php\/stickers-1\/#breadcrumb","itemListElement":[{"@type":"ListItem","position":1,"name":"Accueil","item":"https:\/\/mortelleadele.com\/"},{"@type":"ListItem","position":2,"name":"Les Stickers de Mortelle Ade\u0300le"}]},{"@type":"WebSite","@id":"https:\/\/mortelleadele.com\/#website","url":"https:\/\/mortelleadele.com\/","name":"Mortelle Ad\u00e8le","description":"H\u00e9ro\u00efne de Bande dessin\u00e9e","publisher":{"@id":"https:\/\/mortelleadele.com\/#organization"},"potentialAction":[{"@type":"SearchAction","target":{"@type":"EntryPoint","urlTemplate":"https:\/\/mortelleadele.com\/?s={search_term_string}"},"query-input":{"@type":"PropertyValueSpecification","valueRequired":true,"valueName":"search_term_string"}}],"inLanguage":"fr-FR"},{"@type":"Organization","@id":"https:\/\/mortelleadele.com\/#organization","name":"Mortelle Ad\u00e8le","url":"https:\/\/mortelleadele.com\/","logo":{"@type":"ImageObject","inLanguage":"fr-FR","@id":"https:\/\/mortelleadele.com\/#\/schema\/logo\/image\/","url":"https:\/\/mortelleadele.com\/wp-content\/uploads\/2023\/01\/Logo-Mortelle-Adele.jpeg","contentUrl":"https:\/\/mortelleadele.com\/wp-content\/uploads\/2023\/01\/Logo-Mortelle-Adele.jpeg","width":1176,"height":761,"caption":"Mortelle Ad\u00e8le"},"image":{"@id":"https:\/\/mortelleadele.com\/#\/schema\/logo\/image\/"},"sameAs":["https:\/\/www.facebook.com\/mortelleadele","https:\/\/www.instagram.com\/mortelleadelebd"]}]}},"_links":{"self":[{"href":"https:\/\/mortelleadele.com\/index.php\/wp-json\/wp\/v2\/pages\/2274","targetHints":{"allow":["GET"]}}],"collection":[{"href":"https:\/\/mortelleadele.com\/index.php\/wp-json\/wp\/v2\/pages"}],"about":[{"href":"https:\/\/mortelleadele.com\/index.php\/wp-json\/wp\/v2\/types\/page"}],"author":[{"embeddable":true,"href":"https:\/\/mortelleadele.com\/index.php\/wp-json\/wp\/v2\/users\/1"}],"replies":[{"embeddable":true,"href":"https:\/\/mortelleadele.com\/index.php\/wp-json\/wp\/v2\/comments?post=2274"}],"version-history":[{"count":0,"href":"https:\/\/mortelleadele.com\/index.php\/wp-json\/wp\/v2\/pages\/2274\/revisions"}],"wp:attachment":[{"href":"https:\/\/mortelleadele.com\/index.php\/wp-json\/wp\/v2\/media?parent=2274"}],"curies":[{"name":"wp","href":"https:\/\/api.w.org\/{rel}","templated":true}]}}