{"id":3698,"date":"2024-03-07T12:15:40","date_gmt":"2024-03-07T11:15:40","guid":{"rendered":"https:\/\/mortelleadele.com\/?page_id=3698"},"modified":"2024-12-12T15:26:23","modified_gmt":"2024-12-12T14:26:23","slug":"mortelle-adele-very-important-bizarres-ep","status":"publish","type":"page","link":"https:\/\/mortelleadele.com\/index.php\/mortelle-adele-very-important-bizarres-ep\/","title":{"rendered":"Mortelle Ad\u00e8le &#8211; Very Important Bizarres"},"content":{"rendered":"<div class=\"wp-block-image\">\n<figure class=\"aligncenter size-full is-resized\"><img fetchpriority=\"high\" decoding=\"async\" width=\"1280\" height=\"1280\" src=\"https:\/\/mortelleadele.com\/wp-content\/uploads\/2024\/03\/Jaquette-Very-Important-Bizarres-DEF.jpeg\" alt=\"\" class=\"wp-image-3700\" style=\"width:400px;height:undefinedpx\" srcset=\"https:\/\/mortelleadele.com\/wp-content\/uploads\/2024\/03\/Jaquette-Very-Important-Bizarres-DEF.jpeg 1280w, https:\/\/mortelleadele.com\/wp-content\/uploads\/2024\/03\/Jaquette-Very-Important-Bizarres-DEF-300x300.jpeg 300w, https:\/\/mortelleadele.com\/wp-content\/uploads\/2024\/03\/Jaquette-Very-Important-Bizarres-DEF-1024x1024.jpeg 1024w, https:\/\/mortelleadele.com\/wp-content\/uploads\/2024\/03\/Jaquette-Very-Important-Bizarres-DEF-150x150.jpeg 150w, https:\/\/mortelleadele.com\/wp-content\/uploads\/2024\/03\/Jaquette-Very-Important-Bizarres-DEF-768x768.jpeg 768w, https:\/\/mortelleadele.com\/wp-content\/uploads\/2024\/03\/Jaquette-Very-Important-Bizarres-DEF-100x100.jpeg 100w\" sizes=\"(max-width: 706px) 89vw, (max-width: 767px) 82vw, 740px\" \/><\/figure>\n<\/div>\n\n\n<figure class=\"wp-block-embed is-type-rich is-provider-spotify wp-block-embed-spotify\"><div class=\"wp-block-embed__wrapper\">\n<iframe title=\"Spotify Embed: Very Important Bizarres\" style=\"border-radius: 12px\" width=\"100%\" height=\"152\" frameborder=\"0\" allowfullscreen allow=\"autoplay; clipboard-write; encrypted-media; fullscreen; picture-in-picture\" loading=\"lazy\" src=\"https:\/\/open.spotify.com\/embed\/track\/5XoylMA35ZVX97oL3jy4pW?si=a10ba77d0c464754&#038;utm_source=oembed\"><\/iframe>\n<\/div><\/figure>\n\n\n\n<figure class=\"wp-block-embed is-type-rich is-provider-spotify wp-block-embed-spotify\"><div class=\"wp-block-embed__wrapper\">\n<iframe title=\"Spotify Embed: J&amp;apos;ai trouv\u00e9 ma voix\" style=\"border-radius: 12px\" width=\"100%\" height=\"152\" frameborder=\"0\" allowfullscreen allow=\"autoplay; clipboard-write; encrypted-media; fullscreen; picture-in-picture\" loading=\"lazy\" src=\"https:\/\/open.spotify.com\/embed\/track\/1OEyHPDxE3yBYR5TfPrmoV?si=7c41ea05a9fc46e8&#038;utm_source=oembed\"><\/iframe>\n<\/div><\/figure>\n\n\n\n<figure class=\"wp-block-embed is-type-rich is-provider-spotify wp-block-embed-spotify\"><div class=\"wp-block-embed__wrapper\">\n<iframe title=\"Spotify Embed: Et on apprend\" style=\"border-radius: 12px\" width=\"100%\" height=\"152\" frameborder=\"0\" allowfullscreen allow=\"autoplay; clipboard-write; encrypted-media; fullscreen; picture-in-picture\" loading=\"lazy\" src=\"https:\/\/open.spotify.com\/embed\/track\/7iTBPMiuXqjaUczEMothgP?si=e2cbce40615945d3&#038;utm_source=oembed\"><\/iframe>\n<\/div><\/figure>\n\n\n\n<figure class=\"wp-block-embed is-type-rich is-provider-spotify wp-block-embed-spotify\"><div class=\"wp-block-embed__wrapper\">\n<iframe title=\"Spotify Embed: De toutes les couleurs\" style=\"border-radius: 12px\" width=\"100%\" height=\"152\" frameborder=\"0\" allowfullscreen allow=\"autoplay; clipboard-write; encrypted-media; fullscreen; picture-in-picture\" loading=\"lazy\" src=\"https:\/\/open.spotify.com\/embed\/track\/34SB3C8ajsmjepmhSqLj5W?si=62000bd2866d42da&#038;utm_source=oembed\"><\/iframe>\n<\/div><\/figure>\n\n\n\n<p class=\"has-text-align-center\"><strong><em>ECOUTER AUSSI SUR<\/em><\/strong>&#8230;<\/p>\n\n\n\n<div class=\"wp-block-columns is-layout-flex wp-container-core-columns-is-layout-9d6595d7 wp-block-columns-is-layout-flex\">\n<div class=\"wp-block-column is-layout-flow wp-block-column-is-layout-flow\">\n<div class=\"wp-block-buttons is-vertical is-content-justification-center is-layout-flex wp-container-core-buttons-is-layout-48c2c4f0 wp-block-buttons-is-layout-flex\">\n<div class=\"wp-block-button has-custom-width wp-block-button__width-75\"><a class=\"wp-block-button__link has-background wp-element-button\" href=\"https:\/\/music.amazon.fr\/albums\/B0CWPQ64W8?tag=linkfiregen&amp;ie=UTF8&amp;linkCode=as2&amp;ascsubtag=fcc5e87c4ae5b1e6fcd5d990ecdfe59f&amp;ref=dmm_acq_soc_fr_u_lfire_lp_x_fcc5e87c4ae5b1e6fcd5d990ecdfe59f\" style=\"background-color:#04ded7\" target=\"_blank\" rel=\"noreferrer noopener\">AMAZON MUSIC<\/a><\/div>\n\n\n\n<div class=\"wp-block-button has-custom-width wp-block-button__width-75\"><a class=\"wp-block-button__link has-vivid-red-background-color has-background wp-element-button\" href=\"https:\/\/music.apple.com\/fr\/album\/very-important-bizarres-feat-doroth%C3%A9e-pouss%C3%A9o-ep\/1733789381\" target=\"_blank\" rel=\"noreferrer noopener\">APPLE MUSIC<\/a><\/div>\n<\/div>\n<\/div>\n\n\n\n<div class=\"wp-block-column is-layout-flow wp-block-column-is-layout-flow\">\n<div class=\"wp-block-buttons is-vertical is-content-justification-center is-layout-flex wp-container-core-buttons-is-layout-48c2c4f0 wp-block-buttons-is-layout-flex\">\n<div class=\"wp-block-button has-custom-width wp-block-button__width-75\"><a class=\"wp-block-button__link wp-element-button\" href=\"https:\/\/www.deezer.com\/fr\/album\/553842542?app_id=140685&amp;utm_source=partner_linkfire&amp;utm_campaign=fcc5e87c4ae5b1e6fcd5d990ecdfe59f&amp;utm_medium=Original&amp;utm_term=mrtanandco&amp;utm_content=album-553842542\" target=\"_blank\" rel=\"noreferrer noopener\">DEEZER<\/a><\/div>\n\n\n\n<div class=\"wp-block-button has-custom-width wp-block-button__width-75\"><a class=\"wp-block-button__link has-vivid-green-cyan-background-color has-background wp-element-button\" href=\"https:\/\/open.spotify.com\/intl-fr\/album\/7tmuylSydqheD3yamQr8mC?go=1&amp;nd=1&amp;dlsi=8fe565097fd242ba\" target=\"_blank\" rel=\"noreferrer noopener\">SPOTIFY<\/a><\/div>\n<\/div>\n<\/div>\n<\/div>\n\n\n\n<div class=\"wp-block-buttons is-content-justification-center is-layout-flex wp-container-core-buttons-is-layout-16018d1d wp-block-buttons-is-layout-flex\">\n<div class=\"wp-block-button has-custom-width wp-block-button__width-75\"><a class=\"wp-block-button__link wp-element-button\" href=\"https:\/\/mortelleadele.com\/index.php\/la-musique\/#VIB-EP\">Retourner \u00e0 Ma musique<\/a><\/div>\n<\/div>\n","protected":false},"excerpt":{"rendered":"<p>ECOUTER AUSSI SUR&#8230;<\/p>\n","protected":false},"author":1,"featured_media":0,"parent":0,"menu_order":0,"comment_status":"closed","ping_status":"closed","template":"","meta":{"footnotes":""},"class_list":["post-3698","page","type-page","status-publish","hentry"],"yoast_head":"<!-- This site is optimized with the Yoast SEO plugin v27.4 - https:\/\/yoast.com\/product\/yoast-seo-wordpress\/ -->\n<title>Mortelle Ad\u00e8le - Very Important Bizarres &#8211; Mortelle Ad\u00e8le<\/title>\n<meta name=\"robots\" content=\"index, follow, max-snippet:-1, max-image-preview:large, max-video-preview:-1\" \/>\n<link rel=\"canonical\" href=\"https:\/\/mortelleadele.com\/index.php\/mortelle-adele-very-important-bizarres-ep\/\" \/>\n<meta property=\"og:locale\" content=\"fr_FR\" \/>\n<meta property=\"og:type\" content=\"article\" \/>\n<meta property=\"og:title\" content=\"Mortelle Ad\u00e8le - Very Important Bizarres &#8211; Mortelle Ad\u00e8le\" \/>\n<meta property=\"og:description\" content=\"ECOUTER AUSSI SUR&#8230;\" \/>\n<meta property=\"og:url\" content=\"https:\/\/mortelleadele.com\/index.php\/mortelle-adele-very-important-bizarres-ep\/\" \/>\n<meta property=\"og:site_name\" content=\"Mortelle Ad\u00e8le\" \/>\n<meta property=\"article:publisher\" content=\"https:\/\/www.facebook.com\/mortelleadele\" \/>\n<meta property=\"article:modified_time\" content=\"2024-12-12T14:26:23+00:00\" \/>\n<meta property=\"og:image\" content=\"https:\/\/mortelleadele.com\/wp-content\/uploads\/2024\/03\/Jaquette-Very-Important-Bizarres-DEF.jpeg\" \/>\n\t<meta property=\"og:image:width\" content=\"1280\" \/>\n\t<meta property=\"og:image:height\" content=\"1280\" \/>\n\t<meta property=\"og:image:type\" content=\"image\/jpeg\" \/>\n<meta name=\"twitter:card\" content=\"summary_large_image\" \/>\n<meta name=\"twitter:label1\" content=\"Dur\u00e9e de lecture estim\u00e9e\" \/>\n\t<meta name=\"twitter:data1\" content=\"1 minute\" \/>\n<script type=\"application\/ld+json\" class=\"yoast-schema-graph\">{\"@context\":\"https:\\\/\\\/schema.org\",\"@graph\":[{\"@type\":\"WebPage\",\"@id\":\"https:\\\/\\\/mortelleadele.com\\\/index.php\\\/mortelle-adele-very-important-bizarres-ep\\\/\",\"url\":\"https:\\\/\\\/mortelleadele.com\\\/index.php\\\/mortelle-adele-very-important-bizarres-ep\\\/\",\"name\":\"Mortelle Ad\u00e8le - Very Important Bizarres &#8211; Mortelle Ad\u00e8le\",\"isPartOf\":{\"@id\":\"https:\\\/\\\/mortelleadele.com\\\/#website\"},\"primaryImageOfPage\":{\"@id\":\"https:\\\/\\\/mortelleadele.com\\\/index.php\\\/mortelle-adele-very-important-bizarres-ep\\\/#primaryimage\"},\"image\":{\"@id\":\"https:\\\/\\\/mortelleadele.com\\\/index.php\\\/mortelle-adele-very-important-bizarres-ep\\\/#primaryimage\"},\"thumbnailUrl\":\"https:\\\/\\\/mortelleadele.com\\\/wp-content\\\/uploads\\\/2024\\\/03\\\/Jaquette-Very-Important-Bizarres-DEF.jpeg\",\"datePublished\":\"2024-03-07T11:15:40+00:00\",\"dateModified\":\"2024-12-12T14:26:23+00:00\",\"breadcrumb\":{\"@id\":\"https:\\\/\\\/mortelleadele.com\\\/index.php\\\/mortelle-adele-very-important-bizarres-ep\\\/#breadcrumb\"},\"inLanguage\":\"fr-FR\",\"potentialAction\":[{\"@type\":\"ReadAction\",\"target\":[\"https:\\\/\\\/mortelleadele.com\\\/index.php\\\/mortelle-adele-very-important-bizarres-ep\\\/\"]}]},{\"@type\":\"ImageObject\",\"inLanguage\":\"fr-FR\",\"@id\":\"https:\\\/\\\/mortelleadele.com\\\/index.php\\\/mortelle-adele-very-important-bizarres-ep\\\/#primaryimage\",\"url\":\"https:\\\/\\\/mortelleadele.com\\\/wp-content\\\/uploads\\\/2024\\\/03\\\/Jaquette-Very-Important-Bizarres-DEF.jpeg\",\"contentUrl\":\"https:\\\/\\\/mortelleadele.com\\\/wp-content\\\/uploads\\\/2024\\\/03\\\/Jaquette-Very-Important-Bizarres-DEF.jpeg\",\"width\":1280,\"height\":1280,\"caption\":\"Jaquette Album Very Important Bizarres EP\"},{\"@type\":\"BreadcrumbList\",\"@id\":\"https:\\\/\\\/mortelleadele.com\\\/index.php\\\/mortelle-adele-very-important-bizarres-ep\\\/#breadcrumb\",\"itemListElement\":[{\"@type\":\"ListItem\",\"position\":1,\"name\":\"Accueil\",\"item\":\"https:\\\/\\\/mortelleadele.com\\\/\"},{\"@type\":\"ListItem\",\"position\":2,\"name\":\"Mortelle Ad\u00e8le &#8211; Very Important Bizarres\"}]},{\"@type\":\"WebSite\",\"@id\":\"https:\\\/\\\/mortelleadele.com\\\/#website\",\"url\":\"https:\\\/\\\/mortelleadele.com\\\/\",\"name\":\"Mortelle Ad\u00e8le\",\"description\":\"H\u00e9ro\u00efne de Bande dessin\u00e9e\",\"publisher\":{\"@id\":\"https:\\\/\\\/mortelleadele.com\\\/#organization\"},\"potentialAction\":[{\"@type\":\"SearchAction\",\"target\":{\"@type\":\"EntryPoint\",\"urlTemplate\":\"https:\\\/\\\/mortelleadele.com\\\/?s={search_term_string}\"},\"query-input\":{\"@type\":\"PropertyValueSpecification\",\"valueRequired\":true,\"valueName\":\"search_term_string\"}}],\"inLanguage\":\"fr-FR\"},{\"@type\":\"Organization\",\"@id\":\"https:\\\/\\\/mortelleadele.com\\\/#organization\",\"name\":\"Mortelle Ad\u00e8le\",\"url\":\"https:\\\/\\\/mortelleadele.com\\\/\",\"logo\":{\"@type\":\"ImageObject\",\"inLanguage\":\"fr-FR\",\"@id\":\"https:\\\/\\\/mortelleadele.com\\\/#\\\/schema\\\/logo\\\/image\\\/\",\"url\":\"https:\\\/\\\/mortelleadele.com\\\/wp-content\\\/uploads\\\/2023\\\/01\\\/Logo-Mortelle-Adele.jpeg\",\"contentUrl\":\"https:\\\/\\\/mortelleadele.com\\\/wp-content\\\/uploads\\\/2023\\\/01\\\/Logo-Mortelle-Adele.jpeg\",\"width\":1176,\"height\":761,\"caption\":\"Mortelle Ad\u00e8le\"},\"image\":{\"@id\":\"https:\\\/\\\/mortelleadele.com\\\/#\\\/schema\\\/logo\\\/image\\\/\"},\"sameAs\":[\"https:\\\/\\\/www.facebook.com\\\/mortelleadele\",\"https:\\\/\\\/www.instagram.com\\\/mortelleadelebd\"]}]}<\/script>\n<!-- \/ Yoast SEO plugin. -->","yoast_head_json":{"title":"Mortelle Ad\u00e8le - Very Important Bizarres &#8211; Mortelle Ad\u00e8le","robots":{"index":"index","follow":"follow","max-snippet":"max-snippet:-1","max-image-preview":"max-image-preview:large","max-video-preview":"max-video-preview:-1"},"canonical":"https:\/\/mortelleadele.com\/index.php\/mortelle-adele-very-important-bizarres-ep\/","og_locale":"fr_FR","og_type":"article","og_title":"Mortelle Ad\u00e8le - Very Important Bizarres &#8211; Mortelle Ad\u00e8le","og_description":"ECOUTER AUSSI SUR&#8230;","og_url":"https:\/\/mortelleadele.com\/index.php\/mortelle-adele-very-important-bizarres-ep\/","og_site_name":"Mortelle Ad\u00e8le","article_publisher":"https:\/\/www.facebook.com\/mortelleadele","article_modified_time":"2024-12-12T14:26:23+00:00","og_image":[{"width":1280,"height":1280,"url":"https:\/\/mortelleadele.com\/wp-content\/uploads\/2024\/03\/Jaquette-Very-Important-Bizarres-DEF.jpeg","type":"image\/jpeg"}],"twitter_card":"summary_large_image","twitter_misc":{"Dur\u00e9e de lecture estim\u00e9e":"1 minute"},"schema":{"@context":"https:\/\/schema.org","@graph":[{"@type":"WebPage","@id":"https:\/\/mortelleadele.com\/index.php\/mortelle-adele-very-important-bizarres-ep\/","url":"https:\/\/mortelleadele.com\/index.php\/mortelle-adele-very-important-bizarres-ep\/","name":"Mortelle Ad\u00e8le - Very Important Bizarres &#8211; Mortelle Ad\u00e8le","isPartOf":{"@id":"https:\/\/mortelleadele.com\/#website"},"primaryImageOfPage":{"@id":"https:\/\/mortelleadele.com\/index.php\/mortelle-adele-very-important-bizarres-ep\/#primaryimage"},"image":{"@id":"https:\/\/mortelleadele.com\/index.php\/mortelle-adele-very-important-bizarres-ep\/#primaryimage"},"thumbnailUrl":"https:\/\/mortelleadele.com\/wp-content\/uploads\/2024\/03\/Jaquette-Very-Important-Bizarres-DEF.jpeg","datePublished":"2024-03-07T11:15:40+00:00","dateModified":"2024-12-12T14:26:23+00:00","breadcrumb":{"@id":"https:\/\/mortelleadele.com\/index.php\/mortelle-adele-very-important-bizarres-ep\/#breadcrumb"},"inLanguage":"fr-FR","potentialAction":[{"@type":"ReadAction","target":["https:\/\/mortelleadele.com\/index.php\/mortelle-adele-very-important-bizarres-ep\/"]}]},{"@type":"ImageObject","inLanguage":"fr-FR","@id":"https:\/\/mortelleadele.com\/index.php\/mortelle-adele-very-important-bizarres-ep\/#primaryimage","url":"https:\/\/mortelleadele.com\/wp-content\/uploads\/2024\/03\/Jaquette-Very-Important-Bizarres-DEF.jpeg","contentUrl":"https:\/\/mortelleadele.com\/wp-content\/uploads\/2024\/03\/Jaquette-Very-Important-Bizarres-DEF.jpeg","width":1280,"height":1280,"caption":"Jaquette Album Very Important Bizarres EP"},{"@type":"BreadcrumbList","@id":"https:\/\/mortelleadele.com\/index.php\/mortelle-adele-very-important-bizarres-ep\/#breadcrumb","itemListElement":[{"@type":"ListItem","position":1,"name":"Accueil","item":"https:\/\/mortelleadele.com\/"},{"@type":"ListItem","position":2,"name":"Mortelle Ad\u00e8le &#8211; Very Important Bizarres"}]},{"@type":"WebSite","@id":"https:\/\/mortelleadele.com\/#website","url":"https:\/\/mortelleadele.com\/","name":"Mortelle Ad\u00e8le","description":"H\u00e9ro\u00efne de Bande dessin\u00e9e","publisher":{"@id":"https:\/\/mortelleadele.com\/#organization"},"potentialAction":[{"@type":"SearchAction","target":{"@type":"EntryPoint","urlTemplate":"https:\/\/mortelleadele.com\/?s={search_term_string}"},"query-input":{"@type":"PropertyValueSpecification","valueRequired":true,"valueName":"search_term_string"}}],"inLanguage":"fr-FR"},{"@type":"Organization","@id":"https:\/\/mortelleadele.com\/#organization","name":"Mortelle Ad\u00e8le","url":"https:\/\/mortelleadele.com\/","logo":{"@type":"ImageObject","inLanguage":"fr-FR","@id":"https:\/\/mortelleadele.com\/#\/schema\/logo\/image\/","url":"https:\/\/mortelleadele.com\/wp-content\/uploads\/2023\/01\/Logo-Mortelle-Adele.jpeg","contentUrl":"https:\/\/mortelleadele.com\/wp-content\/uploads\/2023\/01\/Logo-Mortelle-Adele.jpeg","width":1176,"height":761,"caption":"Mortelle Ad\u00e8le"},"image":{"@id":"https:\/\/mortelleadele.com\/#\/schema\/logo\/image\/"},"sameAs":["https:\/\/www.facebook.com\/mortelleadele","https:\/\/www.instagram.com\/mortelleadelebd"]}]}},"_links":{"self":[{"href":"https:\/\/mortelleadele.com\/index.php\/wp-json\/wp\/v2\/pages\/3698","targetHints":{"allow":["GET"]}}],"collection":[{"href":"https:\/\/mortelleadele.com\/index.php\/wp-json\/wp\/v2\/pages"}],"about":[{"href":"https:\/\/mortelleadele.com\/index.php\/wp-json\/wp\/v2\/types\/page"}],"author":[{"embeddable":true,"href":"https:\/\/mortelleadele.com\/index.php\/wp-json\/wp\/v2\/users\/1"}],"replies":[{"embeddable":true,"href":"https:\/\/mortelleadele.com\/index.php\/wp-json\/wp\/v2\/comments?post=3698"}],"version-history":[{"count":8,"href":"https:\/\/mortelleadele.com\/index.php\/wp-json\/wp\/v2\/pages\/3698\/revisions"}],"predecessor-version":[{"id":4923,"href":"https:\/\/mortelleadele.com\/index.php\/wp-json\/wp\/v2\/pages\/3698\/revisions\/4923"}],"wp:attachment":[{"href":"https:\/\/mortelleadele.com\/index.php\/wp-json\/wp\/v2\/media?parent=3698"}],"curies":[{"name":"wp","href":"https:\/\/api.w.org\/{rel}","templated":true}]}}