{"id":390,"date":"2022-11-28T15:45:24","date_gmt":"2022-11-28T14:45:24","guid":{"rendered":"https:\/\/ma.mrtanandco.fr\/?page_id=390"},"modified":"2025-09-08T17:42:14","modified_gmt":"2025-09-08T15:42:14","slug":"extra-3","status":"publish","type":"page","link":"https:\/\/mortelleadele.com\/index.php\/extra-3\/","title":{"rendered":"Extra &#8211; Tome 3 : La r\u00e9volte des bizarres"},"content":{"rendered":"\n<div class=\"wp-block-media-text alignfull is-stacked-on-mobile is-vertically-aligned-center\"><figure class=\"wp-block-media-text__media\"><img fetchpriority=\"high\" decoding=\"async\" width=\"633\" height=\"800\" src=\"https:\/\/ma.mrtanandco.fr\/wp-content\/uploads\/2022\/12\/EXTRA_T3.jpg\" alt=\"EXTRA_T3\" class=\"wp-image-1222 size-full\" srcset=\"https:\/\/mortelleadele.com\/wp-content\/uploads\/2022\/12\/EXTRA_T3.jpg 633w, https:\/\/mortelleadele.com\/wp-content\/uploads\/2022\/12\/EXTRA_T3-237x300.jpg 237w\" sizes=\"(max-width: 633px) 100vw, 633px\" \/><\/figure><div class=\"wp-block-media-text__content\">\n<h3 class=\"wp-block-heading has-text-align-left has-text-color\" style=\"color:#000000\"><br>R\u00e9sum\u00e9 :<\/h3>\n\n\n\n<p>H\u00e9, toi ! Oui, toi ! Mortelle Ad\u00e8le a besoin de toi&nbsp;!<\/p>\n\n\n\n<p>Pour mener la r\u00e9volte des Bizarres contre les pestes du club des Pink Malibu, ton h\u00e9ro\u00efne pr\u00e9f\u00e9r\u00e9e s\u2019appr\u00eate \u00e0 affronter plus de 100 jeux (grilles de mots, jeu des diff\u00e9rences, papertoys, labyrinthes\u2026).<\/p>\n\n\n\n<p>Alors, une seule question : es-tu pr\u00eat toi aussi \u00e0 te glisser dans la peau d\u2019un Bizarre&nbsp;?<\/p>\n\n\n\n<p>Y\u2019en a marre ! Jade et Miranda, les pestes de la cour de r\u00e9cr\u00e9ation, n\u2019en finissent plus d\u2019en faire voir de toutes les couleurs aux enfants. Impossible de faire quoi que ce soit sans qu\u2019elles essaient de dicter leur loi comme les reines de l\u2019\u00e9cole ! C\u2019en est trop pour Mortelle Ad\u00e8le qui d\u00e9cide qu\u2019il est plus que temps de r\u00e9agir et de s\u2019opposer \u00e0 ces deux gargouilles\u2026<\/p>\n\n\n\n<p>Mais, m\u00eame pour la plus mortelle des chipies, le pari est de taille. Pour parvenir \u00e0 ses fins, Ad\u00e8le n\u2019a plus qu\u2019une solution : organiser la r\u00e9volte des Bizarres&nbsp;!<\/p>\n\n\n\n<p>Enfants de tous horizons, portez fi\u00e8rement votre bizarrerie et vos diff\u00e9rences, car le moment est venu de reprendre le pouvoir&nbsp;!<\/p>\n<\/div><\/div>\n\n\n\n<p class=\"has-background\" style=\"background-color:#abb7c245\"><strong>Sc\u00e9nario : <\/strong>Mr Tan<br><strong>Dessin : <\/strong>Diane Le Feyer<\/p>\n\n\n\n<figure class=\"wp-block-table\"><table><tbody><tr><td>TOME<\/td><td><strong>3<\/strong><\/td><\/tr><tr><td>PARUTION<\/td><td><strong>15 JUIN 2016<\/strong><\/td><\/tr><tr><td>EAN<\/td><td><strong><strong><strong>9791027607549<\/strong><\/strong><\/strong><\/td><\/tr><tr><td>PAGINATION<\/td><td><strong>96 Pages<\/strong><\/td><\/tr><tr><td>PRIX<\/td><td><strong>11 \u20ac<\/strong><\/td><\/tr><\/tbody><\/table><\/figure>\n\n\n\n<p class=\"has-background has-small-font-size\" style=\"background-color:#abb7c217\"><em>\u00a9 Mr Tan et Diane Le Feyer d\u2019apr\u00e8s l\u2019\u0153uvre cr\u00e9\u00e9e par Mr Tan et Miss Prickly<\/em><\/p>\n\n\n\n<div class=\"wp-block-columns is-layout-flex wp-container-core-columns-is-layout-9d6595d7 wp-block-columns-is-layout-flex\">\n<div class=\"wp-block-column is-layout-flow wp-block-column-is-layout-flow\">\n<div class=\"wp-block-group has-background is-content-justification-space-between is-nowrap is-layout-flex wp-container-core-group-is-layout-0dfbf163 wp-block-group-is-layout-flex\" style=\"background-color:#d7d4d4\">\n<figure class=\"wp-block-image size-full is-resized\"><a href=\"https:\/\/www.leslibraires.fr\/livre\/9791027607549\/?affiliate=mortelleadele\"><img decoding=\"async\" width=\"251\" height=\"30\" src=\"https:\/\/ma.mrtanandco.fr\/wp-content\/uploads\/2022\/11\/les-libraires.png\" alt=\"\" class=\"wp-image-320\" style=\"width:126px;height:15px\"\/><\/a><\/figure>\n\n\n\n<figure class=\"wp-block-image size-full is-resized\"><a href=\"https:\/\/tidd.ly\/3VG9UHI\"><img decoding=\"async\" width=\"1000\" height=\"1000\" src=\"https:\/\/ma.mrtanandco.fr\/wp-content\/uploads\/2022\/11\/Fnac-1.png\" alt=\"\" class=\"wp-image-332\" style=\"width:100px;height:100px\" srcset=\"https:\/\/mortelleadele.com\/wp-content\/uploads\/2022\/11\/Fnac-1.png 1000w, https:\/\/mortelleadele.com\/wp-content\/uploads\/2022\/11\/Fnac-1-300x300.png 300w, https:\/\/mortelleadele.com\/wp-content\/uploads\/2022\/11\/Fnac-1-150x150.png 150w, https:\/\/mortelleadele.com\/wp-content\/uploads\/2022\/11\/Fnac-1-768x768.png 768w, https:\/\/mortelleadele.com\/wp-content\/uploads\/2022\/11\/Fnac-1-100x100.png 100w\" sizes=\"(max-width: 706px) 89vw, (max-width: 767px) 82vw, 740px\" \/><\/a><\/figure>\n\n\n\n<figure class=\"wp-block-image size-full is-resized\"><a href=\"https:\/\/amzn.to\/3uAl5pF\"><img loading=\"lazy\" decoding=\"async\" width=\"512\" height=\"156\" src=\"https:\/\/ma.mrtanandco.fr\/wp-content\/uploads\/2022\/11\/amazon.png\" alt=\"\" class=\"wp-image-322\" style=\"width:128px;height:39px\" srcset=\"https:\/\/mortelleadele.com\/wp-content\/uploads\/2022\/11\/amazon.png 512w, https:\/\/mortelleadele.com\/wp-content\/uploads\/2022\/11\/amazon-300x91.png 300w\" sizes=\"(max-width: 512px) 100vw, 512px\" \/><\/a><\/figure>\n\n\n\n<figure class=\"wp-block-image size-full is-resized\"><a href=\"https:\/\/www.decitre.fr\/livres\/extra-mortelle-adele-tome-3-la-revolte-des-bizarres-9791027607549.html\"><img loading=\"lazy\" decoding=\"async\" width=\"225\" height=\"224\" src=\"https:\/\/ma.mrtanandco.fr\/wp-content\/uploads\/2022\/11\/decitre.png\" alt=\"\" class=\"wp-image-319\" style=\"width:100px;height:100px\" srcset=\"https:\/\/mortelleadele.com\/wp-content\/uploads\/2022\/11\/decitre.png 225w, https:\/\/mortelleadele.com\/wp-content\/uploads\/2022\/11\/decitre-150x150.png 150w, https:\/\/mortelleadele.com\/wp-content\/uploads\/2022\/11\/decitre-100x100.png 100w\" sizes=\"(max-width: 225px) 100vw, 225px\" \/><\/a><\/figure>\n<\/div>\n<\/div>\n<\/div>\n\n\n\n<div class=\"wp-block-columns has-white-color has-text-color is-layout-flex wp-container-core-columns-is-layout-9d6595d7 wp-block-columns-is-layout-flex\" style=\"line-height:3\">\n<div class=\"wp-block-column is-vertically-aligned-center has-white-color has-cyan-bluish-gray-background-color has-text-color has-background is-layout-flow wp-block-column-is-layout-flow\"><\/div>\n\n\n\n<div class=\"wp-block-column is-vertically-aligned-center has-white-color has-cyan-bluish-gray-background-color has-text-color has-background is-layout-flow wp-block-column-is-layout-flow\"><\/div>\n<\/div>\n","protected":false},"excerpt":{"rendered":"<p>R\u00e9sum\u00e9 : H\u00e9, toi ! Oui, toi ! Mortelle Ad\u00e8le a besoin de toi&nbsp;! Pour mener la r\u00e9volte des Bizarres contre les pestes du club des Pink Malibu, ton h\u00e9ro\u00efne pr\u00e9f\u00e9r\u00e9e s\u2019appr\u00eate \u00e0 affronter plus de 100 jeux (grilles de mots, jeu des diff\u00e9rences, papertoys, labyrinthes\u2026). Alors, une seule question : es-tu pr\u00eat toi aussi &hellip; <\/p>\n<p class=\"link-more\"><a href=\"https:\/\/mortelleadele.com\/index.php\/extra-3\/\" class=\"more-link\">Continuer la lecture<span class=\"screen-reader-text\"> de &laquo;&nbsp;Extra &#8211; Tome 3 : La r\u00e9volte des bizarres&nbsp;&raquo;<\/span><\/a><\/p>\n","protected":false},"author":1,"featured_media":0,"parent":0,"menu_order":17,"comment_status":"closed","ping_status":"closed","template":"","meta":{"footnotes":""},"class_list":["post-390","page","type-page","status-publish","hentry"],"yoast_head":"<!-- This site is optimized with the Yoast SEO plugin v27.3 - https:\/\/yoast.com\/product\/yoast-seo-wordpress\/ -->\n<title>Extra - Tome 3 : La r\u00e9volte des bizarres &#8211; Mortelle Ad\u00e8le<\/title>\n<meta name=\"robots\" content=\"index, follow, max-snippet:-1, max-image-preview:large, max-video-preview:-1\" \/>\n<link rel=\"canonical\" href=\"https:\/\/mortelleadele.com\/index.php\/extra-3\/\" \/>\n<meta property=\"og:locale\" content=\"fr_FR\" \/>\n<meta property=\"og:type\" content=\"article\" \/>\n<meta property=\"og:title\" content=\"Extra - Tome 3 : La r\u00e9volte des bizarres &#8211; Mortelle Ad\u00e8le\" \/>\n<meta property=\"og:description\" content=\"R\u00e9sum\u00e9 : H\u00e9, toi ! Oui, toi ! Mortelle Ad\u00e8le a besoin de toi&nbsp;! Pour mener la r\u00e9volte des Bizarres contre les pestes du club des Pink Malibu, ton h\u00e9ro\u00efne pr\u00e9f\u00e9r\u00e9e s\u2019appr\u00eate \u00e0 affronter plus de 100 jeux (grilles de mots, jeu des diff\u00e9rences, papertoys, labyrinthes\u2026). Alors, une seule question : es-tu pr\u00eat toi aussi &hellip; Continuer la lecture de &laquo;&nbsp;Extra &#8211; Tome 3 : La r\u00e9volte des bizarres&nbsp;&raquo;\" \/>\n<meta property=\"og:url\" content=\"https:\/\/mortelleadele.com\/index.php\/extra-3\/\" \/>\n<meta property=\"og:site_name\" content=\"Mortelle Ad\u00e8le\" \/>\n<meta property=\"article:publisher\" content=\"https:\/\/www.facebook.com\/mortelleadele\" \/>\n<meta property=\"article:modified_time\" content=\"2025-09-08T15:42:14+00:00\" \/>\n<meta property=\"og:image\" content=\"https:\/\/mortelleadele.com\/wp-content\/uploads\/2022\/12\/EXTRA_T3.jpg\" \/>\n\t<meta property=\"og:image:width\" content=\"633\" \/>\n\t<meta property=\"og:image:height\" content=\"800\" \/>\n\t<meta property=\"og:image:type\" content=\"image\/jpeg\" \/>\n<meta name=\"twitter:card\" content=\"summary_large_image\" \/>\n<meta name=\"twitter:label1\" content=\"Dur\u00e9e de lecture estim\u00e9e\" \/>\n\t<meta name=\"twitter:data1\" content=\"3 minutes\" \/>\n<script type=\"application\/ld+json\" class=\"yoast-schema-graph\">{\"@context\":\"https:\\\/\\\/schema.org\",\"@graph\":[{\"@type\":\"WebPage\",\"@id\":\"https:\\\/\\\/mortelleadele.com\\\/index.php\\\/extra-3\\\/\",\"url\":\"https:\\\/\\\/mortelleadele.com\\\/index.php\\\/extra-3\\\/\",\"name\":\"Extra - Tome 3 : La r\u00e9volte des bizarres &#8211; Mortelle Ad\u00e8le\",\"isPartOf\":{\"@id\":\"https:\\\/\\\/mortelleadele.com\\\/#website\"},\"primaryImageOfPage\":{\"@id\":\"https:\\\/\\\/mortelleadele.com\\\/index.php\\\/extra-3\\\/#primaryimage\"},\"image\":{\"@id\":\"https:\\\/\\\/mortelleadele.com\\\/index.php\\\/extra-3\\\/#primaryimage\"},\"thumbnailUrl\":\"https:\\\/\\\/ma.mrtanandco.fr\\\/wp-content\\\/uploads\\\/2022\\\/12\\\/EXTRA_T3.jpg\",\"datePublished\":\"2022-11-28T14:45:24+00:00\",\"dateModified\":\"2025-09-08T15:42:14+00:00\",\"breadcrumb\":{\"@id\":\"https:\\\/\\\/mortelleadele.com\\\/index.php\\\/extra-3\\\/#breadcrumb\"},\"inLanguage\":\"fr-FR\",\"potentialAction\":[{\"@type\":\"ReadAction\",\"target\":[\"https:\\\/\\\/mortelleadele.com\\\/index.php\\\/extra-3\\\/\"]}]},{\"@type\":\"ImageObject\",\"inLanguage\":\"fr-FR\",\"@id\":\"https:\\\/\\\/mortelleadele.com\\\/index.php\\\/extra-3\\\/#primaryimage\",\"url\":\"https:\\\/\\\/ma.mrtanandco.fr\\\/wp-content\\\/uploads\\\/2022\\\/12\\\/EXTRA_T3.jpg\",\"contentUrl\":\"https:\\\/\\\/ma.mrtanandco.fr\\\/wp-content\\\/uploads\\\/2022\\\/12\\\/EXTRA_T3.jpg\"},{\"@type\":\"BreadcrumbList\",\"@id\":\"https:\\\/\\\/mortelleadele.com\\\/index.php\\\/extra-3\\\/#breadcrumb\",\"itemListElement\":[{\"@type\":\"ListItem\",\"position\":1,\"name\":\"Accueil\",\"item\":\"https:\\\/\\\/mortelleadele.com\\\/\"},{\"@type\":\"ListItem\",\"position\":2,\"name\":\"Extra &#8211; Tome 3 : La r\u00e9volte des bizarres\"}]},{\"@type\":\"WebSite\",\"@id\":\"https:\\\/\\\/mortelleadele.com\\\/#website\",\"url\":\"https:\\\/\\\/mortelleadele.com\\\/\",\"name\":\"Mortelle Ad\u00e8le\",\"description\":\"H\u00e9ro\u00efne de Bande dessin\u00e9e\",\"publisher\":{\"@id\":\"https:\\\/\\\/mortelleadele.com\\\/#organization\"},\"potentialAction\":[{\"@type\":\"SearchAction\",\"target\":{\"@type\":\"EntryPoint\",\"urlTemplate\":\"https:\\\/\\\/mortelleadele.com\\\/?s={search_term_string}\"},\"query-input\":{\"@type\":\"PropertyValueSpecification\",\"valueRequired\":true,\"valueName\":\"search_term_string\"}}],\"inLanguage\":\"fr-FR\"},{\"@type\":\"Organization\",\"@id\":\"https:\\\/\\\/mortelleadele.com\\\/#organization\",\"name\":\"Mortelle Ad\u00e8le\",\"url\":\"https:\\\/\\\/mortelleadele.com\\\/\",\"logo\":{\"@type\":\"ImageObject\",\"inLanguage\":\"fr-FR\",\"@id\":\"https:\\\/\\\/mortelleadele.com\\\/#\\\/schema\\\/logo\\\/image\\\/\",\"url\":\"https:\\\/\\\/mortelleadele.com\\\/wp-content\\\/uploads\\\/2023\\\/01\\\/Logo-Mortelle-Adele.jpeg\",\"contentUrl\":\"https:\\\/\\\/mortelleadele.com\\\/wp-content\\\/uploads\\\/2023\\\/01\\\/Logo-Mortelle-Adele.jpeg\",\"width\":1176,\"height\":761,\"caption\":\"Mortelle Ad\u00e8le\"},\"image\":{\"@id\":\"https:\\\/\\\/mortelleadele.com\\\/#\\\/schema\\\/logo\\\/image\\\/\"},\"sameAs\":[\"https:\\\/\\\/www.facebook.com\\\/mortelleadele\",\"https:\\\/\\\/www.instagram.com\\\/mortelleadelebd\"]}]}<\/script>\n<!-- \/ Yoast SEO plugin. -->","yoast_head_json":{"title":"Extra - Tome 3 : La r\u00e9volte des bizarres &#8211; Mortelle Ad\u00e8le","robots":{"index":"index","follow":"follow","max-snippet":"max-snippet:-1","max-image-preview":"max-image-preview:large","max-video-preview":"max-video-preview:-1"},"canonical":"https:\/\/mortelleadele.com\/index.php\/extra-3\/","og_locale":"fr_FR","og_type":"article","og_title":"Extra - Tome 3 : La r\u00e9volte des bizarres &#8211; Mortelle Ad\u00e8le","og_description":"R\u00e9sum\u00e9 : H\u00e9, toi ! Oui, toi ! Mortelle Ad\u00e8le a besoin de toi&nbsp;! Pour mener la r\u00e9volte des Bizarres contre les pestes du club des Pink Malibu, ton h\u00e9ro\u00efne pr\u00e9f\u00e9r\u00e9e s\u2019appr\u00eate \u00e0 affronter plus de 100 jeux (grilles de mots, jeu des diff\u00e9rences, papertoys, labyrinthes\u2026). Alors, une seule question : es-tu pr\u00eat toi aussi &hellip; Continuer la lecture de &laquo;&nbsp;Extra &#8211; Tome 3 : La r\u00e9volte des bizarres&nbsp;&raquo;","og_url":"https:\/\/mortelleadele.com\/index.php\/extra-3\/","og_site_name":"Mortelle Ad\u00e8le","article_publisher":"https:\/\/www.facebook.com\/mortelleadele","article_modified_time":"2025-09-08T15:42:14+00:00","og_image":[{"width":633,"height":800,"url":"https:\/\/mortelleadele.com\/wp-content\/uploads\/2022\/12\/EXTRA_T3.jpg","type":"image\/jpeg"}],"twitter_card":"summary_large_image","twitter_misc":{"Dur\u00e9e de lecture estim\u00e9e":"3 minutes"},"schema":{"@context":"https:\/\/schema.org","@graph":[{"@type":"WebPage","@id":"https:\/\/mortelleadele.com\/index.php\/extra-3\/","url":"https:\/\/mortelleadele.com\/index.php\/extra-3\/","name":"Extra - Tome 3 : La r\u00e9volte des bizarres &#8211; Mortelle Ad\u00e8le","isPartOf":{"@id":"https:\/\/mortelleadele.com\/#website"},"primaryImageOfPage":{"@id":"https:\/\/mortelleadele.com\/index.php\/extra-3\/#primaryimage"},"image":{"@id":"https:\/\/mortelleadele.com\/index.php\/extra-3\/#primaryimage"},"thumbnailUrl":"https:\/\/ma.mrtanandco.fr\/wp-content\/uploads\/2022\/12\/EXTRA_T3.jpg","datePublished":"2022-11-28T14:45:24+00:00","dateModified":"2025-09-08T15:42:14+00:00","breadcrumb":{"@id":"https:\/\/mortelleadele.com\/index.php\/extra-3\/#breadcrumb"},"inLanguage":"fr-FR","potentialAction":[{"@type":"ReadAction","target":["https:\/\/mortelleadele.com\/index.php\/extra-3\/"]}]},{"@type":"ImageObject","inLanguage":"fr-FR","@id":"https:\/\/mortelleadele.com\/index.php\/extra-3\/#primaryimage","url":"https:\/\/ma.mrtanandco.fr\/wp-content\/uploads\/2022\/12\/EXTRA_T3.jpg","contentUrl":"https:\/\/ma.mrtanandco.fr\/wp-content\/uploads\/2022\/12\/EXTRA_T3.jpg"},{"@type":"BreadcrumbList","@id":"https:\/\/mortelleadele.com\/index.php\/extra-3\/#breadcrumb","itemListElement":[{"@type":"ListItem","position":1,"name":"Accueil","item":"https:\/\/mortelleadele.com\/"},{"@type":"ListItem","position":2,"name":"Extra &#8211; Tome 3 : La r\u00e9volte des bizarres"}]},{"@type":"WebSite","@id":"https:\/\/mortelleadele.com\/#website","url":"https:\/\/mortelleadele.com\/","name":"Mortelle Ad\u00e8le","description":"H\u00e9ro\u00efne de Bande dessin\u00e9e","publisher":{"@id":"https:\/\/mortelleadele.com\/#organization"},"potentialAction":[{"@type":"SearchAction","target":{"@type":"EntryPoint","urlTemplate":"https:\/\/mortelleadele.com\/?s={search_term_string}"},"query-input":{"@type":"PropertyValueSpecification","valueRequired":true,"valueName":"search_term_string"}}],"inLanguage":"fr-FR"},{"@type":"Organization","@id":"https:\/\/mortelleadele.com\/#organization","name":"Mortelle Ad\u00e8le","url":"https:\/\/mortelleadele.com\/","logo":{"@type":"ImageObject","inLanguage":"fr-FR","@id":"https:\/\/mortelleadele.com\/#\/schema\/logo\/image\/","url":"https:\/\/mortelleadele.com\/wp-content\/uploads\/2023\/01\/Logo-Mortelle-Adele.jpeg","contentUrl":"https:\/\/mortelleadele.com\/wp-content\/uploads\/2023\/01\/Logo-Mortelle-Adele.jpeg","width":1176,"height":761,"caption":"Mortelle Ad\u00e8le"},"image":{"@id":"https:\/\/mortelleadele.com\/#\/schema\/logo\/image\/"},"sameAs":["https:\/\/www.facebook.com\/mortelleadele","https:\/\/www.instagram.com\/mortelleadelebd"]}]}},"_links":{"self":[{"href":"https:\/\/mortelleadele.com\/index.php\/wp-json\/wp\/v2\/pages\/390","targetHints":{"allow":["GET"]}}],"collection":[{"href":"https:\/\/mortelleadele.com\/index.php\/wp-json\/wp\/v2\/pages"}],"about":[{"href":"https:\/\/mortelleadele.com\/index.php\/wp-json\/wp\/v2\/types\/page"}],"author":[{"embeddable":true,"href":"https:\/\/mortelleadele.com\/index.php\/wp-json\/wp\/v2\/users\/1"}],"replies":[{"embeddable":true,"href":"https:\/\/mortelleadele.com\/index.php\/wp-json\/wp\/v2\/comments?post=390"}],"version-history":[{"count":2,"href":"https:\/\/mortelleadele.com\/index.php\/wp-json\/wp\/v2\/pages\/390\/revisions"}],"predecessor-version":[{"id":6957,"href":"https:\/\/mortelleadele.com\/index.php\/wp-json\/wp\/v2\/pages\/390\/revisions\/6957"}],"wp:attachment":[{"href":"https:\/\/mortelleadele.com\/index.php\/wp-json\/wp\/v2\/media?parent=390"}],"curies":[{"name":"wp","href":"https:\/\/api.w.org\/{rel}","templated":true}]}}