{"id":3976,"date":"2024-04-03T17:19:43","date_gmt":"2024-04-03T15:19:43","guid":{"rendered":"https:\/\/mortelleadele.com\/?page_id=3976"},"modified":"2026-04-17T22:38:59","modified_gmt":"2026-04-17T20:38:59","slug":"catapultour","status":"publish","type":"page","link":"https:\/\/mortelleadele.com\/index.php\/catapultour\/","title":{"rendered":"Le Catapul&rsquo;tour"},"content":{"rendered":"\t\t<div data-elementor-type=\"wp-page\" data-elementor-id=\"3976\" class=\"elementor elementor-3976\" data-elementor-post-type=\"page\">\n\t\t\t\t\t\t<section class=\"elementor-section elementor-top-section elementor-element elementor-element-6ab1b668 elementor-section-boxed elementor-section-height-default elementor-section-height-default\" data-id=\"6ab1b668\" data-element_type=\"section\" data-e-type=\"section\">\n\t\t\t\t\t\t<div class=\"elementor-container elementor-column-gap-default\">\n\t\t\t\t\t<div class=\"elementor-column elementor-col-100 elementor-top-column elementor-element elementor-element-2c4692e4\" data-id=\"2c4692e4\" data-element_type=\"column\" data-e-type=\"column\">\n\t\t\t<div class=\"elementor-widget-wrap elementor-element-populated\">\n\t\t\t\t\t\t<div class=\"elementor-element elementor-element-3d5825d6 elementor-widget elementor-widget-text-editor\" data-id=\"3d5825d6\" data-element_type=\"widget\" data-e-type=\"widget\" data-widget_type=\"text-editor.default\">\n\t\t\t\t<div class=\"elementor-widget-container\">\n\t\t\t\t\t\t\t\t\t<p>Retrouvez sur cette page toutes les informations concernant les s\u00e9ances de d\u00e9dicaces des <b>auteurs de Mortelle Ad\u00e8le et d&rsquo;Ajax<\/b>.<\/p>\n<p><!-- \/wp:paragraph --><\/p>\n<p><!-- wp:paragraph {\"align\":\"left\",\"textColor\":\"vivid-red\"} --><\/p>\n<p class=\"has-text-align-left has-vivid-red-color has-text-color\"><strong>ATTENTION &#8211; Les s\u00e9ances de d\u00e9dicaces sont organis\u00e9es par distribution de billets gratuits MAIS limit\u00e9s, g\u00e9r\u00e9e DIRECTEMENT par la maison d&rsquo;\u00e9dition Mr Tan &amp; Co.<\/strong><\/p>\n<p><!-- \/wp:paragraph --><\/p>\n<p><!-- wp:paragraph {\"align\":\"left\",\"textColor\":\"vivid-red\"} --><\/p>\n<p class=\"has-text-align-left has-vivid-red-color has-text-color\">&gt;&gt; <strong>UN seul billet par commande et UNE seule d\u00e9dicace par billet.<\/strong><\/p>\n<p><!-- \/wp:paragraph --><\/p>\n<p><!-- wp:paragraph {\"align\":\"left\",\"textColor\":\"vivid-red\"} --><\/p>\n<p class=\"has-text-align-left has-vivid-red-color has-text-color\"><strong><span style=\"text-decoration: underline;\">Pour les s\u00e9ances de d\u00e9dicaces :<\/span> la personne accompagnante n&rsquo;a pas besoin de billet. <\/strong><\/p>\n<p><strong>Les informations et les liens vers les billetteries seront disponibles <\/strong>en amont de chaque s\u00e9ance<strong>. <br \/>Pour ne pas rater l&rsquo;ouverture de la billetterie \u00e0 la date qui vous int\u00e9resse, merci de consulter cette page r\u00e9guli\u00e8rement et inscrivez-vous \u00e0 la lettre du Club des Bizarres.<\/strong><\/p>\n<p><!-- \/wp:paragraph --><\/p>\n<p><!-- wp:paragraph {\"align\":\"left\",\"textColor\":\"black\"} --><\/p>\n<p class=\"has-text-align-left has-black-color has-text-color\">&gt;&gt; Les jours et horaires des ouvertures des billetteries sont affich\u00e9es dans la liste ci-dessous et seront compl\u00e9t\u00e9es au fil des jours.<\/p>\n<p><!-- \/wp:paragraph --><\/p>\n<p><!-- wp:paragraph {\"textColor\":\"black\"} --><\/p>\n<p class=\"has-black-color has-text-color\"><strong>Pour toutes questions :<\/strong> <a href=\"mailto:catapultour@mortelleadele.com\">catapultour@mortelleadele.com<\/a><\/p>\t\t\t\t\t\t\t\t<\/div>\n\t\t\t\t<\/div>\n\t\t\t\t<div class=\"elementor-element elementor-element-5d6b37d elementor-widget elementor-widget-text-editor\" data-id=\"5d6b37d\" data-element_type=\"widget\" data-e-type=\"widget\" data-widget_type=\"text-editor.default\">\n\t\t\t\t<div class=\"elementor-widget-container\">\n\t\t\t\t\t\t\t\t\t<p><span style=\"color: #666666; font-size: 1.625rem; font-family: itim, 'Libre Franklin', 'Helvetica Neue', Hand, helvetica, arial, sans-serif;\">Avril 2026<\/span><\/p>\t\t\t\t\t\t\t\t<\/div>\n\t\t\t\t<\/div>\n\t\t\t\t<div class=\"elementor-element elementor-element-333209a elementor-invisible elementor-widget elementor-widget-text-editor\" data-id=\"333209a\" data-element_type=\"widget\" data-e-type=\"widget\" data-settings=\"{&quot;_animation&quot;:&quot;fadeInLeft&quot;}\" data-widget_type=\"text-editor.default\">\n\t\t\t\t<div class=\"elementor-widget-container\">\n\t\t\t\t\t\t\t\t\t<p class=\"has-background\" style=\"background-color: #3c88ac;\"><span style=\"color: #ffffff;\"><strong>18 AVRIL 2026<\/strong> &#8211; 10h \u00e0 11h30 &#8211; <\/span><span style=\"color: #ffffff;\"><span style=\"color: #00ffff;\"><strong>COMPLET<\/strong><br \/><\/span><\/span><strong style=\"color: #ffffff;\">MK2 Biblioth\u00e8que &#8211; Salle B<\/strong><br \/><span style=\"color: #ffffff;\"><em>Paris, France<\/em><\/span><br \/><span style=\"color: #ffffff;\"><strong>V.I.B. PARIS : Rencontre (sans d\u00e9dicace) avec les auteurs Mortelle Ad\u00e8le et Ajax<br \/><span style=\"color: #ffff00;\">ATTENTION : UN billet donne acc\u00e8s \u00e0 UNE personne : les accompagnants auront besoin d&rsquo;un billet pour cet \u00e9v\u00e9nement !!!<\/span><br \/><\/strong><br \/><strong><a style=\"color: #ffffff;\" href=\"https:\/\/my.weezevent.com\/catapultour-vib-paris-mk2-bnf\" target=\"_blank\" rel=\"noopener\"><em>&gt;&gt; Acc\u00e8s \u00e0 la billetterie<\/em><\/a><\/strong><\/span><\/p>\t\t\t\t\t\t\t\t<\/div>\n\t\t\t\t<\/div>\n\t\t\t\t<div class=\"elementor-element elementor-element-f40e18e elementor-invisible elementor-widget elementor-widget-text-editor\" data-id=\"f40e18e\" data-element_type=\"widget\" data-e-type=\"widget\" data-settings=\"{&quot;_animation&quot;:&quot;fadeInRight&quot;}\" data-widget_type=\"text-editor.default\">\n\t\t\t\t<div class=\"elementor-widget-container\">\n\t\t\t\t\t\t\t\t\t<p class=\"has-background\" style=\"background-color: #de3163;\"><span style=\"color: #ffffff;\"><strong>18 AVRIL 2026<\/strong> &#8211; 15h \u00e0 17h<span style=\"color: #ffff00;\"><strong><span style=\"color: #ffffff;\">\u00a0<\/span><\/strong><\/span><br \/><strong>LIBRAIRIE ICI &#8211; <span style=\"color: #00ffff;\">COMPLET<\/span><\/strong><\/span><br \/><span style=\"color: #ffffff;\"><em>Paris, France<\/em><\/span><br \/><span style=\"color: #ffffff;\"><strong>V.I.B. PARIS : S\u00e9ance de d\u00e9dicaces avec les auteurs de Mortelle Ad\u00e8le et d&rsquo;Ajax<br \/><\/strong>\u00a0<br \/><strong><a style=\"color: #ffffff;\" href=\"https:\/\/my.weezevent.com\/catapultour-vib-paris-librairie-ici\" target=\"_blank\" rel=\"noopener\"><em>&gt;&gt; Acc\u00e8s \u00e0 la billetterie<\/em><\/a>\u00a0<\/strong><\/span><\/p>\t\t\t\t\t\t\t\t<\/div>\n\t\t\t\t<\/div>\n\t\t\t\t<div class=\"elementor-element elementor-element-16c3180 elementor-invisible elementor-widget elementor-widget-text-editor\" data-id=\"16c3180\" data-element_type=\"widget\" data-e-type=\"widget\" data-settings=\"{&quot;_animation&quot;:&quot;fadeInLeft&quot;}\" data-widget_type=\"text-editor.default\">\n\t\t\t\t<div class=\"elementor-widget-container\">\n\t\t\t\t\t\t\t\t\t<p class=\"has-background\" style=\"background-color: #21ce9c;\"><span style=\"color: #ffffff;\"><strong>19 AVRIL 2026<\/strong> &#8211; 14h \u00e0 17h &#8211; <span style=\"color: #ffff00;\"><strong>COMPLET<\/strong><\/span><br \/><strong>FNAC DES TERNES\u00a0<\/strong><\/span><br \/><span style=\"color: #ffffff;\"><em>Paris, France<\/em><\/span><br \/><span style=\"color: #ffffff;\"><strong>V.I.B. PARIS : S\u00e9ance de d\u00e9dicaces avec les auteurs de Mortelle Ad\u00e8le et d&rsquo;Ajax<br \/><\/strong>\u00a0<br \/><strong><a style=\"color: #ffffff;\" href=\"https:\/\/my.weezevent.com\/catapultour-vib-paris-fnac-ternes\" target=\"_blank\" rel=\"noopener\"><em>&gt;&gt; Acc\u00e8s \u00e0 la billetterie<\/em><\/a><\/strong><\/span><\/p>\t\t\t\t\t\t\t\t<\/div>\n\t\t\t\t<\/div>\n\t\t\t\t<div class=\"elementor-element elementor-element-a015290 elementor-invisible elementor-widget elementor-widget-text-editor\" data-id=\"a015290\" data-element_type=\"widget\" data-e-type=\"widget\" data-settings=\"{&quot;_animation&quot;:&quot;fadeInRight&quot;}\" data-widget_type=\"text-editor.default\">\n\t\t\t\t<div class=\"elementor-widget-container\">\n\t\t\t\t\t\t\t\t\t<p class=\"has-background\" style=\"background-color: #ff8c00;\"><span style=\"color: #ffffff;\"><strong>25 AVRIL 2026<\/strong> &#8211; 10h \u00e0 12h &#8211; <strong><span style=\"color: #0000ff;\">COMPLET<\/span><\/strong><br \/><strong>MOMIE BD<\/strong><\/span><br \/><span style=\"color: #ffffff;\"><em>Lyon, France<\/em><\/span><br \/><span style=\"color: #ffffff;\"><strong>S\u00e9ance de d\u00e9dicaces avec les auteurs de Mortelle Ad\u00e8le et d&rsquo;Ajax<\/strong><strong><br \/><\/strong><br \/><strong><a style=\"color: #ffffff;\" href=\"https:\/\/my.weezevent.com\/catapultour-momie-lyon\" target=\"_blank\" rel=\"noopener\"><em>&gt;&gt; Acc\u00e8s \u00e0 la billetterie<\/em><\/a><\/strong><\/span><\/p>\t\t\t\t\t\t\t\t<\/div>\n\t\t\t\t<\/div>\n\t\t\t\t<div class=\"elementor-element elementor-element-8fe56b2 e-transform e-transform elementor-invisible elementor-widget elementor-widget-text-editor\" data-id=\"8fe56b2\" data-element_type=\"widget\" data-e-type=\"widget\" data-settings=\"{&quot;_animation&quot;:&quot;fadeIn&quot;,&quot;_transform_translateX_effect_hover&quot;:{&quot;unit&quot;:&quot;px&quot;,&quot;size&quot;:0,&quot;sizes&quot;:[]},&quot;_transform_translateY_effect_hover&quot;:{&quot;unit&quot;:&quot;px&quot;,&quot;size&quot;:-12,&quot;sizes&quot;:[]},&quot;_transform_skewX_effect_hover&quot;:{&quot;unit&quot;:&quot;px&quot;,&quot;size&quot;:0,&quot;sizes&quot;:[]},&quot;_transform_translateX_effect_hover_tablet&quot;:{&quot;unit&quot;:&quot;px&quot;,&quot;size&quot;:&quot;&quot;,&quot;sizes&quot;:[]},&quot;_transform_translateX_effect_hover_mobile&quot;:{&quot;unit&quot;:&quot;px&quot;,&quot;size&quot;:&quot;&quot;,&quot;sizes&quot;:[]},&quot;_transform_translateY_effect_hover_tablet&quot;:{&quot;unit&quot;:&quot;px&quot;,&quot;size&quot;:&quot;&quot;,&quot;sizes&quot;:[]},&quot;_transform_translateY_effect_hover_mobile&quot;:{&quot;unit&quot;:&quot;px&quot;,&quot;size&quot;:&quot;&quot;,&quot;sizes&quot;:[]},&quot;_transform_skewX_effect_hover_tablet&quot;:{&quot;unit&quot;:&quot;deg&quot;,&quot;size&quot;:&quot;&quot;,&quot;sizes&quot;:[]},&quot;_transform_skewX_effect_hover_mobile&quot;:{&quot;unit&quot;:&quot;deg&quot;,&quot;size&quot;:&quot;&quot;,&quot;sizes&quot;:[]},&quot;_transform_skewY_effect_hover&quot;:{&quot;unit&quot;:&quot;px&quot;,&quot;size&quot;:&quot;&quot;,&quot;sizes&quot;:[]},&quot;_transform_skewY_effect_hover_tablet&quot;:{&quot;unit&quot;:&quot;deg&quot;,&quot;size&quot;:&quot;&quot;,&quot;sizes&quot;:[]},&quot;_transform_skewY_effect_hover_mobile&quot;:{&quot;unit&quot;:&quot;deg&quot;,&quot;size&quot;:&quot;&quot;,&quot;sizes&quot;:[]}}\" data-widget_type=\"text-editor.default\">\n\t\t\t\t<div class=\"elementor-widget-container\">\n\t\t\t\t\t\t\t\t\t<p><!-- wp:video {\"id\":2195} --><!-- \/wp:video --><!-- wp:video {\"id\":3241} --><!-- \/wp:video --><!-- wp:paragraph --><\/p>\n<p><!-- \/wp:paragraph --><!-- wp:image {\"align\":\"center\",\"id\":2246,\"width\":\"174px\",\"height\":\"174px\",\"sizeSlug\":\"full\",\"linkDestination\":\"none\"} --><\/p>\n<figure class=\"wp-block-image aligncenter size-full is-resized\"><img fetchpriority=\"high\" decoding=\"async\" width=\"512\" height=\"512\" class=\"wp-image-2246\" style=\"width: 174px; height: 174px;\" src=\"https:\/\/mortelleadele.com\/wp-content\/uploads\/2023\/03\/Pin-Ade\u0300le.png\" alt=\"\" srcset=\"https:\/\/mortelleadele.com\/wp-content\/uploads\/2023\/03\/Pin-Ade\u0300le.png 512w, https:\/\/mortelleadele.com\/wp-content\/uploads\/2023\/03\/Pin-Ade\u0300le-300x300.png 300w, https:\/\/mortelleadele.com\/wp-content\/uploads\/2023\/03\/Pin-Ade\u0300le-150x150.png 150w, https:\/\/mortelleadele.com\/wp-content\/uploads\/2023\/03\/Pin-Ade\u0300le-100x100.png 100w\" sizes=\"(max-width: 512px) 100vw, 512px\" \/><\/figure>\n<p><!-- \/wp:image --><!-- wp:heading {\"textAlign\":\"center\",\"textColor\":\"luminous-vivid-orange\"} --><\/p>\n<p><!-- \/wp:buttons --><\/p>\t\t\t\t\t\t\t\t<\/div>\n\t\t\t\t<\/div>\n\t\t\t\t<div class=\"elementor-element elementor-element-c458472 elementor-invisible elementor-widget elementor-widget-text-editor\" data-id=\"c458472\" data-element_type=\"widget\" data-e-type=\"widget\" data-settings=\"{&quot;_animation&quot;:&quot;fadeIn&quot;}\" data-widget_type=\"text-editor.default\">\n\t\t\t\t<div class=\"elementor-widget-container\">\n\t\t\t\t\t\t\t\t\t<h2 class=\"wp-block-heading has-text-align-center has-luminous-vivid-orange-color has-text-color\"><strong>De nouvelles dates arrivent bient\u00f4t !<br \/>Patience&#8230;<\/strong><\/h2>\t\t\t\t\t\t\t\t<\/div>\n\t\t\t\t<\/div>\n\t\t\t\t<div class=\"elementor-element elementor-element-9a15e74 elementor-align-center elementor-widget elementor-widget-button\" data-id=\"9a15e74\" data-element_type=\"widget\" data-e-type=\"widget\" data-widget_type=\"button.default\">\n\t\t\t\t<div class=\"elementor-widget-container\">\n\t\t\t\t\t\t\t\t\t<div class=\"elementor-button-wrapper\">\n\t\t\t\t\t<a class=\"elementor-button elementor-button-link elementor-size-sm\" href=\"https:\/\/mortelleadele.com\/index.php\/catapultour-2024-2025\/\">\n\t\t\t\t\t\t<span class=\"elementor-button-content-wrapper\">\n\t\t\t\t\t\t\t\t\t<span class=\"elementor-button-text\">Archives du Catapul'tour 2024\/2025<\/span>\n\t\t\t\t\t<\/span>\n\t\t\t\t\t<\/a>\n\t\t\t\t<\/div>\n\t\t\t\t\t\t\t\t<\/div>\n\t\t\t\t<\/div>\n\t\t\t\t\t<\/div>\n\t\t<\/div>\n\t\t\t\t\t<\/div>\n\t\t<\/section>\n\t\t\t\t<\/div>\n\t\t","protected":false},"excerpt":{"rendered":"<p>Retrouvez sur cette page toutes les informations concernant les s\u00e9ances de d\u00e9dicaces des auteurs de Mortelle Ad\u00e8le et d&rsquo;Ajax. ATTENTION &#8211; Les s\u00e9ances de d\u00e9dicaces sont organis\u00e9es par distribution de billets gratuits MAIS limit\u00e9s, g\u00e9r\u00e9e DIRECTEMENT par la maison d&rsquo;\u00e9dition Mr Tan &amp; Co. &gt;&gt; UN seul billet par commande et UNE seule d\u00e9dicace par &hellip; <\/p>\n<p class=\"link-more\"><a href=\"https:\/\/mortelleadele.com\/index.php\/catapultour\/\" class=\"more-link\">Continuer la lecture<span class=\"screen-reader-text\"> de &laquo;&nbsp;Le Catapul&rsquo;tour&nbsp;&raquo;<\/span><\/a><\/p>\n","protected":false},"author":1,"featured_media":0,"parent":0,"menu_order":0,"comment_status":"closed","ping_status":"closed","template":"","meta":{"footnotes":""},"class_list":["post-3976","page","type-page","status-publish","hentry"],"yoast_head":"<!-- This site is optimized with the Yoast SEO plugin v27.5 - https:\/\/yoast.com\/product\/yoast-seo-wordpress\/ -->\n<title>Le Catapul&#039;tour &#8211; Mortelle Ad\u00e8le<\/title>\n<meta name=\"robots\" content=\"index, follow, max-snippet:-1, max-image-preview:large, max-video-preview:-1\" \/>\n<link rel=\"canonical\" href=\"https:\/\/mortelleadele.com\/index.php\/catapultour\/\" \/>\n<meta property=\"og:locale\" content=\"fr_FR\" \/>\n<meta property=\"og:type\" content=\"article\" \/>\n<meta property=\"og:title\" content=\"Le Catapul&#039;tour &#8211; Mortelle Ad\u00e8le\" \/>\n<meta property=\"og:description\" content=\"Retrouvez sur cette page toutes les informations concernant les s\u00e9ances de d\u00e9dicaces des auteurs de Mortelle Ad\u00e8le et d&rsquo;Ajax. ATTENTION &#8211; Les s\u00e9ances de d\u00e9dicaces sont organis\u00e9es par distribution de billets gratuits MAIS limit\u00e9s, g\u00e9r\u00e9e DIRECTEMENT par la maison d&rsquo;\u00e9dition Mr Tan &amp; Co. &gt;&gt; UN seul billet par commande et UNE seule d\u00e9dicace par &hellip; Continuer la lecture de &laquo;&nbsp;Le Catapul&rsquo;tour&nbsp;&raquo;\" \/>\n<meta property=\"og:url\" content=\"https:\/\/mortelleadele.com\/index.php\/catapultour\/\" \/>\n<meta property=\"og:site_name\" content=\"Mortelle Ad\u00e8le\" \/>\n<meta property=\"article:publisher\" content=\"https:\/\/www.facebook.com\/mortelleadele\" \/>\n<meta property=\"article:modified_time\" content=\"2026-04-17T20:38:59+00:00\" \/>\n<meta name=\"twitter:card\" content=\"summary_large_image\" \/>\n<meta name=\"twitter:label1\" content=\"Dur\u00e9e de lecture estim\u00e9e\" \/>\n\t<meta name=\"twitter:data1\" content=\"2 minutes\" \/>\n<script type=\"application\/ld+json\" class=\"yoast-schema-graph\">{\"@context\":\"https:\\\/\\\/schema.org\",\"@graph\":[{\"@type\":\"WebPage\",\"@id\":\"https:\\\/\\\/mortelleadele.com\\\/index.php\\\/catapultour\\\/\",\"url\":\"https:\\\/\\\/mortelleadele.com\\\/index.php\\\/catapultour\\\/\",\"name\":\"Le Catapul'tour &#8211; Mortelle Ad\u00e8le\",\"isPartOf\":{\"@id\":\"https:\\\/\\\/mortelleadele.com\\\/#website\"},\"datePublished\":\"2024-04-03T15:19:43+00:00\",\"dateModified\":\"2026-04-17T20:38:59+00:00\",\"breadcrumb\":{\"@id\":\"https:\\\/\\\/mortelleadele.com\\\/index.php\\\/catapultour\\\/#breadcrumb\"},\"inLanguage\":\"fr-FR\",\"potentialAction\":[{\"@type\":\"ReadAction\",\"target\":[\"https:\\\/\\\/mortelleadele.com\\\/index.php\\\/catapultour\\\/\"]}]},{\"@type\":\"BreadcrumbList\",\"@id\":\"https:\\\/\\\/mortelleadele.com\\\/index.php\\\/catapultour\\\/#breadcrumb\",\"itemListElement\":[{\"@type\":\"ListItem\",\"position\":1,\"name\":\"Accueil\",\"item\":\"https:\\\/\\\/mortelleadele.com\\\/\"},{\"@type\":\"ListItem\",\"position\":2,\"name\":\"Le Catapul&rsquo;tour\"}]},{\"@type\":\"WebSite\",\"@id\":\"https:\\\/\\\/mortelleadele.com\\\/#website\",\"url\":\"https:\\\/\\\/mortelleadele.com\\\/\",\"name\":\"Mortelle Ad\u00e8le\",\"description\":\"H\u00e9ro\u00efne de Bande dessin\u00e9e\",\"publisher\":{\"@id\":\"https:\\\/\\\/mortelleadele.com\\\/#organization\"},\"potentialAction\":[{\"@type\":\"SearchAction\",\"target\":{\"@type\":\"EntryPoint\",\"urlTemplate\":\"https:\\\/\\\/mortelleadele.com\\\/?s={search_term_string}\"},\"query-input\":{\"@type\":\"PropertyValueSpecification\",\"valueRequired\":true,\"valueName\":\"search_term_string\"}}],\"inLanguage\":\"fr-FR\"},{\"@type\":\"Organization\",\"@id\":\"https:\\\/\\\/mortelleadele.com\\\/#organization\",\"name\":\"Mortelle Ad\u00e8le\",\"url\":\"https:\\\/\\\/mortelleadele.com\\\/\",\"logo\":{\"@type\":\"ImageObject\",\"inLanguage\":\"fr-FR\",\"@id\":\"https:\\\/\\\/mortelleadele.com\\\/#\\\/schema\\\/logo\\\/image\\\/\",\"url\":\"https:\\\/\\\/mortelleadele.com\\\/wp-content\\\/uploads\\\/2023\\\/01\\\/Logo-Mortelle-Adele.jpeg\",\"contentUrl\":\"https:\\\/\\\/mortelleadele.com\\\/wp-content\\\/uploads\\\/2023\\\/01\\\/Logo-Mortelle-Adele.jpeg\",\"width\":1176,\"height\":761,\"caption\":\"Mortelle Ad\u00e8le\"},\"image\":{\"@id\":\"https:\\\/\\\/mortelleadele.com\\\/#\\\/schema\\\/logo\\\/image\\\/\"},\"sameAs\":[\"https:\\\/\\\/www.facebook.com\\\/mortelleadele\",\"https:\\\/\\\/www.instagram.com\\\/mortelleadelebd\"]}]}<\/script>\n<!-- \/ Yoast SEO plugin. -->","yoast_head_json":{"title":"Le Catapul'tour &#8211; Mortelle Ad\u00e8le","robots":{"index":"index","follow":"follow","max-snippet":"max-snippet:-1","max-image-preview":"max-image-preview:large","max-video-preview":"max-video-preview:-1"},"canonical":"https:\/\/mortelleadele.com\/index.php\/catapultour\/","og_locale":"fr_FR","og_type":"article","og_title":"Le Catapul'tour &#8211; Mortelle Ad\u00e8le","og_description":"Retrouvez sur cette page toutes les informations concernant les s\u00e9ances de d\u00e9dicaces des auteurs de Mortelle Ad\u00e8le et d&rsquo;Ajax. ATTENTION &#8211; Les s\u00e9ances de d\u00e9dicaces sont organis\u00e9es par distribution de billets gratuits MAIS limit\u00e9s, g\u00e9r\u00e9e DIRECTEMENT par la maison d&rsquo;\u00e9dition Mr Tan &amp; Co. &gt;&gt; UN seul billet par commande et UNE seule d\u00e9dicace par &hellip; Continuer la lecture de &laquo;&nbsp;Le Catapul&rsquo;tour&nbsp;&raquo;","og_url":"https:\/\/mortelleadele.com\/index.php\/catapultour\/","og_site_name":"Mortelle Ad\u00e8le","article_publisher":"https:\/\/www.facebook.com\/mortelleadele","article_modified_time":"2026-04-17T20:38:59+00:00","twitter_card":"summary_large_image","twitter_misc":{"Dur\u00e9e de lecture estim\u00e9e":"2 minutes"},"schema":{"@context":"https:\/\/schema.org","@graph":[{"@type":"WebPage","@id":"https:\/\/mortelleadele.com\/index.php\/catapultour\/","url":"https:\/\/mortelleadele.com\/index.php\/catapultour\/","name":"Le Catapul'tour &#8211; Mortelle Ad\u00e8le","isPartOf":{"@id":"https:\/\/mortelleadele.com\/#website"},"datePublished":"2024-04-03T15:19:43+00:00","dateModified":"2026-04-17T20:38:59+00:00","breadcrumb":{"@id":"https:\/\/mortelleadele.com\/index.php\/catapultour\/#breadcrumb"},"inLanguage":"fr-FR","potentialAction":[{"@type":"ReadAction","target":["https:\/\/mortelleadele.com\/index.php\/catapultour\/"]}]},{"@type":"BreadcrumbList","@id":"https:\/\/mortelleadele.com\/index.php\/catapultour\/#breadcrumb","itemListElement":[{"@type":"ListItem","position":1,"name":"Accueil","item":"https:\/\/mortelleadele.com\/"},{"@type":"ListItem","position":2,"name":"Le Catapul&rsquo;tour"}]},{"@type":"WebSite","@id":"https:\/\/mortelleadele.com\/#website","url":"https:\/\/mortelleadele.com\/","name":"Mortelle Ad\u00e8le","description":"H\u00e9ro\u00efne de Bande dessin\u00e9e","publisher":{"@id":"https:\/\/mortelleadele.com\/#organization"},"potentialAction":[{"@type":"SearchAction","target":{"@type":"EntryPoint","urlTemplate":"https:\/\/mortelleadele.com\/?s={search_term_string}"},"query-input":{"@type":"PropertyValueSpecification","valueRequired":true,"valueName":"search_term_string"}}],"inLanguage":"fr-FR"},{"@type":"Organization","@id":"https:\/\/mortelleadele.com\/#organization","name":"Mortelle Ad\u00e8le","url":"https:\/\/mortelleadele.com\/","logo":{"@type":"ImageObject","inLanguage":"fr-FR","@id":"https:\/\/mortelleadele.com\/#\/schema\/logo\/image\/","url":"https:\/\/mortelleadele.com\/wp-content\/uploads\/2023\/01\/Logo-Mortelle-Adele.jpeg","contentUrl":"https:\/\/mortelleadele.com\/wp-content\/uploads\/2023\/01\/Logo-Mortelle-Adele.jpeg","width":1176,"height":761,"caption":"Mortelle Ad\u00e8le"},"image":{"@id":"https:\/\/mortelleadele.com\/#\/schema\/logo\/image\/"},"sameAs":["https:\/\/www.facebook.com\/mortelleadele","https:\/\/www.instagram.com\/mortelleadelebd"]}]}},"_links":{"self":[{"href":"https:\/\/mortelleadele.com\/index.php\/wp-json\/wp\/v2\/pages\/3976","targetHints":{"allow":["GET"]}}],"collection":[{"href":"https:\/\/mortelleadele.com\/index.php\/wp-json\/wp\/v2\/pages"}],"about":[{"href":"https:\/\/mortelleadele.com\/index.php\/wp-json\/wp\/v2\/types\/page"}],"author":[{"embeddable":true,"href":"https:\/\/mortelleadele.com\/index.php\/wp-json\/wp\/v2\/users\/1"}],"replies":[{"embeddable":true,"href":"https:\/\/mortelleadele.com\/index.php\/wp-json\/wp\/v2\/comments?post=3976"}],"version-history":[{"count":316,"href":"https:\/\/mortelleadele.com\/index.php\/wp-json\/wp\/v2\/pages\/3976\/revisions"}],"predecessor-version":[{"id":8005,"href":"https:\/\/mortelleadele.com\/index.php\/wp-json\/wp\/v2\/pages\/3976\/revisions\/8005"}],"wp:attachment":[{"href":"https:\/\/mortelleadele.com\/index.php\/wp-json\/wp\/v2\/media?parent=3976"}],"curies":[{"name":"wp","href":"https:\/\/api.w.org\/{rel}","templated":true}]}}