{"id":506,"date":"2022-11-28T17:50:15","date_gmt":"2022-11-28T16:50:15","guid":{"rendered":"https:\/\/ma.mrtanandco.fr\/?page_id=506"},"modified":"2025-09-08T17:31:44","modified_gmt":"2025-09-08T15:31:44","slug":"tome-7","status":"publish","type":"page","link":"https:\/\/mortelleadele.com\/index.php\/tome-7\/","title":{"rendered":"Tome 7 : Pas de piti\u00e9 pour les nazebroques\u00a0!"},"content":{"rendered":"\n<div class=\"wp-block-columns is-layout-flex wp-container-core-columns-is-layout-9d6595d7 wp-block-columns-is-layout-flex\">\n<div class=\"wp-block-column is-layout-flow wp-block-column-is-layout-flow\"><div class=\"_df_book df-lite\" id=\"df_2066\"  data-title=\"extrait-pas-de-pitie-pour-les-nazebrock-tome-7\" _slug=\"extrait-ca-sent-la-croquette-tome-11-2-2-2-2\" wpoptions=\"true\" thumbtype=\"\" ><\/div><script class=\"df-shortcode-script\" type=\"application\/javascript\">window.option_df_2066 = {\"outline\":[],\"autoEnableOutline\":\"false\",\"autoEnableThumbnail\":\"false\",\"overwritePDFOutline\":\"false\",\"direction\":\"1\",\"pageSize\":\"0\",\"source\":\"https:\\\/\\\/mortelleadele.com\\\/wp-content\\\/uploads\\\/2023\\\/03\\\/mortelle-Ade\\u0300le-tome-7_extraits.pdf\",\"wpOptions\":\"true\"}; if(window.DFLIP && window.DFLIP.parseBooks){window.DFLIP.parseBooks();}<\/script>\n<\/div>\n\n\n\n<div class=\"wp-block-column is-vertically-aligned-center is-layout-flow wp-block-column-is-layout-flow\">\n<h3 class=\"wp-block-heading has-text-align-left has-text-color\" style=\"color:#000000\">R\u00e9sum\u00e9 :<\/h3>\n\n\n\n<p class=\"txthand\"><em>\u00ab&nbsp;Au secours&nbsp;! Mes parents m\u2019ont envoy\u00e9e dans l\u2019endroit le plus horrible de la plan\u00e8te&nbsp;! Pas de t\u00e9l\u00e9vision, pas de jeux vid\u00e9o, pas d\u2019Ajax \u00e0 torturer\u2026 juste des arbres, des arbres et encore des arbres&nbsp;! Mais faites-moi confiance, la colonie des Ragondins Joyeux va se souvenir longtemps de mon passage ici&nbsp;!&nbsp;\u00bb<\/em><\/p>\n\n\n\n<p>Mortelle Ad\u00e8le se met au vert, mais au vert\u2026 de rage&nbsp;! Pour les grandes vacances, ses parents l\u2019ont inscrite dans une colonie de vacances, perdue en pleine nature, o\u00f9 les animaux et les enfants vivent dans une belle harmonie. Mais la plus peste des h\u00e9ro\u00efnes n\u2019a pas oubli\u00e9 de glisser son mauvais caract\u00e8re dans ses valises&nbsp;!<\/p>\n<\/div>\n<\/div>\n\n\n\n<p class=\"has-background\" style=\"background-color:#abb7c245\"><strong>Sc\u00e9nario : <\/strong>Mr Tan<br><strong>Dessin : <\/strong>Miss Prickly<\/p>\n\n\n\n<figure class=\"wp-block-table\"><table><tbody><tr><td>TOME<\/td><td><strong>7<\/strong><\/td><\/tr><tr><td>PARUTION<\/td><td><strong>5 JUIN 2014<\/strong><\/td><\/tr><tr><td>EAN<\/td><td><strong><strong><strong><strong><strong><strong><strong><strong>9782848019727<\/strong><\/strong><\/strong><\/strong><\/strong><\/strong><\/strong><\/strong><\/td><\/tr><tr><td>PAGINATION<\/td><td><strong>96 Pages<\/strong><\/td><\/tr><tr><td>PRIX<\/td><td><strong><strong>12 \u20ac<\/strong><\/strong><\/td><\/tr><tr><td>PRIX ePUB<\/td><td><strong>8,99 \u20ac<\/strong><\/td><\/tr><\/tbody><\/table><\/figure>\n\n\n\n<p class=\"has-background has-small-font-size\" style=\"background-color:#abb7c217\"><em>\u00a9 Mr Tan \/ Miss Prickly<\/em><\/p>\n\n\n\n<div class=\"wp-block-columns is-layout-flex wp-container-core-columns-is-layout-9d6595d7 wp-block-columns-is-layout-flex\">\n<div class=\"wp-block-column is-layout-flow wp-block-column-is-layout-flow\">\n<div class=\"wp-block-group has-background is-content-justification-space-between is-nowrap is-layout-flex wp-container-core-group-is-layout-0dfbf163 wp-block-group-is-layout-flex\" style=\"background-color:#d7d4d4\">\n<figure class=\"wp-block-image size-full is-resized\"><a href=\"https:\/\/www.leslibraires.fr\/livre\/9782848019727\/?affiliate=mortelleadele\"><img decoding=\"async\" width=\"251\" height=\"30\" src=\"https:\/\/ma.mrtanandco.fr\/wp-content\/uploads\/2022\/11\/les-libraires.png\" alt=\"\" class=\"wp-image-320\" style=\"width:126px;height:15px\"\/><\/a><\/figure>\n\n\n\n<figure class=\"wp-block-image size-full is-resized\"><a href=\"https:\/\/tidd.ly\/3iLn0oy\"><img fetchpriority=\"high\" decoding=\"async\" width=\"1000\" height=\"1000\" src=\"https:\/\/ma.mrtanandco.fr\/wp-content\/uploads\/2022\/11\/Fnac-1.png\" alt=\"\" class=\"wp-image-332\" style=\"width:100px;height:100px\" srcset=\"https:\/\/mortelleadele.com\/wp-content\/uploads\/2022\/11\/Fnac-1.png 1000w, https:\/\/mortelleadele.com\/wp-content\/uploads\/2022\/11\/Fnac-1-300x300.png 300w, https:\/\/mortelleadele.com\/wp-content\/uploads\/2022\/11\/Fnac-1-150x150.png 150w, https:\/\/mortelleadele.com\/wp-content\/uploads\/2022\/11\/Fnac-1-768x768.png 768w, https:\/\/mortelleadele.com\/wp-content\/uploads\/2022\/11\/Fnac-1-100x100.png 100w\" sizes=\"(max-width: 706px) 89vw, (max-width: 767px) 82vw, 740px\" \/><\/a><\/figure>\n\n\n\n<figure class=\"wp-block-image size-full is-resized\"><a href=\"https:\/\/amzn.to\/3hdb0M5\"><img decoding=\"async\" width=\"512\" height=\"156\" src=\"https:\/\/ma.mrtanandco.fr\/wp-content\/uploads\/2022\/11\/amazon.png\" alt=\"\" class=\"wp-image-322\" style=\"width:128px;height:39px\" srcset=\"https:\/\/mortelleadele.com\/wp-content\/uploads\/2022\/11\/amazon.png 512w, https:\/\/mortelleadele.com\/wp-content\/uploads\/2022\/11\/amazon-300x91.png 300w\" sizes=\"(max-width: 512px) 100vw, 512px\" \/><\/a><\/figure>\n\n\n\n<figure class=\"wp-block-image size-full is-resized\"><a href=\"https:\/\/www.decitre.fr\/livres\/mortelle-adele-tome-7-pas-de-pitie-pour-les-nazebroques-9782848019727.html\"><img loading=\"lazy\" decoding=\"async\" width=\"225\" height=\"224\" src=\"https:\/\/ma.mrtanandco.fr\/wp-content\/uploads\/2022\/11\/decitre.png\" alt=\"\" class=\"wp-image-319\" style=\"width:100px;height:100px\" srcset=\"https:\/\/mortelleadele.com\/wp-content\/uploads\/2022\/11\/decitre.png 225w, https:\/\/mortelleadele.com\/wp-content\/uploads\/2022\/11\/decitre-150x150.png 150w, https:\/\/mortelleadele.com\/wp-content\/uploads\/2022\/11\/decitre-100x100.png 100w\" sizes=\"(max-width: 225px) 100vw, 225px\" \/><\/a><\/figure>\n<\/div>\n<\/div>\n<\/div>\n\n\n\n<div class=\"wp-block-columns has-white-color has-text-color is-layout-flex wp-container-core-columns-is-layout-9d6595d7 wp-block-columns-is-layout-flex\" style=\"line-height:3\">\n<div class=\"wp-block-column is-vertically-aligned-center has-white-color has-cyan-bluish-gray-background-color has-text-color has-background is-layout-flow wp-block-column-is-layout-flow\"><\/div>\n\n\n\n<div class=\"wp-block-column is-vertically-aligned-center has-white-color has-cyan-bluish-gray-background-color has-text-color has-background is-layout-flow wp-block-column-is-layout-flow\"><\/div>\n<\/div>\n","protected":false},"excerpt":{"rendered":"<p>R\u00e9sum\u00e9 : \u00ab&nbsp;Au secours&nbsp;! Mes parents m\u2019ont envoy\u00e9e dans l\u2019endroit le plus horrible de la plan\u00e8te&nbsp;! Pas de t\u00e9l\u00e9vision, pas de jeux vid\u00e9o, pas d\u2019Ajax \u00e0 torturer\u2026 juste des arbres, des arbres et encore des arbres&nbsp;! Mais faites-moi confiance, la colonie des Ragondins Joyeux va se souvenir longtemps de mon passage ici&nbsp;!&nbsp;\u00bb Mortelle Ad\u00e8le se &hellip; <\/p>\n<p class=\"link-more\"><a href=\"https:\/\/mortelleadele.com\/index.php\/tome-7\/\" class=\"more-link\">Continuer la lecture<span class=\"screen-reader-text\"> de &laquo;&nbsp;Tome 7 : Pas de piti\u00e9 pour les nazebroques\u00a0!&nbsp;&raquo;<\/span><\/a><\/p>\n","protected":false},"author":1,"featured_media":0,"parent":0,"menu_order":0,"comment_status":"closed","ping_status":"closed","template":"","meta":{"footnotes":""},"class_list":["post-506","page","type-page","status-publish","hentry"],"yoast_head":"<!-- This site is optimized with the Yoast SEO plugin v27.3 - https:\/\/yoast.com\/product\/yoast-seo-wordpress\/ -->\n<title>Tome 7 : Pas de piti\u00e9 pour les nazebroques\u00a0! &#8211; Mortelle Ad\u00e8le<\/title>\n<meta name=\"robots\" content=\"index, follow, max-snippet:-1, max-image-preview:large, max-video-preview:-1\" \/>\n<link rel=\"canonical\" href=\"https:\/\/mortelleadele.com\/index.php\/tome-7\/\" \/>\n<meta property=\"og:locale\" content=\"fr_FR\" \/>\n<meta property=\"og:type\" content=\"article\" \/>\n<meta property=\"og:title\" content=\"Tome 7 : Pas de piti\u00e9 pour les nazebroques\u00a0! &#8211; Mortelle Ad\u00e8le\" \/>\n<meta property=\"og:description\" content=\"R\u00e9sum\u00e9 : \u00ab&nbsp;Au secours&nbsp;! Mes parents m\u2019ont envoy\u00e9e dans l\u2019endroit le plus horrible de la plan\u00e8te&nbsp;! Pas de t\u00e9l\u00e9vision, pas de jeux vid\u00e9o, pas d\u2019Ajax \u00e0 torturer\u2026 juste des arbres, des arbres et encore des arbres&nbsp;! Mais faites-moi confiance, la colonie des Ragondins Joyeux va se souvenir longtemps de mon passage ici&nbsp;!&nbsp;\u00bb Mortelle Ad\u00e8le se &hellip; Continuer la lecture de &laquo;&nbsp;Tome 7 : Pas de piti\u00e9 pour les nazebroques\u00a0!&nbsp;&raquo;\" \/>\n<meta property=\"og:url\" content=\"https:\/\/mortelleadele.com\/index.php\/tome-7\/\" \/>\n<meta property=\"og:site_name\" content=\"Mortelle Ad\u00e8le\" \/>\n<meta property=\"article:publisher\" content=\"https:\/\/www.facebook.com\/mortelleadele\" \/>\n<meta property=\"article:modified_time\" content=\"2025-09-08T15:31:44+00:00\" \/>\n<meta property=\"og:image\" content=\"https:\/\/mortelleadele.com\/wp-content\/uploads\/2022\/11\/les-libraires.png\" \/>\n\t<meta property=\"og:image:width\" content=\"251\" \/>\n\t<meta property=\"og:image:height\" content=\"30\" \/>\n\t<meta property=\"og:image:type\" content=\"image\/png\" \/>\n<meta name=\"twitter:card\" content=\"summary_large_image\" \/>\n<script type=\"application\/ld+json\" class=\"yoast-schema-graph\">{\"@context\":\"https:\\\/\\\/schema.org\",\"@graph\":[{\"@type\":\"WebPage\",\"@id\":\"https:\\\/\\\/mortelleadele.com\\\/index.php\\\/tome-7\\\/\",\"url\":\"https:\\\/\\\/mortelleadele.com\\\/index.php\\\/tome-7\\\/\",\"name\":\"Tome 7 : Pas de piti\u00e9 pour les nazebroques\u00a0! &#8211; Mortelle Ad\u00e8le\",\"isPartOf\":{\"@id\":\"https:\\\/\\\/mortelleadele.com\\\/#website\"},\"primaryImageOfPage\":{\"@id\":\"https:\\\/\\\/mortelleadele.com\\\/index.php\\\/tome-7\\\/#primaryimage\"},\"image\":{\"@id\":\"https:\\\/\\\/mortelleadele.com\\\/index.php\\\/tome-7\\\/#primaryimage\"},\"thumbnailUrl\":\"https:\\\/\\\/ma.mrtanandco.fr\\\/wp-content\\\/uploads\\\/2022\\\/11\\\/les-libraires.png\",\"datePublished\":\"2022-11-28T16:50:15+00:00\",\"dateModified\":\"2025-09-08T15:31:44+00:00\",\"breadcrumb\":{\"@id\":\"https:\\\/\\\/mortelleadele.com\\\/index.php\\\/tome-7\\\/#breadcrumb\"},\"inLanguage\":\"fr-FR\",\"potentialAction\":[{\"@type\":\"ReadAction\",\"target\":[\"https:\\\/\\\/mortelleadele.com\\\/index.php\\\/tome-7\\\/\"]}]},{\"@type\":\"ImageObject\",\"inLanguage\":\"fr-FR\",\"@id\":\"https:\\\/\\\/mortelleadele.com\\\/index.php\\\/tome-7\\\/#primaryimage\",\"url\":\"https:\\\/\\\/ma.mrtanandco.fr\\\/wp-content\\\/uploads\\\/2022\\\/11\\\/les-libraires.png\",\"contentUrl\":\"https:\\\/\\\/ma.mrtanandco.fr\\\/wp-content\\\/uploads\\\/2022\\\/11\\\/les-libraires.png\"},{\"@type\":\"BreadcrumbList\",\"@id\":\"https:\\\/\\\/mortelleadele.com\\\/index.php\\\/tome-7\\\/#breadcrumb\",\"itemListElement\":[{\"@type\":\"ListItem\",\"position\":1,\"name\":\"Accueil\",\"item\":\"https:\\\/\\\/mortelleadele.com\\\/\"},{\"@type\":\"ListItem\",\"position\":2,\"name\":\"Tome 7 : Pas de piti\u00e9 pour les nazebroques\u00a0!\"}]},{\"@type\":\"WebSite\",\"@id\":\"https:\\\/\\\/mortelleadele.com\\\/#website\",\"url\":\"https:\\\/\\\/mortelleadele.com\\\/\",\"name\":\"Mortelle Ad\u00e8le\",\"description\":\"H\u00e9ro\u00efne de Bande dessin\u00e9e\",\"publisher\":{\"@id\":\"https:\\\/\\\/mortelleadele.com\\\/#organization\"},\"potentialAction\":[{\"@type\":\"SearchAction\",\"target\":{\"@type\":\"EntryPoint\",\"urlTemplate\":\"https:\\\/\\\/mortelleadele.com\\\/?s={search_term_string}\"},\"query-input\":{\"@type\":\"PropertyValueSpecification\",\"valueRequired\":true,\"valueName\":\"search_term_string\"}}],\"inLanguage\":\"fr-FR\"},{\"@type\":\"Organization\",\"@id\":\"https:\\\/\\\/mortelleadele.com\\\/#organization\",\"name\":\"Mortelle Ad\u00e8le\",\"url\":\"https:\\\/\\\/mortelleadele.com\\\/\",\"logo\":{\"@type\":\"ImageObject\",\"inLanguage\":\"fr-FR\",\"@id\":\"https:\\\/\\\/mortelleadele.com\\\/#\\\/schema\\\/logo\\\/image\\\/\",\"url\":\"https:\\\/\\\/mortelleadele.com\\\/wp-content\\\/uploads\\\/2023\\\/01\\\/Logo-Mortelle-Adele.jpeg\",\"contentUrl\":\"https:\\\/\\\/mortelleadele.com\\\/wp-content\\\/uploads\\\/2023\\\/01\\\/Logo-Mortelle-Adele.jpeg\",\"width\":1176,\"height\":761,\"caption\":\"Mortelle Ad\u00e8le\"},\"image\":{\"@id\":\"https:\\\/\\\/mortelleadele.com\\\/#\\\/schema\\\/logo\\\/image\\\/\"},\"sameAs\":[\"https:\\\/\\\/www.facebook.com\\\/mortelleadele\",\"https:\\\/\\\/www.instagram.com\\\/mortelleadelebd\"]}]}<\/script>\n<!-- \/ Yoast SEO plugin. -->","yoast_head_json":{"title":"Tome 7 : Pas de piti\u00e9 pour les nazebroques\u00a0! &#8211; Mortelle Ad\u00e8le","robots":{"index":"index","follow":"follow","max-snippet":"max-snippet:-1","max-image-preview":"max-image-preview:large","max-video-preview":"max-video-preview:-1"},"canonical":"https:\/\/mortelleadele.com\/index.php\/tome-7\/","og_locale":"fr_FR","og_type":"article","og_title":"Tome 7 : Pas de piti\u00e9 pour les nazebroques\u00a0! &#8211; Mortelle Ad\u00e8le","og_description":"R\u00e9sum\u00e9 : \u00ab&nbsp;Au secours&nbsp;! Mes parents m\u2019ont envoy\u00e9e dans l\u2019endroit le plus horrible de la plan\u00e8te&nbsp;! Pas de t\u00e9l\u00e9vision, pas de jeux vid\u00e9o, pas d\u2019Ajax \u00e0 torturer\u2026 juste des arbres, des arbres et encore des arbres&nbsp;! Mais faites-moi confiance, la colonie des Ragondins Joyeux va se souvenir longtemps de mon passage ici&nbsp;!&nbsp;\u00bb Mortelle Ad\u00e8le se &hellip; Continuer la lecture de &laquo;&nbsp;Tome 7 : Pas de piti\u00e9 pour les nazebroques\u00a0!&nbsp;&raquo;","og_url":"https:\/\/mortelleadele.com\/index.php\/tome-7\/","og_site_name":"Mortelle Ad\u00e8le","article_publisher":"https:\/\/www.facebook.com\/mortelleadele","article_modified_time":"2025-09-08T15:31:44+00:00","og_image":[{"width":251,"height":30,"url":"https:\/\/mortelleadele.com\/wp-content\/uploads\/2022\/11\/les-libraires.png","type":"image\/png"}],"twitter_card":"summary_large_image","schema":{"@context":"https:\/\/schema.org","@graph":[{"@type":"WebPage","@id":"https:\/\/mortelleadele.com\/index.php\/tome-7\/","url":"https:\/\/mortelleadele.com\/index.php\/tome-7\/","name":"Tome 7 : Pas de piti\u00e9 pour les nazebroques\u00a0! &#8211; Mortelle Ad\u00e8le","isPartOf":{"@id":"https:\/\/mortelleadele.com\/#website"},"primaryImageOfPage":{"@id":"https:\/\/mortelleadele.com\/index.php\/tome-7\/#primaryimage"},"image":{"@id":"https:\/\/mortelleadele.com\/index.php\/tome-7\/#primaryimage"},"thumbnailUrl":"https:\/\/ma.mrtanandco.fr\/wp-content\/uploads\/2022\/11\/les-libraires.png","datePublished":"2022-11-28T16:50:15+00:00","dateModified":"2025-09-08T15:31:44+00:00","breadcrumb":{"@id":"https:\/\/mortelleadele.com\/index.php\/tome-7\/#breadcrumb"},"inLanguage":"fr-FR","potentialAction":[{"@type":"ReadAction","target":["https:\/\/mortelleadele.com\/index.php\/tome-7\/"]}]},{"@type":"ImageObject","inLanguage":"fr-FR","@id":"https:\/\/mortelleadele.com\/index.php\/tome-7\/#primaryimage","url":"https:\/\/ma.mrtanandco.fr\/wp-content\/uploads\/2022\/11\/les-libraires.png","contentUrl":"https:\/\/ma.mrtanandco.fr\/wp-content\/uploads\/2022\/11\/les-libraires.png"},{"@type":"BreadcrumbList","@id":"https:\/\/mortelleadele.com\/index.php\/tome-7\/#breadcrumb","itemListElement":[{"@type":"ListItem","position":1,"name":"Accueil","item":"https:\/\/mortelleadele.com\/"},{"@type":"ListItem","position":2,"name":"Tome 7 : Pas de piti\u00e9 pour les nazebroques\u00a0!"}]},{"@type":"WebSite","@id":"https:\/\/mortelleadele.com\/#website","url":"https:\/\/mortelleadele.com\/","name":"Mortelle Ad\u00e8le","description":"H\u00e9ro\u00efne de Bande dessin\u00e9e","publisher":{"@id":"https:\/\/mortelleadele.com\/#organization"},"potentialAction":[{"@type":"SearchAction","target":{"@type":"EntryPoint","urlTemplate":"https:\/\/mortelleadele.com\/?s={search_term_string}"},"query-input":{"@type":"PropertyValueSpecification","valueRequired":true,"valueName":"search_term_string"}}],"inLanguage":"fr-FR"},{"@type":"Organization","@id":"https:\/\/mortelleadele.com\/#organization","name":"Mortelle Ad\u00e8le","url":"https:\/\/mortelleadele.com\/","logo":{"@type":"ImageObject","inLanguage":"fr-FR","@id":"https:\/\/mortelleadele.com\/#\/schema\/logo\/image\/","url":"https:\/\/mortelleadele.com\/wp-content\/uploads\/2023\/01\/Logo-Mortelle-Adele.jpeg","contentUrl":"https:\/\/mortelleadele.com\/wp-content\/uploads\/2023\/01\/Logo-Mortelle-Adele.jpeg","width":1176,"height":761,"caption":"Mortelle Ad\u00e8le"},"image":{"@id":"https:\/\/mortelleadele.com\/#\/schema\/logo\/image\/"},"sameAs":["https:\/\/www.facebook.com\/mortelleadele","https:\/\/www.instagram.com\/mortelleadelebd"]}]}},"_links":{"self":[{"href":"https:\/\/mortelleadele.com\/index.php\/wp-json\/wp\/v2\/pages\/506","targetHints":{"allow":["GET"]}}],"collection":[{"href":"https:\/\/mortelleadele.com\/index.php\/wp-json\/wp\/v2\/pages"}],"about":[{"href":"https:\/\/mortelleadele.com\/index.php\/wp-json\/wp\/v2\/types\/page"}],"author":[{"embeddable":true,"href":"https:\/\/mortelleadele.com\/index.php\/wp-json\/wp\/v2\/users\/1"}],"replies":[{"embeddable":true,"href":"https:\/\/mortelleadele.com\/index.php\/wp-json\/wp\/v2\/comments?post=506"}],"version-history":[{"count":1,"href":"https:\/\/mortelleadele.com\/index.php\/wp-json\/wp\/v2\/pages\/506\/revisions"}],"predecessor-version":[{"id":6933,"href":"https:\/\/mortelleadele.com\/index.php\/wp-json\/wp\/v2\/pages\/506\/revisions\/6933"}],"wp:attachment":[{"href":"https:\/\/mortelleadele.com\/index.php\/wp-json\/wp\/v2\/media?parent=506"}],"curies":[{"name":"wp","href":"https:\/\/api.w.org\/{rel}","templated":true}]}}