{"id":5215,"date":"2025-02-21T09:01:13","date_gmt":"2025-02-21T08:01:13","guid":{"rendered":"https:\/\/mortelleadele.com\/?page_id=5215"},"modified":"2025-05-02T17:20:38","modified_gmt":"2025-05-02T15:20:38","slug":"ajax-pga-2","status":"publish","type":"page","link":"https:\/\/mortelleadele.com\/index.php\/ajax-pga-2\/","title":{"rendered":"La petite grande Chaventure d&rsquo;Ajax 2"},"content":{"rendered":"\n<div class=\"wp-block-columns is-layout-flex wp-container-core-columns-is-layout-9d6595d7 wp-block-columns-is-layout-flex\">\n<div class=\"wp-block-column is-layout-flow wp-block-column-is-layout-flow\">\n<figure class=\"wp-block-image size-large\"><img fetchpriority=\"high\" decoding=\"async\" width=\"878\" height=\"1024\" src=\"https:\/\/mortelleadele.com\/wp-content\/uploads\/2025\/03\/AJAX-PGA2-COUV-DEF-V1-Grande-878x1024.jpeg\" alt=\"\" class=\"wp-image-5456\" srcset=\"https:\/\/mortelleadele.com\/wp-content\/uploads\/2025\/03\/AJAX-PGA2-COUV-DEF-V1-Grande-878x1024.jpeg 878w, https:\/\/mortelleadele.com\/wp-content\/uploads\/2025\/03\/AJAX-PGA2-COUV-DEF-V1-Grande-257x300.jpeg 257w, https:\/\/mortelleadele.com\/wp-content\/uploads\/2025\/03\/AJAX-PGA2-COUV-DEF-V1-Grande-768x896.jpeg 768w, https:\/\/mortelleadele.com\/wp-content\/uploads\/2025\/03\/AJAX-PGA2-COUV-DEF-V1-Grande.jpeg 1097w\" sizes=\"(max-width: 706px) 89vw, (max-width: 767px) 82vw, 740px\" \/><\/figure>\n<\/div>\n\n\n\n<div class=\"wp-block-column is-vertically-aligned-center is-layout-flow wp-block-column-is-layout-flow\">\n<h3 class=\"wp-block-heading has-text-align-left has-text-color\" style=\"color:#000000\"><br>R\u00e9sum\u00e9 :<\/h3>\n\n\n\n<p><strong>Quand on n\u2019a pas le moral, rien de tel qu\u2019une bande de copains ! Et pour redonner le sourire \u00e0 Ajax, Snow, Fizz, San et tous les autres ont une id\u00e9e chatastique&nbsp;: l\u2019emmener au cin\u00e9ma pour d\u00e9couvrir le nouveau film de son idole, Magic Eddy.<\/strong><\/p>\n\n\n\n<p><strong>Mais alors que le petit groupe pensait passer un apr\u00e8s-midi tranquille dans le confort d\u2019une salle obscure, les voil\u00e0 embarqu\u00e9s dans une aventure aux confins de la galaxie. Ils devront unir leurs forces pour sauver tous les animaux de l\u2019univers et&#8230; Mortelle Ad\u00e8le !<\/strong><\/p>\n\n\n\n<p>Accompagn\u00e9 de ses amis et fort de nouvelles rencontres, Ajax pourrait bien \u00eatre la cl\u00e9 pour r\u00e9soudre tous les probl\u00e8mes de cette course contre la montre \u00e0 travers l\u2019espace !<\/p>\n<\/div>\n<\/div>\n\n\n\n<p class=\"has-background\" style=\"background-color:#abb7c245\"><strong>Sc\u00e9nario : <\/strong>Mr Tan &amp; ChrisPop<br><strong>Dessin : <\/strong>Diane Le Feyer<\/p>\n\n\n\n<figure class=\"wp-block-table\"><table><tbody><tr><td>TOME<\/td><td><strong>2<\/strong><\/td><\/tr><tr><td>PARUTION<\/td><td><strong>3 AVRIL 2025<\/strong><\/td><\/tr><tr><td>EAN<\/td><td><strong><strong><strong>9782494678354<\/strong><\/strong><\/strong><\/td><\/tr><tr><td>PAGINATION<\/td><td><strong>80 Pages<\/strong><\/td><\/tr><tr><td>PRIX<\/td><td><strong>12,90 \u20ac<\/strong><\/td><\/tr><tr><td>PRIX ePUB<\/td><td><strong>7,99 \u20ac<\/strong><\/td><\/tr><\/tbody><\/table><\/figure>\n\n\n\n<p class=\"has-background has-small-font-size\" style=\"background-color:#abb7c217\"><em>\u00a9 Mr Tan, Diane Le Feyer et ChrisPop d\u2019apr\u00e8s l\u2019\u0153uvre cr\u00e9\u00e9e par Mr Tan et Miss Prickly<\/em><br><em>\u00a9 Mr Tan &amp; Co<\/em><\/p>\n\n\n\n<div class=\"wp-block-group has-background is-content-justification-space-between is-nowrap is-layout-flex wp-container-core-group-is-layout-0dfbf163 wp-block-group-is-layout-flex\" style=\"background-color:#d7d4d4\">\n<figure class=\"wp-block-image size-full is-resized\"><a href=\"https:\/\/www.leslibraires.fr\/livre\/9782494678354\/?affiliate=mortelleadele\" target=\"_blank\" rel=\"noreferrer noopener\"><img decoding=\"async\" width=\"251\" height=\"30\" src=\"https:\/\/ma.mrtanandco.fr\/wp-content\/uploads\/2022\/11\/les-libraires.png\" alt=\"\" class=\"wp-image-320\" style=\"width:126px\"\/><\/a><\/figure>\n\n\n\n<figure class=\"wp-block-image size-full is-resized\"><a href=\"https:\/\/amzn.to\/4hgwsZq\" target=\"_blank\" rel=\"noreferrer noopener\"><img decoding=\"async\" width=\"512\" height=\"156\" src=\"https:\/\/mortelleadele.com\/wp-content\/uploads\/2022\/11\/amazon.png\" alt=\"amazon\" class=\"wp-image-322\" style=\"width:128px\" srcset=\"https:\/\/mortelleadele.com\/wp-content\/uploads\/2022\/11\/amazon.png 512w, https:\/\/mortelleadele.com\/wp-content\/uploads\/2022\/11\/amazon-300x91.png 300w\" sizes=\"(max-width: 512px) 100vw, 512px\" \/><\/a><\/figure>\n\n\n\n<figure class=\"wp-block-image size-full is-resized\"><a href=\"https:\/\/tidd.ly\/3XnVQW3\" target=\"_blank\" rel=\" noreferrer noopener\"><img loading=\"lazy\" decoding=\"async\" width=\"1000\" height=\"1000\" src=\"https:\/\/ma.mrtanandco.fr\/wp-content\/uploads\/2022\/11\/Fnac-1.png\" alt=\"\" class=\"wp-image-332\" style=\"width:100px\" srcset=\"https:\/\/mortelleadele.com\/wp-content\/uploads\/2022\/11\/Fnac-1.png 1000w, https:\/\/mortelleadele.com\/wp-content\/uploads\/2022\/11\/Fnac-1-300x300.png 300w, https:\/\/mortelleadele.com\/wp-content\/uploads\/2022\/11\/Fnac-1-150x150.png 150w, https:\/\/mortelleadele.com\/wp-content\/uploads\/2022\/11\/Fnac-1-768x768.png 768w, https:\/\/mortelleadele.com\/wp-content\/uploads\/2022\/11\/Fnac-1-100x100.png 100w\" sizes=\"(max-width: 706px) 89vw, (max-width: 767px) 82vw, 740px\" \/><\/a><\/figure>\n\n\n\n<figure class=\"wp-block-image size-full is-resized\"><a href=\"https:\/\/tidd.ly\/4jVNqOx\" target=\"_blank\" rel=\" noreferrer noopener\"><img loading=\"lazy\" decoding=\"async\" width=\"342\" height=\"138\" src=\"https:\/\/mortelleadele.com\/wp-content\/uploads\/2022\/12\/Cultura-1.png\" alt=\"\" class=\"wp-image-1020\" style=\"width:100px\" srcset=\"https:\/\/mortelleadele.com\/wp-content\/uploads\/2022\/12\/Cultura-1.png 342w, https:\/\/mortelleadele.com\/wp-content\/uploads\/2022\/12\/Cultura-1-300x121.png 300w\" sizes=\"(max-width: 342px) 100vw, 342px\" \/><\/a><\/figure>\n<\/div>\n\n\n\n<h3 class=\"wp-block-heading has-text-align-center\">Retrouvez aussi&#8230;<\/h3>\n\n\n\n<div class=\"wp-block-group is-content-justification-center is-nowrap is-layout-flex wp-container-core-group-is-layout-94bc23d7 wp-block-group-is-layout-flex\">\n<figure class=\"wp-block-image size-large\"><a href=\"https:\/\/mortelleadele.com\/index.php\/ajax-pga-1\/\"><img loading=\"lazy\" decoding=\"async\" width=\"878\" height=\"1024\" src=\"https:\/\/mortelleadele.com\/wp-content\/uploads\/2024\/03\/AJAX-PGA1-COUV-DEF-V1-878x1024.jpeg\" alt=\"\" class=\"wp-image-3729\" style=\"object-fit:cover\"\/><\/a><\/figure>\n\n\n\n<figure class=\"wp-block-image size-large\"><a href=\"https:\/\/mortelleadele.com\/index.php\/grande-aventure-5\/\"><img loading=\"lazy\" decoding=\"async\" width=\"808\" height=\"1024\" src=\"https:\/\/mortelleadele.com\/wp-content\/uploads\/2024\/09\/Grande-Aventure-5-COUVERTURE-DEF-Ecran-808x1024.jpeg\" alt=\"\" class=\"wp-image-4483\" srcset=\"https:\/\/mortelleadele.com\/wp-content\/uploads\/2024\/09\/Grande-Aventure-5-COUVERTURE-DEF-Ecran-808x1024.jpeg 808w, https:\/\/mortelleadele.com\/wp-content\/uploads\/2024\/09\/Grande-Aventure-5-COUVERTURE-DEF-Ecran-237x300.jpeg 237w, https:\/\/mortelleadele.com\/wp-content\/uploads\/2024\/09\/Grande-Aventure-5-COUVERTURE-DEF-Ecran-768x973.jpeg 768w, https:\/\/mortelleadele.com\/wp-content\/uploads\/2024\/09\/Grande-Aventure-5-COUVERTURE-DEF-Ecran.jpeg 1010w\" sizes=\"(max-width: 706px) 89vw, (max-width: 767px) 82vw, 740px\" \/><\/a><\/figure>\n\n\n\n<figure class=\"wp-block-image size-large\"><a href=\"https:\/\/mortelleadele.com\/index.php\/tome-21\/\"><img loading=\"lazy\" decoding=\"async\" width=\"811\" height=\"1024\" src=\"https:\/\/mortelleadele.com\/wp-content\/uploads\/2024\/04\/Maquette-MA-T21-COUV-DEF-811x1024.jpeg\" alt=\"Tome 21 de Mortelle Ad\u00e8le\" class=\"wp-image-4094\" srcset=\"https:\/\/mortelleadele.com\/wp-content\/uploads\/2024\/04\/Maquette-MA-T21-COUV-DEF-811x1024.jpeg 811w, https:\/\/mortelleadele.com\/wp-content\/uploads\/2024\/04\/Maquette-MA-T21-COUV-DEF-238x300.jpeg 238w, https:\/\/mortelleadele.com\/wp-content\/uploads\/2024\/04\/Maquette-MA-T21-COUV-DEF-768x969.jpeg 768w, https:\/\/mortelleadele.com\/wp-content\/uploads\/2024\/04\/Maquette-MA-T21-COUV-DEF.jpeg 1014w\" sizes=\"(max-width: 706px) 89vw, (max-width: 767px) 82vw, 740px\" \/><\/a><\/figure>\n<\/div>\n\n\n\n<div class=\"wp-block-buttons is-content-justification-center is-layout-flex wp-container-core-buttons-is-layout-16018d1d wp-block-buttons-is-layout-flex\">\n<div class=\"wp-block-button has-custom-width wp-block-button__width-50\"><a class=\"wp-block-button__link wp-element-button\" href=\"https:\/\/mortelleadele.com\/index.php\/les-livres\/\">Retour aux livres&#8230;<\/a><\/div>\n<\/div>\n\n\n\n<p><\/p>\n","protected":false},"excerpt":{"rendered":"<p>R\u00e9sum\u00e9 : Quand on n\u2019a pas le moral, rien de tel qu\u2019une bande de copains ! Et pour redonner le sourire \u00e0 Ajax, Snow, Fizz, San et tous les autres ont une id\u00e9e chatastique&nbsp;: l\u2019emmener au cin\u00e9ma pour d\u00e9couvrir le nouveau film de son idole, Magic Eddy. Mais alors que le petit groupe pensait passer &hellip; <\/p>\n<p class=\"link-more\"><a href=\"https:\/\/mortelleadele.com\/index.php\/ajax-pga-2\/\" class=\"more-link\">Continuer la lecture<span class=\"screen-reader-text\"> de &laquo;&nbsp;La petite grande Chaventure d&rsquo;Ajax 2&nbsp;&raquo;<\/span><\/a><\/p>\n","protected":false},"author":1,"featured_media":0,"parent":0,"menu_order":2,"comment_status":"closed","ping_status":"closed","template":"","meta":{"footnotes":""},"class_list":["post-5215","page","type-page","status-publish","hentry"],"yoast_head":"<!-- This site is optimized with the Yoast SEO plugin v27.6 - https:\/\/yoast.com\/product\/yoast-seo-wordpress\/ -->\n<title>La petite grande Chaventure d&#039;Ajax 2 &#8211; Mortelle Ad\u00e8le<\/title>\n<meta name=\"robots\" content=\"index, follow, max-snippet:-1, max-image-preview:large, max-video-preview:-1\" \/>\n<link rel=\"canonical\" href=\"https:\/\/mortelleadele.com\/index.php\/ajax-pga-2\/\" \/>\n<meta property=\"og:locale\" content=\"fr_FR\" \/>\n<meta property=\"og:type\" content=\"article\" \/>\n<meta property=\"og:title\" content=\"La petite grande Chaventure d&#039;Ajax 2 &#8211; Mortelle Ad\u00e8le\" \/>\n<meta property=\"og:description\" content=\"R\u00e9sum\u00e9 : Quand on n\u2019a pas le moral, rien de tel qu\u2019une bande de copains ! Et pour redonner le sourire \u00e0 Ajax, Snow, Fizz, San et tous les autres ont une id\u00e9e chatastique&nbsp;: l\u2019emmener au cin\u00e9ma pour d\u00e9couvrir le nouveau film de son idole, Magic Eddy. Mais alors que le petit groupe pensait passer &hellip; Continuer la lecture de &laquo;&nbsp;La petite grande Chaventure d&rsquo;Ajax 2&nbsp;&raquo;\" \/>\n<meta property=\"og:url\" content=\"https:\/\/mortelleadele.com\/index.php\/ajax-pga-2\/\" \/>\n<meta property=\"og:site_name\" content=\"Mortelle Ad\u00e8le\" \/>\n<meta property=\"article:publisher\" content=\"https:\/\/www.facebook.com\/mortelleadele\" \/>\n<meta property=\"article:modified_time\" content=\"2025-05-02T15:20:38+00:00\" \/>\n<meta property=\"og:image\" content=\"https:\/\/mortelleadele.com\/wp-content\/uploads\/2025\/03\/AJAX-PGA2-COUV-DEF-V1-Grande.jpeg\" \/>\n\t<meta property=\"og:image:width\" content=\"1097\" \/>\n\t<meta property=\"og:image:height\" content=\"1280\" \/>\n\t<meta property=\"og:image:type\" content=\"image\/jpeg\" \/>\n<meta name=\"twitter:card\" content=\"summary_large_image\" \/>\n<meta name=\"twitter:label1\" content=\"Dur\u00e9e de lecture estim\u00e9e\" \/>\n\t<meta name=\"twitter:data1\" content=\"3 minutes\" \/>\n<script type=\"application\/ld+json\" class=\"yoast-schema-graph\">{\"@context\":\"https:\\\/\\\/schema.org\",\"@graph\":[{\"@type\":\"WebPage\",\"@id\":\"https:\\\/\\\/mortelleadele.com\\\/index.php\\\/ajax-pga-2\\\/\",\"url\":\"https:\\\/\\\/mortelleadele.com\\\/index.php\\\/ajax-pga-2\\\/\",\"name\":\"La petite grande Chaventure d'Ajax 2 &#8211; Mortelle Ad\u00e8le\",\"isPartOf\":{\"@id\":\"https:\\\/\\\/mortelleadele.com\\\/#website\"},\"primaryImageOfPage\":{\"@id\":\"https:\\\/\\\/mortelleadele.com\\\/index.php\\\/ajax-pga-2\\\/#primaryimage\"},\"image\":{\"@id\":\"https:\\\/\\\/mortelleadele.com\\\/index.php\\\/ajax-pga-2\\\/#primaryimage\"},\"thumbnailUrl\":\"https:\\\/\\\/mortelleadele.com\\\/wp-content\\\/uploads\\\/2025\\\/03\\\/AJAX-PGA2-COUV-DEF-V1-Grande-878x1024.jpeg\",\"datePublished\":\"2025-02-21T08:01:13+00:00\",\"dateModified\":\"2025-05-02T15:20:38+00:00\",\"breadcrumb\":{\"@id\":\"https:\\\/\\\/mortelleadele.com\\\/index.php\\\/ajax-pga-2\\\/#breadcrumb\"},\"inLanguage\":\"fr-FR\",\"potentialAction\":[{\"@type\":\"ReadAction\",\"target\":[\"https:\\\/\\\/mortelleadele.com\\\/index.php\\\/ajax-pga-2\\\/\"]}]},{\"@type\":\"ImageObject\",\"inLanguage\":\"fr-FR\",\"@id\":\"https:\\\/\\\/mortelleadele.com\\\/index.php\\\/ajax-pga-2\\\/#primaryimage\",\"url\":\"https:\\\/\\\/mortelleadele.com\\\/wp-content\\\/uploads\\\/2025\\\/03\\\/AJAX-PGA2-COUV-DEF-V1-Grande.jpeg\",\"contentUrl\":\"https:\\\/\\\/mortelleadele.com\\\/wp-content\\\/uploads\\\/2025\\\/03\\\/AJAX-PGA2-COUV-DEF-V1-Grande.jpeg\",\"width\":1097,\"height\":1280},{\"@type\":\"BreadcrumbList\",\"@id\":\"https:\\\/\\\/mortelleadele.com\\\/index.php\\\/ajax-pga-2\\\/#breadcrumb\",\"itemListElement\":[{\"@type\":\"ListItem\",\"position\":1,\"name\":\"Accueil\",\"item\":\"https:\\\/\\\/mortelleadele.com\\\/\"},{\"@type\":\"ListItem\",\"position\":2,\"name\":\"La petite grande Chaventure d&rsquo;Ajax 2\"}]},{\"@type\":\"WebSite\",\"@id\":\"https:\\\/\\\/mortelleadele.com\\\/#website\",\"url\":\"https:\\\/\\\/mortelleadele.com\\\/\",\"name\":\"Mortelle Ad\u00e8le\",\"description\":\"H\u00e9ro\u00efne de Bande dessin\u00e9e\",\"publisher\":{\"@id\":\"https:\\\/\\\/mortelleadele.com\\\/#organization\"},\"potentialAction\":[{\"@type\":\"SearchAction\",\"target\":{\"@type\":\"EntryPoint\",\"urlTemplate\":\"https:\\\/\\\/mortelleadele.com\\\/?s={search_term_string}\"},\"query-input\":{\"@type\":\"PropertyValueSpecification\",\"valueRequired\":true,\"valueName\":\"search_term_string\"}}],\"inLanguage\":\"fr-FR\"},{\"@type\":\"Organization\",\"@id\":\"https:\\\/\\\/mortelleadele.com\\\/#organization\",\"name\":\"Mortelle Ad\u00e8le\",\"url\":\"https:\\\/\\\/mortelleadele.com\\\/\",\"logo\":{\"@type\":\"ImageObject\",\"inLanguage\":\"fr-FR\",\"@id\":\"https:\\\/\\\/mortelleadele.com\\\/#\\\/schema\\\/logo\\\/image\\\/\",\"url\":\"https:\\\/\\\/mortelleadele.com\\\/wp-content\\\/uploads\\\/2023\\\/01\\\/Logo-Mortelle-Adele.jpeg\",\"contentUrl\":\"https:\\\/\\\/mortelleadele.com\\\/wp-content\\\/uploads\\\/2023\\\/01\\\/Logo-Mortelle-Adele.jpeg\",\"width\":1176,\"height\":761,\"caption\":\"Mortelle Ad\u00e8le\"},\"image\":{\"@id\":\"https:\\\/\\\/mortelleadele.com\\\/#\\\/schema\\\/logo\\\/image\\\/\"},\"sameAs\":[\"https:\\\/\\\/www.facebook.com\\\/mortelleadele\",\"https:\\\/\\\/www.instagram.com\\\/mortelleadelebd\"]}]}<\/script>\n<!-- \/ Yoast SEO plugin. -->","yoast_head_json":{"title":"La petite grande Chaventure d'Ajax 2 &#8211; Mortelle Ad\u00e8le","robots":{"index":"index","follow":"follow","max-snippet":"max-snippet:-1","max-image-preview":"max-image-preview:large","max-video-preview":"max-video-preview:-1"},"canonical":"https:\/\/mortelleadele.com\/index.php\/ajax-pga-2\/","og_locale":"fr_FR","og_type":"article","og_title":"La petite grande Chaventure d'Ajax 2 &#8211; Mortelle Ad\u00e8le","og_description":"R\u00e9sum\u00e9 : Quand on n\u2019a pas le moral, rien de tel qu\u2019une bande de copains ! Et pour redonner le sourire \u00e0 Ajax, Snow, Fizz, San et tous les autres ont une id\u00e9e chatastique&nbsp;: l\u2019emmener au cin\u00e9ma pour d\u00e9couvrir le nouveau film de son idole, Magic Eddy. Mais alors que le petit groupe pensait passer &hellip; Continuer la lecture de &laquo;&nbsp;La petite grande Chaventure d&rsquo;Ajax 2&nbsp;&raquo;","og_url":"https:\/\/mortelleadele.com\/index.php\/ajax-pga-2\/","og_site_name":"Mortelle Ad\u00e8le","article_publisher":"https:\/\/www.facebook.com\/mortelleadele","article_modified_time":"2025-05-02T15:20:38+00:00","og_image":[{"width":1097,"height":1280,"url":"https:\/\/mortelleadele.com\/wp-content\/uploads\/2025\/03\/AJAX-PGA2-COUV-DEF-V1-Grande.jpeg","type":"image\/jpeg"}],"twitter_card":"summary_large_image","twitter_misc":{"Dur\u00e9e de lecture estim\u00e9e":"3 minutes"},"schema":{"@context":"https:\/\/schema.org","@graph":[{"@type":"WebPage","@id":"https:\/\/mortelleadele.com\/index.php\/ajax-pga-2\/","url":"https:\/\/mortelleadele.com\/index.php\/ajax-pga-2\/","name":"La petite grande Chaventure d'Ajax 2 &#8211; Mortelle Ad\u00e8le","isPartOf":{"@id":"https:\/\/mortelleadele.com\/#website"},"primaryImageOfPage":{"@id":"https:\/\/mortelleadele.com\/index.php\/ajax-pga-2\/#primaryimage"},"image":{"@id":"https:\/\/mortelleadele.com\/index.php\/ajax-pga-2\/#primaryimage"},"thumbnailUrl":"https:\/\/mortelleadele.com\/wp-content\/uploads\/2025\/03\/AJAX-PGA2-COUV-DEF-V1-Grande-878x1024.jpeg","datePublished":"2025-02-21T08:01:13+00:00","dateModified":"2025-05-02T15:20:38+00:00","breadcrumb":{"@id":"https:\/\/mortelleadele.com\/index.php\/ajax-pga-2\/#breadcrumb"},"inLanguage":"fr-FR","potentialAction":[{"@type":"ReadAction","target":["https:\/\/mortelleadele.com\/index.php\/ajax-pga-2\/"]}]},{"@type":"ImageObject","inLanguage":"fr-FR","@id":"https:\/\/mortelleadele.com\/index.php\/ajax-pga-2\/#primaryimage","url":"https:\/\/mortelleadele.com\/wp-content\/uploads\/2025\/03\/AJAX-PGA2-COUV-DEF-V1-Grande.jpeg","contentUrl":"https:\/\/mortelleadele.com\/wp-content\/uploads\/2025\/03\/AJAX-PGA2-COUV-DEF-V1-Grande.jpeg","width":1097,"height":1280},{"@type":"BreadcrumbList","@id":"https:\/\/mortelleadele.com\/index.php\/ajax-pga-2\/#breadcrumb","itemListElement":[{"@type":"ListItem","position":1,"name":"Accueil","item":"https:\/\/mortelleadele.com\/"},{"@type":"ListItem","position":2,"name":"La petite grande Chaventure d&rsquo;Ajax 2"}]},{"@type":"WebSite","@id":"https:\/\/mortelleadele.com\/#website","url":"https:\/\/mortelleadele.com\/","name":"Mortelle Ad\u00e8le","description":"H\u00e9ro\u00efne de Bande dessin\u00e9e","publisher":{"@id":"https:\/\/mortelleadele.com\/#organization"},"potentialAction":[{"@type":"SearchAction","target":{"@type":"EntryPoint","urlTemplate":"https:\/\/mortelleadele.com\/?s={search_term_string}"},"query-input":{"@type":"PropertyValueSpecification","valueRequired":true,"valueName":"search_term_string"}}],"inLanguage":"fr-FR"},{"@type":"Organization","@id":"https:\/\/mortelleadele.com\/#organization","name":"Mortelle Ad\u00e8le","url":"https:\/\/mortelleadele.com\/","logo":{"@type":"ImageObject","inLanguage":"fr-FR","@id":"https:\/\/mortelleadele.com\/#\/schema\/logo\/image\/","url":"https:\/\/mortelleadele.com\/wp-content\/uploads\/2023\/01\/Logo-Mortelle-Adele.jpeg","contentUrl":"https:\/\/mortelleadele.com\/wp-content\/uploads\/2023\/01\/Logo-Mortelle-Adele.jpeg","width":1176,"height":761,"caption":"Mortelle Ad\u00e8le"},"image":{"@id":"https:\/\/mortelleadele.com\/#\/schema\/logo\/image\/"},"sameAs":["https:\/\/www.facebook.com\/mortelleadele","https:\/\/www.instagram.com\/mortelleadelebd"]}]}},"_links":{"self":[{"href":"https:\/\/mortelleadele.com\/index.php\/wp-json\/wp\/v2\/pages\/5215","targetHints":{"allow":["GET"]}}],"collection":[{"href":"https:\/\/mortelleadele.com\/index.php\/wp-json\/wp\/v2\/pages"}],"about":[{"href":"https:\/\/mortelleadele.com\/index.php\/wp-json\/wp\/v2\/types\/page"}],"author":[{"embeddable":true,"href":"https:\/\/mortelleadele.com\/index.php\/wp-json\/wp\/v2\/users\/1"}],"replies":[{"embeddable":true,"href":"https:\/\/mortelleadele.com\/index.php\/wp-json\/wp\/v2\/comments?post=5215"}],"version-history":[{"count":16,"href":"https:\/\/mortelleadele.com\/index.php\/wp-json\/wp\/v2\/pages\/5215\/revisions"}],"predecessor-version":[{"id":6115,"href":"https:\/\/mortelleadele.com\/index.php\/wp-json\/wp\/v2\/pages\/5215\/revisions\/6115"}],"wp:attachment":[{"href":"https:\/\/mortelleadele.com\/index.php\/wp-json\/wp\/v2\/media?parent=5215"}],"curies":[{"name":"wp","href":"https:\/\/api.w.org\/{rel}","templated":true}]}}