{"id":5314,"date":"2025-02-19T11:23:09","date_gmt":"2025-02-19T10:23:09","guid":{"rendered":"https:\/\/mortelleadele.com\/?page_id=5314"},"modified":"2025-04-16T09:11:19","modified_gmt":"2025-04-16T07:11:19","slug":"monopoly","status":"publish","type":"page","link":"https:\/\/mortelleadele.com\/index.php\/monopoly\/","title":{"rendered":"Monopoly Mortelle Ad\u00e8le"},"content":{"rendered":"<div class=\"wp-block-image\">\n<figure class=\"aligncenter size-large is-resized\"><img fetchpriority=\"high\" decoding=\"async\" width=\"1024\" height=\"1024\" src=\"https:\/\/mortelleadele.com\/wp-content\/uploads\/2025\/01\/Mortelle-Adele-Monopoly-FR-Box-Std-1024x1024.jpg\" alt=\"Monopoly Mortelle Ad\u00e8le\" class=\"wp-image-5029\" style=\"width:420px;height:auto\" srcset=\"https:\/\/mortelleadele.com\/wp-content\/uploads\/2025\/01\/Mortelle-Adele-Monopoly-FR-Box-Std-1024x1024.jpg 1024w, https:\/\/mortelleadele.com\/wp-content\/uploads\/2025\/01\/Mortelle-Adele-Monopoly-FR-Box-Std-300x300.jpg 300w, https:\/\/mortelleadele.com\/wp-content\/uploads\/2025\/01\/Mortelle-Adele-Monopoly-FR-Box-Std-150x150.jpg 150w, https:\/\/mortelleadele.com\/wp-content\/uploads\/2025\/01\/Mortelle-Adele-Monopoly-FR-Box-Std-768x768.jpg 768w, https:\/\/mortelleadele.com\/wp-content\/uploads\/2025\/01\/Mortelle-Adele-Monopoly-FR-Box-Std-100x100.jpg 100w, https:\/\/mortelleadele.com\/wp-content\/uploads\/2025\/01\/Mortelle-Adele-Monopoly-FR-Box-Std.jpg 1200w\" sizes=\"(max-width: 706px) 89vw, (max-width: 767px) 82vw, 740px\" \/><\/figure>\n<\/div>\n\n\n<div class=\"wp-block-columns are-vertically-aligned-center is-layout-flex wp-container-core-columns-is-layout-9d6595d7 wp-block-columns-is-layout-flex\">\n<div class=\"wp-block-column is-vertically-aligned-center is-layout-flow wp-block-column-is-layout-flow\">\n<h3 class=\"wp-block-heading has-text-align-left has-text-color\" style=\"color:#000000\">Description :<\/h3>\n\n\n\n<p class=\"has-text-align-left\">Dans cette \u00e9dition sp\u00e9ciale du <strong>Monopoly<\/strong>, choisissez votre camp ! <br>Seras-tu un membre des <strong>Pink Malibu <\/strong>ou rejoindras-tu les rangs du <strong>Club des Bizarres<\/strong> ? Recrute un maximum de personnages de ton \u00e9quipe, accumule des points de <strong>Mortellitude<\/strong>, place des <strong>pizzas<\/strong> et des <strong>cookies<\/strong> sur vos personnages pr\u00e9f\u00e9r\u00e9s et deviens le ou la Pr\u00e9sident(e) de la galaxie. <br>Les cartes \u201c<em>Tu veux ma photo ?<\/em>\u201d et \u201c<em>Toi, je te zut !<\/em>\u201d remplacent les iconiques cartes \u201cChance\u201d et \u201cCaisse de communaut\u00e9\u201d.<\/p>\n\n\n\n<p class=\"has-text-align-left\">Un jeu plein d\u2019humour, de surprises et de d\u00e9fis !<\/p>\n\n\n\n<ul class=\"wp-block-list\">\n<li>Retrouve les personnages embl\u00e9matiques de l\u2019univers Mortelle Ad\u00e8le comme : Magnus, Geoffroy, M\u00e9lissa, Thomas, Ajax et bien d\u2019autres.<\/li>\n\n\n\n<li>6 pions personnalis\u00e9s : cahier de b\u00eatises, catapulte, poup\u00e9e vaudou, bouteille de poison, portail interdimentionnel, d\u00e9tecteur de mortellitude<\/li>\n\n\n\n<li>Accumule des points de Mortellitude \u2013 les billets du Monopoly sont personnalis\u00e9s \u00e0 l\u2019image de la B.D<\/li>\n\n\n\n<li>Pizzas et cookies, plats pr\u00e9f\u00e9r\u00e9s d\u2019Ad\u00e8le, remplacent les iconiques h\u00f4tels et maisons<\/li>\n\n\n\n<li>Les cartes \u201cTu veux ma photo ?\u201d et \u201cToi, je te zut !\u201d remplacent les cartes \u201cChance\u201d et \u201cCaisse de communaut\u00e9\u201d.<\/li>\n<\/ul>\n<\/div>\n<\/div>\n\n\n\n<p class=\"has-background\" style=\"background-color:#abb7c245\"><strong>Sc\u00e9nario : <\/strong>Mr Tan<br><strong>Dessin : <\/strong>Diane Le Feyer<\/p>\n\n\n\n<figure class=\"wp-block-table\"><table><tbody><tr><td>JOUEURS<\/td><td><strong>2 \u00e0 6<\/strong><\/td><\/tr><tr><td>PARUTION<\/td><td><strong>Mars 2025<\/strong><\/td><\/tr><tr><td>CO-\u00c9DITEUR<\/td><td><strong>Mr Tan &amp; Co \/ Hasbro \/ Winning Moves<\/strong><\/td><\/tr><tr><td>AGE<\/td><td><strong>\u00c0 partir de 8 ans<\/strong><\/td><\/tr><tr><td>DUR\u00c9E DE LA PARTIE<\/td><td><strong>1h30 environ<\/strong><\/td><\/tr><\/tbody><\/table><\/figure>\n\n\n\n<p class=\"has-background has-small-font-size\" style=\"background-color:#abb7c217\"><em>\u00a9 Mr Tan et Diane Le Feyer d\u2019apr\u00e8s l\u2019\u0153uvre cr\u00e9\u00e9e par Mr Tan et Miss Prickly<\/em><\/p>\n\n\n\n<div class=\"wp-block-columns is-layout-flex wp-container-core-columns-is-layout-9d6595d7 wp-block-columns-is-layout-flex\">\n<div class=\"wp-block-column is-layout-flow wp-block-column-is-layout-flow\">\n<div class=\"wp-block-group has-background is-content-justification-space-between is-nowrap is-layout-flex wp-container-core-group-is-layout-0dfbf163 wp-block-group-is-layout-flex\" style=\"background-color:#d7d4d4\">\n<figure class=\"wp-block-image size-full is-resized\"><a href=\"https:\/\/tidd.ly\/41IjMVG\"><img decoding=\"async\" width=\"1000\" height=\"1000\" src=\"https:\/\/ma.mrtanandco.fr\/wp-content\/uploads\/2022\/11\/Fnac-1.png\" alt=\"\" class=\"wp-image-332\" style=\"width:100px;height:100px\" srcset=\"https:\/\/mortelleadele.com\/wp-content\/uploads\/2022\/11\/Fnac-1.png 1000w, https:\/\/mortelleadele.com\/wp-content\/uploads\/2022\/11\/Fnac-1-300x300.png 300w, https:\/\/mortelleadele.com\/wp-content\/uploads\/2022\/11\/Fnac-1-150x150.png 150w, https:\/\/mortelleadele.com\/wp-content\/uploads\/2022\/11\/Fnac-1-768x768.png 768w, https:\/\/mortelleadele.com\/wp-content\/uploads\/2022\/11\/Fnac-1-100x100.png 100w\" sizes=\"(max-width: 706px) 89vw, (max-width: 767px) 82vw, 740px\" \/><\/a><\/figure>\n\n\n\n<figure class=\"wp-block-image size-full is-resized\"><a href=\"https:\/\/tidd.ly\/44evdrd\"><img decoding=\"async\" width=\"342\" height=\"138\" src=\"https:\/\/mortelleadele.com\/wp-content\/uploads\/2022\/12\/Cultura-1.png\" alt=\"\" class=\"wp-image-1020\" style=\"width:125px\" srcset=\"https:\/\/mortelleadele.com\/wp-content\/uploads\/2022\/12\/Cultura-1.png 342w, https:\/\/mortelleadele.com\/wp-content\/uploads\/2022\/12\/Cultura-1-300x121.png 300w\" sizes=\"(max-width: 342px) 100vw, 342px\" \/><\/a><\/figure>\n\n\n\n<figure class=\"wp-block-image size-full is-resized\"><a href=\"https:\/\/amzn.to\/42yee0a\"><img loading=\"lazy\" decoding=\"async\" width=\"512\" height=\"156\" src=\"https:\/\/mortelleadele.com\/wp-content\/uploads\/2022\/11\/amazon.png\" alt=\"amazon\" class=\"wp-image-322\" style=\"width:125px\" srcset=\"https:\/\/mortelleadele.com\/wp-content\/uploads\/2022\/11\/amazon.png 512w, https:\/\/mortelleadele.com\/wp-content\/uploads\/2022\/11\/amazon-300x91.png 300w\" sizes=\"(max-width: 512px) 100vw, 512px\" \/><\/a><\/figure>\n<\/div>\n<\/div>\n<\/div>\n\n\n\n<div class=\"wp-block-buttons is-horizontal is-content-justification-center is-layout-flex wp-container-core-buttons-is-layout-a4d366b9 wp-block-buttons-is-layout-flex\">\n<div class=\"wp-block-button is-style-fill\"><a class=\"wp-block-button__link wp-element-button\" href=\"https:\/\/mortelleadele.com\/index.php\/mes-objets\/\">Retour \u00e0 mon bazar<\/a><\/div>\n<\/div>\n","protected":false},"excerpt":{"rendered":"<p>Description : Dans cette \u00e9dition sp\u00e9ciale du Monopoly, choisissez votre camp ! Seras-tu un membre des Pink Malibu ou rejoindras-tu les rangs du Club des Bizarres ? Recrute un maximum de personnages de ton \u00e9quipe, accumule des points de Mortellitude, place des pizzas et des cookies sur vos personnages pr\u00e9f\u00e9r\u00e9s et deviens le ou la &hellip; <\/p>\n<p class=\"link-more\"><a href=\"https:\/\/mortelleadele.com\/index.php\/monopoly\/\" class=\"more-link\">Continuer la lecture<span class=\"screen-reader-text\"> de &laquo;&nbsp;Monopoly Mortelle Ad\u00e8le&nbsp;&raquo;<\/span><\/a><\/p>\n","protected":false},"author":1,"featured_media":0,"parent":0,"menu_order":0,"comment_status":"closed","ping_status":"closed","template":"","meta":{"footnotes":""},"class_list":["post-5314","page","type-page","status-publish","hentry"],"yoast_head":"<!-- This site is optimized with the Yoast SEO plugin v27.4 - https:\/\/yoast.com\/product\/yoast-seo-wordpress\/ -->\n<title>Monopoly Mortelle Ad\u00e8le &#8211; Mortelle Ad\u00e8le<\/title>\n<meta name=\"robots\" content=\"index, follow, max-snippet:-1, max-image-preview:large, max-video-preview:-1\" \/>\n<link rel=\"canonical\" href=\"https:\/\/mortelleadele.com\/index.php\/monopoly\/\" \/>\n<meta property=\"og:locale\" content=\"fr_FR\" \/>\n<meta property=\"og:type\" content=\"article\" \/>\n<meta property=\"og:title\" content=\"Monopoly Mortelle Ad\u00e8le &#8211; Mortelle Ad\u00e8le\" \/>\n<meta property=\"og:description\" content=\"Description : Dans cette \u00e9dition sp\u00e9ciale du Monopoly, choisissez votre camp ! Seras-tu un membre des Pink Malibu ou rejoindras-tu les rangs du Club des Bizarres ? Recrute un maximum de personnages de ton \u00e9quipe, accumule des points de Mortellitude, place des pizzas et des cookies sur vos personnages pr\u00e9f\u00e9r\u00e9s et deviens le ou la &hellip; Continuer la lecture de &laquo;&nbsp;Monopoly Mortelle Ad\u00e8le&nbsp;&raquo;\" \/>\n<meta property=\"og:url\" content=\"https:\/\/mortelleadele.com\/index.php\/monopoly\/\" \/>\n<meta property=\"og:site_name\" content=\"Mortelle Ad\u00e8le\" \/>\n<meta property=\"article:publisher\" content=\"https:\/\/www.facebook.com\/mortelleadele\" \/>\n<meta property=\"article:modified_time\" content=\"2025-04-16T07:11:19+00:00\" \/>\n<meta property=\"og:image\" content=\"https:\/\/mortelleadele.com\/wp-content\/uploads\/2025\/01\/Mortelle-Adele-Monopoly-FR-Box-Std.jpg\" \/>\n\t<meta property=\"og:image:width\" content=\"1200\" \/>\n\t<meta property=\"og:image:height\" content=\"1200\" \/>\n\t<meta property=\"og:image:type\" content=\"image\/jpeg\" \/>\n<meta name=\"twitter:card\" content=\"summary_large_image\" \/>\n<meta name=\"twitter:label1\" content=\"Dur\u00e9e de lecture estim\u00e9e\" \/>\n\t<meta name=\"twitter:data1\" content=\"2 minutes\" \/>\n<script type=\"application\/ld+json\" class=\"yoast-schema-graph\">{\"@context\":\"https:\\\/\\\/schema.org\",\"@graph\":[{\"@type\":\"WebPage\",\"@id\":\"https:\\\/\\\/mortelleadele.com\\\/index.php\\\/monopoly\\\/\",\"url\":\"https:\\\/\\\/mortelleadele.com\\\/index.php\\\/monopoly\\\/\",\"name\":\"Monopoly Mortelle Ad\u00e8le &#8211; Mortelle Ad\u00e8le\",\"isPartOf\":{\"@id\":\"https:\\\/\\\/mortelleadele.com\\\/#website\"},\"primaryImageOfPage\":{\"@id\":\"https:\\\/\\\/mortelleadele.com\\\/index.php\\\/monopoly\\\/#primaryimage\"},\"image\":{\"@id\":\"https:\\\/\\\/mortelleadele.com\\\/index.php\\\/monopoly\\\/#primaryimage\"},\"thumbnailUrl\":\"https:\\\/\\\/mortelleadele.com\\\/wp-content\\\/uploads\\\/2025\\\/01\\\/Mortelle-Adele-Monopoly-FR-Box-Std-1024x1024.jpg\",\"datePublished\":\"2025-02-19T10:23:09+00:00\",\"dateModified\":\"2025-04-16T07:11:19+00:00\",\"breadcrumb\":{\"@id\":\"https:\\\/\\\/mortelleadele.com\\\/index.php\\\/monopoly\\\/#breadcrumb\"},\"inLanguage\":\"fr-FR\",\"potentialAction\":[{\"@type\":\"ReadAction\",\"target\":[\"https:\\\/\\\/mortelleadele.com\\\/index.php\\\/monopoly\\\/\"]}]},{\"@type\":\"ImageObject\",\"inLanguage\":\"fr-FR\",\"@id\":\"https:\\\/\\\/mortelleadele.com\\\/index.php\\\/monopoly\\\/#primaryimage\",\"url\":\"https:\\\/\\\/mortelleadele.com\\\/wp-content\\\/uploads\\\/2025\\\/01\\\/Mortelle-Adele-Monopoly-FR-Box-Std.jpg\",\"contentUrl\":\"https:\\\/\\\/mortelleadele.com\\\/wp-content\\\/uploads\\\/2025\\\/01\\\/Mortelle-Adele-Monopoly-FR-Box-Std.jpg\",\"width\":1200,\"height\":1200,\"caption\":\"Monopoly Mortelle Ad\u00e8le\"},{\"@type\":\"BreadcrumbList\",\"@id\":\"https:\\\/\\\/mortelleadele.com\\\/index.php\\\/monopoly\\\/#breadcrumb\",\"itemListElement\":[{\"@type\":\"ListItem\",\"position\":1,\"name\":\"Accueil\",\"item\":\"https:\\\/\\\/mortelleadele.com\\\/\"},{\"@type\":\"ListItem\",\"position\":2,\"name\":\"Monopoly Mortelle Ad\u00e8le\"}]},{\"@type\":\"WebSite\",\"@id\":\"https:\\\/\\\/mortelleadele.com\\\/#website\",\"url\":\"https:\\\/\\\/mortelleadele.com\\\/\",\"name\":\"Mortelle Ad\u00e8le\",\"description\":\"H\u00e9ro\u00efne de Bande dessin\u00e9e\",\"publisher\":{\"@id\":\"https:\\\/\\\/mortelleadele.com\\\/#organization\"},\"potentialAction\":[{\"@type\":\"SearchAction\",\"target\":{\"@type\":\"EntryPoint\",\"urlTemplate\":\"https:\\\/\\\/mortelleadele.com\\\/?s={search_term_string}\"},\"query-input\":{\"@type\":\"PropertyValueSpecification\",\"valueRequired\":true,\"valueName\":\"search_term_string\"}}],\"inLanguage\":\"fr-FR\"},{\"@type\":\"Organization\",\"@id\":\"https:\\\/\\\/mortelleadele.com\\\/#organization\",\"name\":\"Mortelle Ad\u00e8le\",\"url\":\"https:\\\/\\\/mortelleadele.com\\\/\",\"logo\":{\"@type\":\"ImageObject\",\"inLanguage\":\"fr-FR\",\"@id\":\"https:\\\/\\\/mortelleadele.com\\\/#\\\/schema\\\/logo\\\/image\\\/\",\"url\":\"https:\\\/\\\/mortelleadele.com\\\/wp-content\\\/uploads\\\/2023\\\/01\\\/Logo-Mortelle-Adele.jpeg\",\"contentUrl\":\"https:\\\/\\\/mortelleadele.com\\\/wp-content\\\/uploads\\\/2023\\\/01\\\/Logo-Mortelle-Adele.jpeg\",\"width\":1176,\"height\":761,\"caption\":\"Mortelle Ad\u00e8le\"},\"image\":{\"@id\":\"https:\\\/\\\/mortelleadele.com\\\/#\\\/schema\\\/logo\\\/image\\\/\"},\"sameAs\":[\"https:\\\/\\\/www.facebook.com\\\/mortelleadele\",\"https:\\\/\\\/www.instagram.com\\\/mortelleadelebd\"]}]}<\/script>\n<!-- \/ Yoast SEO plugin. -->","yoast_head_json":{"title":"Monopoly Mortelle Ad\u00e8le &#8211; Mortelle Ad\u00e8le","robots":{"index":"index","follow":"follow","max-snippet":"max-snippet:-1","max-image-preview":"max-image-preview:large","max-video-preview":"max-video-preview:-1"},"canonical":"https:\/\/mortelleadele.com\/index.php\/monopoly\/","og_locale":"fr_FR","og_type":"article","og_title":"Monopoly Mortelle Ad\u00e8le &#8211; Mortelle Ad\u00e8le","og_description":"Description : Dans cette \u00e9dition sp\u00e9ciale du Monopoly, choisissez votre camp ! Seras-tu un membre des Pink Malibu ou rejoindras-tu les rangs du Club des Bizarres ? Recrute un maximum de personnages de ton \u00e9quipe, accumule des points de Mortellitude, place des pizzas et des cookies sur vos personnages pr\u00e9f\u00e9r\u00e9s et deviens le ou la &hellip; Continuer la lecture de &laquo;&nbsp;Monopoly Mortelle Ad\u00e8le&nbsp;&raquo;","og_url":"https:\/\/mortelleadele.com\/index.php\/monopoly\/","og_site_name":"Mortelle Ad\u00e8le","article_publisher":"https:\/\/www.facebook.com\/mortelleadele","article_modified_time":"2025-04-16T07:11:19+00:00","og_image":[{"width":1200,"height":1200,"url":"https:\/\/mortelleadele.com\/wp-content\/uploads\/2025\/01\/Mortelle-Adele-Monopoly-FR-Box-Std.jpg","type":"image\/jpeg"}],"twitter_card":"summary_large_image","twitter_misc":{"Dur\u00e9e de lecture estim\u00e9e":"2 minutes"},"schema":{"@context":"https:\/\/schema.org","@graph":[{"@type":"WebPage","@id":"https:\/\/mortelleadele.com\/index.php\/monopoly\/","url":"https:\/\/mortelleadele.com\/index.php\/monopoly\/","name":"Monopoly Mortelle Ad\u00e8le &#8211; Mortelle Ad\u00e8le","isPartOf":{"@id":"https:\/\/mortelleadele.com\/#website"},"primaryImageOfPage":{"@id":"https:\/\/mortelleadele.com\/index.php\/monopoly\/#primaryimage"},"image":{"@id":"https:\/\/mortelleadele.com\/index.php\/monopoly\/#primaryimage"},"thumbnailUrl":"https:\/\/mortelleadele.com\/wp-content\/uploads\/2025\/01\/Mortelle-Adele-Monopoly-FR-Box-Std-1024x1024.jpg","datePublished":"2025-02-19T10:23:09+00:00","dateModified":"2025-04-16T07:11:19+00:00","breadcrumb":{"@id":"https:\/\/mortelleadele.com\/index.php\/monopoly\/#breadcrumb"},"inLanguage":"fr-FR","potentialAction":[{"@type":"ReadAction","target":["https:\/\/mortelleadele.com\/index.php\/monopoly\/"]}]},{"@type":"ImageObject","inLanguage":"fr-FR","@id":"https:\/\/mortelleadele.com\/index.php\/monopoly\/#primaryimage","url":"https:\/\/mortelleadele.com\/wp-content\/uploads\/2025\/01\/Mortelle-Adele-Monopoly-FR-Box-Std.jpg","contentUrl":"https:\/\/mortelleadele.com\/wp-content\/uploads\/2025\/01\/Mortelle-Adele-Monopoly-FR-Box-Std.jpg","width":1200,"height":1200,"caption":"Monopoly Mortelle Ad\u00e8le"},{"@type":"BreadcrumbList","@id":"https:\/\/mortelleadele.com\/index.php\/monopoly\/#breadcrumb","itemListElement":[{"@type":"ListItem","position":1,"name":"Accueil","item":"https:\/\/mortelleadele.com\/"},{"@type":"ListItem","position":2,"name":"Monopoly Mortelle Ad\u00e8le"}]},{"@type":"WebSite","@id":"https:\/\/mortelleadele.com\/#website","url":"https:\/\/mortelleadele.com\/","name":"Mortelle Ad\u00e8le","description":"H\u00e9ro\u00efne de Bande dessin\u00e9e","publisher":{"@id":"https:\/\/mortelleadele.com\/#organization"},"potentialAction":[{"@type":"SearchAction","target":{"@type":"EntryPoint","urlTemplate":"https:\/\/mortelleadele.com\/?s={search_term_string}"},"query-input":{"@type":"PropertyValueSpecification","valueRequired":true,"valueName":"search_term_string"}}],"inLanguage":"fr-FR"},{"@type":"Organization","@id":"https:\/\/mortelleadele.com\/#organization","name":"Mortelle Ad\u00e8le","url":"https:\/\/mortelleadele.com\/","logo":{"@type":"ImageObject","inLanguage":"fr-FR","@id":"https:\/\/mortelleadele.com\/#\/schema\/logo\/image\/","url":"https:\/\/mortelleadele.com\/wp-content\/uploads\/2023\/01\/Logo-Mortelle-Adele.jpeg","contentUrl":"https:\/\/mortelleadele.com\/wp-content\/uploads\/2023\/01\/Logo-Mortelle-Adele.jpeg","width":1176,"height":761,"caption":"Mortelle Ad\u00e8le"},"image":{"@id":"https:\/\/mortelleadele.com\/#\/schema\/logo\/image\/"},"sameAs":["https:\/\/www.facebook.com\/mortelleadele","https:\/\/www.instagram.com\/mortelleadelebd"]}]}},"_links":{"self":[{"href":"https:\/\/mortelleadele.com\/index.php\/wp-json\/wp\/v2\/pages\/5314","targetHints":{"allow":["GET"]}}],"collection":[{"href":"https:\/\/mortelleadele.com\/index.php\/wp-json\/wp\/v2\/pages"}],"about":[{"href":"https:\/\/mortelleadele.com\/index.php\/wp-json\/wp\/v2\/types\/page"}],"author":[{"embeddable":true,"href":"https:\/\/mortelleadele.com\/index.php\/wp-json\/wp\/v2\/users\/1"}],"replies":[{"embeddable":true,"href":"https:\/\/mortelleadele.com\/index.php\/wp-json\/wp\/v2\/comments?post=5314"}],"version-history":[{"count":8,"href":"https:\/\/mortelleadele.com\/index.php\/wp-json\/wp\/v2\/pages\/5314\/revisions"}],"predecessor-version":[{"id":5959,"href":"https:\/\/mortelleadele.com\/index.php\/wp-json\/wp\/v2\/pages\/5314\/revisions\/5959"}],"wp:attachment":[{"href":"https:\/\/mortelleadele.com\/index.php\/wp-json\/wp\/v2\/media?parent=5314"}],"curies":[{"name":"wp","href":"https:\/\/api.w.org\/{rel}","templated":true}]}}