{"id":5323,"date":"2025-02-19T11:31:02","date_gmt":"2025-02-19T10:31:02","guid":{"rendered":"https:\/\/mortelleadele.com\/?page_id=5323"},"modified":"2025-04-16T09:15:05","modified_gmt":"2025-04-16T07:15:05","slug":"match","status":"publish","type":"page","link":"https:\/\/mortelleadele.com\/index.php\/match\/","title":{"rendered":"Match Mortelle Ad\u00e8le"},"content":{"rendered":"<div class=\"wp-block-image\">\n<figure class=\"aligncenter size-large is-resized\"><img fetchpriority=\"high\" decoding=\"async\" width=\"1024\" height=\"1024\" src=\"https:\/\/mortelleadele.com\/wp-content\/uploads\/2025\/01\/Mortelle-Ade\u0300le-Top-Trumps-Match-FR-Box-Grande-1024x1024.jpeg\" alt=\"Match Mortelle Ad\u00e8le\" class=\"wp-image-5089\" style=\"width:420px;height:auto\" srcset=\"https:\/\/mortelleadele.com\/wp-content\/uploads\/2025\/01\/Mortelle-Ade\u0300le-Top-Trumps-Match-FR-Box-Grande-1024x1024.jpeg 1024w, https:\/\/mortelleadele.com\/wp-content\/uploads\/2025\/01\/Mortelle-Ade\u0300le-Top-Trumps-Match-FR-Box-Grande-300x300.jpeg 300w, https:\/\/mortelleadele.com\/wp-content\/uploads\/2025\/01\/Mortelle-Ade\u0300le-Top-Trumps-Match-FR-Box-Grande-150x150.jpeg 150w, https:\/\/mortelleadele.com\/wp-content\/uploads\/2025\/01\/Mortelle-Ade\u0300le-Top-Trumps-Match-FR-Box-Grande-768x768.jpeg 768w, https:\/\/mortelleadele.com\/wp-content\/uploads\/2025\/01\/Mortelle-Ade\u0300le-Top-Trumps-Match-FR-Box-Grande-100x100.jpeg 100w, https:\/\/mortelleadele.com\/wp-content\/uploads\/2025\/01\/Mortelle-Ade\u0300le-Top-Trumps-Match-FR-Box-Grande.jpeg 1280w\" sizes=\"(max-width: 706px) 89vw, (max-width: 767px) 82vw, 740px\" \/><\/figure>\n<\/div>\n\n\n<div class=\"wp-block-columns are-vertically-aligned-center is-layout-flex wp-container-core-columns-is-layout-9d6595d7 wp-block-columns-is-layout-flex\">\n<div class=\"wp-block-column is-vertically-aligned-center is-layout-flow wp-block-column-is-layout-flow\">\n<h3 class=\"wp-block-heading has-text-align-left has-text-color\" style=\"color:#000000\">Description :<\/h3>\n\n\n\n<p class=\"has-text-align-left\"><em>POUSSEZ-VOUS LES MOCHES ! <\/em><br>Plonge dans l\u2019univers de <strong>Mortelle Ad\u00e8le<\/strong> avec cette \u00e9dition sp\u00e9ciale du jeu de soci\u00e9t\u00e9 Match The Crazy Cube Game ! Retrouve les membres du <strong>Club des Bizarres<\/strong>, avec Geoffroy, Ad\u00e8le, Thomas et M\u00e9lissa, ainsi que d\u2019autres personnages comme Jade, Fizz et m\u00eame Magnus.<\/p>\n\n\n\n<p class=\"has-text-align-left\"><strong>Jeu de voyage<\/strong> : facile \u00e0 ranger, la console de jeu est id\u00e9ale pour transporter ton Match partout !<\/p>\n\n\n\n<p class=\"has-text-align-left\">Dans ce jeu de strat\u00e9gie \u00e0 <strong>2 joueurs<\/strong>, l\u2019objectif est d\u2019aligner <strong>cinq personnages identiques <\/strong>pour remporter la victoire. Parfait pour d\u00e9fier tes amis ou ta famille avec une touche d\u2019humour caustique, ce jeu est le cadeau id\u00e9al pour les fans d\u2019Ad\u00e8le ! Pas de piti\u00e9 pour les nazebroques !<\/p>\n<\/div>\n<\/div>\n\n\n\n<p class=\"has-background\" style=\"background-color:#abb7c245\"><strong>Sc\u00e9nario : <\/strong>Mr Tan<br><strong>Dessin : <\/strong>Diane Le Feyer<\/p>\n\n\n\n<figure class=\"wp-block-table\"><table><tbody><tr><td>JOUEURS<\/td><td><strong>2<\/strong><\/td><\/tr><tr><td>PARUTION<\/td><td><strong>1er trimestre 2025<\/strong><\/td><\/tr><tr><td>CO-\u00c9DITEUR<\/td><td><strong>Mr Tan &amp; Co \/ Top Trumps<\/strong><\/td><\/tr><tr><td>AGE<\/td><td><strong>\u00c0 partir de 4 ans<\/strong><\/td><\/tr><tr><td>DUR\u00c9E DE LA PARTIE<\/td><td><strong>20 minutes environ<\/strong><\/td><\/tr><\/tbody><\/table><\/figure>\n\n\n\n<p class=\"has-background has-small-font-size\" style=\"background-color:#abb7c217\"><em>\u00a9 Mr Tan et Diane Le Feyer d\u2019apr\u00e8s l\u2019\u0153uvre cr\u00e9\u00e9e par Mr Tan et Miss Prickly<\/em><\/p>\n\n\n\n<div class=\"wp-block-columns is-layout-flex wp-container-core-columns-is-layout-9d6595d7 wp-block-columns-is-layout-flex\">\n<div class=\"wp-block-column is-layout-flow wp-block-column-is-layout-flow\">\n<div class=\"wp-block-group has-background is-content-justification-space-between is-nowrap is-layout-flex wp-container-core-group-is-layout-0dfbf163 wp-block-group-is-layout-flex\" style=\"background-color:#d7d4d4\">\n<figure class=\"wp-block-image size-full is-resized\"><a href=\"https:\/\/tidd.ly\/4lMGdSW\" target=\"_blank\" rel=\" noreferrer noopener\"><img decoding=\"async\" width=\"342\" height=\"138\" src=\"https:\/\/mortelleadele.com\/wp-content\/uploads\/2022\/12\/Cultura-1.png\" alt=\"\" class=\"wp-image-1020\" style=\"width:125px\" srcset=\"https:\/\/mortelleadele.com\/wp-content\/uploads\/2022\/12\/Cultura-1.png 342w, https:\/\/mortelleadele.com\/wp-content\/uploads\/2022\/12\/Cultura-1-300x121.png 300w\" sizes=\"(max-width: 342px) 100vw, 342px\" \/><\/a><\/figure>\n\n\n\n<figure class=\"wp-block-image size-full is-resized\"><a href=\"https:\/\/amzn.to\/4lMDc54\" target=\"_blank\" rel=\" noreferrer noopener\"><img decoding=\"async\" width=\"512\" height=\"156\" src=\"https:\/\/mortelleadele.com\/wp-content\/uploads\/2022\/11\/amazon.png\" alt=\"amazon\" class=\"wp-image-322\" style=\"width:125px\" srcset=\"https:\/\/mortelleadele.com\/wp-content\/uploads\/2022\/11\/amazon.png 512w, https:\/\/mortelleadele.com\/wp-content\/uploads\/2022\/11\/amazon-300x91.png 300w\" sizes=\"(max-width: 512px) 100vw, 512px\" \/><\/a><\/figure>\n<\/div>\n<\/div>\n<\/div>\n\n\n\n<div class=\"wp-block-buttons is-horizontal is-content-justification-center is-layout-flex wp-container-core-buttons-is-layout-a4d366b9 wp-block-buttons-is-layout-flex\">\n<div class=\"wp-block-button is-style-fill\"><a class=\"wp-block-button__link wp-element-button\" href=\"https:\/\/mortelleadele.com\/index.php\/mes-objets\/\">Retour \u00e0 mon bazar<\/a><\/div>\n<\/div>\n","protected":false},"excerpt":{"rendered":"<p>Description : POUSSEZ-VOUS LES MOCHES ! Plonge dans l\u2019univers de Mortelle Ad\u00e8le avec cette \u00e9dition sp\u00e9ciale du jeu de soci\u00e9t\u00e9 Match The Crazy Cube Game ! Retrouve les membres du Club des Bizarres, avec Geoffroy, Ad\u00e8le, Thomas et M\u00e9lissa, ainsi que d\u2019autres personnages comme Jade, Fizz et m\u00eame Magnus. Jeu de voyage : facile \u00e0 &hellip; <\/p>\n<p class=\"link-more\"><a href=\"https:\/\/mortelleadele.com\/index.php\/match\/\" class=\"more-link\">Continuer la lecture<span class=\"screen-reader-text\"> de &laquo;&nbsp;Match Mortelle Ad\u00e8le&nbsp;&raquo;<\/span><\/a><\/p>\n","protected":false},"author":1,"featured_media":0,"parent":0,"menu_order":0,"comment_status":"closed","ping_status":"closed","template":"","meta":{"footnotes":""},"class_list":["post-5323","page","type-page","status-publish","hentry"],"yoast_head":"<!-- This site is optimized with the Yoast SEO plugin v27.4 - https:\/\/yoast.com\/product\/yoast-seo-wordpress\/ -->\n<title>Match Mortelle Ad\u00e8le &#8211; Mortelle Ad\u00e8le<\/title>\n<meta name=\"robots\" content=\"index, follow, max-snippet:-1, max-image-preview:large, max-video-preview:-1\" \/>\n<link rel=\"canonical\" href=\"https:\/\/mortelleadele.com\/index.php\/match\/\" \/>\n<meta property=\"og:locale\" content=\"fr_FR\" \/>\n<meta property=\"og:type\" content=\"article\" \/>\n<meta property=\"og:title\" content=\"Match Mortelle Ad\u00e8le &#8211; Mortelle Ad\u00e8le\" \/>\n<meta property=\"og:description\" content=\"Description : POUSSEZ-VOUS LES MOCHES ! Plonge dans l\u2019univers de Mortelle Ad\u00e8le avec cette \u00e9dition sp\u00e9ciale du jeu de soci\u00e9t\u00e9 Match The Crazy Cube Game ! Retrouve les membres du Club des Bizarres, avec Geoffroy, Ad\u00e8le, Thomas et M\u00e9lissa, ainsi que d\u2019autres personnages comme Jade, Fizz et m\u00eame Magnus. Jeu de voyage : facile \u00e0 &hellip; Continuer la lecture de &laquo;&nbsp;Match Mortelle Ad\u00e8le&nbsp;&raquo;\" \/>\n<meta property=\"og:url\" content=\"https:\/\/mortelleadele.com\/index.php\/match\/\" \/>\n<meta property=\"og:site_name\" content=\"Mortelle Ad\u00e8le\" \/>\n<meta property=\"article:publisher\" content=\"https:\/\/www.facebook.com\/mortelleadele\" \/>\n<meta property=\"article:modified_time\" content=\"2025-04-16T07:15:05+00:00\" \/>\n<meta property=\"og:image\" content=\"https:\/\/mortelleadele.com\/wp-content\/uploads\/2022\/12\/Cultura-1.png\" \/>\n<meta name=\"twitter:card\" content=\"summary_large_image\" \/>\n<meta name=\"twitter:label1\" content=\"Dur\u00e9e de lecture estim\u00e9e\" \/>\n\t<meta name=\"twitter:data1\" content=\"2 minutes\" \/>\n<script type=\"application\/ld+json\" class=\"yoast-schema-graph\">{\"@context\":\"https:\\\/\\\/schema.org\",\"@graph\":[{\"@type\":\"WebPage\",\"@id\":\"https:\\\/\\\/mortelleadele.com\\\/index.php\\\/match\\\/\",\"url\":\"https:\\\/\\\/mortelleadele.com\\\/index.php\\\/match\\\/\",\"name\":\"Match Mortelle Ad\u00e8le &#8211; Mortelle Ad\u00e8le\",\"isPartOf\":{\"@id\":\"https:\\\/\\\/mortelleadele.com\\\/#website\"},\"primaryImageOfPage\":{\"@id\":\"https:\\\/\\\/mortelleadele.com\\\/index.php\\\/match\\\/#primaryimage\"},\"image\":{\"@id\":\"https:\\\/\\\/mortelleadele.com\\\/index.php\\\/match\\\/#primaryimage\"},\"thumbnailUrl\":\"https:\\\/\\\/mortelleadele.com\\\/wp-content\\\/uploads\\\/2022\\\/12\\\/Cultura-1.png\",\"datePublished\":\"2025-02-19T10:31:02+00:00\",\"dateModified\":\"2025-04-16T07:15:05+00:00\",\"breadcrumb\":{\"@id\":\"https:\\\/\\\/mortelleadele.com\\\/index.php\\\/match\\\/#breadcrumb\"},\"inLanguage\":\"fr-FR\",\"potentialAction\":[{\"@type\":\"ReadAction\",\"target\":[\"https:\\\/\\\/mortelleadele.com\\\/index.php\\\/match\\\/\"]}]},{\"@type\":\"ImageObject\",\"inLanguage\":\"fr-FR\",\"@id\":\"https:\\\/\\\/mortelleadele.com\\\/index.php\\\/match\\\/#primaryimage\",\"url\":\"https:\\\/\\\/mortelleadele.com\\\/wp-content\\\/uploads\\\/2022\\\/12\\\/Cultura-1.png\",\"contentUrl\":\"https:\\\/\\\/mortelleadele.com\\\/wp-content\\\/uploads\\\/2022\\\/12\\\/Cultura-1.png\",\"width\":342,\"height\":138},{\"@type\":\"BreadcrumbList\",\"@id\":\"https:\\\/\\\/mortelleadele.com\\\/index.php\\\/match\\\/#breadcrumb\",\"itemListElement\":[{\"@type\":\"ListItem\",\"position\":1,\"name\":\"Accueil\",\"item\":\"https:\\\/\\\/mortelleadele.com\\\/\"},{\"@type\":\"ListItem\",\"position\":2,\"name\":\"Match Mortelle Ad\u00e8le\"}]},{\"@type\":\"WebSite\",\"@id\":\"https:\\\/\\\/mortelleadele.com\\\/#website\",\"url\":\"https:\\\/\\\/mortelleadele.com\\\/\",\"name\":\"Mortelle Ad\u00e8le\",\"description\":\"H\u00e9ro\u00efne de Bande dessin\u00e9e\",\"publisher\":{\"@id\":\"https:\\\/\\\/mortelleadele.com\\\/#organization\"},\"potentialAction\":[{\"@type\":\"SearchAction\",\"target\":{\"@type\":\"EntryPoint\",\"urlTemplate\":\"https:\\\/\\\/mortelleadele.com\\\/?s={search_term_string}\"},\"query-input\":{\"@type\":\"PropertyValueSpecification\",\"valueRequired\":true,\"valueName\":\"search_term_string\"}}],\"inLanguage\":\"fr-FR\"},{\"@type\":\"Organization\",\"@id\":\"https:\\\/\\\/mortelleadele.com\\\/#organization\",\"name\":\"Mortelle Ad\u00e8le\",\"url\":\"https:\\\/\\\/mortelleadele.com\\\/\",\"logo\":{\"@type\":\"ImageObject\",\"inLanguage\":\"fr-FR\",\"@id\":\"https:\\\/\\\/mortelleadele.com\\\/#\\\/schema\\\/logo\\\/image\\\/\",\"url\":\"https:\\\/\\\/mortelleadele.com\\\/wp-content\\\/uploads\\\/2023\\\/01\\\/Logo-Mortelle-Adele.jpeg\",\"contentUrl\":\"https:\\\/\\\/mortelleadele.com\\\/wp-content\\\/uploads\\\/2023\\\/01\\\/Logo-Mortelle-Adele.jpeg\",\"width\":1176,\"height\":761,\"caption\":\"Mortelle Ad\u00e8le\"},\"image\":{\"@id\":\"https:\\\/\\\/mortelleadele.com\\\/#\\\/schema\\\/logo\\\/image\\\/\"},\"sameAs\":[\"https:\\\/\\\/www.facebook.com\\\/mortelleadele\",\"https:\\\/\\\/www.instagram.com\\\/mortelleadelebd\"]}]}<\/script>\n<!-- \/ Yoast SEO plugin. -->","yoast_head_json":{"title":"Match Mortelle Ad\u00e8le &#8211; Mortelle Ad\u00e8le","robots":{"index":"index","follow":"follow","max-snippet":"max-snippet:-1","max-image-preview":"max-image-preview:large","max-video-preview":"max-video-preview:-1"},"canonical":"https:\/\/mortelleadele.com\/index.php\/match\/","og_locale":"fr_FR","og_type":"article","og_title":"Match Mortelle Ad\u00e8le &#8211; Mortelle Ad\u00e8le","og_description":"Description : POUSSEZ-VOUS LES MOCHES ! Plonge dans l\u2019univers de Mortelle Ad\u00e8le avec cette \u00e9dition sp\u00e9ciale du jeu de soci\u00e9t\u00e9 Match The Crazy Cube Game ! Retrouve les membres du Club des Bizarres, avec Geoffroy, Ad\u00e8le, Thomas et M\u00e9lissa, ainsi que d\u2019autres personnages comme Jade, Fizz et m\u00eame Magnus. Jeu de voyage : facile \u00e0 &hellip; Continuer la lecture de &laquo;&nbsp;Match Mortelle Ad\u00e8le&nbsp;&raquo;","og_url":"https:\/\/mortelleadele.com\/index.php\/match\/","og_site_name":"Mortelle Ad\u00e8le","article_publisher":"https:\/\/www.facebook.com\/mortelleadele","article_modified_time":"2025-04-16T07:15:05+00:00","og_image":[{"url":"https:\/\/mortelleadele.com\/wp-content\/uploads\/2022\/12\/Cultura-1.png","type":"","width":"","height":""}],"twitter_card":"summary_large_image","twitter_misc":{"Dur\u00e9e de lecture estim\u00e9e":"2 minutes"},"schema":{"@context":"https:\/\/schema.org","@graph":[{"@type":"WebPage","@id":"https:\/\/mortelleadele.com\/index.php\/match\/","url":"https:\/\/mortelleadele.com\/index.php\/match\/","name":"Match Mortelle Ad\u00e8le &#8211; Mortelle Ad\u00e8le","isPartOf":{"@id":"https:\/\/mortelleadele.com\/#website"},"primaryImageOfPage":{"@id":"https:\/\/mortelleadele.com\/index.php\/match\/#primaryimage"},"image":{"@id":"https:\/\/mortelleadele.com\/index.php\/match\/#primaryimage"},"thumbnailUrl":"https:\/\/mortelleadele.com\/wp-content\/uploads\/2022\/12\/Cultura-1.png","datePublished":"2025-02-19T10:31:02+00:00","dateModified":"2025-04-16T07:15:05+00:00","breadcrumb":{"@id":"https:\/\/mortelleadele.com\/index.php\/match\/#breadcrumb"},"inLanguage":"fr-FR","potentialAction":[{"@type":"ReadAction","target":["https:\/\/mortelleadele.com\/index.php\/match\/"]}]},{"@type":"ImageObject","inLanguage":"fr-FR","@id":"https:\/\/mortelleadele.com\/index.php\/match\/#primaryimage","url":"https:\/\/mortelleadele.com\/wp-content\/uploads\/2022\/12\/Cultura-1.png","contentUrl":"https:\/\/mortelleadele.com\/wp-content\/uploads\/2022\/12\/Cultura-1.png","width":342,"height":138},{"@type":"BreadcrumbList","@id":"https:\/\/mortelleadele.com\/index.php\/match\/#breadcrumb","itemListElement":[{"@type":"ListItem","position":1,"name":"Accueil","item":"https:\/\/mortelleadele.com\/"},{"@type":"ListItem","position":2,"name":"Match Mortelle Ad\u00e8le"}]},{"@type":"WebSite","@id":"https:\/\/mortelleadele.com\/#website","url":"https:\/\/mortelleadele.com\/","name":"Mortelle Ad\u00e8le","description":"H\u00e9ro\u00efne de Bande dessin\u00e9e","publisher":{"@id":"https:\/\/mortelleadele.com\/#organization"},"potentialAction":[{"@type":"SearchAction","target":{"@type":"EntryPoint","urlTemplate":"https:\/\/mortelleadele.com\/?s={search_term_string}"},"query-input":{"@type":"PropertyValueSpecification","valueRequired":true,"valueName":"search_term_string"}}],"inLanguage":"fr-FR"},{"@type":"Organization","@id":"https:\/\/mortelleadele.com\/#organization","name":"Mortelle Ad\u00e8le","url":"https:\/\/mortelleadele.com\/","logo":{"@type":"ImageObject","inLanguage":"fr-FR","@id":"https:\/\/mortelleadele.com\/#\/schema\/logo\/image\/","url":"https:\/\/mortelleadele.com\/wp-content\/uploads\/2023\/01\/Logo-Mortelle-Adele.jpeg","contentUrl":"https:\/\/mortelleadele.com\/wp-content\/uploads\/2023\/01\/Logo-Mortelle-Adele.jpeg","width":1176,"height":761,"caption":"Mortelle Ad\u00e8le"},"image":{"@id":"https:\/\/mortelleadele.com\/#\/schema\/logo\/image\/"},"sameAs":["https:\/\/www.facebook.com\/mortelleadele","https:\/\/www.instagram.com\/mortelleadelebd"]}]}},"_links":{"self":[{"href":"https:\/\/mortelleadele.com\/index.php\/wp-json\/wp\/v2\/pages\/5323","targetHints":{"allow":["GET"]}}],"collection":[{"href":"https:\/\/mortelleadele.com\/index.php\/wp-json\/wp\/v2\/pages"}],"about":[{"href":"https:\/\/mortelleadele.com\/index.php\/wp-json\/wp\/v2\/types\/page"}],"author":[{"embeddable":true,"href":"https:\/\/mortelleadele.com\/index.php\/wp-json\/wp\/v2\/users\/1"}],"replies":[{"embeddable":true,"href":"https:\/\/mortelleadele.com\/index.php\/wp-json\/wp\/v2\/comments?post=5323"}],"version-history":[{"count":5,"href":"https:\/\/mortelleadele.com\/index.php\/wp-json\/wp\/v2\/pages\/5323\/revisions"}],"predecessor-version":[{"id":5961,"href":"https:\/\/mortelleadele.com\/index.php\/wp-json\/wp\/v2\/pages\/5323\/revisions\/5961"}],"wp:attachment":[{"href":"https:\/\/mortelleadele.com\/index.php\/wp-json\/wp\/v2\/media?parent=5323"}],"curies":[{"name":"wp","href":"https:\/\/api.w.org\/{rel}","templated":true}]}}