{"id":566,"date":"2022-11-28T18:48:43","date_gmt":"2022-11-28T17:48:43","guid":{"rendered":"https:\/\/ma.mrtanandco.fr\/?page_id=566"},"modified":"2025-07-28T16:38:07","modified_gmt":"2025-07-28T14:38:07","slug":"tome-21","status":"publish","type":"page","link":"https:\/\/mortelleadele.com\/index.php\/tome-21\/","title":{"rendered":"Tome 21 : R\u00e9cr\u00e9ACTION G\u00e9n\u00e9rale !"},"content":{"rendered":"\n<div class=\"wp-block-columns is-layout-flex wp-container-core-columns-is-layout-9d6595d7 wp-block-columns-is-layout-flex\">\n<div class=\"wp-block-column is-layout-flow wp-block-column-is-layout-flow\"><div class=\"_df_book df-lite\" id=\"df_4195\"  data-title=\"extraits-tome-21\" _slug=\"extraits-tome-21\" wpoptions=\"true\" thumbtype=\"\" ><\/div><script class=\"df-shortcode-script\" type=\"application\/javascript\">window.option_df_4195 = {\"outline\":[],\"backgroundColor\":\"#fff\",\"autoEnableOutline\":\"false\",\"autoEnableThumbnail\":\"false\",\"overwritePDFOutline\":\"false\",\"direction\":\"1\",\"pageSize\":\"0\",\"source\":\"https:\\\/\\\/mortelleadele.com\\\/wp-content\\\/uploads\\\/2024\\\/05\\\/Mortelle-Adele-Tome-21-Extraits.pdf\",\"wpOptions\":\"true\"}; if(window.DFLIP && window.DFLIP.parseBooks){window.DFLIP.parseBooks();}<\/script>\n<\/div>\n\n\n\n<div class=\"wp-block-column is-layout-flow wp-block-column-is-layout-flow\">\n<h3 class=\"wp-block-heading has-text-align-left has-text-color\" style=\"color:#000000\">R\u00e9sum\u00e9 :<\/h3>\n\n\n\n<p><em>\u00ab Au secours, mes parents sont d\u2019un ennui&#8230; Pourtant, \u00e0 une \u00e9poque, ils faisaient autant de b\u00eatises que moi, c\u2019est mamie qui me l\u2019a dit ! Je dois faire quelque chose pour les aider, et vite ! Une petite cure de mortellitude s\u2019impose !  \u00bb<\/em><\/p>\n\n\n\n<p>Mortelle Ad\u00e8le en est convaincue :&nbsp;grandir est la pire id\u00e9e que les enfants puissent avoir ! Il n\u2019y a qu\u2019\u00e0 regarder les adultes autour, ces derniers n\u2019ont plus l\u2019\u00e9nergie&nbsp;de faire la moindre b\u00eatise !&nbsp; Ni une, ni deux, Mortelle Ad\u00e8le d\u00e9cide d\u2019offrir \u00e0 tout son entourage une r\u00e9cr\u00e9ACTION g\u00e9n\u00e9rale !<\/p>\n<\/div>\n<\/div>\n\n\n\n<p class=\"has-background\" style=\"background-color:#abb7c245\"><strong>Sc\u00e9nario : <\/strong>Mr Tan<br><strong>Dessin : <\/strong>Diane Le Feyer<\/p>\n\n\n\n<figure class=\"wp-block-table\"><table><tbody><tr><td>TOME<\/td><td><strong>21<\/strong><\/td><\/tr><tr><td>PARUTION<\/td><td><strong>23 MAI 2024<\/strong><\/td><\/tr><tr><td>EAN<\/td><td><strong><strong><strong><strong><strong><strong><strong><strong><strong><strong><strong><strong><strong><strong><strong><strong><strong><strong><strong>9782494678262<\/strong><\/strong><\/strong><\/strong><\/strong><\/strong><\/strong><\/strong><\/strong><\/strong><\/strong><\/strong><\/strong><\/strong><\/strong><\/strong><\/strong><\/strong><\/strong><\/td><\/tr><tr><td>PAGINATION<\/td><td><strong>80 Pages<\/strong><\/td><\/tr><tr><td>PRIX<\/td><td><strong>11,50 \u20ac<\/strong><\/td><\/tr><tr><td>PRIX ePUB<\/td><td><strong>7,99 \u20ac<\/strong><\/td><\/tr><\/tbody><\/table><\/figure>\n\n\n\n<p class=\"has-background has-small-font-size\" style=\"background-color:#abb7c217\"><em>\u00a9 Mr Tan et Diane Le Feyer d\u2019apr\u00e8s l\u2019\u0153uvre cr\u00e9\u00e9e par Mr Tan et Miss Prickly<\/em><br><em>\u00a9 Mr Tan &amp; Co<\/em><\/p>\n\n\n\n<div class=\"wp-block-columns is-layout-flex wp-container-core-columns-is-layout-9d6595d7 wp-block-columns-is-layout-flex\">\n<div class=\"wp-block-column is-layout-flow wp-block-column-is-layout-flow\">\n<div class=\"wp-block-group has-background is-content-justification-space-between is-nowrap is-layout-flex wp-container-core-group-is-layout-0dfbf163 wp-block-group-is-layout-flex\" style=\"background-color:#d7d4d4\">\n<figure class=\"wp-block-image size-full is-resized\"><a href=\"https:\/\/www.leslibraires.fr\/livre\/23539864-bd-mortelle-adele-tome-t21-mr-tan-mr-tan-and-co?affiliate=mortelleadele&amp;\" target=\"_blank\" rel=\"noreferrer noopener\"><img decoding=\"async\" width=\"251\" height=\"30\" src=\"https:\/\/ma.mrtanandco.fr\/wp-content\/uploads\/2022\/11\/les-libraires.png\" alt=\"\" class=\"wp-image-320\" style=\"width:126px;height:15px\"\/><\/a><\/figure>\n\n\n\n<figure class=\"wp-block-image size-full is-resized\"><a href=\"https:\/\/tidd.ly\/3w6utFE\" target=\"_blank\" rel=\"noreferrer noopener\"><img fetchpriority=\"high\" decoding=\"async\" width=\"1000\" height=\"1000\" src=\"https:\/\/ma.mrtanandco.fr\/wp-content\/uploads\/2022\/11\/Fnac-1.png\" alt=\"\" class=\"wp-image-332\" style=\"width:100px;height:100px\" srcset=\"https:\/\/mortelleadele.com\/wp-content\/uploads\/2022\/11\/Fnac-1.png 1000w, https:\/\/mortelleadele.com\/wp-content\/uploads\/2022\/11\/Fnac-1-300x300.png 300w, https:\/\/mortelleadele.com\/wp-content\/uploads\/2022\/11\/Fnac-1-150x150.png 150w, https:\/\/mortelleadele.com\/wp-content\/uploads\/2022\/11\/Fnac-1-768x768.png 768w, https:\/\/mortelleadele.com\/wp-content\/uploads\/2022\/11\/Fnac-1-100x100.png 100w\" sizes=\"(max-width: 706px) 89vw, (max-width: 767px) 82vw, 740px\" \/><\/a><\/figure>\n\n\n\n<figure class=\"wp-block-image size-full is-resized\"><a href=\"https:\/\/tidd.ly\/4mmAiU9\" target=\"_blank\" rel=\"noreferrer noopener\"><img decoding=\"async\" width=\"342\" height=\"138\" src=\"https:\/\/mortelleadele.com\/wp-content\/uploads\/2022\/12\/Cultura-1.png\" alt=\"\" class=\"wp-image-1020\" style=\"width:100px\" srcset=\"https:\/\/mortelleadele.com\/wp-content\/uploads\/2022\/12\/Cultura-1.png 342w, https:\/\/mortelleadele.com\/wp-content\/uploads\/2022\/12\/Cultura-1-300x121.png 300w\" sizes=\"(max-width: 342px) 100vw, 342px\" \/><\/a><\/figure>\n\n\n\n<figure class=\"wp-block-image size-full is-resized\"><a href=\"https:\/\/amzn.to\/3QhT1CJ\" target=\"_blank\" rel=\"noreferrer noopener\"><img loading=\"lazy\" decoding=\"async\" width=\"512\" height=\"156\" src=\"https:\/\/ma.mrtanandco.fr\/wp-content\/uploads\/2022\/11\/amazon.png\" alt=\"\" class=\"wp-image-322\" style=\"width:128px;height:39px\" srcset=\"https:\/\/mortelleadele.com\/wp-content\/uploads\/2022\/11\/amazon.png 512w, https:\/\/mortelleadele.com\/wp-content\/uploads\/2022\/11\/amazon-300x91.png 300w\" sizes=\"(max-width: 512px) 100vw, 512px\" \/><\/a><\/figure>\n<\/div>\n<\/div>\n<\/div>\n\n\n\n<h3 class=\"wp-block-heading has-text-align-center\">Retrouvez aussi&#8230;<\/h3>\n\n\n\n<div class=\"wp-block-group is-content-justification-center is-nowrap is-layout-flex wp-container-core-group-is-layout-94bc23d7 wp-block-group-is-layout-flex\">\n<figure class=\"wp-block-image size-large\"><a href=\"https:\/\/mortelleadele.com\/index.php\/ajax-pga-2\/\"><img loading=\"lazy\" decoding=\"async\" width=\"878\" height=\"1024\" src=\"https:\/\/mortelleadele.com\/wp-content\/uploads\/2025\/03\/AJAX-PGA2-COUV-DEF-V1-Grande-878x1024.jpeg\" alt=\"\" class=\"wp-image-5456\" srcset=\"https:\/\/mortelleadele.com\/wp-content\/uploads\/2025\/03\/AJAX-PGA2-COUV-DEF-V1-Grande-878x1024.jpeg 878w, https:\/\/mortelleadele.com\/wp-content\/uploads\/2025\/03\/AJAX-PGA2-COUV-DEF-V1-Grande-257x300.jpeg 257w, https:\/\/mortelleadele.com\/wp-content\/uploads\/2025\/03\/AJAX-PGA2-COUV-DEF-V1-Grande-768x896.jpeg 768w, https:\/\/mortelleadele.com\/wp-content\/uploads\/2025\/03\/AJAX-PGA2-COUV-DEF-V1-Grande.jpeg 1097w\" sizes=\"(max-width: 706px) 89vw, (max-width: 767px) 82vw, 740px\" \/><\/a><\/figure>\n\n\n\n<figure class=\"wp-block-image size-large\"><a href=\"https:\/\/mortelleadele.com\/index.php\/ajax-pga-1\/\"><img loading=\"lazy\" decoding=\"async\" width=\"878\" height=\"1024\" src=\"https:\/\/mortelleadele.com\/wp-content\/uploads\/2024\/03\/AJAX-PGA1-COUV-DEF-V1-878x1024.jpeg\" alt=\"\" class=\"wp-image-3729\" style=\"object-fit:cover\"\/><\/a><\/figure>\n\n\n\n<figure class=\"wp-block-image size-large\"><a href=\"https:\/\/mortelleadele.com\/index.php\/grande-aventure-5\/\"><img loading=\"lazy\" decoding=\"async\" width=\"808\" height=\"1024\" src=\"https:\/\/mortelleadele.com\/wp-content\/uploads\/2024\/09\/Grande-Aventure-5-COUVERTURE-DEF-Ecran-808x1024.jpeg\" alt=\"\" class=\"wp-image-4483\" srcset=\"https:\/\/mortelleadele.com\/wp-content\/uploads\/2024\/09\/Grande-Aventure-5-COUVERTURE-DEF-Ecran-808x1024.jpeg 808w, https:\/\/mortelleadele.com\/wp-content\/uploads\/2024\/09\/Grande-Aventure-5-COUVERTURE-DEF-Ecran-237x300.jpeg 237w, https:\/\/mortelleadele.com\/wp-content\/uploads\/2024\/09\/Grande-Aventure-5-COUVERTURE-DEF-Ecran-768x973.jpeg 768w, https:\/\/mortelleadele.com\/wp-content\/uploads\/2024\/09\/Grande-Aventure-5-COUVERTURE-DEF-Ecran.jpeg 1010w\" sizes=\"(max-width: 706px) 89vw, (max-width: 767px) 82vw, 740px\" \/><\/a><\/figure>\n<\/div>\n\n\n\n<div class=\"wp-block-buttons is-content-justification-center is-layout-flex wp-container-core-buttons-is-layout-51f7783f wp-block-buttons-is-layout-flex\">\n<div class=\"wp-block-button has-custom-width wp-block-button__width-50\"><a class=\"wp-block-button__link wp-element-button\" href=\"https:\/\/mortelleadele.com\/index.php\/les-livres\/\">Retour aux livres<\/a><\/div>\n<\/div>\n","protected":false},"excerpt":{"rendered":"<p>R\u00e9sum\u00e9 : \u00ab Au secours, mes parents sont d\u2019un ennui&#8230; Pourtant, \u00e0 une \u00e9poque, ils faisaient autant de b\u00eatises que moi, c\u2019est mamie qui me l\u2019a dit ! Je dois faire quelque chose pour les aider, et vite ! Une petite cure de mortellitude s\u2019impose ! \u00bb Mortelle Ad\u00e8le en est convaincue :&nbsp;grandir est la &hellip; <\/p>\n<p class=\"link-more\"><a href=\"https:\/\/mortelleadele.com\/index.php\/tome-21\/\" class=\"more-link\">Continuer la lecture<span class=\"screen-reader-text\"> de &laquo;&nbsp;Tome 21 : R\u00e9cr\u00e9ACTION G\u00e9n\u00e9rale !&nbsp;&raquo;<\/span><\/a><\/p>\n","protected":false},"author":1,"featured_media":0,"parent":0,"menu_order":0,"comment_status":"closed","ping_status":"closed","template":"","meta":{"footnotes":""},"class_list":["post-566","page","type-page","status-publish","hentry"],"yoast_head":"<!-- This site is optimized with the Yoast SEO plugin v27.6 - https:\/\/yoast.com\/product\/yoast-seo-wordpress\/ -->\n<title>Tome 21 : R\u00e9cr\u00e9ACTION G\u00e9n\u00e9rale ! &#8211; Mortelle Ad\u00e8le<\/title>\n<meta name=\"robots\" content=\"index, follow, max-snippet:-1, max-image-preview:large, max-video-preview:-1\" \/>\n<link rel=\"canonical\" href=\"https:\/\/mortelleadele.com\/index.php\/tome-21\/\" \/>\n<meta property=\"og:locale\" content=\"fr_FR\" \/>\n<meta property=\"og:type\" content=\"article\" \/>\n<meta property=\"og:title\" content=\"Tome 21 : R\u00e9cr\u00e9ACTION G\u00e9n\u00e9rale ! &#8211; Mortelle Ad\u00e8le\" \/>\n<meta property=\"og:description\" content=\"R\u00e9sum\u00e9 : \u00ab Au secours, mes parents sont d\u2019un ennui&#8230; Pourtant, \u00e0 une \u00e9poque, ils faisaient autant de b\u00eatises que moi, c\u2019est mamie qui me l\u2019a dit ! Je dois faire quelque chose pour les aider, et vite ! Une petite cure de mortellitude s\u2019impose ! \u00bb Mortelle Ad\u00e8le en est convaincue :&nbsp;grandir est la &hellip; Continuer la lecture de &laquo;&nbsp;Tome 21 : R\u00e9cr\u00e9ACTION G\u00e9n\u00e9rale !&nbsp;&raquo;\" \/>\n<meta property=\"og:url\" content=\"https:\/\/mortelleadele.com\/index.php\/tome-21\/\" \/>\n<meta property=\"og:site_name\" content=\"Mortelle Ad\u00e8le\" \/>\n<meta property=\"article:publisher\" content=\"https:\/\/www.facebook.com\/mortelleadele\" \/>\n<meta property=\"article:modified_time\" content=\"2025-07-28T14:38:07+00:00\" \/>\n<meta property=\"og:image\" content=\"https:\/\/mortelleadele.com\/wp-content\/uploads\/2022\/11\/les-libraires.png\" \/>\n\t<meta property=\"og:image:width\" content=\"251\" \/>\n\t<meta property=\"og:image:height\" content=\"30\" \/>\n\t<meta property=\"og:image:type\" content=\"image\/png\" \/>\n<meta name=\"twitter:card\" content=\"summary_large_image\" \/>\n<meta name=\"twitter:label1\" content=\"Dur\u00e9e de lecture estim\u00e9e\" \/>\n\t<meta name=\"twitter:data1\" content=\"3 minutes\" \/>\n<script type=\"application\/ld+json\" class=\"yoast-schema-graph\">{\"@context\":\"https:\\\/\\\/schema.org\",\"@graph\":[{\"@type\":\"WebPage\",\"@id\":\"https:\\\/\\\/mortelleadele.com\\\/index.php\\\/tome-21\\\/\",\"url\":\"https:\\\/\\\/mortelleadele.com\\\/index.php\\\/tome-21\\\/\",\"name\":\"Tome 21 : R\u00e9cr\u00e9ACTION G\u00e9n\u00e9rale ! &#8211; Mortelle Ad\u00e8le\",\"isPartOf\":{\"@id\":\"https:\\\/\\\/mortelleadele.com\\\/#website\"},\"primaryImageOfPage\":{\"@id\":\"https:\\\/\\\/mortelleadele.com\\\/index.php\\\/tome-21\\\/#primaryimage\"},\"image\":{\"@id\":\"https:\\\/\\\/mortelleadele.com\\\/index.php\\\/tome-21\\\/#primaryimage\"},\"thumbnailUrl\":\"https:\\\/\\\/ma.mrtanandco.fr\\\/wp-content\\\/uploads\\\/2022\\\/11\\\/les-libraires.png\",\"datePublished\":\"2022-11-28T17:48:43+00:00\",\"dateModified\":\"2025-07-28T14:38:07+00:00\",\"breadcrumb\":{\"@id\":\"https:\\\/\\\/mortelleadele.com\\\/index.php\\\/tome-21\\\/#breadcrumb\"},\"inLanguage\":\"fr-FR\",\"potentialAction\":[{\"@type\":\"ReadAction\",\"target\":[\"https:\\\/\\\/mortelleadele.com\\\/index.php\\\/tome-21\\\/\"]}]},{\"@type\":\"ImageObject\",\"inLanguage\":\"fr-FR\",\"@id\":\"https:\\\/\\\/mortelleadele.com\\\/index.php\\\/tome-21\\\/#primaryimage\",\"url\":\"https:\\\/\\\/ma.mrtanandco.fr\\\/wp-content\\\/uploads\\\/2022\\\/11\\\/les-libraires.png\",\"contentUrl\":\"https:\\\/\\\/ma.mrtanandco.fr\\\/wp-content\\\/uploads\\\/2022\\\/11\\\/les-libraires.png\"},{\"@type\":\"BreadcrumbList\",\"@id\":\"https:\\\/\\\/mortelleadele.com\\\/index.php\\\/tome-21\\\/#breadcrumb\",\"itemListElement\":[{\"@type\":\"ListItem\",\"position\":1,\"name\":\"Accueil\",\"item\":\"https:\\\/\\\/mortelleadele.com\\\/\"},{\"@type\":\"ListItem\",\"position\":2,\"name\":\"Tome 21 : R\u00e9cr\u00e9ACTION G\u00e9n\u00e9rale !\"}]},{\"@type\":\"WebSite\",\"@id\":\"https:\\\/\\\/mortelleadele.com\\\/#website\",\"url\":\"https:\\\/\\\/mortelleadele.com\\\/\",\"name\":\"Mortelle Ad\u00e8le\",\"description\":\"H\u00e9ro\u00efne de Bande dessin\u00e9e\",\"publisher\":{\"@id\":\"https:\\\/\\\/mortelleadele.com\\\/#organization\"},\"potentialAction\":[{\"@type\":\"SearchAction\",\"target\":{\"@type\":\"EntryPoint\",\"urlTemplate\":\"https:\\\/\\\/mortelleadele.com\\\/?s={search_term_string}\"},\"query-input\":{\"@type\":\"PropertyValueSpecification\",\"valueRequired\":true,\"valueName\":\"search_term_string\"}}],\"inLanguage\":\"fr-FR\"},{\"@type\":\"Organization\",\"@id\":\"https:\\\/\\\/mortelleadele.com\\\/#organization\",\"name\":\"Mortelle Ad\u00e8le\",\"url\":\"https:\\\/\\\/mortelleadele.com\\\/\",\"logo\":{\"@type\":\"ImageObject\",\"inLanguage\":\"fr-FR\",\"@id\":\"https:\\\/\\\/mortelleadele.com\\\/#\\\/schema\\\/logo\\\/image\\\/\",\"url\":\"https:\\\/\\\/mortelleadele.com\\\/wp-content\\\/uploads\\\/2023\\\/01\\\/Logo-Mortelle-Adele.jpeg\",\"contentUrl\":\"https:\\\/\\\/mortelleadele.com\\\/wp-content\\\/uploads\\\/2023\\\/01\\\/Logo-Mortelle-Adele.jpeg\",\"width\":1176,\"height\":761,\"caption\":\"Mortelle Ad\u00e8le\"},\"image\":{\"@id\":\"https:\\\/\\\/mortelleadele.com\\\/#\\\/schema\\\/logo\\\/image\\\/\"},\"sameAs\":[\"https:\\\/\\\/www.facebook.com\\\/mortelleadele\",\"https:\\\/\\\/www.instagram.com\\\/mortelleadelebd\"]}]}<\/script>\n<!-- \/ Yoast SEO plugin. -->","yoast_head_json":{"title":"Tome 21 : R\u00e9cr\u00e9ACTION G\u00e9n\u00e9rale ! &#8211; Mortelle Ad\u00e8le","robots":{"index":"index","follow":"follow","max-snippet":"max-snippet:-1","max-image-preview":"max-image-preview:large","max-video-preview":"max-video-preview:-1"},"canonical":"https:\/\/mortelleadele.com\/index.php\/tome-21\/","og_locale":"fr_FR","og_type":"article","og_title":"Tome 21 : R\u00e9cr\u00e9ACTION G\u00e9n\u00e9rale ! &#8211; Mortelle Ad\u00e8le","og_description":"R\u00e9sum\u00e9 : \u00ab Au secours, mes parents sont d\u2019un ennui&#8230; Pourtant, \u00e0 une \u00e9poque, ils faisaient autant de b\u00eatises que moi, c\u2019est mamie qui me l\u2019a dit ! Je dois faire quelque chose pour les aider, et vite ! Une petite cure de mortellitude s\u2019impose ! \u00bb Mortelle Ad\u00e8le en est convaincue :&nbsp;grandir est la &hellip; Continuer la lecture de &laquo;&nbsp;Tome 21 : R\u00e9cr\u00e9ACTION G\u00e9n\u00e9rale !&nbsp;&raquo;","og_url":"https:\/\/mortelleadele.com\/index.php\/tome-21\/","og_site_name":"Mortelle Ad\u00e8le","article_publisher":"https:\/\/www.facebook.com\/mortelleadele","article_modified_time":"2025-07-28T14:38:07+00:00","og_image":[{"width":251,"height":30,"url":"https:\/\/mortelleadele.com\/wp-content\/uploads\/2022\/11\/les-libraires.png","type":"image\/png"}],"twitter_card":"summary_large_image","twitter_misc":{"Dur\u00e9e de lecture estim\u00e9e":"3 minutes"},"schema":{"@context":"https:\/\/schema.org","@graph":[{"@type":"WebPage","@id":"https:\/\/mortelleadele.com\/index.php\/tome-21\/","url":"https:\/\/mortelleadele.com\/index.php\/tome-21\/","name":"Tome 21 : R\u00e9cr\u00e9ACTION G\u00e9n\u00e9rale ! &#8211; Mortelle Ad\u00e8le","isPartOf":{"@id":"https:\/\/mortelleadele.com\/#website"},"primaryImageOfPage":{"@id":"https:\/\/mortelleadele.com\/index.php\/tome-21\/#primaryimage"},"image":{"@id":"https:\/\/mortelleadele.com\/index.php\/tome-21\/#primaryimage"},"thumbnailUrl":"https:\/\/ma.mrtanandco.fr\/wp-content\/uploads\/2022\/11\/les-libraires.png","datePublished":"2022-11-28T17:48:43+00:00","dateModified":"2025-07-28T14:38:07+00:00","breadcrumb":{"@id":"https:\/\/mortelleadele.com\/index.php\/tome-21\/#breadcrumb"},"inLanguage":"fr-FR","potentialAction":[{"@type":"ReadAction","target":["https:\/\/mortelleadele.com\/index.php\/tome-21\/"]}]},{"@type":"ImageObject","inLanguage":"fr-FR","@id":"https:\/\/mortelleadele.com\/index.php\/tome-21\/#primaryimage","url":"https:\/\/ma.mrtanandco.fr\/wp-content\/uploads\/2022\/11\/les-libraires.png","contentUrl":"https:\/\/ma.mrtanandco.fr\/wp-content\/uploads\/2022\/11\/les-libraires.png"},{"@type":"BreadcrumbList","@id":"https:\/\/mortelleadele.com\/index.php\/tome-21\/#breadcrumb","itemListElement":[{"@type":"ListItem","position":1,"name":"Accueil","item":"https:\/\/mortelleadele.com\/"},{"@type":"ListItem","position":2,"name":"Tome 21 : R\u00e9cr\u00e9ACTION G\u00e9n\u00e9rale !"}]},{"@type":"WebSite","@id":"https:\/\/mortelleadele.com\/#website","url":"https:\/\/mortelleadele.com\/","name":"Mortelle Ad\u00e8le","description":"H\u00e9ro\u00efne de Bande dessin\u00e9e","publisher":{"@id":"https:\/\/mortelleadele.com\/#organization"},"potentialAction":[{"@type":"SearchAction","target":{"@type":"EntryPoint","urlTemplate":"https:\/\/mortelleadele.com\/?s={search_term_string}"},"query-input":{"@type":"PropertyValueSpecification","valueRequired":true,"valueName":"search_term_string"}}],"inLanguage":"fr-FR"},{"@type":"Organization","@id":"https:\/\/mortelleadele.com\/#organization","name":"Mortelle Ad\u00e8le","url":"https:\/\/mortelleadele.com\/","logo":{"@type":"ImageObject","inLanguage":"fr-FR","@id":"https:\/\/mortelleadele.com\/#\/schema\/logo\/image\/","url":"https:\/\/mortelleadele.com\/wp-content\/uploads\/2023\/01\/Logo-Mortelle-Adele.jpeg","contentUrl":"https:\/\/mortelleadele.com\/wp-content\/uploads\/2023\/01\/Logo-Mortelle-Adele.jpeg","width":1176,"height":761,"caption":"Mortelle Ad\u00e8le"},"image":{"@id":"https:\/\/mortelleadele.com\/#\/schema\/logo\/image\/"},"sameAs":["https:\/\/www.facebook.com\/mortelleadele","https:\/\/www.instagram.com\/mortelleadelebd"]}]}},"_links":{"self":[{"href":"https:\/\/mortelleadele.com\/index.php\/wp-json\/wp\/v2\/pages\/566","targetHints":{"allow":["GET"]}}],"collection":[{"href":"https:\/\/mortelleadele.com\/index.php\/wp-json\/wp\/v2\/pages"}],"about":[{"href":"https:\/\/mortelleadele.com\/index.php\/wp-json\/wp\/v2\/types\/page"}],"author":[{"embeddable":true,"href":"https:\/\/mortelleadele.com\/index.php\/wp-json\/wp\/v2\/users\/1"}],"replies":[{"embeddable":true,"href":"https:\/\/mortelleadele.com\/index.php\/wp-json\/wp\/v2\/comments?post=566"}],"version-history":[{"count":15,"href":"https:\/\/mortelleadele.com\/index.php\/wp-json\/wp\/v2\/pages\/566\/revisions"}],"predecessor-version":[{"id":6968,"href":"https:\/\/mortelleadele.com\/index.php\/wp-json\/wp\/v2\/pages\/566\/revisions\/6968"}],"wp:attachment":[{"href":"https:\/\/mortelleadele.com\/index.php\/wp-json\/wp\/v2\/media?parent=566"}],"curies":[{"name":"wp","href":"https:\/\/api.w.org\/{rel}","templated":true}]}}