{"id":591,"date":"2022-11-28T19:17:33","date_gmt":"2022-11-28T18:17:33","guid":{"rendered":"https:\/\/ma.mrtanandco.fr\/?page_id=591"},"modified":"2023-10-09T11:30:13","modified_gmt":"2023-10-09T09:30:13","slug":"kit-2","status":"publish","type":"page","link":"https:\/\/mortelleadele.com\/index.php\/kit-2\/","title":{"rendered":"Fais ton cin\u00e9ma avec Mortelle\u00a0Ad\u00e8le"},"content":{"rendered":"\n<div class=\"wp-block-media-text alignfull is-stacked-on-mobile is-vertically-aligned-center\"><figure class=\"wp-block-media-text__media\"><img fetchpriority=\"high\" decoding=\"async\" width=\"622\" height=\"800\" src=\"https:\/\/ma.mrtanandco.fr\/wp-content\/uploads\/2022\/12\/coffret-2.png\" alt=\"coffret 2\" class=\"wp-image-1385 size-full\" srcset=\"https:\/\/mortelleadele.com\/wp-content\/uploads\/2022\/12\/coffret-2.png 622w, https:\/\/mortelleadele.com\/wp-content\/uploads\/2022\/12\/coffret-2-233x300.png 233w\" sizes=\"(max-width: 622px) 100vw, 622px\" \/><\/figure><div class=\"wp-block-media-text__content\">\n<h3 class=\"wp-block-heading has-text-align-left has-text-color\" style=\"color:#000000\">R\u00e9sum\u00e9 :<\/h3>\n\n\n\n<p>Tu r\u00eaves de mettre en sc\u00e8ne ton h\u00e9ro\u00efne pr\u00e9f\u00e9r\u00e9e&nbsp;?<br>De publier tes vid\u00e9os \u00e0 succ\u00e8s sur internet&nbsp;?<br>Ce coffret te r\u00e9v\u00e9lera tous les secrets pour y parvenir&nbsp;!<\/p>\n\n\n\n<p class=\"txthand\">\u00ab Magnus et moi t&rsquo;aiderons \u00e0 comprendre l&rsquo;univers du cin\u00e9ma et du \u00ab stop-motion \u00bb&#8230; pour que tu me mettes en sc\u00e8ne dans de mortelles aventures&nbsp;!&nbsp;\u00bb<\/p>\n\n\n\n<p>Un livre ultra-complet pour conna\u00eetre toutes les astuces du \u00ab stop-motion \u00bb, trois d\u00e9cors articul\u00e9s pour des aventures encore plus r\u00e9alistes, les figurines d&rsquo;Ad\u00e8le et d&rsquo;Ajax&#8230;<br>Alors, on commence&nbsp;?<\/p>\n<\/div><\/div>\n\n\n\n<p class=\"has-background\" style=\"background-color:#abb7c245\"><strong>Sc\u00e9nario : <\/strong>Mr Tan<br><strong>Dessin : <\/strong>Diane Le Feyer<\/p>\n\n\n\n<figure class=\"wp-block-table is-style-regular\"><table class=\"has-black-color has-text-color\"><tbody><tr><td>PARUTION<\/td><td><strong>22 NOVEMBRE 2017<\/strong><\/td><\/tr><tr><td>EAN<\/td><td><strong><strong><strong>9791027602421<\/strong><\/strong><\/strong><\/td><\/tr><tr><td>PAGINATION<\/td><td><strong>121 Pages<\/strong><\/td><\/tr><tr><td>PRIX<\/td><td><strong>18,90 \u20ac<\/strong><\/td><\/tr><\/tbody><\/table><\/figure>\n\n\n\n<div class=\"wp-block-columns is-layout-flex wp-container-core-columns-is-layout-9d6595d7 wp-block-columns-is-layout-flex\">\n<div class=\"wp-block-column is-layout-flow wp-block-column-is-layout-flow\">\n<div class=\"wp-block-group has-background is-content-justification-space-between is-nowrap is-layout-flex wp-container-core-group-is-layout-0dfbf163 wp-block-group-is-layout-flex\" style=\"background-color:#d7d4d4\">\n<figure class=\"wp-block-image size-full is-resized\"><a href=\"https:\/\/www.leslibraires.fr\/livre\/9791027602421\/?affiliate=mortelleadele\"><img decoding=\"async\" src=\"https:\/\/ma.mrtanandco.fr\/wp-content\/uploads\/2022\/11\/les-libraires.png\" alt=\"\" class=\"wp-image-320\" style=\"width:126px;height:15px\" width=\"126\" height=\"15\"\/><\/a><\/figure>\n\n\n\n<figure class=\"wp-block-image size-full is-resized\"><a href=\"https:\/\/tidd.ly\/3HrMrWq\"><img decoding=\"async\" src=\"https:\/\/ma.mrtanandco.fr\/wp-content\/uploads\/2022\/11\/Fnac-1.png\" alt=\"\" class=\"wp-image-332\" style=\"width:100px;height:100px\" width=\"100\" height=\"100\" srcset=\"https:\/\/mortelleadele.com\/wp-content\/uploads\/2022\/11\/Fnac-1.png 1000w, https:\/\/mortelleadele.com\/wp-content\/uploads\/2022\/11\/Fnac-1-300x300.png 300w, https:\/\/mortelleadele.com\/wp-content\/uploads\/2022\/11\/Fnac-1-150x150.png 150w, https:\/\/mortelleadele.com\/wp-content\/uploads\/2022\/11\/Fnac-1-768x768.png 768w, https:\/\/mortelleadele.com\/wp-content\/uploads\/2022\/11\/Fnac-1-100x100.png 100w\" sizes=\"(max-width: 100px) 100vw, 100px\" \/><\/a><\/figure>\n\n\n\n<figure class=\"wp-block-image size-full is-resized\"><a href=\"https:\/\/www.decitre.fr\/livres\/fais-ton-cinema-avec-mortelle-adele-9791027602421.html\"><img loading=\"lazy\" decoding=\"async\" src=\"https:\/\/ma.mrtanandco.fr\/wp-content\/uploads\/2022\/11\/decitre.png\" alt=\"\" class=\"wp-image-319\" style=\"width:100px;height:100px\" width=\"100\" height=\"100\" srcset=\"https:\/\/mortelleadele.com\/wp-content\/uploads\/2022\/11\/decitre.png 225w, https:\/\/mortelleadele.com\/wp-content\/uploads\/2022\/11\/decitre-150x150.png 150w, https:\/\/mortelleadele.com\/wp-content\/uploads\/2022\/11\/decitre-100x100.png 100w\" sizes=\"(max-width: 100px) 100vw, 100px\" \/><\/a><\/figure>\n<\/div>\n<\/div>\n<\/div>\n\n\n\n<div class=\"wp-block-columns has-white-color has-text-color is-layout-flex wp-container-core-columns-is-layout-9d6595d7 wp-block-columns-is-layout-flex\" style=\"line-height:3\">\n<div class=\"wp-block-column is-vertically-aligned-center has-white-color has-cyan-bluish-gray-background-color has-text-color has-background is-layout-flow wp-block-column-is-layout-flow\"><\/div>\n\n\n\n<div class=\"wp-block-column is-vertically-aligned-center has-white-color has-cyan-bluish-gray-background-color has-text-color has-background is-layout-flow wp-block-column-is-layout-flow\"><\/div>\n<\/div>\n","protected":false},"excerpt":{"rendered":"<p>R\u00e9sum\u00e9 : Tu r\u00eaves de mettre en sc\u00e8ne ton h\u00e9ro\u00efne pr\u00e9f\u00e9r\u00e9e&nbsp;?De publier tes vid\u00e9os \u00e0 succ\u00e8s sur internet&nbsp;?Ce coffret te r\u00e9v\u00e9lera tous les secrets pour y parvenir&nbsp;! \u00ab Magnus et moi t&rsquo;aiderons \u00e0 comprendre l&rsquo;univers du cin\u00e9ma et du \u00ab stop-motion \u00bb&#8230; pour que tu me mettes en sc\u00e8ne dans de mortelles aventures&nbsp;!&nbsp;\u00bb Un livre &hellip; <\/p>\n<p class=\"link-more\"><a href=\"https:\/\/mortelleadele.com\/index.php\/kit-2\/\" class=\"more-link\">Continuer la lecture<span class=\"screen-reader-text\"> de &laquo;&nbsp;Fais ton cin\u00e9ma avec Mortelle\u00a0Ad\u00e8le&nbsp;&raquo;<\/span><\/a><\/p>\n","protected":false},"author":1,"featured_media":0,"parent":0,"menu_order":0,"comment_status":"closed","ping_status":"closed","template":"","meta":{"footnotes":""},"class_list":["post-591","page","type-page","status-publish","hentry"],"yoast_head":"<!-- This site is optimized with the Yoast SEO plugin v27.6 - https:\/\/yoast.com\/product\/yoast-seo-wordpress\/ -->\n<title>Fais ton cin\u00e9ma avec Mortelle\u00a0Ad\u00e8le &#8211; Mortelle Ad\u00e8le<\/title>\n<meta name=\"robots\" content=\"index, follow, max-snippet:-1, max-image-preview:large, max-video-preview:-1\" \/>\n<link rel=\"canonical\" href=\"https:\/\/mortelleadele.com\/index.php\/kit-2\/\" \/>\n<meta property=\"og:locale\" content=\"fr_FR\" \/>\n<meta property=\"og:type\" content=\"article\" \/>\n<meta property=\"og:title\" content=\"Fais ton cin\u00e9ma avec Mortelle\u00a0Ad\u00e8le &#8211; Mortelle Ad\u00e8le\" \/>\n<meta property=\"og:description\" content=\"R\u00e9sum\u00e9 : Tu r\u00eaves de mettre en sc\u00e8ne ton h\u00e9ro\u00efne pr\u00e9f\u00e9r\u00e9e&nbsp;?De publier tes vid\u00e9os \u00e0 succ\u00e8s sur internet&nbsp;?Ce coffret te r\u00e9v\u00e9lera tous les secrets pour y parvenir&nbsp;! \u00ab Magnus et moi t&rsquo;aiderons \u00e0 comprendre l&rsquo;univers du cin\u00e9ma et du \u00ab stop-motion \u00bb&#8230; pour que tu me mettes en sc\u00e8ne dans de mortelles aventures&nbsp;!&nbsp;\u00bb Un livre &hellip; Continuer la lecture de &laquo;&nbsp;Fais ton cin\u00e9ma avec Mortelle\u00a0Ad\u00e8le&nbsp;&raquo;\" \/>\n<meta property=\"og:url\" content=\"https:\/\/mortelleadele.com\/index.php\/kit-2\/\" \/>\n<meta property=\"og:site_name\" content=\"Mortelle Ad\u00e8le\" \/>\n<meta property=\"article:publisher\" content=\"https:\/\/www.facebook.com\/mortelleadele\" \/>\n<meta property=\"article:modified_time\" content=\"2023-10-09T09:30:13+00:00\" \/>\n<meta property=\"og:image\" content=\"https:\/\/ma.mrtanandco.fr\/wp-content\/uploads\/2022\/12\/coffret-2.png\" \/>\n<meta name=\"twitter:card\" content=\"summary_large_image\" \/>\n<meta name=\"twitter:label1\" content=\"Dur\u00e9e de lecture estim\u00e9e\" \/>\n\t<meta name=\"twitter:data1\" content=\"2 minutes\" \/>\n<script type=\"application\/ld+json\" class=\"yoast-schema-graph\">{\"@context\":\"https:\\\/\\\/schema.org\",\"@graph\":[{\"@type\":\"WebPage\",\"@id\":\"https:\\\/\\\/mortelleadele.com\\\/index.php\\\/kit-2\\\/\",\"url\":\"https:\\\/\\\/mortelleadele.com\\\/index.php\\\/kit-2\\\/\",\"name\":\"Fais ton cin\u00e9ma avec Mortelle\u00a0Ad\u00e8le &#8211; Mortelle Ad\u00e8le\",\"isPartOf\":{\"@id\":\"https:\\\/\\\/mortelleadele.com\\\/#website\"},\"primaryImageOfPage\":{\"@id\":\"https:\\\/\\\/mortelleadele.com\\\/index.php\\\/kit-2\\\/#primaryimage\"},\"image\":{\"@id\":\"https:\\\/\\\/mortelleadele.com\\\/index.php\\\/kit-2\\\/#primaryimage\"},\"thumbnailUrl\":\"https:\\\/\\\/ma.mrtanandco.fr\\\/wp-content\\\/uploads\\\/2022\\\/12\\\/coffret-2.png\",\"datePublished\":\"2022-11-28T18:17:33+00:00\",\"dateModified\":\"2023-10-09T09:30:13+00:00\",\"breadcrumb\":{\"@id\":\"https:\\\/\\\/mortelleadele.com\\\/index.php\\\/kit-2\\\/#breadcrumb\"},\"inLanguage\":\"fr-FR\",\"potentialAction\":[{\"@type\":\"ReadAction\",\"target\":[\"https:\\\/\\\/mortelleadele.com\\\/index.php\\\/kit-2\\\/\"]}]},{\"@type\":\"ImageObject\",\"inLanguage\":\"fr-FR\",\"@id\":\"https:\\\/\\\/mortelleadele.com\\\/index.php\\\/kit-2\\\/#primaryimage\",\"url\":\"https:\\\/\\\/ma.mrtanandco.fr\\\/wp-content\\\/uploads\\\/2022\\\/12\\\/coffret-2.png\",\"contentUrl\":\"https:\\\/\\\/ma.mrtanandco.fr\\\/wp-content\\\/uploads\\\/2022\\\/12\\\/coffret-2.png\"},{\"@type\":\"BreadcrumbList\",\"@id\":\"https:\\\/\\\/mortelleadele.com\\\/index.php\\\/kit-2\\\/#breadcrumb\",\"itemListElement\":[{\"@type\":\"ListItem\",\"position\":1,\"name\":\"Accueil\",\"item\":\"https:\\\/\\\/mortelleadele.com\\\/\"},{\"@type\":\"ListItem\",\"position\":2,\"name\":\"Fais ton cin\u00e9ma avec Mortelle\u00a0Ad\u00e8le\"}]},{\"@type\":\"WebSite\",\"@id\":\"https:\\\/\\\/mortelleadele.com\\\/#website\",\"url\":\"https:\\\/\\\/mortelleadele.com\\\/\",\"name\":\"Mortelle Ad\u00e8le\",\"description\":\"H\u00e9ro\u00efne de Bande dessin\u00e9e\",\"publisher\":{\"@id\":\"https:\\\/\\\/mortelleadele.com\\\/#organization\"},\"potentialAction\":[{\"@type\":\"SearchAction\",\"target\":{\"@type\":\"EntryPoint\",\"urlTemplate\":\"https:\\\/\\\/mortelleadele.com\\\/?s={search_term_string}\"},\"query-input\":{\"@type\":\"PropertyValueSpecification\",\"valueRequired\":true,\"valueName\":\"search_term_string\"}}],\"inLanguage\":\"fr-FR\"},{\"@type\":\"Organization\",\"@id\":\"https:\\\/\\\/mortelleadele.com\\\/#organization\",\"name\":\"Mortelle Ad\u00e8le\",\"url\":\"https:\\\/\\\/mortelleadele.com\\\/\",\"logo\":{\"@type\":\"ImageObject\",\"inLanguage\":\"fr-FR\",\"@id\":\"https:\\\/\\\/mortelleadele.com\\\/#\\\/schema\\\/logo\\\/image\\\/\",\"url\":\"https:\\\/\\\/mortelleadele.com\\\/wp-content\\\/uploads\\\/2023\\\/01\\\/Logo-Mortelle-Adele.jpeg\",\"contentUrl\":\"https:\\\/\\\/mortelleadele.com\\\/wp-content\\\/uploads\\\/2023\\\/01\\\/Logo-Mortelle-Adele.jpeg\",\"width\":1176,\"height\":761,\"caption\":\"Mortelle Ad\u00e8le\"},\"image\":{\"@id\":\"https:\\\/\\\/mortelleadele.com\\\/#\\\/schema\\\/logo\\\/image\\\/\"},\"sameAs\":[\"https:\\\/\\\/www.facebook.com\\\/mortelleadele\",\"https:\\\/\\\/www.instagram.com\\\/mortelleadelebd\"]}]}<\/script>\n<!-- \/ Yoast SEO plugin. -->","yoast_head_json":{"title":"Fais ton cin\u00e9ma avec Mortelle\u00a0Ad\u00e8le &#8211; Mortelle Ad\u00e8le","robots":{"index":"index","follow":"follow","max-snippet":"max-snippet:-1","max-image-preview":"max-image-preview:large","max-video-preview":"max-video-preview:-1"},"canonical":"https:\/\/mortelleadele.com\/index.php\/kit-2\/","og_locale":"fr_FR","og_type":"article","og_title":"Fais ton cin\u00e9ma avec Mortelle\u00a0Ad\u00e8le &#8211; Mortelle Ad\u00e8le","og_description":"R\u00e9sum\u00e9 : Tu r\u00eaves de mettre en sc\u00e8ne ton h\u00e9ro\u00efne pr\u00e9f\u00e9r\u00e9e&nbsp;?De publier tes vid\u00e9os \u00e0 succ\u00e8s sur internet&nbsp;?Ce coffret te r\u00e9v\u00e9lera tous les secrets pour y parvenir&nbsp;! \u00ab Magnus et moi t&rsquo;aiderons \u00e0 comprendre l&rsquo;univers du cin\u00e9ma et du \u00ab stop-motion \u00bb&#8230; pour que tu me mettes en sc\u00e8ne dans de mortelles aventures&nbsp;!&nbsp;\u00bb Un livre &hellip; Continuer la lecture de &laquo;&nbsp;Fais ton cin\u00e9ma avec Mortelle\u00a0Ad\u00e8le&nbsp;&raquo;","og_url":"https:\/\/mortelleadele.com\/index.php\/kit-2\/","og_site_name":"Mortelle Ad\u00e8le","article_publisher":"https:\/\/www.facebook.com\/mortelleadele","article_modified_time":"2023-10-09T09:30:13+00:00","og_image":[{"url":"https:\/\/ma.mrtanandco.fr\/wp-content\/uploads\/2022\/12\/coffret-2.png","type":"","width":"","height":""}],"twitter_card":"summary_large_image","twitter_misc":{"Dur\u00e9e de lecture estim\u00e9e":"2 minutes"},"schema":{"@context":"https:\/\/schema.org","@graph":[{"@type":"WebPage","@id":"https:\/\/mortelleadele.com\/index.php\/kit-2\/","url":"https:\/\/mortelleadele.com\/index.php\/kit-2\/","name":"Fais ton cin\u00e9ma avec Mortelle\u00a0Ad\u00e8le &#8211; Mortelle Ad\u00e8le","isPartOf":{"@id":"https:\/\/mortelleadele.com\/#website"},"primaryImageOfPage":{"@id":"https:\/\/mortelleadele.com\/index.php\/kit-2\/#primaryimage"},"image":{"@id":"https:\/\/mortelleadele.com\/index.php\/kit-2\/#primaryimage"},"thumbnailUrl":"https:\/\/ma.mrtanandco.fr\/wp-content\/uploads\/2022\/12\/coffret-2.png","datePublished":"2022-11-28T18:17:33+00:00","dateModified":"2023-10-09T09:30:13+00:00","breadcrumb":{"@id":"https:\/\/mortelleadele.com\/index.php\/kit-2\/#breadcrumb"},"inLanguage":"fr-FR","potentialAction":[{"@type":"ReadAction","target":["https:\/\/mortelleadele.com\/index.php\/kit-2\/"]}]},{"@type":"ImageObject","inLanguage":"fr-FR","@id":"https:\/\/mortelleadele.com\/index.php\/kit-2\/#primaryimage","url":"https:\/\/ma.mrtanandco.fr\/wp-content\/uploads\/2022\/12\/coffret-2.png","contentUrl":"https:\/\/ma.mrtanandco.fr\/wp-content\/uploads\/2022\/12\/coffret-2.png"},{"@type":"BreadcrumbList","@id":"https:\/\/mortelleadele.com\/index.php\/kit-2\/#breadcrumb","itemListElement":[{"@type":"ListItem","position":1,"name":"Accueil","item":"https:\/\/mortelleadele.com\/"},{"@type":"ListItem","position":2,"name":"Fais ton cin\u00e9ma avec Mortelle\u00a0Ad\u00e8le"}]},{"@type":"WebSite","@id":"https:\/\/mortelleadele.com\/#website","url":"https:\/\/mortelleadele.com\/","name":"Mortelle Ad\u00e8le","description":"H\u00e9ro\u00efne de Bande dessin\u00e9e","publisher":{"@id":"https:\/\/mortelleadele.com\/#organization"},"potentialAction":[{"@type":"SearchAction","target":{"@type":"EntryPoint","urlTemplate":"https:\/\/mortelleadele.com\/?s={search_term_string}"},"query-input":{"@type":"PropertyValueSpecification","valueRequired":true,"valueName":"search_term_string"}}],"inLanguage":"fr-FR"},{"@type":"Organization","@id":"https:\/\/mortelleadele.com\/#organization","name":"Mortelle Ad\u00e8le","url":"https:\/\/mortelleadele.com\/","logo":{"@type":"ImageObject","inLanguage":"fr-FR","@id":"https:\/\/mortelleadele.com\/#\/schema\/logo\/image\/","url":"https:\/\/mortelleadele.com\/wp-content\/uploads\/2023\/01\/Logo-Mortelle-Adele.jpeg","contentUrl":"https:\/\/mortelleadele.com\/wp-content\/uploads\/2023\/01\/Logo-Mortelle-Adele.jpeg","width":1176,"height":761,"caption":"Mortelle Ad\u00e8le"},"image":{"@id":"https:\/\/mortelleadele.com\/#\/schema\/logo\/image\/"},"sameAs":["https:\/\/www.facebook.com\/mortelleadele","https:\/\/www.instagram.com\/mortelleadelebd"]}]}},"_links":{"self":[{"href":"https:\/\/mortelleadele.com\/index.php\/wp-json\/wp\/v2\/pages\/591","targetHints":{"allow":["GET"]}}],"collection":[{"href":"https:\/\/mortelleadele.com\/index.php\/wp-json\/wp\/v2\/pages"}],"about":[{"href":"https:\/\/mortelleadele.com\/index.php\/wp-json\/wp\/v2\/types\/page"}],"author":[{"embeddable":true,"href":"https:\/\/mortelleadele.com\/index.php\/wp-json\/wp\/v2\/users\/1"}],"replies":[{"embeddable":true,"href":"https:\/\/mortelleadele.com\/index.php\/wp-json\/wp\/v2\/comments?post=591"}],"version-history":[{"count":2,"href":"https:\/\/mortelleadele.com\/index.php\/wp-json\/wp\/v2\/pages\/591\/revisions"}],"predecessor-version":[{"id":3401,"href":"https:\/\/mortelleadele.com\/index.php\/wp-json\/wp\/v2\/pages\/591\/revisions\/3401"}],"wp:attachment":[{"href":"https:\/\/mortelleadele.com\/index.php\/wp-json\/wp\/v2\/media?parent=591"}],"curies":[{"name":"wp","href":"https:\/\/api.w.org\/{rel}","templated":true}]}}