{"id":689,"date":"2022-11-29T12:23:23","date_gmt":"2022-11-29T11:23:23","guid":{"rendered":"https:\/\/ma.mrtanandco.fr\/?page_id=689"},"modified":"2024-06-06T12:29:15","modified_gmt":"2024-06-06T10:29:15","slug":"agenda-6","status":"publish","type":"page","link":"https:\/\/mortelleadele.com\/index.php\/agenda-6\/","title":{"rendered":"Agenda scolaire 2024-2025"},"content":{"rendered":"\n<div class=\"wp-block-media-text alignfull is-stacked-on-mobile is-vertically-aligned-center\"><figure class=\"wp-block-media-text__media\"><img fetchpriority=\"high\" decoding=\"async\" width=\"701\" height=\"1024\" src=\"https:\/\/mortelleadele.com\/wp-content\/uploads\/2024\/05\/CV_MORTELLE-ADELE_AGENDA_2024-25-ok-701x1024.jpg\" alt=\"\" class=\"wp-image-4150 size-full\" srcset=\"https:\/\/mortelleadele.com\/wp-content\/uploads\/2024\/05\/CV_MORTELLE-ADELE_AGENDA_2024-25-ok-701x1024.jpg 701w, https:\/\/mortelleadele.com\/wp-content\/uploads\/2024\/05\/CV_MORTELLE-ADELE_AGENDA_2024-25-ok-205x300.jpg 205w, https:\/\/mortelleadele.com\/wp-content\/uploads\/2024\/05\/CV_MORTELLE-ADELE_AGENDA_2024-25-ok-768x1122.jpg 768w, https:\/\/mortelleadele.com\/wp-content\/uploads\/2024\/05\/CV_MORTELLE-ADELE_AGENDA_2024-25-ok-1052x1536.jpg 1052w, https:\/\/mortelleadele.com\/wp-content\/uploads\/2024\/05\/CV_MORTELLE-ADELE_AGENDA_2024-25-ok-1402x2048.jpg 1402w, https:\/\/mortelleadele.com\/wp-content\/uploads\/2024\/05\/CV_MORTELLE-ADELE_AGENDA_2024-25-ok.jpg 1453w\" sizes=\"(max-width: 701px) 100vw, 701px\" \/><\/figure><div class=\"wp-block-media-text__content\">\n<h3 class=\"wp-block-heading has-text-align-left has-text-color\" style=\"color:#000000\">Description :<\/h3>\n\n\n\n<p>Dans cet agenda anti-nazebroques, tu trouveras des news V.I.B. pour en savoir plus sur les coulisses de ta s\u00e9rie&nbsp;pr\u00e9f\u00e9r\u00e9e, des conseils mortels et des infos bizarres qui te permettront de cultiver ta MORTELLITUDE&nbsp;tout au long de l\u2019ann\u00e9e, mais aussi des stickers trop mortels pour personnaliser tes semaines&nbsp;!<br><br>Tu pourras y noter tes b\u00eatises, tes meilleures id\u00e9es, tes devoirs (aussi) et faire le bilan de chaque mois \u00e9coul\u00e9, avant de commencer le prochain avec un gag !<\/p>\n<\/div><\/div>\n\n\n\n<p class=\"has-background\" style=\"background-color:#abb7c245\"><strong>Sc\u00e9nario : <\/strong>Mr Tan<br><strong>Dessin : <\/strong>Diane Le Feyer<\/p>\n\n\n\n<figure class=\"wp-block-table\"><table><tbody><tr><td>ANN\u00c9E<\/td><td><strong>2024-2025<\/strong><\/td><\/tr><tr><td>PARUTION<\/td><td><strong>6 JUIN 2024<\/strong><\/td><\/tr><tr><td>EAN<\/td><td><strong><strong>9782494678279<\/strong><\/strong><\/td><\/tr><tr><td>PAGINATION<\/td><td><strong>352 Pages<\/strong> <strong>+ 4 pages de stickers<\/strong><\/td><\/tr><tr><td>PRIX<\/td><td><strong>9,90 \u20ac<\/strong><\/td><\/tr><\/tbody><\/table><\/figure>\n\n\n\n<p class=\"has-background has-small-font-size\" style=\"background-color:#abb7c217\"><em>\u00a9 Mr Tan et Diane Le Feyer d\u2019apr\u00e8s l\u2019\u0153uvre cr\u00e9\u00e9e par Mr Tan et Miss Prickly<\/em><\/p>\n\n\n\n<div class=\"wp-block-columns is-layout-flex wp-container-core-columns-is-layout-9d6595d7 wp-block-columns-is-layout-flex\">\n<div class=\"wp-block-column is-layout-flow wp-block-column-is-layout-flow\">\n<div class=\"wp-block-group has-background is-content-justification-space-between is-nowrap is-layout-flex wp-container-core-group-is-layout-0dfbf163 wp-block-group-is-layout-flex\" style=\"background-color:#d7d4d4\">\n<figure class=\"wp-block-image size-full is-resized\"><a href=\"https:\/\/www.leslibraires.fr\/livre\/9782494678279\/?affiliate=mortelleadele\"><img decoding=\"async\" width=\"251\" height=\"30\" src=\"https:\/\/ma.mrtanandco.fr\/wp-content\/uploads\/2022\/11\/les-libraires.png\" alt=\"\" class=\"wp-image-320\" style=\"object-fit:cover;width:126px;height:15px\"\/><\/a><\/figure>\n\n\n\n<figure class=\"wp-block-image size-full is-resized\"><a href=\"https:\/\/tidd.ly\/3QGupUf\" target=\"_blank\" rel=\"noreferrer noopener\"><img decoding=\"async\" width=\"1000\" height=\"1000\" src=\"https:\/\/ma.mrtanandco.fr\/wp-content\/uploads\/2022\/11\/Fnac-1.png\" alt=\"\" class=\"wp-image-332\" style=\"object-fit:cover;width:100px;height:100px\" srcset=\"https:\/\/mortelleadele.com\/wp-content\/uploads\/2022\/11\/Fnac-1.png 1000w, https:\/\/mortelleadele.com\/wp-content\/uploads\/2022\/11\/Fnac-1-300x300.png 300w, https:\/\/mortelleadele.com\/wp-content\/uploads\/2022\/11\/Fnac-1-150x150.png 150w, https:\/\/mortelleadele.com\/wp-content\/uploads\/2022\/11\/Fnac-1-768x768.png 768w, https:\/\/mortelleadele.com\/wp-content\/uploads\/2022\/11\/Fnac-1-100x100.png 100w\" sizes=\"(max-width: 706px) 89vw, (max-width: 767px) 82vw, 740px\" \/><\/a><\/figure>\n\n\n\n<figure class=\"wp-block-image size-full is-resized\"><a href=\"https:\/\/www.decitre.fr\/livres\/agenda-scolaire-mortelle-adele-9782494678279.html\" target=\"_blank\" rel=\"noreferrer noopener\"><img loading=\"lazy\" decoding=\"async\" width=\"225\" height=\"224\" src=\"https:\/\/ma.mrtanandco.fr\/wp-content\/uploads\/2022\/11\/decitre.png\" alt=\"\" class=\"wp-image-319\" style=\"object-fit:cover;width:100px;height:100px\" srcset=\"https:\/\/mortelleadele.com\/wp-content\/uploads\/2022\/11\/decitre.png 225w, https:\/\/mortelleadele.com\/wp-content\/uploads\/2022\/11\/decitre-150x150.png 150w, https:\/\/mortelleadele.com\/wp-content\/uploads\/2022\/11\/decitre-100x100.png 100w\" sizes=\"(max-width: 225px) 100vw, 225px\" \/><\/a><\/figure>\n\n\n\n<figure class=\"wp-block-image size-full is-resized\"><a href=\"https:\/\/amzn.to\/44CQJno\" target=\"_blank\" rel=\"noreferrer noopener\"><img loading=\"lazy\" decoding=\"async\" width=\"512\" height=\"156\" src=\"https:\/\/ma.mrtanandco.fr\/wp-content\/uploads\/2022\/11\/amazon.png\" alt=\"\" class=\"wp-image-322\" style=\"width:128px;height:39px\" srcset=\"https:\/\/mortelleadele.com\/wp-content\/uploads\/2022\/11\/amazon.png 512w, https:\/\/mortelleadele.com\/wp-content\/uploads\/2022\/11\/amazon-300x91.png 300w\" sizes=\"(max-width: 512px) 100vw, 512px\" \/><\/a><\/figure>\n<\/div>\n<\/div>\n<\/div>\n\n\n\n<div class=\"wp-block-buttons is-horizontal is-content-justification-center is-layout-flex wp-container-core-buttons-is-layout-a4d366b9 wp-block-buttons-is-layout-flex\">\n<div class=\"wp-block-button is-style-fill\"><a class=\"wp-block-button__link wp-element-button\" href=\"https:\/\/mortelleadele.com\/index.php\/mes-objets\/\">Retour \u00e0 mon bazar<\/a><\/div>\n<\/div>\n","protected":false},"excerpt":{"rendered":"<p>Description : Dans cet agenda anti-nazebroques, tu trouveras des news V.I.B. pour en savoir plus sur les coulisses de ta s\u00e9rie&nbsp;pr\u00e9f\u00e9r\u00e9e, des conseils mortels et des infos bizarres qui te permettront de cultiver ta MORTELLITUDE&nbsp;tout au long de l\u2019ann\u00e9e, mais aussi des stickers trop mortels pour personnaliser tes semaines&nbsp;! Tu pourras y noter tes b\u00eatises, &hellip; <\/p>\n<p class=\"link-more\"><a href=\"https:\/\/mortelleadele.com\/index.php\/agenda-6\/\" class=\"more-link\">Continuer la lecture<span class=\"screen-reader-text\"> de &laquo;&nbsp;Agenda scolaire 2024-2025&nbsp;&raquo;<\/span><\/a><\/p>\n","protected":false},"author":1,"featured_media":0,"parent":0,"menu_order":0,"comment_status":"closed","ping_status":"closed","template":"","meta":{"footnotes":""},"class_list":["post-689","page","type-page","status-publish","hentry"],"yoast_head":"<!-- This site is optimized with the Yoast SEO plugin v27.4 - https:\/\/yoast.com\/product\/yoast-seo-wordpress\/ -->\n<title>Agenda scolaire 2024-2025 &#8211; Mortelle Ad\u00e8le<\/title>\n<meta name=\"robots\" content=\"index, follow, max-snippet:-1, max-image-preview:large, max-video-preview:-1\" \/>\n<link rel=\"canonical\" href=\"https:\/\/mortelleadele.com\/index.php\/agenda-6\/\" \/>\n<meta property=\"og:locale\" content=\"fr_FR\" \/>\n<meta property=\"og:type\" content=\"article\" \/>\n<meta property=\"og:title\" content=\"Agenda scolaire 2024-2025 &#8211; Mortelle Ad\u00e8le\" \/>\n<meta property=\"og:description\" content=\"Description : Dans cet agenda anti-nazebroques, tu trouveras des news V.I.B. pour en savoir plus sur les coulisses de ta s\u00e9rie&nbsp;pr\u00e9f\u00e9r\u00e9e, des conseils mortels et des infos bizarres qui te permettront de cultiver ta MORTELLITUDE&nbsp;tout au long de l\u2019ann\u00e9e, mais aussi des stickers trop mortels pour personnaliser tes semaines&nbsp;! Tu pourras y noter tes b\u00eatises, &hellip; Continuer la lecture de &laquo;&nbsp;Agenda scolaire 2024-2025&nbsp;&raquo;\" \/>\n<meta property=\"og:url\" content=\"https:\/\/mortelleadele.com\/index.php\/agenda-6\/\" \/>\n<meta property=\"og:site_name\" content=\"Mortelle Ad\u00e8le\" \/>\n<meta property=\"article:publisher\" content=\"https:\/\/www.facebook.com\/mortelleadele\" \/>\n<meta property=\"article:modified_time\" content=\"2024-06-06T10:29:15+00:00\" \/>\n<meta property=\"og:image\" content=\"https:\/\/mortelleadele.com\/wp-content\/uploads\/2024\/05\/CV_MORTELLE-ADELE_AGENDA_2024-25-ok-701x1024.jpg\" \/>\n<meta name=\"twitter:card\" content=\"summary_large_image\" \/>\n<meta name=\"twitter:label1\" content=\"Dur\u00e9e de lecture estim\u00e9e\" \/>\n\t<meta name=\"twitter:data1\" content=\"2 minutes\" \/>\n<script type=\"application\/ld+json\" class=\"yoast-schema-graph\">{\"@context\":\"https:\\\/\\\/schema.org\",\"@graph\":[{\"@type\":\"WebPage\",\"@id\":\"https:\\\/\\\/mortelleadele.com\\\/index.php\\\/agenda-6\\\/\",\"url\":\"https:\\\/\\\/mortelleadele.com\\\/index.php\\\/agenda-6\\\/\",\"name\":\"Agenda scolaire 2024-2025 &#8211; Mortelle Ad\u00e8le\",\"isPartOf\":{\"@id\":\"https:\\\/\\\/mortelleadele.com\\\/#website\"},\"primaryImageOfPage\":{\"@id\":\"https:\\\/\\\/mortelleadele.com\\\/index.php\\\/agenda-6\\\/#primaryimage\"},\"image\":{\"@id\":\"https:\\\/\\\/mortelleadele.com\\\/index.php\\\/agenda-6\\\/#primaryimage\"},\"thumbnailUrl\":\"https:\\\/\\\/mortelleadele.com\\\/wp-content\\\/uploads\\\/2024\\\/05\\\/CV_MORTELLE-ADELE_AGENDA_2024-25-ok-701x1024.jpg\",\"datePublished\":\"2022-11-29T11:23:23+00:00\",\"dateModified\":\"2024-06-06T10:29:15+00:00\",\"breadcrumb\":{\"@id\":\"https:\\\/\\\/mortelleadele.com\\\/index.php\\\/agenda-6\\\/#breadcrumb\"},\"inLanguage\":\"fr-FR\",\"potentialAction\":[{\"@type\":\"ReadAction\",\"target\":[\"https:\\\/\\\/mortelleadele.com\\\/index.php\\\/agenda-6\\\/\"]}]},{\"@type\":\"ImageObject\",\"inLanguage\":\"fr-FR\",\"@id\":\"https:\\\/\\\/mortelleadele.com\\\/index.php\\\/agenda-6\\\/#primaryimage\",\"url\":\"https:\\\/\\\/mortelleadele.com\\\/wp-content\\\/uploads\\\/2024\\\/05\\\/CV_MORTELLE-ADELE_AGENDA_2024-25-ok.jpg\",\"contentUrl\":\"https:\\\/\\\/mortelleadele.com\\\/wp-content\\\/uploads\\\/2024\\\/05\\\/CV_MORTELLE-ADELE_AGENDA_2024-25-ok.jpg\",\"width\":1453,\"height\":2122,\"caption\":\"Agenda 2024-2025\"},{\"@type\":\"BreadcrumbList\",\"@id\":\"https:\\\/\\\/mortelleadele.com\\\/index.php\\\/agenda-6\\\/#breadcrumb\",\"itemListElement\":[{\"@type\":\"ListItem\",\"position\":1,\"name\":\"Accueil\",\"item\":\"https:\\\/\\\/mortelleadele.com\\\/\"},{\"@type\":\"ListItem\",\"position\":2,\"name\":\"Agenda scolaire 2024-2025\"}]},{\"@type\":\"WebSite\",\"@id\":\"https:\\\/\\\/mortelleadele.com\\\/#website\",\"url\":\"https:\\\/\\\/mortelleadele.com\\\/\",\"name\":\"Mortelle Ad\u00e8le\",\"description\":\"H\u00e9ro\u00efne de Bande dessin\u00e9e\",\"publisher\":{\"@id\":\"https:\\\/\\\/mortelleadele.com\\\/#organization\"},\"potentialAction\":[{\"@type\":\"SearchAction\",\"target\":{\"@type\":\"EntryPoint\",\"urlTemplate\":\"https:\\\/\\\/mortelleadele.com\\\/?s={search_term_string}\"},\"query-input\":{\"@type\":\"PropertyValueSpecification\",\"valueRequired\":true,\"valueName\":\"search_term_string\"}}],\"inLanguage\":\"fr-FR\"},{\"@type\":\"Organization\",\"@id\":\"https:\\\/\\\/mortelleadele.com\\\/#organization\",\"name\":\"Mortelle Ad\u00e8le\",\"url\":\"https:\\\/\\\/mortelleadele.com\\\/\",\"logo\":{\"@type\":\"ImageObject\",\"inLanguage\":\"fr-FR\",\"@id\":\"https:\\\/\\\/mortelleadele.com\\\/#\\\/schema\\\/logo\\\/image\\\/\",\"url\":\"https:\\\/\\\/mortelleadele.com\\\/wp-content\\\/uploads\\\/2023\\\/01\\\/Logo-Mortelle-Adele.jpeg\",\"contentUrl\":\"https:\\\/\\\/mortelleadele.com\\\/wp-content\\\/uploads\\\/2023\\\/01\\\/Logo-Mortelle-Adele.jpeg\",\"width\":1176,\"height\":761,\"caption\":\"Mortelle Ad\u00e8le\"},\"image\":{\"@id\":\"https:\\\/\\\/mortelleadele.com\\\/#\\\/schema\\\/logo\\\/image\\\/\"},\"sameAs\":[\"https:\\\/\\\/www.facebook.com\\\/mortelleadele\",\"https:\\\/\\\/www.instagram.com\\\/mortelleadelebd\"]}]}<\/script>\n<!-- \/ Yoast SEO plugin. -->","yoast_head_json":{"title":"Agenda scolaire 2024-2025 &#8211; Mortelle Ad\u00e8le","robots":{"index":"index","follow":"follow","max-snippet":"max-snippet:-1","max-image-preview":"max-image-preview:large","max-video-preview":"max-video-preview:-1"},"canonical":"https:\/\/mortelleadele.com\/index.php\/agenda-6\/","og_locale":"fr_FR","og_type":"article","og_title":"Agenda scolaire 2024-2025 &#8211; Mortelle Ad\u00e8le","og_description":"Description : Dans cet agenda anti-nazebroques, tu trouveras des news V.I.B. pour en savoir plus sur les coulisses de ta s\u00e9rie&nbsp;pr\u00e9f\u00e9r\u00e9e, des conseils mortels et des infos bizarres qui te permettront de cultiver ta MORTELLITUDE&nbsp;tout au long de l\u2019ann\u00e9e, mais aussi des stickers trop mortels pour personnaliser tes semaines&nbsp;! Tu pourras y noter tes b\u00eatises, &hellip; Continuer la lecture de &laquo;&nbsp;Agenda scolaire 2024-2025&nbsp;&raquo;","og_url":"https:\/\/mortelleadele.com\/index.php\/agenda-6\/","og_site_name":"Mortelle Ad\u00e8le","article_publisher":"https:\/\/www.facebook.com\/mortelleadele","article_modified_time":"2024-06-06T10:29:15+00:00","og_image":[{"url":"https:\/\/mortelleadele.com\/wp-content\/uploads\/2024\/05\/CV_MORTELLE-ADELE_AGENDA_2024-25-ok-701x1024.jpg","type":"","width":"","height":""}],"twitter_card":"summary_large_image","twitter_misc":{"Dur\u00e9e de lecture estim\u00e9e":"2 minutes"},"schema":{"@context":"https:\/\/schema.org","@graph":[{"@type":"WebPage","@id":"https:\/\/mortelleadele.com\/index.php\/agenda-6\/","url":"https:\/\/mortelleadele.com\/index.php\/agenda-6\/","name":"Agenda scolaire 2024-2025 &#8211; Mortelle Ad\u00e8le","isPartOf":{"@id":"https:\/\/mortelleadele.com\/#website"},"primaryImageOfPage":{"@id":"https:\/\/mortelleadele.com\/index.php\/agenda-6\/#primaryimage"},"image":{"@id":"https:\/\/mortelleadele.com\/index.php\/agenda-6\/#primaryimage"},"thumbnailUrl":"https:\/\/mortelleadele.com\/wp-content\/uploads\/2024\/05\/CV_MORTELLE-ADELE_AGENDA_2024-25-ok-701x1024.jpg","datePublished":"2022-11-29T11:23:23+00:00","dateModified":"2024-06-06T10:29:15+00:00","breadcrumb":{"@id":"https:\/\/mortelleadele.com\/index.php\/agenda-6\/#breadcrumb"},"inLanguage":"fr-FR","potentialAction":[{"@type":"ReadAction","target":["https:\/\/mortelleadele.com\/index.php\/agenda-6\/"]}]},{"@type":"ImageObject","inLanguage":"fr-FR","@id":"https:\/\/mortelleadele.com\/index.php\/agenda-6\/#primaryimage","url":"https:\/\/mortelleadele.com\/wp-content\/uploads\/2024\/05\/CV_MORTELLE-ADELE_AGENDA_2024-25-ok.jpg","contentUrl":"https:\/\/mortelleadele.com\/wp-content\/uploads\/2024\/05\/CV_MORTELLE-ADELE_AGENDA_2024-25-ok.jpg","width":1453,"height":2122,"caption":"Agenda 2024-2025"},{"@type":"BreadcrumbList","@id":"https:\/\/mortelleadele.com\/index.php\/agenda-6\/#breadcrumb","itemListElement":[{"@type":"ListItem","position":1,"name":"Accueil","item":"https:\/\/mortelleadele.com\/"},{"@type":"ListItem","position":2,"name":"Agenda scolaire 2024-2025"}]},{"@type":"WebSite","@id":"https:\/\/mortelleadele.com\/#website","url":"https:\/\/mortelleadele.com\/","name":"Mortelle Ad\u00e8le","description":"H\u00e9ro\u00efne de Bande dessin\u00e9e","publisher":{"@id":"https:\/\/mortelleadele.com\/#organization"},"potentialAction":[{"@type":"SearchAction","target":{"@type":"EntryPoint","urlTemplate":"https:\/\/mortelleadele.com\/?s={search_term_string}"},"query-input":{"@type":"PropertyValueSpecification","valueRequired":true,"valueName":"search_term_string"}}],"inLanguage":"fr-FR"},{"@type":"Organization","@id":"https:\/\/mortelleadele.com\/#organization","name":"Mortelle Ad\u00e8le","url":"https:\/\/mortelleadele.com\/","logo":{"@type":"ImageObject","inLanguage":"fr-FR","@id":"https:\/\/mortelleadele.com\/#\/schema\/logo\/image\/","url":"https:\/\/mortelleadele.com\/wp-content\/uploads\/2023\/01\/Logo-Mortelle-Adele.jpeg","contentUrl":"https:\/\/mortelleadele.com\/wp-content\/uploads\/2023\/01\/Logo-Mortelle-Adele.jpeg","width":1176,"height":761,"caption":"Mortelle Ad\u00e8le"},"image":{"@id":"https:\/\/mortelleadele.com\/#\/schema\/logo\/image\/"},"sameAs":["https:\/\/www.facebook.com\/mortelleadele","https:\/\/www.instagram.com\/mortelleadelebd"]}]}},"_links":{"self":[{"href":"https:\/\/mortelleadele.com\/index.php\/wp-json\/wp\/v2\/pages\/689","targetHints":{"allow":["GET"]}}],"collection":[{"href":"https:\/\/mortelleadele.com\/index.php\/wp-json\/wp\/v2\/pages"}],"about":[{"href":"https:\/\/mortelleadele.com\/index.php\/wp-json\/wp\/v2\/types\/page"}],"author":[{"embeddable":true,"href":"https:\/\/mortelleadele.com\/index.php\/wp-json\/wp\/v2\/users\/1"}],"replies":[{"embeddable":true,"href":"https:\/\/mortelleadele.com\/index.php\/wp-json\/wp\/v2\/comments?post=689"}],"version-history":[{"count":7,"href":"https:\/\/mortelleadele.com\/index.php\/wp-json\/wp\/v2\/pages\/689\/revisions"}],"predecessor-version":[{"id":4230,"href":"https:\/\/mortelleadele.com\/index.php\/wp-json\/wp\/v2\/pages\/689\/revisions\/4230"}],"wp:attachment":[{"href":"https:\/\/mortelleadele.com\/index.php\/wp-json\/wp\/v2\/media?parent=689"}],"curies":[{"name":"wp","href":"https:\/\/api.w.org\/{rel}","templated":true}]}}