{"id":747,"date":"2022-11-29T22:07:12","date_gmt":"2022-11-29T21:07:12","guid":{"rendered":"https:\/\/ma.mrtanandco.fr\/?page_id=747"},"modified":"2026-05-04T16:32:14","modified_gmt":"2026-05-04T14:32:14","slug":"mes-appli","status":"publish","type":"page","link":"https:\/\/mortelleadele.com\/index.php\/mes-appli\/","title":{"rendered":"Mes applis"},"content":{"rendered":"\n<div class=\"wp-block-media-text alignfull has-media-on-the-right is-stacked-on-mobile is-vertically-aligned-top\" style=\"grid-template-columns:auto 46%\"><div class=\"wp-block-media-text__content\">\n<h2 class=\"wp-block-heading has-text-align-left has-text-color\" style=\"color:#000000\"><strong><strong>Mortelle Ad\u00e8le &#8211; l&rsquo;appli<\/strong><\/strong><\/h2>\n\n\n\n<p>Tu es fan de la s\u00e9rie de bande dessin\u00e9e la plus mortelle de la galaxie ? Cette application est faite pour toi !<\/p>\n\n\n\n<p>Retrouve du contenu sur l&rsquo;ensemble de l&rsquo;univers de ton h\u00e9ro\u00efne pr\u00e9f\u00e9r\u00e9e : Mortelle Ad\u00e8le.<\/p>\n\n\n\n<p>Tu trouveras des infos sur les livres, les musiques, les personnages et m\u00eame <a href=\"https:\/\/mortelleadele.com\/index.php\/fascicule-contre-le-harcelement-scolaire\/\">le fascicule contre le harc\u00e8lement scolaire.<\/a><\/p>\n\n\n\n<p>Mais aussi des <strong>quizs<\/strong> et des <strong>mini-jeux<\/strong> \u00e0 jouer sans mod\u00e9ration et m\u00eame <strong>sans connexion internet obligatoire<\/strong> !<\/p>\n\n\n\n<p><strong>Disponible gratuitement<\/strong><\/p>\n\n\n\n<div class=\"wp-block-group is-vertical is-content-justification-center is-nowrap is-layout-flex wp-container-core-group-is-layout-fc169830 wp-block-group-is-layout-flex\">\n<figure class=\"wp-block-image size-full is-resized\"><a href=\"https:\/\/apps.apple.com\/fr\/app\/mortelle-ad%C3%A8le\/id6472617328\" target=\"_blank\" rel=\"noreferrer noopener\"><img decoding=\"async\" width=\"335\" height=\"99\" src=\"https:\/\/mortelleadele.com\/wp-content\/uploads\/2022\/12\/appstore.png\" alt=\"\" class=\"wp-image-881\" style=\"object-fit:cover;width:168px;height:50px\" srcset=\"https:\/\/mortelleadele.com\/wp-content\/uploads\/2022\/12\/appstore.png 335w, https:\/\/mortelleadele.com\/wp-content\/uploads\/2022\/12\/appstore-300x89.png 300w\" sizes=\"(max-width: 335px) 100vw, 335px\" \/><\/a><\/figure>\n\n\n\n<figure class=\"wp-block-image size-full is-resized\"><a href=\"https:\/\/play.google.com\/store\/apps\/details?id=com.mrtanandco.mortelleadele.cdb\" target=\"_blank\" rel=\"noreferrer noopener\"><img fetchpriority=\"high\" decoding=\"async\" width=\"646\" height=\"250\" src=\"https:\/\/ma.mrtanandco.fr\/wp-content\/uploads\/2022\/12\/google-play-badge.png\" alt=\"\" class=\"wp-image-882\" style=\"width:168px\" srcset=\"https:\/\/mortelleadele.com\/wp-content\/uploads\/2022\/12\/google-play-badge.png 646w, https:\/\/mortelleadele.com\/wp-content\/uploads\/2022\/12\/google-play-badge-300x116.png 300w\" sizes=\"(max-width: 646px) 100vw, 646px\" \/><\/a><\/figure>\n<\/div>\n\n\n\n<h3 class=\"wp-block-heading\">Comment \u00e7a marche&nbsp;?<\/h3>\n\n\n\n<p>\u00c0 travers l&rsquo;application, tu peux mettre en <strong>favori<\/strong> tes livres, tes musiques , tes magazines et tes personnages pr\u00e9f\u00e9r\u00e9s.<\/p>\n\n\n\n<p>Tu peux dire si ils sont dans <strong>ta collection<\/strong>, si tu les as d\u00e9j\u00e0 <strong>lus<\/strong> et m\u00eame mettre une MORTELLE <strong>note<\/strong> \u00e0 chaque contenu.<\/p>\n\n\n\n<p>Le <strong>compteur de pages<\/strong> te permet de suivre le nombre total de pages que tu as lues depuis que tu as commenc\u00e9 la s\u00e9rie. Si tu es connect\u00e9 \u00e0 internet, tu peux partager ton compteur, tes notes et tes scores avec les Bizarres du monde entier et m\u00eame r\u00e9pondre \u00e0 la <strong>question aux Bizarres<\/strong>&nbsp;! C\u2019est pas sensag\u00e9nial ?<\/p>\n\n\n\n<p><strong>N&rsquo;h\u00e9site pas \u00e0 parcourir l&rsquo;application totalement gratuite, aucune cr\u00e9ation de compte n&rsquo;est demand\u00e9e.<\/strong><\/p>\n\n\n\n<p>Tu peux entrer ton nom de profil, ta date de naissance, si tu le souhaites.<\/p>\n\n\n\n<p>Et tu peux m\u00eame envoyer tes id\u00e9es dans <strong>la bo\u00eete \u00e0 id\u00e9es<\/strong> pour am\u00e9liorer l&rsquo;application.<\/p>\n\n\n\n<div class=\"wp-block-buttons is-content-justification-center is-layout-flex wp-container-core-buttons-is-layout-16018d1d wp-block-buttons-is-layout-flex\">\n<div class=\"wp-block-button\"><a class=\"wp-block-button__link wp-element-button\" href=\"https:\/\/www.mrtanandco.fr\/index.php\/conditions-generales-dutilisation-et-politique-de-confidentialite-mortelle-adele\/\">C.G.U et Politique de confidentialit\u00e9<\/a><\/div>\n<\/div>\n<\/div><figure class=\"wp-block-media-text__media\"><img decoding=\"async\" width=\"472\" height=\"1024\" src=\"https:\/\/mortelleadele.com\/wp-content\/uploads\/2025\/06\/01-472x1024.png\" alt=\"\" class=\"wp-image-6359 size-full\" srcset=\"https:\/\/mortelleadele.com\/wp-content\/uploads\/2025\/06\/01-472x1024.png 472w, https:\/\/mortelleadele.com\/wp-content\/uploads\/2025\/06\/01-138x300.png 138w, https:\/\/mortelleadele.com\/wp-content\/uploads\/2025\/06\/01-768x1665.png 768w, https:\/\/mortelleadele.com\/wp-content\/uploads\/2025\/06\/01-709x1536.png 709w, https:\/\/mortelleadele.com\/wp-content\/uploads\/2025\/06\/01-945x2048.png 945w, https:\/\/mortelleadele.com\/wp-content\/uploads\/2025\/06\/01-scaled.png 1181w\" sizes=\"(max-width: 472px) 100vw, 472px\" \/><\/figure><\/div>\n\n\n\n<hr>\n\n\n\n<div class=\"wp-block-media-text alignfull has-media-on-the-right is-stacked-on-mobile is-vertically-aligned-top\"><div class=\"wp-block-media-text__content\">\n<h2 class=\"wp-block-heading has-text-align-left has-text-color\" style=\"color:#000000\"><strong><strong>Stickers Mortels<\/strong><\/strong><\/h2>\n\n\n\n<p>Une collection officielle de stickers et gifs Mortelle Ad\u00e8le. Compte sur ton h\u00e9ro\u00efne pr\u00e9f\u00e9r\u00e9e pour faire passer tes messages sans d\u00e9tour&nbsp;!<\/p>\n\n\n\n<p><strong>Disponible gratuitement<\/strong><\/p>\n\n\n\n<p>Pour <strong>WhatsApp<\/strong> et les autres applications de communication<\/p>\n\n\n\n<div class=\"wp-block-group is-nowrap is-layout-flex wp-container-core-group-is-layout-ad2f72ca wp-block-group-is-layout-flex\">\n<figure class=\"wp-block-image size-full is-resized\"><a href=\"https:\/\/apps.apple.com\/us\/app\/stickers-mortelle-ad%C3%A8le\/id1484025479?l=fr&amp;ls=1\" target=\"_blank\" rel=\"noreferrer noopener\"><img loading=\"lazy\" decoding=\"async\" width=\"335\" height=\"99\" src=\"https:\/\/ma.mrtanandco.fr\/wp-content\/uploads\/2022\/12\/appstore.png\" alt=\"\" class=\"wp-image-881\" style=\"width:168px;height:50px\" srcset=\"https:\/\/mortelleadele.com\/wp-content\/uploads\/2022\/12\/appstore.png 335w, https:\/\/mortelleadele.com\/wp-content\/uploads\/2022\/12\/appstore-300x89.png 300w\" sizes=\"(max-width: 335px) 100vw, 335px\" \/><\/a><\/figure>\n\n\n\n<figure class=\"wp-block-image size-full is-resized\"><a href=\"https:\/\/play.google.com\/store\/apps\/details?id=com.bayardpresse.stickers.mortelleadele\" target=\"_blank\" rel=\"noreferrer noopener\"><img fetchpriority=\"high\" decoding=\"async\" width=\"646\" height=\"250\" src=\"https:\/\/ma.mrtanandco.fr\/wp-content\/uploads\/2022\/12\/google-play-badge.png\" alt=\"\" class=\"wp-image-882\" style=\"width:168px\" srcset=\"https:\/\/mortelleadele.com\/wp-content\/uploads\/2022\/12\/google-play-badge.png 646w, https:\/\/mortelleadele.com\/wp-content\/uploads\/2022\/12\/google-play-badge-300x116.png 300w\" sizes=\"(max-width: 646px) 100vw, 646px\" \/><\/a><\/figure>\n<\/div>\n\n\n\n<h3 class=\"wp-block-heading\">Comment \u00e7a marche&nbsp;?<\/h3>\n\n\n\n<p>Ouvre l&rsquo;application et s\u00e9lectionne le pack que tu souhaites ajouter \u00e0 <strong>WhatsApp <\/strong>ou alors s\u00e9lectionne le sticker que tu veux partager avec tes copains sur les r\u00e9seaux sociaux.<\/p>\n\n\n\n<p>Pour l&rsquo;application iMessages sur iOS, tes stickers ont \u00e9t\u00e9 ajout\u00e9s dans&nbsp;iMessage&nbsp;! S\u00e9lectionne simplement celui de ton choix pour l\u2019envoyer.<\/p>\n<\/div><figure class=\"wp-block-media-text__media\"><img loading=\"lazy\" decoding=\"async\" width=\"645\" height=\"1024\" src=\"https:\/\/ma.mrtanandco.fr\/wp-content\/uploads\/2022\/12\/visuel-app-sticker.png\" alt=\"\" class=\"wp-image-884 size-full\" srcset=\"https:\/\/mortelleadele.com\/wp-content\/uploads\/2022\/12\/visuel-app-sticker.png 645w, https:\/\/mortelleadele.com\/wp-content\/uploads\/2022\/12\/visuel-app-sticker-189x300.png 189w\" sizes=\"(max-width: 645px) 100vw, 645px\" \/><\/figure><\/div>\n\n\n\n<hr>\n\n\n\n<div class=\"wp-block-media-text alignfull has-media-on-the-right is-stacked-on-mobile is-vertically-aligned-top\"><div class=\"wp-block-media-text__content\">\n<h2 class=\"wp-block-heading has-text-align-left has-text-color\" style=\"color:#000000\"><strong><strong>Ta photo avec Mortelle Ad\u00e8le<\/strong><\/strong><\/h2>\n\n\n\n<p class=\"has-text-align-left\">Fais ta photo avec ton h\u00e9ro\u00efne pr\u00e9f\u00e9r\u00e9e pour partager des selfies uniques !<\/p>\n\n\n\n<p class=\"has-text-align-left\">Avec plus de 70 accessoires et stickers, tes photos vont \u00eatre compl\u00e8tement Funky Moumoute ! De quoi catapulter ta t\u00eate au panneau d\u2019honneur du club des Bizarres&nbsp;! POUSSEZ-VOUS LES MOCHES&nbsp;!<\/p>\n\n\n\n<p><strong>Disponible gratuitement<\/strong> sur<\/p>\n\n\n\n<div class=\"wp-block-group is-content-justification-left is-nowrap is-layout-flex wp-container-core-group-is-layout-f56a869c wp-block-group-is-layout-flex\">\n<figure class=\"wp-block-image size-full is-resized\"><a href=\"https:\/\/apps.apple.com\/us\/app\/ta-photo-avec-mortelle-ad%C3%A8le\/id1486763236?l=fr&amp;ls=1\" target=\"_blank\" rel=\"noreferrer noopener\"><img loading=\"lazy\" decoding=\"async\" width=\"335\" height=\"99\" src=\"https:\/\/ma.mrtanandco.fr\/wp-content\/uploads\/2022\/12\/appstore.png\" alt=\"\" class=\"wp-image-881\" style=\"width:168px;height:50px\" srcset=\"https:\/\/mortelleadele.com\/wp-content\/uploads\/2022\/12\/appstore.png 335w, https:\/\/mortelleadele.com\/wp-content\/uploads\/2022\/12\/appstore-300x89.png 300w\" sizes=\"(max-width: 335px) 100vw, 335px\" \/><\/a><\/figure>\n\n\n\n<figure class=\"wp-block-image size-full is-resized\"><a href=\"https:\/\/play.google.com\/store\/apps\/details?id=com.groupebayard.mortelleadele.photobooth\" target=\"_blank\" rel=\"noreferrer noopener\"><img fetchpriority=\"high\" decoding=\"async\" width=\"646\" height=\"250\" src=\"https:\/\/ma.mrtanandco.fr\/wp-content\/uploads\/2022\/12\/google-play-badge.png\" alt=\"\" class=\"wp-image-882\" style=\"width:168px\" srcset=\"https:\/\/mortelleadele.com\/wp-content\/uploads\/2022\/12\/google-play-badge.png 646w, https:\/\/mortelleadele.com\/wp-content\/uploads\/2022\/12\/google-play-badge-300x116.png 300w\" sizes=\"(max-width: 646px) 100vw, 646px\" \/><\/a><\/figure>\n<\/div>\n\n\n\n<h3 class=\"wp-block-heading has-text-align-left\">Comment \u00e7a marche&nbsp;?<\/h3>\n\n\n\n<ol class=\"wp-block-list\">\n<li>Prends toi en selfie. Si t\u2019as une t\u00eate de zombie, recommence !<\/li>\n\n\n\n<li>Ajoute des accessoires : yeux, oreilles, coupes de cheveux. Ajuste la taille et la position de chaque \u00e9l\u00e9ment. Touche un \u00e9l\u00e9ment et d\u00e9place-le en dehors de ta photo pour le supprimer.<\/li>\n\n\n\n<li>Choisis ton expression trop mortelle.<\/li>\n\n\n\n<li>D\u00e9core avec des stickers : plein de personnages et d\u2019objets disponibles.<\/li>\n\n\n\n<li>Envoie ta photo \u00e0 tes amis&nbsp;!<\/li>\n<\/ol>\n\n\n\n<p>Tu peux partager ta cr\u00e9ation sur ton smartphone en touchant l\u2019ic\u00f4ne \u00ab&nbsp;<em>partager<\/em>&nbsp;\u00bb.<\/p>\n<\/div><figure class=\"wp-block-media-text__media\"><img loading=\"lazy\" decoding=\"async\" width=\"750\" height=\"1024\" src=\"https:\/\/mortelleadele.com\/wp-content\/uploads\/2023\/01\/Ta-Photo-Tablette-750x1024.png\" alt=\"\" class=\"wp-image-1798 size-full\" srcset=\"https:\/\/mortelleadele.com\/wp-content\/uploads\/2023\/01\/Ta-Photo-Tablette-750x1024.png 750w, https:\/\/mortelleadele.com\/wp-content\/uploads\/2023\/01\/Ta-Photo-Tablette-220x300.png 220w, https:\/\/mortelleadele.com\/wp-content\/uploads\/2023\/01\/Ta-Photo-Tablette-768x1049.png 768w, https:\/\/mortelleadele.com\/wp-content\/uploads\/2023\/01\/Ta-Photo-Tablette.png 932w\" sizes=\"(max-width: 706px) 89vw, (max-width: 767px) 82vw, 740px\" \/><\/figure><\/div>\n\n\n\n<hr>\n\n\n\n<div class=\"wp-block-media-text alignfull has-media-on-the-right is-stacked-on-mobile is-vertically-aligned-top\"><div class=\"wp-block-media-text__content\">\n<h2 class=\"wp-block-heading has-text-align-left has-text-color\" style=\"color:#000000\"><strong><strong><strong>D\u00e9tecteur de mortellitude<\/strong><\/strong><\/strong><\/h2>\n\n\n\n<p>Une nouvelle journ\u00e9e d\u00e9marre, et tu te demandes ce qu\u2019elle te r\u00e9serve ? Et si la r\u00e9ponse \u00e9tait d\u00e9j\u00e0 en toi&nbsp;?<\/p>\n\n\n\n<p>Gr\u00e2ce \u00e0 mon d\u00e9tecteur de mortellitude, tu vas savoir chaque jour de quelle dose d\u2019\u00e9nergie tu disposes pour affronter le monde ! En plus, tu peux m\u00eame l\u2019utiliser autour de toi pour trouver des alli\u00e9s aussi MORTELS que toi&nbsp;!<br>Alors, \u00e7a donne quoi&nbsp;? <\/p>\n\n\n\n<p>FUNKY MOUMOUTE ou pas&nbsp;?!<\/p>\n\n\n\n<p><strong>Disponible gratuitement<\/strong> sur<\/p>\n\n\n\n<div class=\"wp-block-group is-content-justification-left is-nowrap is-layout-flex wp-container-core-group-is-layout-f56a869c wp-block-group-is-layout-flex\">\n<figure class=\"wp-block-image size-full is-resized\"><a href=\"https:\/\/apps.apple.com\/us\/app\/d%C3%A9tecteur-de-mortellitude\/id1513138693\" target=\"_blank\" rel=\"noreferrer noopener\"><img loading=\"lazy\" decoding=\"async\" width=\"335\" height=\"99\" src=\"https:\/\/ma.mrtanandco.fr\/wp-content\/uploads\/2022\/12\/appstore.png\" alt=\"\" class=\"wp-image-881\" style=\"width:168px;height:50px\" srcset=\"https:\/\/mortelleadele.com\/wp-content\/uploads\/2022\/12\/appstore.png 335w, https:\/\/mortelleadele.com\/wp-content\/uploads\/2022\/12\/appstore-300x89.png 300w\" sizes=\"(max-width: 335px) 100vw, 335px\" \/><\/a><\/figure>\n\n\n\n<figure class=\"wp-block-image size-full is-resized\"><a href=\"https:\/\/play.google.com\/store\/apps\/details?id=com.groupebayard.mortelleadele.mortellitude&amp;hl=fr\" target=\"_blank\" rel=\"noreferrer noopener\"><img fetchpriority=\"high\" decoding=\"async\" width=\"646\" height=\"250\" src=\"https:\/\/ma.mrtanandco.fr\/wp-content\/uploads\/2022\/12\/google-play-badge.png\" alt=\"\" class=\"wp-image-882\" style=\"width:168px\" srcset=\"https:\/\/mortelleadele.com\/wp-content\/uploads\/2022\/12\/google-play-badge.png 646w, https:\/\/mortelleadele.com\/wp-content\/uploads\/2022\/12\/google-play-badge-300x116.png 300w\" sizes=\"(max-width: 646px) 100vw, 646px\" \/><\/a><\/figure>\n<\/div>\n\n\n\n<h3 class=\"wp-block-heading\">Comment \u00e7a marche&nbsp;?<\/h3>\n\n\n\n<ol class=\"wp-block-list\">\n<li>Choisis ta cam\u00e9ra (mode selfie ou mode photo)<\/li>\n\n\n\n<li>Lance le d\u00e9tecteur en touchant le bouton TEST<\/li>\n\n\n\n<li>Apr\u00e8s l\u2019analyse, ton taux de mortellitude s\u2019affiche automatiquement sur la photo<\/li>\n\n\n\n<li>D\u00e9core ta photo avec les stickers gagn\u00e9s&nbsp;!<\/li>\n\n\n\n<li>Envoie ta photo mortelle \u00e0 tes amis : touche le bouton envoyer par e-mail puis renseigne les informations demand\u00e9es<\/li>\n<\/ol>\n\n\n\n<p>Tu peux \u00e9galement partager ta cr\u00e9ation sur ton smartphone en touchant l\u2019ic\u00f4ne \u00ab&nbsp;<em>partager<\/em>&nbsp;\u00bb<\/p>\n\n\n\n<p><strong>\u00c0 t\u00e9l\u00e9charger gratuitement et \u00e0 partager sans mod\u00e9ration&nbsp;!<\/strong><\/p>\n<\/div><figure class=\"wp-block-media-text__media\"><img loading=\"lazy\" decoding=\"async\" width=\"626\" height=\"882\" src=\"https:\/\/ma.mrtanandco.fr\/wp-content\/uploads\/2022\/12\/Detecteur.jpeg\" alt=\"\" class=\"wp-image-900 size-full\" srcset=\"https:\/\/mortelleadele.com\/wp-content\/uploads\/2022\/12\/Detecteur.jpeg 626w, https:\/\/mortelleadele.com\/wp-content\/uploads\/2022\/12\/Detecteur-213x300.jpeg 213w\" sizes=\"(max-width: 626px) 100vw, 626px\" \/><\/figure><\/div>\n","protected":false},"excerpt":{"rendered":"","protected":false},"author":1,"featured_media":0,"parent":0,"menu_order":0,"comment_status":"closed","ping_status":"closed","template":"","meta":{"footnotes":""},"class_list":["post-747","page","type-page","status-publish","hentry"],"yoast_head":"<!-- This site is optimized with the Yoast SEO plugin v27.5 - https:\/\/yoast.com\/product\/yoast-seo-wordpress\/ -->\n<title>Mes applis &#8211; Mortelle Ad\u00e8le<\/title>\n<meta name=\"robots\" content=\"index, follow, max-snippet:-1, max-image-preview:large, max-video-preview:-1\" \/>\n<link rel=\"canonical\" href=\"https:\/\/mortelleadele.com\/index.php\/mes-appli\/\" \/>\n<meta property=\"og:locale\" content=\"fr_FR\" \/>\n<meta property=\"og:type\" content=\"article\" \/>\n<meta property=\"og:title\" content=\"Mes applis &#8211; Mortelle Ad\u00e8le\" \/>\n<meta property=\"og:url\" content=\"https:\/\/mortelleadele.com\/index.php\/mes-appli\/\" \/>\n<meta property=\"og:site_name\" content=\"Mortelle Ad\u00e8le\" \/>\n<meta property=\"article:publisher\" content=\"https:\/\/www.facebook.com\/mortelleadele\" \/>\n<meta property=\"article:modified_time\" content=\"2026-05-04T14:32:14+00:00\" \/>\n<meta property=\"og:image\" content=\"https:\/\/mortelleadele.com\/wp-content\/uploads\/2022\/12\/appstore.png\" \/>\n\t<meta property=\"og:image:width\" content=\"335\" \/>\n\t<meta property=\"og:image:height\" content=\"99\" \/>\n\t<meta property=\"og:image:type\" content=\"image\/png\" \/>\n<meta name=\"twitter:card\" content=\"summary_large_image\" \/>\n<meta name=\"twitter:label1\" content=\"Dur\u00e9e de lecture estim\u00e9e\" \/>\n\t<meta name=\"twitter:data1\" content=\"6 minutes\" \/>\n<script type=\"application\/ld+json\" class=\"yoast-schema-graph\">{\"@context\":\"https:\\\/\\\/schema.org\",\"@graph\":[{\"@type\":\"WebPage\",\"@id\":\"https:\\\/\\\/mortelleadele.com\\\/index.php\\\/mes-appli\\\/\",\"url\":\"https:\\\/\\\/mortelleadele.com\\\/index.php\\\/mes-appli\\\/\",\"name\":\"Mes applis &#8211; Mortelle Ad\u00e8le\",\"isPartOf\":{\"@id\":\"https:\\\/\\\/mortelleadele.com\\\/#website\"},\"primaryImageOfPage\":{\"@id\":\"https:\\\/\\\/mortelleadele.com\\\/index.php\\\/mes-appli\\\/#primaryimage\"},\"image\":{\"@id\":\"https:\\\/\\\/mortelleadele.com\\\/index.php\\\/mes-appli\\\/#primaryimage\"},\"thumbnailUrl\":\"https:\\\/\\\/mortelleadele.com\\\/wp-content\\\/uploads\\\/2022\\\/12\\\/appstore.png\",\"datePublished\":\"2022-11-29T21:07:12+00:00\",\"dateModified\":\"2026-05-04T14:32:14+00:00\",\"breadcrumb\":{\"@id\":\"https:\\\/\\\/mortelleadele.com\\\/index.php\\\/mes-appli\\\/#breadcrumb\"},\"inLanguage\":\"fr-FR\",\"potentialAction\":[{\"@type\":\"ReadAction\",\"target\":[\"https:\\\/\\\/mortelleadele.com\\\/index.php\\\/mes-appli\\\/\"]}]},{\"@type\":\"ImageObject\",\"inLanguage\":\"fr-FR\",\"@id\":\"https:\\\/\\\/mortelleadele.com\\\/index.php\\\/mes-appli\\\/#primaryimage\",\"url\":\"https:\\\/\\\/mortelleadele.com\\\/wp-content\\\/uploads\\\/2022\\\/12\\\/appstore.png\",\"contentUrl\":\"https:\\\/\\\/mortelleadele.com\\\/wp-content\\\/uploads\\\/2022\\\/12\\\/appstore.png\",\"width\":335,\"height\":99},{\"@type\":\"BreadcrumbList\",\"@id\":\"https:\\\/\\\/mortelleadele.com\\\/index.php\\\/mes-appli\\\/#breadcrumb\",\"itemListElement\":[{\"@type\":\"ListItem\",\"position\":1,\"name\":\"Accueil\",\"item\":\"https:\\\/\\\/mortelleadele.com\\\/\"},{\"@type\":\"ListItem\",\"position\":2,\"name\":\"Mes applis\"}]},{\"@type\":\"WebSite\",\"@id\":\"https:\\\/\\\/mortelleadele.com\\\/#website\",\"url\":\"https:\\\/\\\/mortelleadele.com\\\/\",\"name\":\"Mortelle Ad\u00e8le\",\"description\":\"H\u00e9ro\u00efne de Bande dessin\u00e9e\",\"publisher\":{\"@id\":\"https:\\\/\\\/mortelleadele.com\\\/#organization\"},\"potentialAction\":[{\"@type\":\"SearchAction\",\"target\":{\"@type\":\"EntryPoint\",\"urlTemplate\":\"https:\\\/\\\/mortelleadele.com\\\/?s={search_term_string}\"},\"query-input\":{\"@type\":\"PropertyValueSpecification\",\"valueRequired\":true,\"valueName\":\"search_term_string\"}}],\"inLanguage\":\"fr-FR\"},{\"@type\":\"Organization\",\"@id\":\"https:\\\/\\\/mortelleadele.com\\\/#organization\",\"name\":\"Mortelle Ad\u00e8le\",\"url\":\"https:\\\/\\\/mortelleadele.com\\\/\",\"logo\":{\"@type\":\"ImageObject\",\"inLanguage\":\"fr-FR\",\"@id\":\"https:\\\/\\\/mortelleadele.com\\\/#\\\/schema\\\/logo\\\/image\\\/\",\"url\":\"https:\\\/\\\/mortelleadele.com\\\/wp-content\\\/uploads\\\/2023\\\/01\\\/Logo-Mortelle-Adele.jpeg\",\"contentUrl\":\"https:\\\/\\\/mortelleadele.com\\\/wp-content\\\/uploads\\\/2023\\\/01\\\/Logo-Mortelle-Adele.jpeg\",\"width\":1176,\"height\":761,\"caption\":\"Mortelle Ad\u00e8le\"},\"image\":{\"@id\":\"https:\\\/\\\/mortelleadele.com\\\/#\\\/schema\\\/logo\\\/image\\\/\"},\"sameAs\":[\"https:\\\/\\\/www.facebook.com\\\/mortelleadele\",\"https:\\\/\\\/www.instagram.com\\\/mortelleadelebd\"]}]}<\/script>\n<!-- \/ Yoast SEO plugin. -->","yoast_head_json":{"title":"Mes applis &#8211; Mortelle Ad\u00e8le","robots":{"index":"index","follow":"follow","max-snippet":"max-snippet:-1","max-image-preview":"max-image-preview:large","max-video-preview":"max-video-preview:-1"},"canonical":"https:\/\/mortelleadele.com\/index.php\/mes-appli\/","og_locale":"fr_FR","og_type":"article","og_title":"Mes applis &#8211; Mortelle Ad\u00e8le","og_url":"https:\/\/mortelleadele.com\/index.php\/mes-appli\/","og_site_name":"Mortelle Ad\u00e8le","article_publisher":"https:\/\/www.facebook.com\/mortelleadele","article_modified_time":"2026-05-04T14:32:14+00:00","og_image":[{"width":335,"height":99,"url":"https:\/\/mortelleadele.com\/wp-content\/uploads\/2022\/12\/appstore.png","type":"image\/png"}],"twitter_card":"summary_large_image","twitter_misc":{"Dur\u00e9e de lecture estim\u00e9e":"6 minutes"},"schema":{"@context":"https:\/\/schema.org","@graph":[{"@type":"WebPage","@id":"https:\/\/mortelleadele.com\/index.php\/mes-appli\/","url":"https:\/\/mortelleadele.com\/index.php\/mes-appli\/","name":"Mes applis &#8211; Mortelle Ad\u00e8le","isPartOf":{"@id":"https:\/\/mortelleadele.com\/#website"},"primaryImageOfPage":{"@id":"https:\/\/mortelleadele.com\/index.php\/mes-appli\/#primaryimage"},"image":{"@id":"https:\/\/mortelleadele.com\/index.php\/mes-appli\/#primaryimage"},"thumbnailUrl":"https:\/\/mortelleadele.com\/wp-content\/uploads\/2022\/12\/appstore.png","datePublished":"2022-11-29T21:07:12+00:00","dateModified":"2026-05-04T14:32:14+00:00","breadcrumb":{"@id":"https:\/\/mortelleadele.com\/index.php\/mes-appli\/#breadcrumb"},"inLanguage":"fr-FR","potentialAction":[{"@type":"ReadAction","target":["https:\/\/mortelleadele.com\/index.php\/mes-appli\/"]}]},{"@type":"ImageObject","inLanguage":"fr-FR","@id":"https:\/\/mortelleadele.com\/index.php\/mes-appli\/#primaryimage","url":"https:\/\/mortelleadele.com\/wp-content\/uploads\/2022\/12\/appstore.png","contentUrl":"https:\/\/mortelleadele.com\/wp-content\/uploads\/2022\/12\/appstore.png","width":335,"height":99},{"@type":"BreadcrumbList","@id":"https:\/\/mortelleadele.com\/index.php\/mes-appli\/#breadcrumb","itemListElement":[{"@type":"ListItem","position":1,"name":"Accueil","item":"https:\/\/mortelleadele.com\/"},{"@type":"ListItem","position":2,"name":"Mes applis"}]},{"@type":"WebSite","@id":"https:\/\/mortelleadele.com\/#website","url":"https:\/\/mortelleadele.com\/","name":"Mortelle Ad\u00e8le","description":"H\u00e9ro\u00efne de Bande dessin\u00e9e","publisher":{"@id":"https:\/\/mortelleadele.com\/#organization"},"potentialAction":[{"@type":"SearchAction","target":{"@type":"EntryPoint","urlTemplate":"https:\/\/mortelleadele.com\/?s={search_term_string}"},"query-input":{"@type":"PropertyValueSpecification","valueRequired":true,"valueName":"search_term_string"}}],"inLanguage":"fr-FR"},{"@type":"Organization","@id":"https:\/\/mortelleadele.com\/#organization","name":"Mortelle Ad\u00e8le","url":"https:\/\/mortelleadele.com\/","logo":{"@type":"ImageObject","inLanguage":"fr-FR","@id":"https:\/\/mortelleadele.com\/#\/schema\/logo\/image\/","url":"https:\/\/mortelleadele.com\/wp-content\/uploads\/2023\/01\/Logo-Mortelle-Adele.jpeg","contentUrl":"https:\/\/mortelleadele.com\/wp-content\/uploads\/2023\/01\/Logo-Mortelle-Adele.jpeg","width":1176,"height":761,"caption":"Mortelle Ad\u00e8le"},"image":{"@id":"https:\/\/mortelleadele.com\/#\/schema\/logo\/image\/"},"sameAs":["https:\/\/www.facebook.com\/mortelleadele","https:\/\/www.instagram.com\/mortelleadelebd"]}]}},"_links":{"self":[{"href":"https:\/\/mortelleadele.com\/index.php\/wp-json\/wp\/v2\/pages\/747","targetHints":{"allow":["GET"]}}],"collection":[{"href":"https:\/\/mortelleadele.com\/index.php\/wp-json\/wp\/v2\/pages"}],"about":[{"href":"https:\/\/mortelleadele.com\/index.php\/wp-json\/wp\/v2\/types\/page"}],"author":[{"embeddable":true,"href":"https:\/\/mortelleadele.com\/index.php\/wp-json\/wp\/v2\/users\/1"}],"replies":[{"embeddable":true,"href":"https:\/\/mortelleadele.com\/index.php\/wp-json\/wp\/v2\/comments?post=747"}],"version-history":[{"count":10,"href":"https:\/\/mortelleadele.com\/index.php\/wp-json\/wp\/v2\/pages\/747\/revisions"}],"predecessor-version":[{"id":8140,"href":"https:\/\/mortelleadele.com\/index.php\/wp-json\/wp\/v2\/pages\/747\/revisions\/8140"}],"wp:attachment":[{"href":"https:\/\/mortelleadele.com\/index.php\/wp-json\/wp\/v2\/media?parent=747"}],"curies":[{"name":"wp","href":"https:\/\/api.w.org\/{rel}","templated":true}]}}