{"id":7729,"date":"2026-02-27T11:35:41","date_gmt":"2026-02-27T10:35:41","guid":{"rendered":"https:\/\/mortelleadele.com\/?page_id=7729"},"modified":"2026-02-27T11:35:41","modified_gmt":"2026-02-27T10:35:41","slug":"phaj-1","status":"publish","type":"page","link":"https:\/\/mortelleadele.com\/index.php\/phaj-1\/","title":{"rendered":"Les P&rsquo;tites histoires : Ajax &#8211; Coeur chatmallow"},"content":{"rendered":"\n<div class=\"wp-block-columns is-layout-flex wp-container-core-columns-is-layout-9d6595d7 wp-block-columns-is-layout-flex\">\n<div class=\"wp-block-column is-layout-flow wp-block-column-is-layout-flow\">\n<figure class=\"wp-block-image size-full\"><img fetchpriority=\"high\" decoding=\"async\" width=\"756\" height=\"946\" src=\"https:\/\/mortelleadele.com\/wp-content\/uploads\/2026\/02\/AJAX_PH_01_CV_WEB.jpg\" alt=\"\" class=\"wp-image-7732\" srcset=\"https:\/\/mortelleadele.com\/wp-content\/uploads\/2026\/02\/AJAX_PH_01_CV_WEB.jpg 756w, https:\/\/mortelleadele.com\/wp-content\/uploads\/2026\/02\/AJAX_PH_01_CV_WEB-240x300.jpg 240w\" sizes=\"(max-width: 706px) 89vw, (max-width: 767px) 82vw, 740px\" \/><\/figure>\n<\/div>\n\n\n\n<div class=\"wp-block-column is-vertically-aligned-center is-layout-flow wp-block-column-is-layout-flow\">\n<h3 class=\"wp-block-heading has-text-align-left has-text-color\" style=\"color:#000000\">R\u00e9sum\u00e9 :<\/h3>\n\n\n\n<p>Dans une ruelle, un chaton r\u00eave<br>de bras o\u00f9 se blottir.<br>Un matin, son destin va changer : une maison,<br>un sourire\u2026 et peut-\u00eatre celui ou celle<br>qu\u2019il attendait !<br><br>Et si le jour de la rencontre qui fera fondre<br>son petit coeur \u00e9tait enfin arriv\u00e9 ?<\/p>\n<\/div>\n<\/div>\n\n\n\n<p class=\"has-background\" style=\"background-color:#abb7c245\"><strong>Sc\u00e9nario : <\/strong>ChrisPop &amp; Mr Tan<br><strong>Dessin : <\/strong>Diane Le Feyer<\/p>\n\n\n\n<figure class=\"wp-block-table\"><table><tbody><tr><td>COLLECTION<\/td><td><strong>LES P&rsquo;TITES HISTOIRES<\/strong><\/td><\/tr><tr><td>PARUTION<\/td><td><strong>12 MARS 2026<\/strong><\/td><\/tr><tr><td>EAN<\/td><td><strong><strong><strong><strong><strong><strong><strong><strong><strong><strong><strong><strong><strong><strong><strong><strong><strong><strong><strong>9782494678699<\/strong><\/strong><\/strong><\/strong><\/strong><\/strong><\/strong><\/strong><\/strong><\/strong><\/strong><\/strong><\/strong><\/strong><\/strong><\/strong><\/strong><\/strong><\/strong><\/td><\/tr><tr><td>PAGINATION<\/td><td><strong>32 Pages<\/strong><\/td><\/tr><tr><td>PRIX<\/td><td><strong>7,90 \u20ac<\/strong><\/td><\/tr><tr><td>PRIX ePUB<\/td><td><strong>4,99 \u20ac<\/strong><\/td><\/tr><\/tbody><\/table><\/figure>\n\n\n\n<p class=\"has-background has-small-font-size\" style=\"background-color:#abb7c217\"><em>\u00a9 Mr Tan, Diane Le Feyer et ChrisPop d\u2019apr\u00e8s l\u2019\u0153uvre cr\u00e9\u00e9e par Mr Tan et Miss Prickly<\/em><br><em>\u00a9 Mr Tan &amp; Co<\/em><\/p>\n\n\n\n<div class=\"wp-block-columns is-layout-flex wp-container-core-columns-is-layout-9d6595d7 wp-block-columns-is-layout-flex\">\n<div class=\"wp-block-column is-layout-flow wp-block-column-is-layout-flow\">\n<div class=\"wp-block-group has-background is-content-justification-space-between is-nowrap is-layout-flex wp-container-core-group-is-layout-0dfbf163 wp-block-group-is-layout-flex\" style=\"background-color:#d7d4d4\">\n<figure class=\"wp-block-image size-full is-resized\"><a href=\"https:\/\/www.leslibraires.fr\/livre\/9782494678699\/?affiliate=mortelleadele\" target=\"_blank\" rel=\"noreferrer noopener\"><img decoding=\"async\" width=\"251\" height=\"30\" src=\"https:\/\/ma.mrtanandco.fr\/wp-content\/uploads\/2022\/11\/les-libraires.png\" alt=\"\" class=\"wp-image-320\" style=\"object-fit:cover;width:126px;height:15px\"\/><\/a><\/figure>\n\n\n\n<figure class=\"wp-block-image size-full is-resized\"><a href=\"https:\/\/tidd.ly\/4tZM1fP\" target=\"_blank\" rel=\"noreferrer noopener\"><img decoding=\"async\" width=\"1000\" height=\"1000\" src=\"https:\/\/ma.mrtanandco.fr\/wp-content\/uploads\/2022\/11\/Fnac-1.png\" alt=\"\" class=\"wp-image-332\" style=\"object-fit:cover;width:100px;height:100px\" srcset=\"https:\/\/mortelleadele.com\/wp-content\/uploads\/2022\/11\/Fnac-1.png 1000w, https:\/\/mortelleadele.com\/wp-content\/uploads\/2022\/11\/Fnac-1-300x300.png 300w, https:\/\/mortelleadele.com\/wp-content\/uploads\/2022\/11\/Fnac-1-150x150.png 150w, https:\/\/mortelleadele.com\/wp-content\/uploads\/2022\/11\/Fnac-1-768x768.png 768w, https:\/\/mortelleadele.com\/wp-content\/uploads\/2022\/11\/Fnac-1-100x100.png 100w\" sizes=\"(max-width: 706px) 89vw, (max-width: 767px) 82vw, 740px\" \/><\/a><\/figure>\n\n\n\n<figure class=\"wp-block-image size-full is-resized\"><a href=\"https:\/\/amzn.to\/3OCqBFn\" target=\"_blank\" rel=\"noreferrer noopener\"><img loading=\"lazy\" decoding=\"async\" width=\"512\" height=\"156\" src=\"https:\/\/ma.mrtanandco.fr\/wp-content\/uploads\/2022\/11\/amazon.png\" alt=\"\" class=\"wp-image-322\" style=\"object-fit:cover;width:128px;height:39px\" srcset=\"https:\/\/mortelleadele.com\/wp-content\/uploads\/2022\/11\/amazon.png 512w, https:\/\/mortelleadele.com\/wp-content\/uploads\/2022\/11\/amazon-300x91.png 300w\" sizes=\"(max-width: 512px) 100vw, 512px\" \/><\/a><\/figure>\n<\/div>\n<\/div>\n<\/div>\n\n\n\n<h3 class=\"wp-block-heading has-text-align-center\">Retrouvez aussi&#8230;<\/h3>\n\n\n\n<div class=\"wp-block-group is-content-justification-center is-nowrap is-layout-flex wp-container-core-group-is-layout-94bc23d7 wp-block-group-is-layout-flex\">\n<figure class=\"wp-block-image size-large is-resized\"><a href=\"https:\/\/gadou.fr\/index.php\/gadou-je-lai-cherche-partout\/\"><img decoding=\"async\" src=\"https:\/\/www.mrtanandco.fr\/wp-content\/uploads\/2025\/04\/GADOU-HISTOIRE-1-COUV-DEF.png\" alt=\"\" style=\"width:215px;height:auto\"\/><\/a><\/figure>\n\n\n\n<figure class=\"wp-block-image size-large is-resized\"><a href=\"https:\/\/gadou.fr\/index.php\/gadou-jen-ferai-un-poeme\/\"><img decoding=\"async\" src=\"https:\/\/www.mrtanandco.fr\/wp-content\/uploads\/2025\/04\/GADOU-HISTOIRE-2-COUV-DEF.png\" alt=\"\" style=\"width:215px\"\/><\/a><\/figure>\n\n\n\n<figure class=\"wp-block-image size-large is-resized\"><a href=\"https:\/\/mrtanandco.fr\/index.php\/magic_ph-1\/\"><img decoding=\"async\" src=\"https:\/\/www.mrtanandco.fr\/wp-content\/uploads\/2025\/07\/MAGIC-EDDY_01_CV-1ERE.jpeg\" alt=\"\" style=\"width:215px\"\/><\/a><\/figure>\n<\/div>\n\n\n\n<div class=\"wp-block-buttons is-content-justification-center is-layout-flex wp-container-core-buttons-is-layout-51f7783f wp-block-buttons-is-layout-flex\">\n<div class=\"wp-block-button has-custom-width wp-block-button__width-50\"><a class=\"wp-block-button__link wp-element-button\" href=\"https:\/\/mortelleadele.com\/index.php\/les-livres\/\">Retour aux livres<\/a><\/div>\n<\/div>\n","protected":false},"excerpt":{"rendered":"<p>R\u00e9sum\u00e9 : Dans une ruelle, un chaton r\u00eavede bras o\u00f9 se blottir.Un matin, son destin va changer : une maison,un sourire\u2026 et peut-\u00eatre celui ou cellequ\u2019il attendait ! Et si le jour de la rencontre qui fera fondreson petit coeur \u00e9tait enfin arriv\u00e9 ? Sc\u00e9nario : ChrisPop &amp; Mr TanDessin : Diane Le Feyer COLLECTION &hellip; <\/p>\n<p class=\"link-more\"><a href=\"https:\/\/mortelleadele.com\/index.php\/phaj-1\/\" class=\"more-link\">Continuer la lecture<span class=\"screen-reader-text\"> de &laquo;&nbsp;Les P&rsquo;tites histoires : Ajax &#8211; Coeur chatmallow&nbsp;&raquo;<\/span><\/a><\/p>\n","protected":false},"author":1,"featured_media":0,"parent":0,"menu_order":0,"comment_status":"closed","ping_status":"closed","template":"","meta":{"footnotes":""},"class_list":["post-7729","page","type-page","status-publish","hentry"],"yoast_head":"<!-- This site is optimized with the Yoast SEO plugin v27.4 - https:\/\/yoast.com\/product\/yoast-seo-wordpress\/ -->\n<title>Les P&#039;tites histoires : Ajax - Coeur chatmallow &#8211; Mortelle Ad\u00e8le<\/title>\n<meta name=\"robots\" content=\"index, follow, max-snippet:-1, max-image-preview:large, max-video-preview:-1\" \/>\n<link rel=\"canonical\" href=\"https:\/\/mortelleadele.com\/index.php\/phaj-1\/\" \/>\n<meta property=\"og:locale\" content=\"fr_FR\" \/>\n<meta property=\"og:type\" content=\"article\" \/>\n<meta property=\"og:title\" content=\"Les P&#039;tites histoires : Ajax - Coeur chatmallow &#8211; Mortelle Ad\u00e8le\" \/>\n<meta property=\"og:description\" content=\"R\u00e9sum\u00e9 : Dans une ruelle, un chaton r\u00eavede bras o\u00f9 se blottir.Un matin, son destin va changer : une maison,un sourire\u2026 et peut-\u00eatre celui ou cellequ\u2019il attendait ! Et si le jour de la rencontre qui fera fondreson petit coeur \u00e9tait enfin arriv\u00e9 ? Sc\u00e9nario : ChrisPop &amp; Mr TanDessin : Diane Le Feyer COLLECTION &hellip; Continuer la lecture de &laquo;&nbsp;Les P&rsquo;tites histoires : Ajax &#8211; Coeur chatmallow&nbsp;&raquo;\" \/>\n<meta property=\"og:url\" content=\"https:\/\/mortelleadele.com\/index.php\/phaj-1\/\" \/>\n<meta property=\"og:site_name\" content=\"Mortelle Ad\u00e8le\" \/>\n<meta property=\"article:publisher\" content=\"https:\/\/www.facebook.com\/mortelleadele\" \/>\n<meta property=\"og:image\" content=\"https:\/\/mortelleadele.com\/wp-content\/uploads\/2026\/02\/AJAX_PH_01_CV_WEB.jpg\" \/>\n\t<meta property=\"og:image:width\" content=\"756\" \/>\n\t<meta property=\"og:image:height\" content=\"946\" \/>\n\t<meta property=\"og:image:type\" content=\"image\/jpeg\" \/>\n<meta name=\"twitter:card\" content=\"summary_large_image\" \/>\n<meta name=\"twitter:label1\" content=\"Dur\u00e9e de lecture estim\u00e9e\" \/>\n\t<meta name=\"twitter:data1\" content=\"2 minutes\" \/>\n<script type=\"application\/ld+json\" class=\"yoast-schema-graph\">{\"@context\":\"https:\\\/\\\/schema.org\",\"@graph\":[{\"@type\":\"WebPage\",\"@id\":\"https:\\\/\\\/mortelleadele.com\\\/index.php\\\/phaj-1\\\/\",\"url\":\"https:\\\/\\\/mortelleadele.com\\\/index.php\\\/phaj-1\\\/\",\"name\":\"Les P'tites histoires : Ajax - Coeur chatmallow &#8211; Mortelle Ad\u00e8le\",\"isPartOf\":{\"@id\":\"https:\\\/\\\/mortelleadele.com\\\/#website\"},\"primaryImageOfPage\":{\"@id\":\"https:\\\/\\\/mortelleadele.com\\\/index.php\\\/phaj-1\\\/#primaryimage\"},\"image\":{\"@id\":\"https:\\\/\\\/mortelleadele.com\\\/index.php\\\/phaj-1\\\/#primaryimage\"},\"thumbnailUrl\":\"https:\\\/\\\/mortelleadele.com\\\/wp-content\\\/uploads\\\/2026\\\/02\\\/AJAX_PH_01_CV_WEB.jpg\",\"datePublished\":\"2026-02-27T10:35:41+00:00\",\"breadcrumb\":{\"@id\":\"https:\\\/\\\/mortelleadele.com\\\/index.php\\\/phaj-1\\\/#breadcrumb\"},\"inLanguage\":\"fr-FR\",\"potentialAction\":[{\"@type\":\"ReadAction\",\"target\":[\"https:\\\/\\\/mortelleadele.com\\\/index.php\\\/phaj-1\\\/\"]}]},{\"@type\":\"ImageObject\",\"inLanguage\":\"fr-FR\",\"@id\":\"https:\\\/\\\/mortelleadele.com\\\/index.php\\\/phaj-1\\\/#primaryimage\",\"url\":\"https:\\\/\\\/mortelleadele.com\\\/wp-content\\\/uploads\\\/2026\\\/02\\\/AJAX_PH_01_CV_WEB.jpg\",\"contentUrl\":\"https:\\\/\\\/mortelleadele.com\\\/wp-content\\\/uploads\\\/2026\\\/02\\\/AJAX_PH_01_CV_WEB.jpg\",\"width\":756,\"height\":946},{\"@type\":\"BreadcrumbList\",\"@id\":\"https:\\\/\\\/mortelleadele.com\\\/index.php\\\/phaj-1\\\/#breadcrumb\",\"itemListElement\":[{\"@type\":\"ListItem\",\"position\":1,\"name\":\"Accueil\",\"item\":\"https:\\\/\\\/mortelleadele.com\\\/\"},{\"@type\":\"ListItem\",\"position\":2,\"name\":\"Les P&rsquo;tites histoires : Ajax &#8211; Coeur chatmallow\"}]},{\"@type\":\"WebSite\",\"@id\":\"https:\\\/\\\/mortelleadele.com\\\/#website\",\"url\":\"https:\\\/\\\/mortelleadele.com\\\/\",\"name\":\"Mortelle Ad\u00e8le\",\"description\":\"H\u00e9ro\u00efne de Bande dessin\u00e9e\",\"publisher\":{\"@id\":\"https:\\\/\\\/mortelleadele.com\\\/#organization\"},\"potentialAction\":[{\"@type\":\"SearchAction\",\"target\":{\"@type\":\"EntryPoint\",\"urlTemplate\":\"https:\\\/\\\/mortelleadele.com\\\/?s={search_term_string}\"},\"query-input\":{\"@type\":\"PropertyValueSpecification\",\"valueRequired\":true,\"valueName\":\"search_term_string\"}}],\"inLanguage\":\"fr-FR\"},{\"@type\":\"Organization\",\"@id\":\"https:\\\/\\\/mortelleadele.com\\\/#organization\",\"name\":\"Mortelle Ad\u00e8le\",\"url\":\"https:\\\/\\\/mortelleadele.com\\\/\",\"logo\":{\"@type\":\"ImageObject\",\"inLanguage\":\"fr-FR\",\"@id\":\"https:\\\/\\\/mortelleadele.com\\\/#\\\/schema\\\/logo\\\/image\\\/\",\"url\":\"https:\\\/\\\/mortelleadele.com\\\/wp-content\\\/uploads\\\/2023\\\/01\\\/Logo-Mortelle-Adele.jpeg\",\"contentUrl\":\"https:\\\/\\\/mortelleadele.com\\\/wp-content\\\/uploads\\\/2023\\\/01\\\/Logo-Mortelle-Adele.jpeg\",\"width\":1176,\"height\":761,\"caption\":\"Mortelle Ad\u00e8le\"},\"image\":{\"@id\":\"https:\\\/\\\/mortelleadele.com\\\/#\\\/schema\\\/logo\\\/image\\\/\"},\"sameAs\":[\"https:\\\/\\\/www.facebook.com\\\/mortelleadele\",\"https:\\\/\\\/www.instagram.com\\\/mortelleadelebd\"]}]}<\/script>\n<!-- \/ Yoast SEO plugin. -->","yoast_head_json":{"title":"Les P'tites histoires : Ajax - Coeur chatmallow &#8211; Mortelle Ad\u00e8le","robots":{"index":"index","follow":"follow","max-snippet":"max-snippet:-1","max-image-preview":"max-image-preview:large","max-video-preview":"max-video-preview:-1"},"canonical":"https:\/\/mortelleadele.com\/index.php\/phaj-1\/","og_locale":"fr_FR","og_type":"article","og_title":"Les P'tites histoires : Ajax - Coeur chatmallow &#8211; Mortelle Ad\u00e8le","og_description":"R\u00e9sum\u00e9 : Dans une ruelle, un chaton r\u00eavede bras o\u00f9 se blottir.Un matin, son destin va changer : une maison,un sourire\u2026 et peut-\u00eatre celui ou cellequ\u2019il attendait ! Et si le jour de la rencontre qui fera fondreson petit coeur \u00e9tait enfin arriv\u00e9 ? Sc\u00e9nario : ChrisPop &amp; Mr TanDessin : Diane Le Feyer COLLECTION &hellip; Continuer la lecture de &laquo;&nbsp;Les P&rsquo;tites histoires : Ajax &#8211; Coeur chatmallow&nbsp;&raquo;","og_url":"https:\/\/mortelleadele.com\/index.php\/phaj-1\/","og_site_name":"Mortelle Ad\u00e8le","article_publisher":"https:\/\/www.facebook.com\/mortelleadele","og_image":[{"width":756,"height":946,"url":"https:\/\/mortelleadele.com\/wp-content\/uploads\/2026\/02\/AJAX_PH_01_CV_WEB.jpg","type":"image\/jpeg"}],"twitter_card":"summary_large_image","twitter_misc":{"Dur\u00e9e de lecture estim\u00e9e":"2 minutes"},"schema":{"@context":"https:\/\/schema.org","@graph":[{"@type":"WebPage","@id":"https:\/\/mortelleadele.com\/index.php\/phaj-1\/","url":"https:\/\/mortelleadele.com\/index.php\/phaj-1\/","name":"Les P'tites histoires : Ajax - Coeur chatmallow &#8211; Mortelle Ad\u00e8le","isPartOf":{"@id":"https:\/\/mortelleadele.com\/#website"},"primaryImageOfPage":{"@id":"https:\/\/mortelleadele.com\/index.php\/phaj-1\/#primaryimage"},"image":{"@id":"https:\/\/mortelleadele.com\/index.php\/phaj-1\/#primaryimage"},"thumbnailUrl":"https:\/\/mortelleadele.com\/wp-content\/uploads\/2026\/02\/AJAX_PH_01_CV_WEB.jpg","datePublished":"2026-02-27T10:35:41+00:00","breadcrumb":{"@id":"https:\/\/mortelleadele.com\/index.php\/phaj-1\/#breadcrumb"},"inLanguage":"fr-FR","potentialAction":[{"@type":"ReadAction","target":["https:\/\/mortelleadele.com\/index.php\/phaj-1\/"]}]},{"@type":"ImageObject","inLanguage":"fr-FR","@id":"https:\/\/mortelleadele.com\/index.php\/phaj-1\/#primaryimage","url":"https:\/\/mortelleadele.com\/wp-content\/uploads\/2026\/02\/AJAX_PH_01_CV_WEB.jpg","contentUrl":"https:\/\/mortelleadele.com\/wp-content\/uploads\/2026\/02\/AJAX_PH_01_CV_WEB.jpg","width":756,"height":946},{"@type":"BreadcrumbList","@id":"https:\/\/mortelleadele.com\/index.php\/phaj-1\/#breadcrumb","itemListElement":[{"@type":"ListItem","position":1,"name":"Accueil","item":"https:\/\/mortelleadele.com\/"},{"@type":"ListItem","position":2,"name":"Les P&rsquo;tites histoires : Ajax &#8211; Coeur chatmallow"}]},{"@type":"WebSite","@id":"https:\/\/mortelleadele.com\/#website","url":"https:\/\/mortelleadele.com\/","name":"Mortelle Ad\u00e8le","description":"H\u00e9ro\u00efne de Bande dessin\u00e9e","publisher":{"@id":"https:\/\/mortelleadele.com\/#organization"},"potentialAction":[{"@type":"SearchAction","target":{"@type":"EntryPoint","urlTemplate":"https:\/\/mortelleadele.com\/?s={search_term_string}"},"query-input":{"@type":"PropertyValueSpecification","valueRequired":true,"valueName":"search_term_string"}}],"inLanguage":"fr-FR"},{"@type":"Organization","@id":"https:\/\/mortelleadele.com\/#organization","name":"Mortelle Ad\u00e8le","url":"https:\/\/mortelleadele.com\/","logo":{"@type":"ImageObject","inLanguage":"fr-FR","@id":"https:\/\/mortelleadele.com\/#\/schema\/logo\/image\/","url":"https:\/\/mortelleadele.com\/wp-content\/uploads\/2023\/01\/Logo-Mortelle-Adele.jpeg","contentUrl":"https:\/\/mortelleadele.com\/wp-content\/uploads\/2023\/01\/Logo-Mortelle-Adele.jpeg","width":1176,"height":761,"caption":"Mortelle Ad\u00e8le"},"image":{"@id":"https:\/\/mortelleadele.com\/#\/schema\/logo\/image\/"},"sameAs":["https:\/\/www.facebook.com\/mortelleadele","https:\/\/www.instagram.com\/mortelleadelebd"]}]}},"_links":{"self":[{"href":"https:\/\/mortelleadele.com\/index.php\/wp-json\/wp\/v2\/pages\/7729","targetHints":{"allow":["GET"]}}],"collection":[{"href":"https:\/\/mortelleadele.com\/index.php\/wp-json\/wp\/v2\/pages"}],"about":[{"href":"https:\/\/mortelleadele.com\/index.php\/wp-json\/wp\/v2\/types\/page"}],"author":[{"embeddable":true,"href":"https:\/\/mortelleadele.com\/index.php\/wp-json\/wp\/v2\/users\/1"}],"replies":[{"embeddable":true,"href":"https:\/\/mortelleadele.com\/index.php\/wp-json\/wp\/v2\/comments?post=7729"}],"version-history":[{"count":3,"href":"https:\/\/mortelleadele.com\/index.php\/wp-json\/wp\/v2\/pages\/7729\/revisions"}],"predecessor-version":[{"id":7734,"href":"https:\/\/mortelleadele.com\/index.php\/wp-json\/wp\/v2\/pages\/7729\/revisions\/7734"}],"wp:attachment":[{"href":"https:\/\/mortelleadele.com\/index.php\/wp-json\/wp\/v2\/media?parent=7729"}],"curies":[{"name":"wp","href":"https:\/\/api.w.org\/{rel}","templated":true}]}}