{"id":7856,"date":"2026-04-05T08:55:41","date_gmt":"2026-04-05T06:55:41","guid":{"rendered":"https:\/\/mortelleadele.com\/?page_id=7856"},"modified":"2026-04-15T21:31:48","modified_gmt":"2026-04-15T19:31:48","slug":"ajb-1","status":"publish","type":"page","link":"https:\/\/mortelleadele.com\/index.php\/ajb-1\/","title":{"rendered":"Ajax et sa bande &#8211; Tome 1 : Et plumes si affinit\u00e9s&#8230;"},"content":{"rendered":"\n<div class=\"wp-block-columns is-layout-flex wp-container-core-columns-is-layout-9d6595d7 wp-block-columns-is-layout-flex\">\n<div class=\"wp-block-column is-layout-flow wp-block-column-is-layout-flow\">\n<figure class=\"wp-block-image size-full\"><img fetchpriority=\"high\" decoding=\"async\" width=\"624\" height=\"787\" src=\"https:\/\/mortelleadele.com\/wp-content\/uploads\/2026\/04\/AJAX-ET-SA-BANDE-T1-COUV.jpg\" alt=\"\" class=\"wp-image-7858\" srcset=\"https:\/\/mortelleadele.com\/wp-content\/uploads\/2026\/04\/AJAX-ET-SA-BANDE-T1-COUV.jpg 624w, https:\/\/mortelleadele.com\/wp-content\/uploads\/2026\/04\/AJAX-ET-SA-BANDE-T1-COUV-238x300.jpg 238w\" sizes=\"(max-width: 624px) 100vw, 624px\" \/><\/figure>\n<\/div>\n\n\n\n<div class=\"wp-block-column is-vertically-aligned-center is-layout-flow wp-block-column-is-layout-flow\">\n<h3 class=\"wp-block-heading has-text-align-left has-text-color\" style=\"color:#000000\"><strong>R\u00e9sum\u00e9 :<\/strong><\/h3>\n\n\n\n<p><em>\u00ab Pour moi, les amis c\u2019est pour la vie !<\/em> <em>Ils sont l\u00e0 pour partager les rires et les ennuis.<\/em> <em>Chacun avec sa personnalit\u00e9, je les aime tels qu\u2019ils sont,<\/em> <em>et chaque journ\u00e9e ordinaire devient<\/em> <em>une aventure extraordinaire ! \u00bb<\/em><\/p>\n\n\n\n<p><em>Quand Mortelle Ad\u00e8le n\u2019est pas sur son dos,<\/em> <em>Ajax explore le quartier et ne manque pas de se faire plein d\u2019amis !<\/em> <em>Accompagne-le dans son quotidien entour\u00e9 de sa bande.<\/em> <em>Qu\u2019ils bondissent, rampent, volent ou sautillent,<\/em> <em>tu peux \u00eatre s\u00fbr d\u2019une chose :<\/em> <em>les amis d\u2019Ajax seront aussi <strong>TES<\/strong> amis !<\/em><\/p>\n<\/div>\n<\/div>\n\n\n\n<p class=\"has-background\" style=\"background-color:#abb7c245\"><strong>Sc\u00e9nario : <\/strong>Mr Tan et ChrisPop<br><strong>Dessin : <\/strong>Diane Le Feyer<\/p>\n\n\n\n<figure class=\"wp-block-table\"><table><tbody><tr><td>TOME<\/td><td><strong>1<\/strong><\/td><\/tr><tr><td>PARUTION<\/td><td><strong>16 AVRIL 2026<\/strong><\/td><\/tr><tr><td>EAN<\/td><td><strong><strong><strong><strong><strong><strong><strong><strong><strong><strong><strong><strong><strong><strong><strong><strong><strong><strong><strong>9782494678712<\/strong><\/strong><\/strong><\/strong><\/strong><\/strong><\/strong><\/strong><\/strong><\/strong><\/strong><\/strong><\/strong><\/strong><\/strong><\/strong><\/strong><\/strong><\/strong><\/td><\/tr><tr><td>PAGINATION<\/td><td><strong>80 Pages<\/strong><\/td><\/tr><tr><td>PRIX<\/td><td><strong>11,50 \u20ac<\/strong><\/td><\/tr><tr><td>PRIX ePUB<\/td><td><strong>6,99 \u20ac<\/strong><\/td><\/tr><\/tbody><\/table><\/figure>\n\n\n\n<p class=\"has-background has-small-font-size\" style=\"background-color:#abb7c217\"><em>\u00a9 Mr Tan, Diane Le Feyer et ChrisPop d\u2019apr\u00e8s l\u2019\u0153uvre cr\u00e9\u00e9e par Mr Tan et Miss Prickly<\/em><\/p>\n\n\n\n<div class=\"wp-block-columns is-layout-flex wp-container-core-columns-is-layout-9d6595d7 wp-block-columns-is-layout-flex\">\n<div class=\"wp-block-column is-layout-flow wp-block-column-is-layout-flow\">\n<div class=\"wp-block-group has-background is-content-justification-space-between is-nowrap is-layout-flex wp-container-core-group-is-layout-0dfbf163 wp-block-group-is-layout-flex\" style=\"background-color:#d7d4d4\">\n<figure class=\"wp-block-image size-full is-resized\"><a href=\"https:\/\/www.leslibraires.fr?affiliate=mortelleadele&amp;\" target=\"_blank\" rel=\"noreferrer noopener\"><img decoding=\"async\" width=\"251\" height=\"30\" src=\"https:\/\/ma.mrtanandco.fr\/wp-content\/uploads\/2022\/11\/les-libraires.png\" alt=\"\" class=\"wp-image-320\" style=\"width:126px;height:15px\"\/><\/a><\/figure>\n\n\n\n<figure class=\"wp-block-image size-full is-resized\"><a href=\"https:\/\/tidd.ly\/4sbg7Lb\" target=\"_blank\" rel=\"noreferrer noopener\"><img decoding=\"async\" width=\"1000\" height=\"1000\" src=\"https:\/\/ma.mrtanandco.fr\/wp-content\/uploads\/2022\/11\/Fnac-1.png\" alt=\"\" class=\"wp-image-332\" style=\"width:100px;height:100px\" srcset=\"https:\/\/mortelleadele.com\/wp-content\/uploads\/2022\/11\/Fnac-1.png 1000w, https:\/\/mortelleadele.com\/wp-content\/uploads\/2022\/11\/Fnac-1-300x300.png 300w, https:\/\/mortelleadele.com\/wp-content\/uploads\/2022\/11\/Fnac-1-150x150.png 150w, https:\/\/mortelleadele.com\/wp-content\/uploads\/2022\/11\/Fnac-1-768x768.png 768w, https:\/\/mortelleadele.com\/wp-content\/uploads\/2022\/11\/Fnac-1-100x100.png 100w\" sizes=\"(max-width: 706px) 89vw, (max-width: 767px) 82vw, 740px\" \/><\/a><\/figure>\n\n\n\n<figure class=\"wp-block-image size-full is-resized\"><a href=\"https:\/\/tidd.ly\/4v7Ne5r\" target=\"_blank\" rel=\"noreferrer noopener\"><img loading=\"lazy\" decoding=\"async\" width=\"342\" height=\"138\" src=\"https:\/\/mortelleadele.com\/wp-content\/uploads\/2022\/12\/Cultura-1.png\" alt=\"\" class=\"wp-image-1020\" style=\"width:100px\" srcset=\"https:\/\/mortelleadele.com\/wp-content\/uploads\/2022\/12\/Cultura-1.png 342w, https:\/\/mortelleadele.com\/wp-content\/uploads\/2022\/12\/Cultura-1-300x121.png 300w\" sizes=\"(max-width: 342px) 100vw, 342px\" \/><\/a><\/figure>\n\n\n\n<figure class=\"wp-block-image size-full is-resized\"><a href=\"https:\/\/amzn.to\/4tzGVGh\" target=\"_blank\" rel=\"noreferrer noopener\"><img loading=\"lazy\" decoding=\"async\" width=\"512\" height=\"156\" src=\"https:\/\/ma.mrtanandco.fr\/wp-content\/uploads\/2022\/11\/amazon.png\" alt=\"\" class=\"wp-image-322\" style=\"width:128px;height:39px\" srcset=\"https:\/\/mortelleadele.com\/wp-content\/uploads\/2022\/11\/amazon.png 512w, https:\/\/mortelleadele.com\/wp-content\/uploads\/2022\/11\/amazon-300x91.png 300w\" sizes=\"(max-width: 512px) 100vw, 512px\" \/><\/a><\/figure>\n<\/div>\n<\/div>\n<\/div>\n\n\n\n<h3 class=\"wp-block-heading has-text-align-center\">Retrouvez aussi&#8230;<\/h3>\n\n\n\n<div class=\"wp-block-group is-content-justification-center is-nowrap is-layout-flex wp-container-core-group-is-layout-94bc23d7 wp-block-group-is-layout-flex\">\n<figure class=\"wp-block-image size-large\"><a href=\"https:\/\/mortelleadele.com\/index.php\/tome-22\/\"><img loading=\"lazy\" decoding=\"async\" width=\"811\" height=\"1024\" src=\"https:\/\/mortelleadele.com\/wp-content\/uploads\/2025\/09\/Maquette-MA-T22-COUV-1ERE-811x1024.jpeg\" alt=\"\" class=\"wp-image-6967\" srcset=\"https:\/\/mortelleadele.com\/wp-content\/uploads\/2025\/09\/Maquette-MA-T22-COUV-1ERE-811x1024.jpeg 811w, https:\/\/mortelleadele.com\/wp-content\/uploads\/2025\/09\/Maquette-MA-T22-COUV-1ERE-238x300.jpeg 238w, https:\/\/mortelleadele.com\/wp-content\/uploads\/2025\/09\/Maquette-MA-T22-COUV-1ERE-768x969.jpeg 768w, https:\/\/mortelleadele.com\/wp-content\/uploads\/2025\/09\/Maquette-MA-T22-COUV-1ERE-1217x1536.jpeg 1217w, https:\/\/mortelleadele.com\/wp-content\/uploads\/2025\/09\/Maquette-MA-T22-COUV-1ERE-1622x2048.jpeg 1622w, https:\/\/mortelleadele.com\/wp-content\/uploads\/2025\/09\/Maquette-MA-T22-COUV-1ERE-scaled.jpeg 2028w\" sizes=\"(max-width: 706px) 89vw, (max-width: 767px) 82vw, 740px\" \/><\/a><\/figure>\n\n\n\n<figure class=\"wp-block-image size-large\"><a href=\"https:\/\/mortelleadele.com\/index.php\/ajax-pga-2\/\"><img loading=\"lazy\" decoding=\"async\" width=\"878\" height=\"1024\" src=\"https:\/\/mortelleadele.com\/wp-content\/uploads\/2025\/03\/AJAX-PGA2-COUV-DEF-V1-Grande-878x1024.jpeg\" alt=\"\" class=\"wp-image-5456\" style=\"object-fit:cover\" srcset=\"https:\/\/mortelleadele.com\/wp-content\/uploads\/2025\/03\/AJAX-PGA2-COUV-DEF-V1-Grande-878x1024.jpeg 878w, https:\/\/mortelleadele.com\/wp-content\/uploads\/2025\/03\/AJAX-PGA2-COUV-DEF-V1-Grande-257x300.jpeg 257w, https:\/\/mortelleadele.com\/wp-content\/uploads\/2025\/03\/AJAX-PGA2-COUV-DEF-V1-Grande-768x896.jpeg 768w, https:\/\/mortelleadele.com\/wp-content\/uploads\/2025\/03\/AJAX-PGA2-COUV-DEF-V1-Grande.jpeg 1097w\" sizes=\"(max-width: 706px) 89vw, (max-width: 767px) 82vw, 740px\" \/><\/a><\/figure>\n\n\n\n<figure class=\"wp-block-image size-large\"><a href=\"https:\/\/mortelleadele.com\/index.php\/ajax-pga-1\/\"><img loading=\"lazy\" decoding=\"async\" width=\"878\" height=\"1024\" src=\"https:\/\/mortelleadele.com\/wp-content\/uploads\/2024\/03\/AJAX-PGA1-COUV-DEF-V1-878x1024.jpeg\" alt=\"\" class=\"wp-image-3729\"\/><\/a><\/figure>\n<\/div>\n\n\n\n<div class=\"wp-block-buttons is-content-justification-center is-layout-flex wp-container-core-buttons-is-layout-51f7783f wp-block-buttons-is-layout-flex\">\n<div class=\"wp-block-button has-custom-width wp-block-button__width-50\"><a class=\"wp-block-button__link wp-element-button\" href=\"https:\/\/mortelleadele.com\/index.php\/les-livres\/\">Retour aux livres<\/a><\/div>\n<\/div>\n","protected":false},"excerpt":{"rendered":"<p>R\u00e9sum\u00e9 : \u00ab Pour moi, les amis c\u2019est pour la vie ! Ils sont l\u00e0 pour partager les rires et les ennuis. Chacun avec sa personnalit\u00e9, je les aime tels qu\u2019ils sont, et chaque journ\u00e9e ordinaire devient une aventure extraordinaire ! \u00bb Quand Mortelle Ad\u00e8le n\u2019est pas sur son dos, Ajax explore le quartier et &hellip; <\/p>\n<p class=\"link-more\"><a href=\"https:\/\/mortelleadele.com\/index.php\/ajb-1\/\" class=\"more-link\">Continuer la lecture<span class=\"screen-reader-text\"> de &laquo;&nbsp;Ajax et sa bande &#8211; Tome 1 : Et plumes si affinit\u00e9s&#8230;&nbsp;&raquo;<\/span><\/a><\/p>\n","protected":false},"author":1,"featured_media":0,"parent":0,"menu_order":0,"comment_status":"closed","ping_status":"closed","template":"","meta":{"footnotes":""},"class_list":["post-7856","page","type-page","status-publish","hentry"],"yoast_head":"<!-- This site is optimized with the Yoast SEO plugin v27.4 - https:\/\/yoast.com\/product\/yoast-seo-wordpress\/ -->\n<title>Ajax et sa bande - Tome 1 : Et plumes si affinit\u00e9s... &#8211; Mortelle Ad\u00e8le<\/title>\n<meta name=\"robots\" content=\"index, follow, max-snippet:-1, max-image-preview:large, max-video-preview:-1\" \/>\n<link rel=\"canonical\" href=\"https:\/\/mortelleadele.com\/index.php\/ajb-1\/\" \/>\n<meta property=\"og:locale\" content=\"fr_FR\" \/>\n<meta property=\"og:type\" content=\"article\" \/>\n<meta property=\"og:title\" content=\"Ajax et sa bande - Tome 1 : Et plumes si affinit\u00e9s... &#8211; Mortelle Ad\u00e8le\" \/>\n<meta property=\"og:description\" content=\"R\u00e9sum\u00e9 : \u00ab Pour moi, les amis c\u2019est pour la vie ! Ils sont l\u00e0 pour partager les rires et les ennuis. Chacun avec sa personnalit\u00e9, je les aime tels qu\u2019ils sont, et chaque journ\u00e9e ordinaire devient une aventure extraordinaire ! \u00bb Quand Mortelle Ad\u00e8le n\u2019est pas sur son dos, Ajax explore le quartier et &hellip; Continuer la lecture de &laquo;&nbsp;Ajax et sa bande &#8211; Tome 1 : Et plumes si affinit\u00e9s&#8230;&nbsp;&raquo;\" \/>\n<meta property=\"og:url\" content=\"https:\/\/mortelleadele.com\/index.php\/ajb-1\/\" \/>\n<meta property=\"og:site_name\" content=\"Mortelle Ad\u00e8le\" \/>\n<meta property=\"article:publisher\" content=\"https:\/\/www.facebook.com\/mortelleadele\" \/>\n<meta property=\"article:modified_time\" content=\"2026-04-15T19:31:48+00:00\" \/>\n<meta property=\"og:image\" content=\"https:\/\/mortelleadele.com\/wp-content\/uploads\/2026\/04\/AJAX-ET-SA-BANDE-T1-COUV.jpg\" \/>\n\t<meta property=\"og:image:width\" content=\"624\" \/>\n\t<meta property=\"og:image:height\" content=\"787\" \/>\n\t<meta property=\"og:image:type\" content=\"image\/jpeg\" \/>\n<meta name=\"twitter:card\" content=\"summary_large_image\" \/>\n<meta name=\"twitter:label1\" content=\"Dur\u00e9e de lecture estim\u00e9e\" \/>\n\t<meta name=\"twitter:data1\" content=\"3 minutes\" \/>\n<script type=\"application\/ld+json\" class=\"yoast-schema-graph\">{\"@context\":\"https:\\\/\\\/schema.org\",\"@graph\":[{\"@type\":\"WebPage\",\"@id\":\"https:\\\/\\\/mortelleadele.com\\\/index.php\\\/ajb-1\\\/\",\"url\":\"https:\\\/\\\/mortelleadele.com\\\/index.php\\\/ajb-1\\\/\",\"name\":\"Ajax et sa bande - Tome 1 : Et plumes si affinit\u00e9s... &#8211; Mortelle Ad\u00e8le\",\"isPartOf\":{\"@id\":\"https:\\\/\\\/mortelleadele.com\\\/#website\"},\"primaryImageOfPage\":{\"@id\":\"https:\\\/\\\/mortelleadele.com\\\/index.php\\\/ajb-1\\\/#primaryimage\"},\"image\":{\"@id\":\"https:\\\/\\\/mortelleadele.com\\\/index.php\\\/ajb-1\\\/#primaryimage\"},\"thumbnailUrl\":\"https:\\\/\\\/mortelleadele.com\\\/wp-content\\\/uploads\\\/2026\\\/04\\\/AJAX-ET-SA-BANDE-T1-COUV.jpg\",\"datePublished\":\"2026-04-05T06:55:41+00:00\",\"dateModified\":\"2026-04-15T19:31:48+00:00\",\"breadcrumb\":{\"@id\":\"https:\\\/\\\/mortelleadele.com\\\/index.php\\\/ajb-1\\\/#breadcrumb\"},\"inLanguage\":\"fr-FR\",\"potentialAction\":[{\"@type\":\"ReadAction\",\"target\":[\"https:\\\/\\\/mortelleadele.com\\\/index.php\\\/ajb-1\\\/\"]}]},{\"@type\":\"ImageObject\",\"inLanguage\":\"fr-FR\",\"@id\":\"https:\\\/\\\/mortelleadele.com\\\/index.php\\\/ajb-1\\\/#primaryimage\",\"url\":\"https:\\\/\\\/mortelleadele.com\\\/wp-content\\\/uploads\\\/2026\\\/04\\\/AJAX-ET-SA-BANDE-T1-COUV.jpg\",\"contentUrl\":\"https:\\\/\\\/mortelleadele.com\\\/wp-content\\\/uploads\\\/2026\\\/04\\\/AJAX-ET-SA-BANDE-T1-COUV.jpg\",\"width\":624,\"height\":787},{\"@type\":\"BreadcrumbList\",\"@id\":\"https:\\\/\\\/mortelleadele.com\\\/index.php\\\/ajb-1\\\/#breadcrumb\",\"itemListElement\":[{\"@type\":\"ListItem\",\"position\":1,\"name\":\"Accueil\",\"item\":\"https:\\\/\\\/mortelleadele.com\\\/\"},{\"@type\":\"ListItem\",\"position\":2,\"name\":\"Ajax et sa bande &#8211; Tome 1 : Et plumes si affinit\u00e9s&#8230;\"}]},{\"@type\":\"WebSite\",\"@id\":\"https:\\\/\\\/mortelleadele.com\\\/#website\",\"url\":\"https:\\\/\\\/mortelleadele.com\\\/\",\"name\":\"Mortelle Ad\u00e8le\",\"description\":\"H\u00e9ro\u00efne de Bande dessin\u00e9e\",\"publisher\":{\"@id\":\"https:\\\/\\\/mortelleadele.com\\\/#organization\"},\"potentialAction\":[{\"@type\":\"SearchAction\",\"target\":{\"@type\":\"EntryPoint\",\"urlTemplate\":\"https:\\\/\\\/mortelleadele.com\\\/?s={search_term_string}\"},\"query-input\":{\"@type\":\"PropertyValueSpecification\",\"valueRequired\":true,\"valueName\":\"search_term_string\"}}],\"inLanguage\":\"fr-FR\"},{\"@type\":\"Organization\",\"@id\":\"https:\\\/\\\/mortelleadele.com\\\/#organization\",\"name\":\"Mortelle Ad\u00e8le\",\"url\":\"https:\\\/\\\/mortelleadele.com\\\/\",\"logo\":{\"@type\":\"ImageObject\",\"inLanguage\":\"fr-FR\",\"@id\":\"https:\\\/\\\/mortelleadele.com\\\/#\\\/schema\\\/logo\\\/image\\\/\",\"url\":\"https:\\\/\\\/mortelleadele.com\\\/wp-content\\\/uploads\\\/2023\\\/01\\\/Logo-Mortelle-Adele.jpeg\",\"contentUrl\":\"https:\\\/\\\/mortelleadele.com\\\/wp-content\\\/uploads\\\/2023\\\/01\\\/Logo-Mortelle-Adele.jpeg\",\"width\":1176,\"height\":761,\"caption\":\"Mortelle Ad\u00e8le\"},\"image\":{\"@id\":\"https:\\\/\\\/mortelleadele.com\\\/#\\\/schema\\\/logo\\\/image\\\/\"},\"sameAs\":[\"https:\\\/\\\/www.facebook.com\\\/mortelleadele\",\"https:\\\/\\\/www.instagram.com\\\/mortelleadelebd\"]}]}<\/script>\n<!-- \/ Yoast SEO plugin. -->","yoast_head_json":{"title":"Ajax et sa bande - Tome 1 : Et plumes si affinit\u00e9s... &#8211; Mortelle Ad\u00e8le","robots":{"index":"index","follow":"follow","max-snippet":"max-snippet:-1","max-image-preview":"max-image-preview:large","max-video-preview":"max-video-preview:-1"},"canonical":"https:\/\/mortelleadele.com\/index.php\/ajb-1\/","og_locale":"fr_FR","og_type":"article","og_title":"Ajax et sa bande - Tome 1 : Et plumes si affinit\u00e9s... &#8211; Mortelle Ad\u00e8le","og_description":"R\u00e9sum\u00e9 : \u00ab Pour moi, les amis c\u2019est pour la vie ! Ils sont l\u00e0 pour partager les rires et les ennuis. Chacun avec sa personnalit\u00e9, je les aime tels qu\u2019ils sont, et chaque journ\u00e9e ordinaire devient une aventure extraordinaire ! \u00bb Quand Mortelle Ad\u00e8le n\u2019est pas sur son dos, Ajax explore le quartier et &hellip; Continuer la lecture de &laquo;&nbsp;Ajax et sa bande &#8211; Tome 1 : Et plumes si affinit\u00e9s&#8230;&nbsp;&raquo;","og_url":"https:\/\/mortelleadele.com\/index.php\/ajb-1\/","og_site_name":"Mortelle Ad\u00e8le","article_publisher":"https:\/\/www.facebook.com\/mortelleadele","article_modified_time":"2026-04-15T19:31:48+00:00","og_image":[{"width":624,"height":787,"url":"https:\/\/mortelleadele.com\/wp-content\/uploads\/2026\/04\/AJAX-ET-SA-BANDE-T1-COUV.jpg","type":"image\/jpeg"}],"twitter_card":"summary_large_image","twitter_misc":{"Dur\u00e9e de lecture estim\u00e9e":"3 minutes"},"schema":{"@context":"https:\/\/schema.org","@graph":[{"@type":"WebPage","@id":"https:\/\/mortelleadele.com\/index.php\/ajb-1\/","url":"https:\/\/mortelleadele.com\/index.php\/ajb-1\/","name":"Ajax et sa bande - Tome 1 : Et plumes si affinit\u00e9s... &#8211; Mortelle Ad\u00e8le","isPartOf":{"@id":"https:\/\/mortelleadele.com\/#website"},"primaryImageOfPage":{"@id":"https:\/\/mortelleadele.com\/index.php\/ajb-1\/#primaryimage"},"image":{"@id":"https:\/\/mortelleadele.com\/index.php\/ajb-1\/#primaryimage"},"thumbnailUrl":"https:\/\/mortelleadele.com\/wp-content\/uploads\/2026\/04\/AJAX-ET-SA-BANDE-T1-COUV.jpg","datePublished":"2026-04-05T06:55:41+00:00","dateModified":"2026-04-15T19:31:48+00:00","breadcrumb":{"@id":"https:\/\/mortelleadele.com\/index.php\/ajb-1\/#breadcrumb"},"inLanguage":"fr-FR","potentialAction":[{"@type":"ReadAction","target":["https:\/\/mortelleadele.com\/index.php\/ajb-1\/"]}]},{"@type":"ImageObject","inLanguage":"fr-FR","@id":"https:\/\/mortelleadele.com\/index.php\/ajb-1\/#primaryimage","url":"https:\/\/mortelleadele.com\/wp-content\/uploads\/2026\/04\/AJAX-ET-SA-BANDE-T1-COUV.jpg","contentUrl":"https:\/\/mortelleadele.com\/wp-content\/uploads\/2026\/04\/AJAX-ET-SA-BANDE-T1-COUV.jpg","width":624,"height":787},{"@type":"BreadcrumbList","@id":"https:\/\/mortelleadele.com\/index.php\/ajb-1\/#breadcrumb","itemListElement":[{"@type":"ListItem","position":1,"name":"Accueil","item":"https:\/\/mortelleadele.com\/"},{"@type":"ListItem","position":2,"name":"Ajax et sa bande &#8211; Tome 1 : Et plumes si affinit\u00e9s&#8230;"}]},{"@type":"WebSite","@id":"https:\/\/mortelleadele.com\/#website","url":"https:\/\/mortelleadele.com\/","name":"Mortelle Ad\u00e8le","description":"H\u00e9ro\u00efne de Bande dessin\u00e9e","publisher":{"@id":"https:\/\/mortelleadele.com\/#organization"},"potentialAction":[{"@type":"SearchAction","target":{"@type":"EntryPoint","urlTemplate":"https:\/\/mortelleadele.com\/?s={search_term_string}"},"query-input":{"@type":"PropertyValueSpecification","valueRequired":true,"valueName":"search_term_string"}}],"inLanguage":"fr-FR"},{"@type":"Organization","@id":"https:\/\/mortelleadele.com\/#organization","name":"Mortelle Ad\u00e8le","url":"https:\/\/mortelleadele.com\/","logo":{"@type":"ImageObject","inLanguage":"fr-FR","@id":"https:\/\/mortelleadele.com\/#\/schema\/logo\/image\/","url":"https:\/\/mortelleadele.com\/wp-content\/uploads\/2023\/01\/Logo-Mortelle-Adele.jpeg","contentUrl":"https:\/\/mortelleadele.com\/wp-content\/uploads\/2023\/01\/Logo-Mortelle-Adele.jpeg","width":1176,"height":761,"caption":"Mortelle Ad\u00e8le"},"image":{"@id":"https:\/\/mortelleadele.com\/#\/schema\/logo\/image\/"},"sameAs":["https:\/\/www.facebook.com\/mortelleadele","https:\/\/www.instagram.com\/mortelleadelebd"]}]}},"_links":{"self":[{"href":"https:\/\/mortelleadele.com\/index.php\/wp-json\/wp\/v2\/pages\/7856","targetHints":{"allow":["GET"]}}],"collection":[{"href":"https:\/\/mortelleadele.com\/index.php\/wp-json\/wp\/v2\/pages"}],"about":[{"href":"https:\/\/mortelleadele.com\/index.php\/wp-json\/wp\/v2\/types\/page"}],"author":[{"embeddable":true,"href":"https:\/\/mortelleadele.com\/index.php\/wp-json\/wp\/v2\/users\/1"}],"replies":[{"embeddable":true,"href":"https:\/\/mortelleadele.com\/index.php\/wp-json\/wp\/v2\/comments?post=7856"}],"version-history":[{"count":3,"href":"https:\/\/mortelleadele.com\/index.php\/wp-json\/wp\/v2\/pages\/7856\/revisions"}],"predecessor-version":[{"id":7965,"href":"https:\/\/mortelleadele.com\/index.php\/wp-json\/wp\/v2\/pages\/7856\/revisions\/7965"}],"wp:attachment":[{"href":"https:\/\/mortelleadele.com\/index.php\/wp-json\/wp\/v2\/media?parent=7856"}],"curies":[{"name":"wp","href":"https:\/\/api.w.org\/{rel}","templated":true}]}}