{"id":798,"date":"2022-11-30T13:33:56","date_gmt":"2022-11-30T12:33:56","guid":{"rendered":"https:\/\/ma.mrtanandco.fr\/?page_id=798"},"modified":"2022-12-09T17:33:28","modified_gmt":"2022-12-09T16:33:28","slug":"figure-1","status":"publish","type":"page","link":"https:\/\/mortelleadele.com\/index.php\/figure-1\/","title":{"rendered":"Set de 2 figurines &#8211; Mortelle Ad\u00e8le et Ajax"},"content":{"rendered":"\n<div class=\"wp-block-media-text alignfull is-stacked-on-mobile is-vertically-aligned-center\"><figure class=\"wp-block-media-text__media\"><img decoding=\"async\" src=\"https:\/\/ma.mrtanandco.fr\/wp-content\/uploads\/2022\/11\/Figurine2.jpg\" alt=\"Figurines Ad\u00e8le et Ajax\" class=\"wp-image-763 size-full\"\/><\/figure><div class=\"wp-block-media-text__content\">\n<h3 class=\"has-text-align-left has-text-color wp-block-heading\" style=\"color:#000000\">Description :<\/h3>\n\n\n\n<p>Ce coffret contient 2 figurines des personnages phares de la s\u00e9rie :<br>\u2013 Mortelle Ad\u00e8le, que l\u2019on ne pr\u00e9sente plus. Petite fille, au caract\u00e8re bien tremp\u00e9 et \u00e0 l\u2019humour incisif<br>\u2013 Ajax son fid\u00e8le compagnon, chat tristement c\u00e9l\u00e8bre pour son r\u00f4le de souffre douleur de notre h\u00e9ro\u00efne pr\u00e9f\u00e9r\u00e9e<\/p>\n\n\n\n<p>2 figurines collector pour rejouer \u00e0 l\u2019infini les sc\u00e8nes lues dans les diff\u00e9rents tomes de la s\u00e9rie ou inventer de nouvelles histoires trop mortelles !<\/p>\n<\/div><\/div>\n\n\n\n<figure class=\"wp-block-table\"><table><tbody><tr><td>DIMENSIONS<\/td><td><strong>15 cm x 11 cm<\/strong><\/td><\/tr><tr><td>PARUTION<\/td><td><strong>23 MAI 2018<\/strong><\/td><\/tr><tr><td>EAN<\/td><td><strong>9791027603701<\/strong><\/td><\/tr><tr><td>PRIX<\/td><td><strong>9,95 \u20ac<\/strong><\/td><\/tr><\/tbody><\/table><\/figure>\n\n\n\n<p class=\"has-background has-small-font-size\" style=\"background-color:#abb7c217\"><em>\u00a9 Mr Tan et Diane Le Feyer d\u2019apr\u00e8s l\u2019\u0153uvre cr\u00e9\u00e9e par Mr Tan et Miss Prickly<\/em><\/p>\n\n\n\n<div class=\"wp-block-columns is-layout-flex wp-container-core-columns-is-layout-9d6595d7 wp-block-columns-is-layout-flex\">\n<div class=\"wp-block-column is-layout-flow wp-block-column-is-layout-flow\">\n<div class=\"wp-block-group has-background is-content-justification-space-between is-nowrap is-layout-flex wp-container-core-group-is-layout-0dfbf163 wp-block-group-is-layout-flex\" style=\"background-color:#d7d4d4\">\n<figure class=\"wp-block-image size-full is-resized\"><a href=\"https:\/\/www.leslibraires.fr\/livre\/9791027603701\/?affiliate=mortelleadele\"><img decoding=\"async\" src=\"https:\/\/ma.mrtanandco.fr\/wp-content\/uploads\/2022\/11\/les-libraires.png\" alt=\"\" class=\"wp-image-320\" width=\"126\"\/><\/a><\/figure>\n\n\n\n<figure class=\"wp-block-image size-full is-resized\"><a href=\"https:\/\/tidd.ly\/3uDGA8W\"><img decoding=\"async\" src=\"https:\/\/ma.mrtanandco.fr\/wp-content\/uploads\/2022\/11\/Fnac-1.png\" alt=\"\" class=\"wp-image-332\" width=\"100\" height=\"100\" srcset=\"https:\/\/mortelleadele.com\/wp-content\/uploads\/2022\/11\/Fnac-1.png 1000w, https:\/\/mortelleadele.com\/wp-content\/uploads\/2022\/11\/Fnac-1-300x300.png 300w, https:\/\/mortelleadele.com\/wp-content\/uploads\/2022\/11\/Fnac-1-150x150.png 150w, https:\/\/mortelleadele.com\/wp-content\/uploads\/2022\/11\/Fnac-1-768x768.png 768w, https:\/\/mortelleadele.com\/wp-content\/uploads\/2022\/11\/Fnac-1-100x100.png 100w\" sizes=\"(max-width: 100px) 100vw, 100px\" \/><\/a><\/figure>\n<\/div>\n<\/div>\n<\/div>\n\n\n\n<div class=\"wp-block-buttons is-horizontal is-content-justification-center is-layout-flex wp-container-core-buttons-is-layout-a4d366b9 wp-block-buttons-is-layout-flex\">\n<div class=\"wp-block-button is-style-fill\"><a class=\"wp-block-button__link wp-element-button\" href=\"https:\/\/ma.mrtanandco.fr\/index.php\/mes-objets\/#Figurine\">Retour<\/a><\/div>\n<\/div>\n","protected":false},"excerpt":{"rendered":"<p>Description : Ce coffret contient 2 figurines des personnages phares de la s\u00e9rie :\u2013 Mortelle Ad\u00e8le, que l\u2019on ne pr\u00e9sente plus. Petite fille, au caract\u00e8re bien tremp\u00e9 et \u00e0 l\u2019humour incisif\u2013 Ajax son fid\u00e8le compagnon, chat tristement c\u00e9l\u00e8bre pour son r\u00f4le de souffre douleur de notre h\u00e9ro\u00efne pr\u00e9f\u00e9r\u00e9e 2 figurines collector pour rejouer \u00e0 l\u2019infini &hellip; <\/p>\n<p class=\"link-more\"><a href=\"https:\/\/mortelleadele.com\/index.php\/figure-1\/\" class=\"more-link\">Continuer la lecture<span class=\"screen-reader-text\"> de &laquo;&nbsp;Set de 2 figurines &#8211; Mortelle Ad\u00e8le et Ajax&nbsp;&raquo;<\/span><\/a><\/p>\n","protected":false},"author":1,"featured_media":0,"parent":0,"menu_order":0,"comment_status":"closed","ping_status":"closed","template":"","meta":{"footnotes":""},"class_list":["post-798","page","type-page","status-publish","hentry"],"yoast_head":"<!-- This site is optimized with the Yoast SEO plugin v27.3 - https:\/\/yoast.com\/product\/yoast-seo-wordpress\/ -->\n<title>Set de 2 figurines - Mortelle Ad\u00e8le et Ajax &#8211; Mortelle Ad\u00e8le<\/title>\n<meta name=\"robots\" content=\"index, follow, max-snippet:-1, max-image-preview:large, max-video-preview:-1\" \/>\n<link rel=\"canonical\" href=\"https:\/\/mortelleadele.com\/index.php\/figure-1\/\" \/>\n<meta property=\"og:locale\" content=\"fr_FR\" \/>\n<meta property=\"og:type\" content=\"article\" \/>\n<meta property=\"og:title\" content=\"Set de 2 figurines - Mortelle Ad\u00e8le et Ajax &#8211; Mortelle Ad\u00e8le\" \/>\n<meta property=\"og:description\" content=\"Description : Ce coffret contient 2 figurines des personnages phares de la s\u00e9rie :\u2013 Mortelle Ad\u00e8le, que l\u2019on ne pr\u00e9sente plus. Petite fille, au caract\u00e8re bien tremp\u00e9 et \u00e0 l\u2019humour incisif\u2013 Ajax son fid\u00e8le compagnon, chat tristement c\u00e9l\u00e8bre pour son r\u00f4le de souffre douleur de notre h\u00e9ro\u00efne pr\u00e9f\u00e9r\u00e9e 2 figurines collector pour rejouer \u00e0 l\u2019infini &hellip; Continuer la lecture de &laquo;&nbsp;Set de 2 figurines &#8211; Mortelle Ad\u00e8le et Ajax&nbsp;&raquo;\" \/>\n<meta property=\"og:url\" content=\"https:\/\/mortelleadele.com\/index.php\/figure-1\/\" \/>\n<meta property=\"og:site_name\" content=\"Mortelle Ad\u00e8le\" \/>\n<meta property=\"article:publisher\" content=\"https:\/\/www.facebook.com\/mortelleadele\" \/>\n<meta property=\"article:modified_time\" content=\"2022-12-09T16:33:28+00:00\" \/>\n<meta property=\"og:image\" content=\"https:\/\/ma.mrtanandco.fr\/wp-content\/uploads\/2022\/11\/Figurine2.jpg\" \/>\n<meta name=\"twitter:card\" content=\"summary_large_image\" \/>\n<meta name=\"twitter:label1\" content=\"Dur\u00e9e de lecture estim\u00e9e\" \/>\n\t<meta name=\"twitter:data1\" content=\"1 minute\" \/>\n<script type=\"application\/ld+json\" class=\"yoast-schema-graph\">{\"@context\":\"https:\\\/\\\/schema.org\",\"@graph\":[{\"@type\":\"WebPage\",\"@id\":\"https:\\\/\\\/mortelleadele.com\\\/index.php\\\/figure-1\\\/\",\"url\":\"https:\\\/\\\/mortelleadele.com\\\/index.php\\\/figure-1\\\/\",\"name\":\"Set de 2 figurines - Mortelle Ad\u00e8le et Ajax &#8211; Mortelle Ad\u00e8le\",\"isPartOf\":{\"@id\":\"https:\\\/\\\/mortelleadele.com\\\/#website\"},\"primaryImageOfPage\":{\"@id\":\"https:\\\/\\\/mortelleadele.com\\\/index.php\\\/figure-1\\\/#primaryimage\"},\"image\":{\"@id\":\"https:\\\/\\\/mortelleadele.com\\\/index.php\\\/figure-1\\\/#primaryimage\"},\"thumbnailUrl\":\"https:\\\/\\\/ma.mrtanandco.fr\\\/wp-content\\\/uploads\\\/2022\\\/11\\\/Figurine2.jpg\",\"datePublished\":\"2022-11-30T12:33:56+00:00\",\"dateModified\":\"2022-12-09T16:33:28+00:00\",\"breadcrumb\":{\"@id\":\"https:\\\/\\\/mortelleadele.com\\\/index.php\\\/figure-1\\\/#breadcrumb\"},\"inLanguage\":\"fr-FR\",\"potentialAction\":[{\"@type\":\"ReadAction\",\"target\":[\"https:\\\/\\\/mortelleadele.com\\\/index.php\\\/figure-1\\\/\"]}]},{\"@type\":\"ImageObject\",\"inLanguage\":\"fr-FR\",\"@id\":\"https:\\\/\\\/mortelleadele.com\\\/index.php\\\/figure-1\\\/#primaryimage\",\"url\":\"https:\\\/\\\/ma.mrtanandco.fr\\\/wp-content\\\/uploads\\\/2022\\\/11\\\/Figurine2.jpg\",\"contentUrl\":\"https:\\\/\\\/ma.mrtanandco.fr\\\/wp-content\\\/uploads\\\/2022\\\/11\\\/Figurine2.jpg\"},{\"@type\":\"BreadcrumbList\",\"@id\":\"https:\\\/\\\/mortelleadele.com\\\/index.php\\\/figure-1\\\/#breadcrumb\",\"itemListElement\":[{\"@type\":\"ListItem\",\"position\":1,\"name\":\"Accueil\",\"item\":\"https:\\\/\\\/mortelleadele.com\\\/\"},{\"@type\":\"ListItem\",\"position\":2,\"name\":\"Set de 2 figurines &#8211; Mortelle Ad\u00e8le et Ajax\"}]},{\"@type\":\"WebSite\",\"@id\":\"https:\\\/\\\/mortelleadele.com\\\/#website\",\"url\":\"https:\\\/\\\/mortelleadele.com\\\/\",\"name\":\"Mortelle Ad\u00e8le\",\"description\":\"H\u00e9ro\u00efne de Bande dessin\u00e9e\",\"publisher\":{\"@id\":\"https:\\\/\\\/mortelleadele.com\\\/#organization\"},\"potentialAction\":[{\"@type\":\"SearchAction\",\"target\":{\"@type\":\"EntryPoint\",\"urlTemplate\":\"https:\\\/\\\/mortelleadele.com\\\/?s={search_term_string}\"},\"query-input\":{\"@type\":\"PropertyValueSpecification\",\"valueRequired\":true,\"valueName\":\"search_term_string\"}}],\"inLanguage\":\"fr-FR\"},{\"@type\":\"Organization\",\"@id\":\"https:\\\/\\\/mortelleadele.com\\\/#organization\",\"name\":\"Mortelle Ad\u00e8le\",\"url\":\"https:\\\/\\\/mortelleadele.com\\\/\",\"logo\":{\"@type\":\"ImageObject\",\"inLanguage\":\"fr-FR\",\"@id\":\"https:\\\/\\\/mortelleadele.com\\\/#\\\/schema\\\/logo\\\/image\\\/\",\"url\":\"https:\\\/\\\/mortelleadele.com\\\/wp-content\\\/uploads\\\/2023\\\/01\\\/Logo-Mortelle-Adele.jpeg\",\"contentUrl\":\"https:\\\/\\\/mortelleadele.com\\\/wp-content\\\/uploads\\\/2023\\\/01\\\/Logo-Mortelle-Adele.jpeg\",\"width\":1176,\"height\":761,\"caption\":\"Mortelle Ad\u00e8le\"},\"image\":{\"@id\":\"https:\\\/\\\/mortelleadele.com\\\/#\\\/schema\\\/logo\\\/image\\\/\"},\"sameAs\":[\"https:\\\/\\\/www.facebook.com\\\/mortelleadele\",\"https:\\\/\\\/www.instagram.com\\\/mortelleadelebd\"]}]}<\/script>\n<!-- \/ Yoast SEO plugin. -->","yoast_head_json":{"title":"Set de 2 figurines - Mortelle Ad\u00e8le et Ajax &#8211; Mortelle Ad\u00e8le","robots":{"index":"index","follow":"follow","max-snippet":"max-snippet:-1","max-image-preview":"max-image-preview:large","max-video-preview":"max-video-preview:-1"},"canonical":"https:\/\/mortelleadele.com\/index.php\/figure-1\/","og_locale":"fr_FR","og_type":"article","og_title":"Set de 2 figurines - Mortelle Ad\u00e8le et Ajax &#8211; Mortelle Ad\u00e8le","og_description":"Description : Ce coffret contient 2 figurines des personnages phares de la s\u00e9rie :\u2013 Mortelle Ad\u00e8le, que l\u2019on ne pr\u00e9sente plus. Petite fille, au caract\u00e8re bien tremp\u00e9 et \u00e0 l\u2019humour incisif\u2013 Ajax son fid\u00e8le compagnon, chat tristement c\u00e9l\u00e8bre pour son r\u00f4le de souffre douleur de notre h\u00e9ro\u00efne pr\u00e9f\u00e9r\u00e9e 2 figurines collector pour rejouer \u00e0 l\u2019infini &hellip; Continuer la lecture de &laquo;&nbsp;Set de 2 figurines &#8211; Mortelle Ad\u00e8le et Ajax&nbsp;&raquo;","og_url":"https:\/\/mortelleadele.com\/index.php\/figure-1\/","og_site_name":"Mortelle Ad\u00e8le","article_publisher":"https:\/\/www.facebook.com\/mortelleadele","article_modified_time":"2022-12-09T16:33:28+00:00","og_image":[{"url":"https:\/\/ma.mrtanandco.fr\/wp-content\/uploads\/2022\/11\/Figurine2.jpg","type":"","width":"","height":""}],"twitter_card":"summary_large_image","twitter_misc":{"Dur\u00e9e de lecture estim\u00e9e":"1 minute"},"schema":{"@context":"https:\/\/schema.org","@graph":[{"@type":"WebPage","@id":"https:\/\/mortelleadele.com\/index.php\/figure-1\/","url":"https:\/\/mortelleadele.com\/index.php\/figure-1\/","name":"Set de 2 figurines - Mortelle Ad\u00e8le et Ajax &#8211; Mortelle Ad\u00e8le","isPartOf":{"@id":"https:\/\/mortelleadele.com\/#website"},"primaryImageOfPage":{"@id":"https:\/\/mortelleadele.com\/index.php\/figure-1\/#primaryimage"},"image":{"@id":"https:\/\/mortelleadele.com\/index.php\/figure-1\/#primaryimage"},"thumbnailUrl":"https:\/\/ma.mrtanandco.fr\/wp-content\/uploads\/2022\/11\/Figurine2.jpg","datePublished":"2022-11-30T12:33:56+00:00","dateModified":"2022-12-09T16:33:28+00:00","breadcrumb":{"@id":"https:\/\/mortelleadele.com\/index.php\/figure-1\/#breadcrumb"},"inLanguage":"fr-FR","potentialAction":[{"@type":"ReadAction","target":["https:\/\/mortelleadele.com\/index.php\/figure-1\/"]}]},{"@type":"ImageObject","inLanguage":"fr-FR","@id":"https:\/\/mortelleadele.com\/index.php\/figure-1\/#primaryimage","url":"https:\/\/ma.mrtanandco.fr\/wp-content\/uploads\/2022\/11\/Figurine2.jpg","contentUrl":"https:\/\/ma.mrtanandco.fr\/wp-content\/uploads\/2022\/11\/Figurine2.jpg"},{"@type":"BreadcrumbList","@id":"https:\/\/mortelleadele.com\/index.php\/figure-1\/#breadcrumb","itemListElement":[{"@type":"ListItem","position":1,"name":"Accueil","item":"https:\/\/mortelleadele.com\/"},{"@type":"ListItem","position":2,"name":"Set de 2 figurines &#8211; Mortelle Ad\u00e8le et Ajax"}]},{"@type":"WebSite","@id":"https:\/\/mortelleadele.com\/#website","url":"https:\/\/mortelleadele.com\/","name":"Mortelle Ad\u00e8le","description":"H\u00e9ro\u00efne de Bande dessin\u00e9e","publisher":{"@id":"https:\/\/mortelleadele.com\/#organization"},"potentialAction":[{"@type":"SearchAction","target":{"@type":"EntryPoint","urlTemplate":"https:\/\/mortelleadele.com\/?s={search_term_string}"},"query-input":{"@type":"PropertyValueSpecification","valueRequired":true,"valueName":"search_term_string"}}],"inLanguage":"fr-FR"},{"@type":"Organization","@id":"https:\/\/mortelleadele.com\/#organization","name":"Mortelle Ad\u00e8le","url":"https:\/\/mortelleadele.com\/","logo":{"@type":"ImageObject","inLanguage":"fr-FR","@id":"https:\/\/mortelleadele.com\/#\/schema\/logo\/image\/","url":"https:\/\/mortelleadele.com\/wp-content\/uploads\/2023\/01\/Logo-Mortelle-Adele.jpeg","contentUrl":"https:\/\/mortelleadele.com\/wp-content\/uploads\/2023\/01\/Logo-Mortelle-Adele.jpeg","width":1176,"height":761,"caption":"Mortelle Ad\u00e8le"},"image":{"@id":"https:\/\/mortelleadele.com\/#\/schema\/logo\/image\/"},"sameAs":["https:\/\/www.facebook.com\/mortelleadele","https:\/\/www.instagram.com\/mortelleadelebd"]}]}},"_links":{"self":[{"href":"https:\/\/mortelleadele.com\/index.php\/wp-json\/wp\/v2\/pages\/798","targetHints":{"allow":["GET"]}}],"collection":[{"href":"https:\/\/mortelleadele.com\/index.php\/wp-json\/wp\/v2\/pages"}],"about":[{"href":"https:\/\/mortelleadele.com\/index.php\/wp-json\/wp\/v2\/types\/page"}],"author":[{"embeddable":true,"href":"https:\/\/mortelleadele.com\/index.php\/wp-json\/wp\/v2\/users\/1"}],"replies":[{"embeddable":true,"href":"https:\/\/mortelleadele.com\/index.php\/wp-json\/wp\/v2\/comments?post=798"}],"version-history":[{"count":0,"href":"https:\/\/mortelleadele.com\/index.php\/wp-json\/wp\/v2\/pages\/798\/revisions"}],"wp:attachment":[{"href":"https:\/\/mortelleadele.com\/index.php\/wp-json\/wp\/v2\/media?parent=798"}],"curies":[{"name":"wp","href":"https:\/\/api.w.org\/{rel}","templated":true}]}}