{"id":853,"date":"2022-11-30T14:49:22","date_gmt":"2022-11-30T13:49:22","guid":{"rendered":"https:\/\/ma.mrtanandco.fr\/?page_id=853"},"modified":"2022-12-09T17:10:11","modified_gmt":"2022-12-09T16:10:11","slug":"jeu-2","status":"publish","type":"page","link":"https:\/\/mortelleadele.com\/index.php\/jeu-2\/","title":{"rendered":"JEU \u2013 MORTELLE AD\u00c8LE \u2013 POUSSEZ-VOUS LES MOCHES"},"content":{"rendered":"\n<div class=\"wp-block-media-text alignfull is-stacked-on-mobile is-vertically-aligned-center\"><figure class=\"wp-block-media-text__media\"><img fetchpriority=\"high\" decoding=\"async\" width=\"600\" height=\"600\" src=\"https:\/\/ma.mrtanandco.fr\/wp-content\/uploads\/2022\/11\/Jeux2.jpg\" alt=\"Jeux 2\" class=\"wp-image-782 size-full\" srcset=\"https:\/\/mortelleadele.com\/wp-content\/uploads\/2022\/11\/Jeux2.jpg 600w, https:\/\/mortelleadele.com\/wp-content\/uploads\/2022\/11\/Jeux2-300x300.jpg 300w, https:\/\/mortelleadele.com\/wp-content\/uploads\/2022\/11\/Jeux2-150x150.jpg 150w, https:\/\/mortelleadele.com\/wp-content\/uploads\/2022\/11\/Jeux2-100x100.jpg 100w\" sizes=\"(max-width: 600px) 100vw, 600px\" \/><\/figure><div class=\"wp-block-media-text__content\">\n<h3 class=\"has-text-align-left has-text-color wp-block-heading\" style=\"color:#000000\"><br>Description :<\/h3>\n\n\n\n<p>Mortelle Ad\u00e8le d\u00e9barque avec un jeu de strat\u00e9gie et de r\u00e9flexion ! Elle r\u00eave de transformer le monde en bazar mortel, et sa meilleure ennemie Jade veut le remplir de paillettes et de mignonneries ! Qui gagnera l\u2019ultime combat ? Attention\u2026 parties MORTELLES !<\/p>\n\n\n\n<p>Le but du jeu ? Atteindre le 1er le haut de la piste, en collectant le maximum de points via des cartes objets ! \u00c7a vous semble compliqu\u00e9 ? Pas du tout, c\u2019est juste MORTEL \ud83d\ude42<\/p>\n<\/div><\/div>\n\n\n\n<figure class=\"wp-block-table\"><table><tbody><tr><td>AGE<\/td><td><strong>7 ANS<\/strong><\/td><\/tr><tr><td>NB JOUEURS<\/td><td><strong>2 \u00c0 4 JOUEURS<\/strong><\/td><\/tr><tr><td>CONTENU<\/td><td><strong>1 PLATEAU DE JEU<\/strong><br><strong>33 CARTES OBJETS<\/strong><br><strong>40 JETONS POUR GAGNER DES CARTES OBJETS<\/strong><br><strong>6 PIONS PERSONNAGES<\/strong><br><strong>1 D\u00c9 \u00c0 8 FACES<\/strong><br><strong>1 SAC EN TISSU POUR TOUT RANGER<\/strong><br><strong>1 PISTE DE POINTS <\/strong><br><strong>LA PLANTE CARNIVORE DE MORTELLE AD\u00c8LE : LAVERNIA<\/strong><\/td><\/tr><tr><td>PARUTION<\/td><td><strong>5 MAI 2021<\/strong><\/td><\/tr><tr><td>EAN<\/td><td><strong>9791036303616<\/strong><\/td><\/tr><tr><td>FORMAT<\/td><td><strong>25,5 x 25,5 cm<\/strong><\/td><\/tr><tr><td>PRIX<\/td><td><strong>19,90 \u20ac<\/strong><\/td><\/tr><\/tbody><\/table><\/figure>\n\n\n\n<p class=\"has-background has-small-font-size\" style=\"background-color:#abb7c217\"><em>\u00a9 Mr Tan et Diane Le Feyer d\u2019apr\u00e8s l\u2019\u0153uvre cr\u00e9\u00e9e par Mr Tan et Miss Prickly<\/em><\/p>\n\n\n\n<div class=\"wp-block-columns is-layout-flex wp-container-core-columns-is-layout-9d6595d7 wp-block-columns-is-layout-flex\">\n<div class=\"wp-block-column is-layout-flow wp-block-column-is-layout-flow\">\n<div class=\"wp-block-group has-background is-content-justification-space-between is-nowrap is-layout-flex wp-container-core-group-is-layout-0dfbf163 wp-block-group-is-layout-flex\" style=\"background-color:#d7d4d4\">\n<figure class=\"wp-block-image size-full is-resized\"><a href=\"https:\/\/www.leslibraires.fr\/livre\/9791036303616\/?affiliate=mortelleadele\"><img decoding=\"async\" src=\"https:\/\/ma.mrtanandco.fr\/wp-content\/uploads\/2022\/11\/les-libraires.png\" alt=\"\" class=\"wp-image-320\" width=\"126\"\/><\/a><\/figure>\n\n\n\n<figure class=\"wp-block-image size-full is-resized\"><a href=\"https:\/\/tidd.ly\/3W77QZk\"><img decoding=\"async\" src=\"https:\/\/ma.mrtanandco.fr\/wp-content\/uploads\/2022\/11\/Fnac-1.png\" alt=\"\" class=\"wp-image-332\" width=\"100\" height=\"100\" srcset=\"https:\/\/mortelleadele.com\/wp-content\/uploads\/2022\/11\/Fnac-1.png 1000w, https:\/\/mortelleadele.com\/wp-content\/uploads\/2022\/11\/Fnac-1-300x300.png 300w, https:\/\/mortelleadele.com\/wp-content\/uploads\/2022\/11\/Fnac-1-150x150.png 150w, https:\/\/mortelleadele.com\/wp-content\/uploads\/2022\/11\/Fnac-1-768x768.png 768w, https:\/\/mortelleadele.com\/wp-content\/uploads\/2022\/11\/Fnac-1-100x100.png 100w\" sizes=\"(max-width: 100px) 100vw, 100px\" \/><\/a><\/figure>\n\n\n\n<figure class=\"wp-block-image size-full is-resized\"><a href=\"https:\/\/www.decitre.fr\/jeux\/mortelle-adele-9791036303616.html\"><img decoding=\"async\" src=\"https:\/\/ma.mrtanandco.fr\/wp-content\/uploads\/2022\/11\/decitre.png\" alt=\"\" class=\"wp-image-319\" width=\"100\" height=\"100\" srcset=\"https:\/\/mortelleadele.com\/wp-content\/uploads\/2022\/11\/decitre.png 225w, https:\/\/mortelleadele.com\/wp-content\/uploads\/2022\/11\/decitre-150x150.png 150w, https:\/\/mortelleadele.com\/wp-content\/uploads\/2022\/11\/decitre-100x100.png 100w\" sizes=\"(max-width: 100px) 100vw, 100px\" \/><\/a><\/figure>\n<\/div>\n<\/div>\n<\/div>\n\n\n\n<div class=\"wp-block-buttons is-horizontal is-content-justification-center is-layout-flex wp-container-core-buttons-is-layout-a4d366b9 wp-block-buttons-is-layout-flex\">\n<div class=\"wp-block-button is-style-fill\"><a class=\"wp-block-button__link wp-element-button\" href=\"https:\/\/ma.mrtanandco.fr\/index.php\/mes-objets\/#Jeux\">Retour<\/a><\/div>\n<\/div>\n","protected":false},"excerpt":{"rendered":"<p>Description : Mortelle Ad\u00e8le d\u00e9barque avec un jeu de strat\u00e9gie et de r\u00e9flexion ! Elle r\u00eave de transformer le monde en bazar mortel, et sa meilleure ennemie Jade veut le remplir de paillettes et de mignonneries ! Qui gagnera l\u2019ultime combat ? Attention\u2026 parties MORTELLES ! Le but du jeu ? Atteindre le 1er le &hellip; <\/p>\n<p class=\"link-more\"><a href=\"https:\/\/mortelleadele.com\/index.php\/jeu-2\/\" class=\"more-link\">Continuer la lecture<span class=\"screen-reader-text\"> de &laquo;&nbsp;JEU \u2013 MORTELLE AD\u00c8LE \u2013 POUSSEZ-VOUS LES MOCHES&nbsp;&raquo;<\/span><\/a><\/p>\n","protected":false},"author":1,"featured_media":0,"parent":0,"menu_order":0,"comment_status":"closed","ping_status":"closed","template":"","meta":{"footnotes":""},"class_list":["post-853","page","type-page","status-publish","hentry"],"yoast_head":"<!-- This site is optimized with the Yoast SEO plugin v27.4 - https:\/\/yoast.com\/product\/yoast-seo-wordpress\/ -->\n<title>JEU \u2013 MORTELLE AD\u00c8LE \u2013 POUSSEZ-VOUS LES MOCHES &#8211; Mortelle Ad\u00e8le<\/title>\n<meta name=\"robots\" content=\"index, follow, max-snippet:-1, max-image-preview:large, max-video-preview:-1\" \/>\n<link rel=\"canonical\" href=\"https:\/\/mortelleadele.com\/index.php\/jeu-2\/\" \/>\n<meta property=\"og:locale\" content=\"fr_FR\" \/>\n<meta property=\"og:type\" content=\"article\" \/>\n<meta property=\"og:title\" content=\"JEU \u2013 MORTELLE AD\u00c8LE \u2013 POUSSEZ-VOUS LES MOCHES &#8211; Mortelle Ad\u00e8le\" \/>\n<meta property=\"og:description\" content=\"Description : Mortelle Ad\u00e8le d\u00e9barque avec un jeu de strat\u00e9gie et de r\u00e9flexion ! Elle r\u00eave de transformer le monde en bazar mortel, et sa meilleure ennemie Jade veut le remplir de paillettes et de mignonneries ! Qui gagnera l\u2019ultime combat ? Attention\u2026 parties MORTELLES ! Le but du jeu ? Atteindre le 1er le &hellip; Continuer la lecture de &laquo;&nbsp;JEU \u2013 MORTELLE AD\u00c8LE \u2013 POUSSEZ-VOUS LES MOCHES&nbsp;&raquo;\" \/>\n<meta property=\"og:url\" content=\"https:\/\/mortelleadele.com\/index.php\/jeu-2\/\" \/>\n<meta property=\"og:site_name\" content=\"Mortelle Ad\u00e8le\" \/>\n<meta property=\"article:publisher\" content=\"https:\/\/www.facebook.com\/mortelleadele\" \/>\n<meta property=\"article:modified_time\" content=\"2022-12-09T16:10:11+00:00\" \/>\n<meta property=\"og:image\" content=\"https:\/\/ma.mrtanandco.fr\/wp-content\/uploads\/2022\/11\/Jeux2.jpg\" \/>\n<meta name=\"twitter:card\" content=\"summary_large_image\" \/>\n<meta name=\"twitter:label1\" content=\"Dur\u00e9e de lecture estim\u00e9e\" \/>\n\t<meta name=\"twitter:data1\" content=\"1 minute\" \/>\n<script type=\"application\/ld+json\" class=\"yoast-schema-graph\">{\"@context\":\"https:\\\/\\\/schema.org\",\"@graph\":[{\"@type\":\"WebPage\",\"@id\":\"https:\\\/\\\/mortelleadele.com\\\/index.php\\\/jeu-2\\\/\",\"url\":\"https:\\\/\\\/mortelleadele.com\\\/index.php\\\/jeu-2\\\/\",\"name\":\"JEU \u2013 MORTELLE AD\u00c8LE \u2013 POUSSEZ-VOUS LES MOCHES &#8211; Mortelle Ad\u00e8le\",\"isPartOf\":{\"@id\":\"https:\\\/\\\/mortelleadele.com\\\/#website\"},\"primaryImageOfPage\":{\"@id\":\"https:\\\/\\\/mortelleadele.com\\\/index.php\\\/jeu-2\\\/#primaryimage\"},\"image\":{\"@id\":\"https:\\\/\\\/mortelleadele.com\\\/index.php\\\/jeu-2\\\/#primaryimage\"},\"thumbnailUrl\":\"https:\\\/\\\/ma.mrtanandco.fr\\\/wp-content\\\/uploads\\\/2022\\\/11\\\/Jeux2.jpg\",\"datePublished\":\"2022-11-30T13:49:22+00:00\",\"dateModified\":\"2022-12-09T16:10:11+00:00\",\"breadcrumb\":{\"@id\":\"https:\\\/\\\/mortelleadele.com\\\/index.php\\\/jeu-2\\\/#breadcrumb\"},\"inLanguage\":\"fr-FR\",\"potentialAction\":[{\"@type\":\"ReadAction\",\"target\":[\"https:\\\/\\\/mortelleadele.com\\\/index.php\\\/jeu-2\\\/\"]}]},{\"@type\":\"ImageObject\",\"inLanguage\":\"fr-FR\",\"@id\":\"https:\\\/\\\/mortelleadele.com\\\/index.php\\\/jeu-2\\\/#primaryimage\",\"url\":\"https:\\\/\\\/ma.mrtanandco.fr\\\/wp-content\\\/uploads\\\/2022\\\/11\\\/Jeux2.jpg\",\"contentUrl\":\"https:\\\/\\\/ma.mrtanandco.fr\\\/wp-content\\\/uploads\\\/2022\\\/11\\\/Jeux2.jpg\"},{\"@type\":\"BreadcrumbList\",\"@id\":\"https:\\\/\\\/mortelleadele.com\\\/index.php\\\/jeu-2\\\/#breadcrumb\",\"itemListElement\":[{\"@type\":\"ListItem\",\"position\":1,\"name\":\"Accueil\",\"item\":\"https:\\\/\\\/mortelleadele.com\\\/\"},{\"@type\":\"ListItem\",\"position\":2,\"name\":\"JEU \u2013 MORTELLE AD\u00c8LE \u2013 POUSSEZ-VOUS LES MOCHES\"}]},{\"@type\":\"WebSite\",\"@id\":\"https:\\\/\\\/mortelleadele.com\\\/#website\",\"url\":\"https:\\\/\\\/mortelleadele.com\\\/\",\"name\":\"Mortelle Ad\u00e8le\",\"description\":\"H\u00e9ro\u00efne de Bande dessin\u00e9e\",\"publisher\":{\"@id\":\"https:\\\/\\\/mortelleadele.com\\\/#organization\"},\"potentialAction\":[{\"@type\":\"SearchAction\",\"target\":{\"@type\":\"EntryPoint\",\"urlTemplate\":\"https:\\\/\\\/mortelleadele.com\\\/?s={search_term_string}\"},\"query-input\":{\"@type\":\"PropertyValueSpecification\",\"valueRequired\":true,\"valueName\":\"search_term_string\"}}],\"inLanguage\":\"fr-FR\"},{\"@type\":\"Organization\",\"@id\":\"https:\\\/\\\/mortelleadele.com\\\/#organization\",\"name\":\"Mortelle Ad\u00e8le\",\"url\":\"https:\\\/\\\/mortelleadele.com\\\/\",\"logo\":{\"@type\":\"ImageObject\",\"inLanguage\":\"fr-FR\",\"@id\":\"https:\\\/\\\/mortelleadele.com\\\/#\\\/schema\\\/logo\\\/image\\\/\",\"url\":\"https:\\\/\\\/mortelleadele.com\\\/wp-content\\\/uploads\\\/2023\\\/01\\\/Logo-Mortelle-Adele.jpeg\",\"contentUrl\":\"https:\\\/\\\/mortelleadele.com\\\/wp-content\\\/uploads\\\/2023\\\/01\\\/Logo-Mortelle-Adele.jpeg\",\"width\":1176,\"height\":761,\"caption\":\"Mortelle Ad\u00e8le\"},\"image\":{\"@id\":\"https:\\\/\\\/mortelleadele.com\\\/#\\\/schema\\\/logo\\\/image\\\/\"},\"sameAs\":[\"https:\\\/\\\/www.facebook.com\\\/mortelleadele\",\"https:\\\/\\\/www.instagram.com\\\/mortelleadelebd\"]}]}<\/script>\n<!-- \/ Yoast SEO plugin. -->","yoast_head_json":{"title":"JEU \u2013 MORTELLE AD\u00c8LE \u2013 POUSSEZ-VOUS LES MOCHES &#8211; Mortelle Ad\u00e8le","robots":{"index":"index","follow":"follow","max-snippet":"max-snippet:-1","max-image-preview":"max-image-preview:large","max-video-preview":"max-video-preview:-1"},"canonical":"https:\/\/mortelleadele.com\/index.php\/jeu-2\/","og_locale":"fr_FR","og_type":"article","og_title":"JEU \u2013 MORTELLE AD\u00c8LE \u2013 POUSSEZ-VOUS LES MOCHES &#8211; Mortelle Ad\u00e8le","og_description":"Description : Mortelle Ad\u00e8le d\u00e9barque avec un jeu de strat\u00e9gie et de r\u00e9flexion ! Elle r\u00eave de transformer le monde en bazar mortel, et sa meilleure ennemie Jade veut le remplir de paillettes et de mignonneries ! Qui gagnera l\u2019ultime combat ? Attention\u2026 parties MORTELLES ! Le but du jeu ? Atteindre le 1er le &hellip; Continuer la lecture de &laquo;&nbsp;JEU \u2013 MORTELLE AD\u00c8LE \u2013 POUSSEZ-VOUS LES MOCHES&nbsp;&raquo;","og_url":"https:\/\/mortelleadele.com\/index.php\/jeu-2\/","og_site_name":"Mortelle Ad\u00e8le","article_publisher":"https:\/\/www.facebook.com\/mortelleadele","article_modified_time":"2022-12-09T16:10:11+00:00","og_image":[{"url":"https:\/\/ma.mrtanandco.fr\/wp-content\/uploads\/2022\/11\/Jeux2.jpg","type":"","width":"","height":""}],"twitter_card":"summary_large_image","twitter_misc":{"Dur\u00e9e de lecture estim\u00e9e":"1 minute"},"schema":{"@context":"https:\/\/schema.org","@graph":[{"@type":"WebPage","@id":"https:\/\/mortelleadele.com\/index.php\/jeu-2\/","url":"https:\/\/mortelleadele.com\/index.php\/jeu-2\/","name":"JEU \u2013 MORTELLE AD\u00c8LE \u2013 POUSSEZ-VOUS LES MOCHES &#8211; Mortelle Ad\u00e8le","isPartOf":{"@id":"https:\/\/mortelleadele.com\/#website"},"primaryImageOfPage":{"@id":"https:\/\/mortelleadele.com\/index.php\/jeu-2\/#primaryimage"},"image":{"@id":"https:\/\/mortelleadele.com\/index.php\/jeu-2\/#primaryimage"},"thumbnailUrl":"https:\/\/ma.mrtanandco.fr\/wp-content\/uploads\/2022\/11\/Jeux2.jpg","datePublished":"2022-11-30T13:49:22+00:00","dateModified":"2022-12-09T16:10:11+00:00","breadcrumb":{"@id":"https:\/\/mortelleadele.com\/index.php\/jeu-2\/#breadcrumb"},"inLanguage":"fr-FR","potentialAction":[{"@type":"ReadAction","target":["https:\/\/mortelleadele.com\/index.php\/jeu-2\/"]}]},{"@type":"ImageObject","inLanguage":"fr-FR","@id":"https:\/\/mortelleadele.com\/index.php\/jeu-2\/#primaryimage","url":"https:\/\/ma.mrtanandco.fr\/wp-content\/uploads\/2022\/11\/Jeux2.jpg","contentUrl":"https:\/\/ma.mrtanandco.fr\/wp-content\/uploads\/2022\/11\/Jeux2.jpg"},{"@type":"BreadcrumbList","@id":"https:\/\/mortelleadele.com\/index.php\/jeu-2\/#breadcrumb","itemListElement":[{"@type":"ListItem","position":1,"name":"Accueil","item":"https:\/\/mortelleadele.com\/"},{"@type":"ListItem","position":2,"name":"JEU \u2013 MORTELLE AD\u00c8LE \u2013 POUSSEZ-VOUS LES MOCHES"}]},{"@type":"WebSite","@id":"https:\/\/mortelleadele.com\/#website","url":"https:\/\/mortelleadele.com\/","name":"Mortelle Ad\u00e8le","description":"H\u00e9ro\u00efne de Bande dessin\u00e9e","publisher":{"@id":"https:\/\/mortelleadele.com\/#organization"},"potentialAction":[{"@type":"SearchAction","target":{"@type":"EntryPoint","urlTemplate":"https:\/\/mortelleadele.com\/?s={search_term_string}"},"query-input":{"@type":"PropertyValueSpecification","valueRequired":true,"valueName":"search_term_string"}}],"inLanguage":"fr-FR"},{"@type":"Organization","@id":"https:\/\/mortelleadele.com\/#organization","name":"Mortelle Ad\u00e8le","url":"https:\/\/mortelleadele.com\/","logo":{"@type":"ImageObject","inLanguage":"fr-FR","@id":"https:\/\/mortelleadele.com\/#\/schema\/logo\/image\/","url":"https:\/\/mortelleadele.com\/wp-content\/uploads\/2023\/01\/Logo-Mortelle-Adele.jpeg","contentUrl":"https:\/\/mortelleadele.com\/wp-content\/uploads\/2023\/01\/Logo-Mortelle-Adele.jpeg","width":1176,"height":761,"caption":"Mortelle Ad\u00e8le"},"image":{"@id":"https:\/\/mortelleadele.com\/#\/schema\/logo\/image\/"},"sameAs":["https:\/\/www.facebook.com\/mortelleadele","https:\/\/www.instagram.com\/mortelleadelebd"]}]}},"_links":{"self":[{"href":"https:\/\/mortelleadele.com\/index.php\/wp-json\/wp\/v2\/pages\/853","targetHints":{"allow":["GET"]}}],"collection":[{"href":"https:\/\/mortelleadele.com\/index.php\/wp-json\/wp\/v2\/pages"}],"about":[{"href":"https:\/\/mortelleadele.com\/index.php\/wp-json\/wp\/v2\/types\/page"}],"author":[{"embeddable":true,"href":"https:\/\/mortelleadele.com\/index.php\/wp-json\/wp\/v2\/users\/1"}],"replies":[{"embeddable":true,"href":"https:\/\/mortelleadele.com\/index.php\/wp-json\/wp\/v2\/comments?post=853"}],"version-history":[{"count":0,"href":"https:\/\/mortelleadele.com\/index.php\/wp-json\/wp\/v2\/pages\/853\/revisions"}],"wp:attachment":[{"href":"https:\/\/mortelleadele.com\/index.php\/wp-json\/wp\/v2\/media?parent=853"}],"curies":[{"name":"wp","href":"https:\/\/api.w.org\/{rel}","templated":true}]}}